{"id":7644,"date":"2026-01-15T12:47:27","date_gmt":"2026-01-15T11:47:27","guid":{"rendered":"https:\/\/aboriginal-australia.art\/?post_type=product&#038;p=7644"},"modified":"2026-01-19T15:57:37","modified_gmt":"2026-01-19T14:57:37","slug":"liscie-pochrzynu-krzewiastego-bush-yam-leaves","status":"publish","type":"product","link":"https:\/\/aboriginal-australia.art\/en\/p\/liscie-pochrzynu-krzewiastego-bush-yam-leaves\/","title":{"rendered":"Heather Long Petyarre &#8211; Li\u015bcie Pochrzynu Krzewiastego \/ Bush Yam Leaves"},"content":{"rendered":"<p>Obraz przedstawia wz\u00f3r zwi\u0105zany z Czasem Kreacji Pochrzynu Krzewiastego &#8211;\u00a0<em>Dioscorea praehensilis<\/em> (Bush Yam), jadalnej, dziko rosn\u0105cej ro\u015bliny bulwiastej, wykonywanej przez kobiety w regionie Utopia oko\u0142o 250 km na p\u00f3\u0142nocny wsch\u00f3d od Alice Springs. Podczas ceremonii kobiety maluj\u0105 swoje cia\u0142a ochr\u0105 i popio\u0142em z traw Spinifexu zmieszanymi z t\u0142uszczem kangura lub emu. \u015apiewaj\u0105, ta\u0144cz\u0105 i \u015bwi\u0119tuj\u0105, by doceni\u0107 \u017cyzno\u015b\u0107 ziemi. Pochrzyn krzewiasty jest stabilnym \u017ar\u00f3d\u0142em po\u017cywienia dla Aborygen\u00f3w w regionie Utopii. Ro\u015bnie pod ziemi\u0105, a wzory przypominaj\u0105ce li\u015bcie widoczne na tym obrazie przedstawiaj\u0105 kwiaty i li\u015bcie jamy nad ziemi\u0105.<\/p>\n<p>Styl Heather charakteryzuje si\u0119 u\u017cyciem \u017cywych kolor\u00f3w. Jej obrazy wyr\u00f3\u017cniaj\u0105 si\u0119 u\u017cyciem liniowych poci\u0105gni\u0119\u0107 p\u0119dzla, kt\u00f3re przywo\u0142uj\u0105 rytmiczny ruch li\u015bci pochrzynu. Te z\u0142udzenia optyczne i organiczne wibracje osi\u0105gane s\u0105 przez zginanie i wygi\u0119cie niekt\u00f3rych segment\u00f3w li\u015bci. Heather eksperymentuje z r\u00f3\u017cnymi tonami i kolorami. Jest c\u00f3rk\u0105 wysoko cenionej artystki Jeannie Petyarre. Heather Petyarre nale\u017cy do p\u0119lnej szacunku starszyzny, a jej prace s\u0105 reprezentowane w kolekcjach australijskich i zagranicznych.<\/p>","protected":false},"excerpt":{"rendered":"<p>Obraz przedstawia wz\u00f3r zwi\u0105zany z Czasem Kreacji Pochrzynu Krzewiastego &#8211;\u00a0Dioscorea praehensilis (Bush Yam), jadalnej, dziko rosn\u0105cej ro\u015bliny bulwiastej, wykonywanej przez kobiety w regionie Utopia oko\u0142o 250 km na p\u00f3\u0142nocny wsch\u00f3d od Alice Springs. Podczas ceremonii kobiety maluj\u0105 swoje cia\u0142a ochr\u0105 i popio\u0142em z traw Spinifexu zmieszanymi z t\u0142uszczem kangura lub emu. \u015apiewaj\u0105, ta\u0144cz\u0105 i \u015bwi\u0119tuj\u0105, [&hellip;]<\/p>\n","protected":false},"featured_media":7645,"comment_status":"open","ping_status":"closed","template":"","meta":{"_acf_changed":false},"product_brand":[],"product_cat":[167],"product_tag":[169,168],"class_list":{"0":"post-7644","1":"product","2":"type-product","3":"status-publish","4":"has-post-thumbnail","6":"product_cat-heather-long-petyarre","7":"product_tag-94-x-108-cm","8":"product_tag-hlp-090323","10":"first","11":"instock","12":"shipping-taxable","13":"purchasable","14":"product-type-simple"},"acf":[],"yoast_head":"<!-- This site is optimized with the Yoast SEO plugin v27.3 - https:\/\/yoast.com\/product\/yoast-seo-wordpress\/ -->\n<title>Heather Long Petyarre - Li\u015bcie Pochrzynu Krzewiastego \/ Bush Yam Leaves - Aboriginal Australia<\/title>\n<meta name=\"robots\" content=\"index, follow, max-snippet:-1, max-image-preview:large, max-video-preview:-1\" \/>\n<link rel=\"canonical\" href=\"https:\/\/aboriginal-australia.art\/en\/p\/liscie-pochrzynu-krzewiastego-bush-yam-leaves\/\" \/>\n<meta property=\"og:locale\" content=\"en_US\" \/>\n<meta property=\"og:type\" content=\"article\" \/>\n<meta property=\"og:title\" content=\"Heather Long Petyarre - Li\u015bcie Pochrzynu Krzewiastego \/ Bush Yam Leaves - Aboriginal Australia\" \/>\n<meta property=\"og:description\" content=\"Obraz przedstawia wz\u00f3r zwi\u0105zany z Czasem Kreacji Pochrzynu Krzewiastego &#8211;\u00a0Dioscorea praehensilis (Bush Yam), jadalnej, dziko rosn\u0105cej ro\u015bliny bulwiastej, wykonywanej przez kobiety w regionie Utopia oko\u0142o 250 km na p\u00f3\u0142nocny wsch\u00f3d od Alice Springs. Podczas ceremonii kobiety maluj\u0105 swoje cia\u0142a ochr\u0105 i popio\u0142em z traw Spinifexu zmieszanymi z t\u0142uszczem kangura lub emu. \u015apiewaj\u0105, ta\u0144cz\u0105 i \u015bwi\u0119tuj\u0105, [&hellip;]\" \/>\n<meta property=\"og:url\" content=\"https:\/\/aboriginal-australia.art\/en\/p\/liscie-pochrzynu-krzewiastego-bush-yam-leaves\/\" \/>\n<meta property=\"og:site_name\" content=\"Aboriginal Australia\" \/>\n<meta property=\"article:modified_time\" content=\"2026-01-19T14:57:37+00:00\" \/>\n<meta property=\"og:image\" content=\"https:\/\/aboriginal-australia.art\/wp-content\/uploads\/2026\/01\/HLP-090323-94x108-1.jpg\" \/>\n\t<meta property=\"og:image:width\" content=\"1808\" \/>\n\t<meta property=\"og:image:height\" content=\"2048\" \/>\n\t<meta property=\"og:image:type\" content=\"image\/jpeg\" \/>\n<script type=\"application\/ld+json\" class=\"yoast-schema-graph\">{\"@context\":\"https:\\\/\\\/schema.org\",\"@graph\":[{\"@type\":\"WebPage\",\"@id\":\"https:\\\/\\\/aboriginal-australia.art\\\/p\\\/liscie-pochrzynu-krzewiastego-bush-yam-leaves\\\/\",\"url\":\"https:\\\/\\\/aboriginal-australia.art\\\/p\\\/liscie-pochrzynu-krzewiastego-bush-yam-leaves\\\/\",\"name\":\"Heather Long Petyarre - Li\u015bcie Pochrzynu Krzewiastego \\\/ Bush Yam Leaves - Aboriginal Australia\",\"isPartOf\":{\"@id\":\"https:\\\/\\\/aboriginal-australia.art\\\/#website\"},\"primaryImageOfPage\":{\"@id\":\"https:\\\/\\\/aboriginal-australia.art\\\/p\\\/liscie-pochrzynu-krzewiastego-bush-yam-leaves\\\/#primaryimage\"},\"image\":{\"@id\":\"https:\\\/\\\/aboriginal-australia.art\\\/p\\\/liscie-pochrzynu-krzewiastego-bush-yam-leaves\\\/#primaryimage\"},\"thumbnailUrl\":\"https:\\\/\\\/aboriginal-australia.art\\\/wp-content\\\/uploads\\\/2026\\\/01\\\/HLP-090323-94x108-1.jpg\",\"datePublished\":\"2026-01-15T11:47:27+00:00\",\"dateModified\":\"2026-01-19T14:57:37+00:00\",\"breadcrumb\":{\"@id\":\"https:\\\/\\\/aboriginal-australia.art\\\/p\\\/liscie-pochrzynu-krzewiastego-bush-yam-leaves\\\/#breadcrumb\"},\"inLanguage\":\"en-US\",\"potentialAction\":[{\"@type\":\"ReadAction\",\"target\":[\"https:\\\/\\\/aboriginal-australia.art\\\/p\\\/liscie-pochrzynu-krzewiastego-bush-yam-leaves\\\/\"]}]},{\"@type\":\"ImageObject\",\"inLanguage\":\"en-US\",\"@id\":\"https:\\\/\\\/aboriginal-australia.art\\\/p\\\/liscie-pochrzynu-krzewiastego-bush-yam-leaves\\\/#primaryimage\",\"url\":\"https:\\\/\\\/aboriginal-australia.art\\\/wp-content\\\/uploads\\\/2026\\\/01\\\/HLP-090323-94x108-1.jpg\",\"contentUrl\":\"https:\\\/\\\/aboriginal-australia.art\\\/wp-content\\\/uploads\\\/2026\\\/01\\\/HLP-090323-94x108-1.jpg\",\"width\":1808,\"height\":2048},{\"@type\":\"BreadcrumbList\",\"@id\":\"https:\\\/\\\/aboriginal-australia.art\\\/p\\\/liscie-pochrzynu-krzewiastego-bush-yam-leaves\\\/#breadcrumb\",\"itemListElement\":[{\"@type\":\"ListItem\",\"position\":1,\"name\":\"Strona g\u0142\u00f3wna\",\"item\":\"https:\\\/\\\/aboriginal-australia.art\\\/\"},{\"@type\":\"ListItem\",\"position\":2,\"name\":\"Products\",\"item\":\"https:\\\/\\\/aboriginal-australia.art\\\/en\\\/shop\\\/\"},{\"@type\":\"ListItem\",\"position\":3,\"name\":\"Heather Long Petyarre &#8211; Li\u015bcie Pochrzynu Krzewiastego \\\/ Bush Yam Leaves\"}]},{\"@type\":\"WebSite\",\"@id\":\"https:\\\/\\\/aboriginal-australia.art\\\/#website\",\"url\":\"https:\\\/\\\/aboriginal-australia.art\\\/\",\"name\":\"Aboriginal Australia\",\"description\":\"\",\"potentialAction\":[{\"@type\":\"SearchAction\",\"target\":{\"@type\":\"EntryPoint\",\"urlTemplate\":\"https:\\\/\\\/aboriginal-australia.art\\\/?s={search_term_string}\"},\"query-input\":{\"@type\":\"PropertyValueSpecification\",\"valueRequired\":true,\"valueName\":\"search_term_string\"}}],\"inLanguage\":\"en-US\"}]}<\/script>\n<!-- \/ Yoast SEO plugin. -->","yoast_head_json":{"title":"Heather Long Petyarre - Li\u015bcie Pochrzynu Krzewiastego \/ Bush Yam Leaves - Aboriginal Australia","robots":{"index":"index","follow":"follow","max-snippet":"max-snippet:-1","max-image-preview":"max-image-preview:large","max-video-preview":"max-video-preview:-1"},"canonical":"https:\/\/aboriginal-australia.art\/en\/p\/liscie-pochrzynu-krzewiastego-bush-yam-leaves\/","og_locale":"en_US","og_type":"article","og_title":"Heather Long Petyarre - Li\u015bcie Pochrzynu Krzewiastego \/ Bush Yam Leaves - Aboriginal Australia","og_description":"Obraz przedstawia wz\u00f3r zwi\u0105zany z Czasem Kreacji Pochrzynu Krzewiastego &#8211;\u00a0Dioscorea praehensilis (Bush Yam), jadalnej, dziko rosn\u0105cej ro\u015bliny bulwiastej, wykonywanej przez kobiety w regionie Utopia oko\u0142o 250 km na p\u00f3\u0142nocny wsch\u00f3d od Alice Springs. Podczas ceremonii kobiety maluj\u0105 swoje cia\u0142a ochr\u0105 i popio\u0142em z traw Spinifexu zmieszanymi z t\u0142uszczem kangura lub emu. \u015apiewaj\u0105, ta\u0144cz\u0105 i \u015bwi\u0119tuj\u0105, [&hellip;]","og_url":"https:\/\/aboriginal-australia.art\/en\/p\/liscie-pochrzynu-krzewiastego-bush-yam-leaves\/","og_site_name":"Aboriginal Australia","article_modified_time":"2026-01-19T14:57:37+00:00","og_image":[{"width":1808,"height":2048,"url":"https:\/\/aboriginal-australia.art\/wp-content\/uploads\/2026\/01\/HLP-090323-94x108-1.jpg","type":"image\/jpeg"}],"schema":{"@context":"https:\/\/schema.org","@graph":[{"@type":"WebPage","@id":"https:\/\/aboriginal-australia.art\/p\/liscie-pochrzynu-krzewiastego-bush-yam-leaves\/","url":"https:\/\/aboriginal-australia.art\/p\/liscie-pochrzynu-krzewiastego-bush-yam-leaves\/","name":"Heather Long Petyarre - Li\u015bcie Pochrzynu Krzewiastego \/ Bush Yam Leaves - Aboriginal Australia","isPartOf":{"@id":"https:\/\/aboriginal-australia.art\/#website"},"primaryImageOfPage":{"@id":"https:\/\/aboriginal-australia.art\/p\/liscie-pochrzynu-krzewiastego-bush-yam-leaves\/#primaryimage"},"image":{"@id":"https:\/\/aboriginal-australia.art\/p\/liscie-pochrzynu-krzewiastego-bush-yam-leaves\/#primaryimage"},"thumbnailUrl":"https:\/\/aboriginal-australia.art\/wp-content\/uploads\/2026\/01\/HLP-090323-94x108-1.jpg","datePublished":"2026-01-15T11:47:27+00:00","dateModified":"2026-01-19T14:57:37+00:00","breadcrumb":{"@id":"https:\/\/aboriginal-australia.art\/p\/liscie-pochrzynu-krzewiastego-bush-yam-leaves\/#breadcrumb"},"inLanguage":"en-US","potentialAction":[{"@type":"ReadAction","target":["https:\/\/aboriginal-australia.art\/p\/liscie-pochrzynu-krzewiastego-bush-yam-leaves\/"]}]},{"@type":"ImageObject","inLanguage":"en-US","@id":"https:\/\/aboriginal-australia.art\/p\/liscie-pochrzynu-krzewiastego-bush-yam-leaves\/#primaryimage","url":"https:\/\/aboriginal-australia.art\/wp-content\/uploads\/2026\/01\/HLP-090323-94x108-1.jpg","contentUrl":"https:\/\/aboriginal-australia.art\/wp-content\/uploads\/2026\/01\/HLP-090323-94x108-1.jpg","width":1808,"height":2048},{"@type":"BreadcrumbList","@id":"https:\/\/aboriginal-australia.art\/p\/liscie-pochrzynu-krzewiastego-bush-yam-leaves\/#breadcrumb","itemListElement":[{"@type":"ListItem","position":1,"name":"Strona g\u0142\u00f3wna","item":"https:\/\/aboriginal-australia.art\/"},{"@type":"ListItem","position":2,"name":"Products","item":"https:\/\/aboriginal-australia.art\/en\/shop\/"},{"@type":"ListItem","position":3,"name":"Heather Long Petyarre &#8211; Li\u015bcie Pochrzynu Krzewiastego \/ Bush Yam Leaves"}]},{"@type":"WebSite","@id":"https:\/\/aboriginal-australia.art\/#website","url":"https:\/\/aboriginal-australia.art\/","name":"Aboriginal Australia","description":"","potentialAction":[{"@type":"SearchAction","target":{"@type":"EntryPoint","urlTemplate":"https:\/\/aboriginal-australia.art\/?s={search_term_string}"},"query-input":{"@type":"PropertyValueSpecification","valueRequired":true,"valueName":"search_term_string"}}],"inLanguage":"en-US"}]}},"_links":{"self":[{"href":"https:\/\/aboriginal-australia.art\/en\/wp-json\/wp\/v2\/product\/7644","targetHints":{"allow":["GET"]}}],"collection":[{"href":"https:\/\/aboriginal-australia.art\/en\/wp-json\/wp\/v2\/product"}],"about":[{"href":"https:\/\/aboriginal-australia.art\/en\/wp-json\/wp\/v2\/types\/product"}],"replies":[{"embeddable":true,"href":"https:\/\/aboriginal-australia.art\/en\/wp-json\/wp\/v2\/comments?post=7644"}],"version-history":[{"count":3,"href":"https:\/\/aboriginal-australia.art\/en\/wp-json\/wp\/v2\/product\/7644\/revisions"}],"predecessor-version":[{"id":7842,"href":"https:\/\/aboriginal-australia.art\/en\/wp-json\/wp\/v2\/product\/7644\/revisions\/7842"}],"wp:featuredmedia":[{"embeddable":true,"href":"https:\/\/aboriginal-australia.art\/en\/wp-json\/wp\/v2\/media\/7645"}],"wp:attachment":[{"href":"https:\/\/aboriginal-australia.art\/en\/wp-json\/wp\/v2\/media?parent=7644"}],"wp:term":[{"taxonomy":"product_brand","embeddable":true,"href":"https:\/\/aboriginal-australia.art\/en\/wp-json\/wp\/v2\/product_brand?post=7644"},{"taxonomy":"product_cat","embeddable":true,"href":"https:\/\/aboriginal-australia.art\/en\/wp-json\/wp\/v2\/product_cat?post=7644"},{"taxonomy":"product_tag","embeddable":true,"href":"https:\/\/aboriginal-australia.art\/en\/wp-json\/wp\/v2\/product_tag?post=7644"}],"curies":[{"name":"wp","href":"https:\/\/api.w.org\/{rel}","templated":true}]}}