{"id":7626,"date":"2026-01-15T12:11:22","date_gmt":"2026-01-15T11:11:22","guid":{"rendered":"https:\/\/aboriginal-australia.art\/?post_type=product&#038;p=7626"},"modified":"2026-02-13T08:03:52","modified_gmt":"2026-02-13T07:03:52","slug":"leczace-liscie-bush-medicine-leaves-3","status":"publish","type":"product","link":"https:\/\/aboriginal-australia.art\/en\/p\/leczace-liscie-bush-medicine-leaves-3\/","title":{"rendered":"Rosmary Petyarre &#8211; Lecz\u0105ce Li\u015bcie \/ Bush Medicine Leaves"},"content":{"rendered":"<p>Obraz przedstawia wzory <em>Awelye<\/em>, zwi\u0105zane z historiami z Czasu Stworzenia Dreamtime, do kt\u00f3rych odnosz\u0105 si\u0119 obrz\u0119dy kobiet w regionie Utopia, oko\u0142o 250 km na p\u00f3\u0142nocny wsch\u00f3d od Alice Springs. Podczas tych ceremonii kobiety maluj\u0105 swoje cia\u0142a ochr\u0105 i popio\u0142em traw spinifex zmieszanym z t\u0142uszczem kangura lub emu. \u015awi\u0119tuj\u0105, \u015bpiewaj\u0105c i ta\u0144cz\u0105c, by potwierdzi\u0107 p\u0142odno\u015b\u0107 ziemi. Podziemne bulwy dzikiego ziemniaka (\u0142ac. <em>dioscorea bulbifera<\/em>, pol. pochrzyn cebulowy) s\u0105 sta\u0142ym sk\u0142adnikiem po\u017cywienia Aborygen\u00f3w w regionie Utopia. Wzory przypominaj\u0105ce li\u015bcie pokazane na tym obrazie przedstawiaj\u0105 nadziemn\u0105 cz\u0119\u015b\u0107 ro\u015bliny, jej kwiaty i li\u015bcie.<\/p>\n<p>Styl Rosemary Petyarre (ur. 1961) charakteryzuje si\u0119 u\u017cyciem \u017cywych kolor\u00f3w. Jej obrazy wyr\u00f3\u017cniaj\u0105 si\u0119 liniowymi poci\u0105gni\u0119ciami p\u0119dzla i przywo\u0142uj\u0105 rytmiczny ruch li\u015bci. To z\u0142udzenie optyczne wywo\u0142ane przez zakrzywienie niekt\u00f3rych segment\u00f3w li\u015bci. Artystka eksperymentuje z r\u00f3\u017cnymi odcieniami i kolorami, zetkn\u0119\u0142a si\u0119 ze sztuk\u0105 batiku. Nale\u017cy do szanowanej Starszyzny, a jej prace znajduj\u0105 si\u0119 w kolekcjach australijskich i zagranicznych.<\/p>","protected":false},"excerpt":{"rendered":"<p>Obraz przedstawia wzory Awelye, zwi\u0105zane z historiami z Czasu Stworzenia Dreamtime, do kt\u00f3rych odnosz\u0105 si\u0119 obrz\u0119dy kobiet w regionie Utopia, oko\u0142o 250 km na p\u00f3\u0142nocny wsch\u00f3d od Alice Springs. Podczas tych ceremonii kobiety maluj\u0105 swoje cia\u0142a ochr\u0105 i popio\u0142em traw spinifex zmieszanym z t\u0142uszczem kangura lub emu. \u015awi\u0119tuj\u0105, \u015bpiewaj\u0105c i ta\u0144cz\u0105c, by potwierdzi\u0107 p\u0142odno\u015b\u0107 ziemi. [&hellip;]<\/p>\n","protected":false},"featured_media":7627,"comment_status":"open","ping_status":"closed","template":"","meta":{"_acf_changed":false},"product_brand":[],"product_cat":[77],"product_tag":[164,163],"class_list":{"0":"post-7626","1":"product","2":"type-product","3":"status-publish","4":"has-post-thumbnail","6":"product_cat-rosmary-petyarre","7":"product_tag-52-x-71-cm","8":"product_tag-rmp-181223","10":"first","11":"outofstock","12":"shipping-taxable","13":"purchasable","14":"product-type-simple"},"acf":[],"yoast_head":"<!-- This site is optimized with the Yoast SEO plugin v27.3 - https:\/\/yoast.com\/product\/yoast-seo-wordpress\/ -->\n<title>Rosmary Petyarre - Lecz\u0105ce Li\u015bcie \/ Bush Medicine Leaves - Aboriginal Australia<\/title>\n<meta name=\"robots\" content=\"index, follow, max-snippet:-1, max-image-preview:large, max-video-preview:-1\" \/>\n<link rel=\"canonical\" href=\"https:\/\/aboriginal-australia.art\/en\/p\/leczace-liscie-bush-medicine-leaves-3\/\" \/>\n<meta property=\"og:locale\" content=\"en_US\" \/>\n<meta property=\"og:type\" content=\"article\" \/>\n<meta property=\"og:title\" content=\"Rosmary Petyarre - Lecz\u0105ce Li\u015bcie \/ Bush Medicine Leaves - Aboriginal Australia\" \/>\n<meta property=\"og:description\" content=\"Obraz przedstawia wzory Awelye, zwi\u0105zane z historiami z Czasu Stworzenia Dreamtime, do kt\u00f3rych odnosz\u0105 si\u0119 obrz\u0119dy kobiet w regionie Utopia, oko\u0142o 250 km na p\u00f3\u0142nocny wsch\u00f3d od Alice Springs. Podczas tych ceremonii kobiety maluj\u0105 swoje cia\u0142a ochr\u0105 i popio\u0142em traw spinifex zmieszanym z t\u0142uszczem kangura lub emu. \u015awi\u0119tuj\u0105, \u015bpiewaj\u0105c i ta\u0144cz\u0105c, by potwierdzi\u0107 p\u0142odno\u015b\u0107 ziemi. [&hellip;]\" \/>\n<meta property=\"og:url\" content=\"https:\/\/aboriginal-australia.art\/en\/p\/leczace-liscie-bush-medicine-leaves-3\/\" \/>\n<meta property=\"og:site_name\" content=\"Aboriginal Australia\" \/>\n<meta property=\"article:modified_time\" content=\"2026-02-13T07:03:52+00:00\" \/>\n<meta property=\"og:image\" content=\"https:\/\/aboriginal-australia.art\/wp-content\/uploads\/2026\/01\/RMP-181223-52x71-1.jpg\" \/>\n\t<meta property=\"og:image:width\" content=\"2048\" \/>\n\t<meta property=\"og:image:height\" content=\"1511\" \/>\n\t<meta property=\"og:image:type\" content=\"image\/jpeg\" \/>\n<script type=\"application\/ld+json\" class=\"yoast-schema-graph\">{\"@context\":\"https:\\\/\\\/schema.org\",\"@graph\":[{\"@type\":\"WebPage\",\"@id\":\"https:\\\/\\\/aboriginal-australia.art\\\/p\\\/leczace-liscie-bush-medicine-leaves-3\\\/\",\"url\":\"https:\\\/\\\/aboriginal-australia.art\\\/p\\\/leczace-liscie-bush-medicine-leaves-3\\\/\",\"name\":\"Rosmary Petyarre - Lecz\u0105ce Li\u015bcie \\\/ Bush Medicine Leaves - Aboriginal Australia\",\"isPartOf\":{\"@id\":\"https:\\\/\\\/aboriginal-australia.art\\\/#website\"},\"primaryImageOfPage\":{\"@id\":\"https:\\\/\\\/aboriginal-australia.art\\\/p\\\/leczace-liscie-bush-medicine-leaves-3\\\/#primaryimage\"},\"image\":{\"@id\":\"https:\\\/\\\/aboriginal-australia.art\\\/p\\\/leczace-liscie-bush-medicine-leaves-3\\\/#primaryimage\"},\"thumbnailUrl\":\"https:\\\/\\\/aboriginal-australia.art\\\/wp-content\\\/uploads\\\/2026\\\/01\\\/RMP-181223-52x71-1.jpg\",\"datePublished\":\"2026-01-15T11:11:22+00:00\",\"dateModified\":\"2026-02-13T07:03:52+00:00\",\"breadcrumb\":{\"@id\":\"https:\\\/\\\/aboriginal-australia.art\\\/p\\\/leczace-liscie-bush-medicine-leaves-3\\\/#breadcrumb\"},\"inLanguage\":\"en-US\",\"potentialAction\":[{\"@type\":\"ReadAction\",\"target\":[\"https:\\\/\\\/aboriginal-australia.art\\\/p\\\/leczace-liscie-bush-medicine-leaves-3\\\/\"]}]},{\"@type\":\"ImageObject\",\"inLanguage\":\"en-US\",\"@id\":\"https:\\\/\\\/aboriginal-australia.art\\\/p\\\/leczace-liscie-bush-medicine-leaves-3\\\/#primaryimage\",\"url\":\"https:\\\/\\\/aboriginal-australia.art\\\/wp-content\\\/uploads\\\/2026\\\/01\\\/RMP-181223-52x71-1.jpg\",\"contentUrl\":\"https:\\\/\\\/aboriginal-australia.art\\\/wp-content\\\/uploads\\\/2026\\\/01\\\/RMP-181223-52x71-1.jpg\",\"width\":2048,\"height\":1511},{\"@type\":\"BreadcrumbList\",\"@id\":\"https:\\\/\\\/aboriginal-australia.art\\\/p\\\/leczace-liscie-bush-medicine-leaves-3\\\/#breadcrumb\",\"itemListElement\":[{\"@type\":\"ListItem\",\"position\":1,\"name\":\"Strona g\u0142\u00f3wna\",\"item\":\"https:\\\/\\\/aboriginal-australia.art\\\/\"},{\"@type\":\"ListItem\",\"position\":2,\"name\":\"Products\",\"item\":\"https:\\\/\\\/aboriginal-australia.art\\\/en\\\/shop\\\/\"},{\"@type\":\"ListItem\",\"position\":3,\"name\":\"Rosmary Petyarre &#8211; Lecz\u0105ce Li\u015bcie \\\/ Bush Medicine Leaves\"}]},{\"@type\":\"WebSite\",\"@id\":\"https:\\\/\\\/aboriginal-australia.art\\\/#website\",\"url\":\"https:\\\/\\\/aboriginal-australia.art\\\/\",\"name\":\"Aboriginal Australia\",\"description\":\"\",\"potentialAction\":[{\"@type\":\"SearchAction\",\"target\":{\"@type\":\"EntryPoint\",\"urlTemplate\":\"https:\\\/\\\/aboriginal-australia.art\\\/?s={search_term_string}\"},\"query-input\":{\"@type\":\"PropertyValueSpecification\",\"valueRequired\":true,\"valueName\":\"search_term_string\"}}],\"inLanguage\":\"en-US\"}]}<\/script>\n<!-- \/ Yoast SEO plugin. -->","yoast_head_json":{"title":"Rosmary Petyarre - Lecz\u0105ce Li\u015bcie \/ Bush Medicine Leaves - Aboriginal Australia","robots":{"index":"index","follow":"follow","max-snippet":"max-snippet:-1","max-image-preview":"max-image-preview:large","max-video-preview":"max-video-preview:-1"},"canonical":"https:\/\/aboriginal-australia.art\/en\/p\/leczace-liscie-bush-medicine-leaves-3\/","og_locale":"en_US","og_type":"article","og_title":"Rosmary Petyarre - Lecz\u0105ce Li\u015bcie \/ Bush Medicine Leaves - Aboriginal Australia","og_description":"Obraz przedstawia wzory Awelye, zwi\u0105zane z historiami z Czasu Stworzenia Dreamtime, do kt\u00f3rych odnosz\u0105 si\u0119 obrz\u0119dy kobiet w regionie Utopia, oko\u0142o 250 km na p\u00f3\u0142nocny wsch\u00f3d od Alice Springs. Podczas tych ceremonii kobiety maluj\u0105 swoje cia\u0142a ochr\u0105 i popio\u0142em traw spinifex zmieszanym z t\u0142uszczem kangura lub emu. \u015awi\u0119tuj\u0105, \u015bpiewaj\u0105c i ta\u0144cz\u0105c, by potwierdzi\u0107 p\u0142odno\u015b\u0107 ziemi. [&hellip;]","og_url":"https:\/\/aboriginal-australia.art\/en\/p\/leczace-liscie-bush-medicine-leaves-3\/","og_site_name":"Aboriginal Australia","article_modified_time":"2026-02-13T07:03:52+00:00","og_image":[{"width":2048,"height":1511,"url":"https:\/\/aboriginal-australia.art\/wp-content\/uploads\/2026\/01\/RMP-181223-52x71-1.jpg","type":"image\/jpeg"}],"schema":{"@context":"https:\/\/schema.org","@graph":[{"@type":"WebPage","@id":"https:\/\/aboriginal-australia.art\/p\/leczace-liscie-bush-medicine-leaves-3\/","url":"https:\/\/aboriginal-australia.art\/p\/leczace-liscie-bush-medicine-leaves-3\/","name":"Rosmary Petyarre - Lecz\u0105ce Li\u015bcie \/ Bush Medicine Leaves - Aboriginal Australia","isPartOf":{"@id":"https:\/\/aboriginal-australia.art\/#website"},"primaryImageOfPage":{"@id":"https:\/\/aboriginal-australia.art\/p\/leczace-liscie-bush-medicine-leaves-3\/#primaryimage"},"image":{"@id":"https:\/\/aboriginal-australia.art\/p\/leczace-liscie-bush-medicine-leaves-3\/#primaryimage"},"thumbnailUrl":"https:\/\/aboriginal-australia.art\/wp-content\/uploads\/2026\/01\/RMP-181223-52x71-1.jpg","datePublished":"2026-01-15T11:11:22+00:00","dateModified":"2026-02-13T07:03:52+00:00","breadcrumb":{"@id":"https:\/\/aboriginal-australia.art\/p\/leczace-liscie-bush-medicine-leaves-3\/#breadcrumb"},"inLanguage":"en-US","potentialAction":[{"@type":"ReadAction","target":["https:\/\/aboriginal-australia.art\/p\/leczace-liscie-bush-medicine-leaves-3\/"]}]},{"@type":"ImageObject","inLanguage":"en-US","@id":"https:\/\/aboriginal-australia.art\/p\/leczace-liscie-bush-medicine-leaves-3\/#primaryimage","url":"https:\/\/aboriginal-australia.art\/wp-content\/uploads\/2026\/01\/RMP-181223-52x71-1.jpg","contentUrl":"https:\/\/aboriginal-australia.art\/wp-content\/uploads\/2026\/01\/RMP-181223-52x71-1.jpg","width":2048,"height":1511},{"@type":"BreadcrumbList","@id":"https:\/\/aboriginal-australia.art\/p\/leczace-liscie-bush-medicine-leaves-3\/#breadcrumb","itemListElement":[{"@type":"ListItem","position":1,"name":"Strona g\u0142\u00f3wna","item":"https:\/\/aboriginal-australia.art\/"},{"@type":"ListItem","position":2,"name":"Products","item":"https:\/\/aboriginal-australia.art\/en\/shop\/"},{"@type":"ListItem","position":3,"name":"Rosmary Petyarre &#8211; Lecz\u0105ce Li\u015bcie \/ Bush Medicine Leaves"}]},{"@type":"WebSite","@id":"https:\/\/aboriginal-australia.art\/#website","url":"https:\/\/aboriginal-australia.art\/","name":"Aboriginal Australia","description":"","potentialAction":[{"@type":"SearchAction","target":{"@type":"EntryPoint","urlTemplate":"https:\/\/aboriginal-australia.art\/?s={search_term_string}"},"query-input":{"@type":"PropertyValueSpecification","valueRequired":true,"valueName":"search_term_string"}}],"inLanguage":"en-US"}]}},"_links":{"self":[{"href":"https:\/\/aboriginal-australia.art\/en\/wp-json\/wp\/v2\/product\/7626","targetHints":{"allow":["GET"]}}],"collection":[{"href":"https:\/\/aboriginal-australia.art\/en\/wp-json\/wp\/v2\/product"}],"about":[{"href":"https:\/\/aboriginal-australia.art\/en\/wp-json\/wp\/v2\/types\/product"}],"replies":[{"embeddable":true,"href":"https:\/\/aboriginal-australia.art\/en\/wp-json\/wp\/v2\/comments?post=7626"}],"version-history":[{"count":2,"href":"https:\/\/aboriginal-australia.art\/en\/wp-json\/wp\/v2\/product\/7626\/revisions"}],"predecessor-version":[{"id":7844,"href":"https:\/\/aboriginal-australia.art\/en\/wp-json\/wp\/v2\/product\/7626\/revisions\/7844"}],"wp:featuredmedia":[{"embeddable":true,"href":"https:\/\/aboriginal-australia.art\/en\/wp-json\/wp\/v2\/media\/7627"}],"wp:attachment":[{"href":"https:\/\/aboriginal-australia.art\/en\/wp-json\/wp\/v2\/media?parent=7626"}],"wp:term":[{"taxonomy":"product_brand","embeddable":true,"href":"https:\/\/aboriginal-australia.art\/en\/wp-json\/wp\/v2\/product_brand?post=7626"},{"taxonomy":"product_cat","embeddable":true,"href":"https:\/\/aboriginal-australia.art\/en\/wp-json\/wp\/v2\/product_cat?post=7626"},{"taxonomy":"product_tag","embeddable":true,"href":"https:\/\/aboriginal-australia.art\/en\/wp-json\/wp\/v2\/product_tag?post=7626"}],"curies":[{"name":"wp","href":"https:\/\/api.w.org\/{rel}","templated":true}]}}