{"id":7623,"date":"2026-01-15T11:48:33","date_gmt":"2026-01-15T10:48:33","guid":{"rendered":"https:\/\/aboriginal-australia.art\/?post_type=product&#038;p=7623"},"modified":"2026-01-19T16:01:25","modified_gmt":"2026-01-19T15:01:25","slug":"bush-medicine-leaves-leczace-liscie","status":"publish","type":"product","link":"https:\/\/aboriginal-australia.art\/en\/p\/bush-medicine-leaves-leczace-liscie\/","title":{"rendered":"Margaret Scobie &#8211; Bush Medicine Leaves \u2013 Lecz\u0105ce li\u015bcie"},"content":{"rendered":"<p>Obraz przedstawia wz\u00f3r Awelye zwi\u0105zany z Bush Medicine Dreaming, wykonywany przez kobiety w regionie Utopia, oko\u0142o 250 km na p\u00f3\u0142nocny wsch\u00f3d od Alice Springs. Podczas ceremonii kobiety maluj\u0105 swoje cia\u0142a ochr\u0105 i popio\u0142em spinifeksowym zmieszanym z t\u0142uszczem kangura lub emu. \u015apiewaj\u0105 i ta\u0144cz\u0105. Lecznicze li\u015bcie zbierane s\u0105 z rodzimych ro\u015blin, takich jak trawa cytrynowa, mi\u0119ta, fuksja, drzewo Ti lub winoro\u015bl powojnik. Gotuje si\u0119 je i miesza z t\u0142uszczem kangurzym w past\u0119, kt\u00f3r\u0105 mo\u017cna przechowywa\u0107 przez d\u0142ugi czas. Te lecznicze mikstury s\u0142u\u017c\u0105 do leczenia ran, ran i uk\u0105sze\u0144 owad\u00f3w.<\/p>\n<p>Styl Margaret jest wyj\u0105tkowy i \u017cywy. Jej obrazy wyr\u00f3\u017cniaj\u0105 si\u0119 u\u017cyciem liniowych poci\u0105gni\u0119\u0107 p\u0119dzla, kt\u00f3re przywo\u0142uj\u0105 rytmiczny ruch trawy. To z\u0142udzenie optyczne i organiczne wibracje osi\u0105gane s\u0105 przez wygi\u0119cie niekt\u00f3rych segment\u00f3w li\u015bci. Margaret eksperymentuje z r\u00f3\u017cnymi tonacjami, kszta\u0142tami i kolorami. Jest spokrewniona ze znanymi artystkami z tego regionu, takimi jak Emily Kame, Gloria Petyarre i Kathleen Petyarre. Jej prace s\u0105 reprezentowane w kolekcjach australijskich i zagranicznych.<\/p>","protected":false},"excerpt":{"rendered":"<p>Obraz przedstawia wz\u00f3r Awelye zwi\u0105zany z Bush Medicine Dreaming, wykonywany przez kobiety w regionie Utopia, oko\u0142o 250 km na p\u00f3\u0142nocny wsch\u00f3d od Alice Springs. Podczas ceremonii kobiety maluj\u0105 swoje cia\u0142a ochr\u0105 i popio\u0142em spinifeksowym zmieszanym z t\u0142uszczem kangura lub emu. \u015apiewaj\u0105 i ta\u0144cz\u0105. Lecznicze li\u015bcie zbierane s\u0105 z rodzimych ro\u015blin, takich jak trawa cytrynowa, mi\u0119ta, [&hellip;]<\/p>\n","protected":false},"featured_media":7624,"comment_status":"open","ping_status":"closed","template":"","meta":{"_acf_changed":false},"product_brand":[],"product_cat":[71],"product_tag":[162,161],"class_list":{"0":"post-7623","1":"product","2":"type-product","3":"status-publish","4":"has-post-thumbnail","6":"product_cat-margaret-sccobie-n","7":"product_tag-95-x-131-cm","8":"product_tag-ms-010623","10":"first","11":"instock","12":"shipping-taxable","13":"purchasable","14":"product-type-simple"},"acf":[],"yoast_head":"<!-- This site is optimized with the Yoast SEO plugin v27.3 - https:\/\/yoast.com\/product\/yoast-seo-wordpress\/ -->\n<title>Margaret Scobie - Bush Medicine Leaves \u2013 Lecz\u0105ce li\u015bcie - Aboriginal Australia<\/title>\n<meta name=\"robots\" content=\"index, follow, max-snippet:-1, max-image-preview:large, max-video-preview:-1\" \/>\n<link rel=\"canonical\" href=\"https:\/\/aboriginal-australia.art\/en\/p\/bush-medicine-leaves-leczace-liscie\/\" \/>\n<meta property=\"og:locale\" content=\"en_US\" \/>\n<meta property=\"og:type\" content=\"article\" \/>\n<meta property=\"og:title\" content=\"Margaret Scobie - Bush Medicine Leaves \u2013 Lecz\u0105ce li\u015bcie - Aboriginal Australia\" \/>\n<meta property=\"og:description\" content=\"Obraz przedstawia wz\u00f3r Awelye zwi\u0105zany z Bush Medicine Dreaming, wykonywany przez kobiety w regionie Utopia, oko\u0142o 250 km na p\u00f3\u0142nocny wsch\u00f3d od Alice Springs. Podczas ceremonii kobiety maluj\u0105 swoje cia\u0142a ochr\u0105 i popio\u0142em spinifeksowym zmieszanym z t\u0142uszczem kangura lub emu. \u015apiewaj\u0105 i ta\u0144cz\u0105. Lecznicze li\u015bcie zbierane s\u0105 z rodzimych ro\u015blin, takich jak trawa cytrynowa, mi\u0119ta, [&hellip;]\" \/>\n<meta property=\"og:url\" content=\"https:\/\/aboriginal-australia.art\/en\/p\/bush-medicine-leaves-leczace-liscie\/\" \/>\n<meta property=\"og:site_name\" content=\"Aboriginal Australia\" \/>\n<meta property=\"article:modified_time\" content=\"2026-01-19T15:01:25+00:00\" \/>\n<meta property=\"og:image\" content=\"https:\/\/aboriginal-australia.art\/wp-content\/uploads\/2026\/01\/MS-010623-95x131-.jpg\" \/>\n\t<meta property=\"og:image:width\" content=\"1476\" \/>\n\t<meta property=\"og:image:height\" content=\"2048\" \/>\n\t<meta property=\"og:image:type\" content=\"image\/jpeg\" \/>\n<script type=\"application\/ld+json\" class=\"yoast-schema-graph\">{\"@context\":\"https:\\\/\\\/schema.org\",\"@graph\":[{\"@type\":\"WebPage\",\"@id\":\"https:\\\/\\\/aboriginal-australia.art\\\/p\\\/bush-medicine-leaves-leczace-liscie\\\/\",\"url\":\"https:\\\/\\\/aboriginal-australia.art\\\/p\\\/bush-medicine-leaves-leczace-liscie\\\/\",\"name\":\"Margaret Scobie - Bush Medicine Leaves \u2013 Lecz\u0105ce li\u015bcie - Aboriginal Australia\",\"isPartOf\":{\"@id\":\"https:\\\/\\\/aboriginal-australia.art\\\/#website\"},\"primaryImageOfPage\":{\"@id\":\"https:\\\/\\\/aboriginal-australia.art\\\/p\\\/bush-medicine-leaves-leczace-liscie\\\/#primaryimage\"},\"image\":{\"@id\":\"https:\\\/\\\/aboriginal-australia.art\\\/p\\\/bush-medicine-leaves-leczace-liscie\\\/#primaryimage\"},\"thumbnailUrl\":\"https:\\\/\\\/aboriginal-australia.art\\\/wp-content\\\/uploads\\\/2026\\\/01\\\/MS-010623-95x131-.jpg\",\"datePublished\":\"2026-01-15T10:48:33+00:00\",\"dateModified\":\"2026-01-19T15:01:25+00:00\",\"breadcrumb\":{\"@id\":\"https:\\\/\\\/aboriginal-australia.art\\\/p\\\/bush-medicine-leaves-leczace-liscie\\\/#breadcrumb\"},\"inLanguage\":\"en-US\",\"potentialAction\":[{\"@type\":\"ReadAction\",\"target\":[\"https:\\\/\\\/aboriginal-australia.art\\\/p\\\/bush-medicine-leaves-leczace-liscie\\\/\"]}]},{\"@type\":\"ImageObject\",\"inLanguage\":\"en-US\",\"@id\":\"https:\\\/\\\/aboriginal-australia.art\\\/p\\\/bush-medicine-leaves-leczace-liscie\\\/#primaryimage\",\"url\":\"https:\\\/\\\/aboriginal-australia.art\\\/wp-content\\\/uploads\\\/2026\\\/01\\\/MS-010623-95x131-.jpg\",\"contentUrl\":\"https:\\\/\\\/aboriginal-australia.art\\\/wp-content\\\/uploads\\\/2026\\\/01\\\/MS-010623-95x131-.jpg\",\"width\":1476,\"height\":2048},{\"@type\":\"BreadcrumbList\",\"@id\":\"https:\\\/\\\/aboriginal-australia.art\\\/p\\\/bush-medicine-leaves-leczace-liscie\\\/#breadcrumb\",\"itemListElement\":[{\"@type\":\"ListItem\",\"position\":1,\"name\":\"Strona g\u0142\u00f3wna\",\"item\":\"https:\\\/\\\/aboriginal-australia.art\\\/\"},{\"@type\":\"ListItem\",\"position\":2,\"name\":\"Products\",\"item\":\"https:\\\/\\\/aboriginal-australia.art\\\/en\\\/shop\\\/\"},{\"@type\":\"ListItem\",\"position\":3,\"name\":\"Margaret Scobie &#8211; Bush Medicine Leaves \u2013 Lecz\u0105ce li\u015bcie\"}]},{\"@type\":\"WebSite\",\"@id\":\"https:\\\/\\\/aboriginal-australia.art\\\/#website\",\"url\":\"https:\\\/\\\/aboriginal-australia.art\\\/\",\"name\":\"Aboriginal Australia\",\"description\":\"\",\"potentialAction\":[{\"@type\":\"SearchAction\",\"target\":{\"@type\":\"EntryPoint\",\"urlTemplate\":\"https:\\\/\\\/aboriginal-australia.art\\\/?s={search_term_string}\"},\"query-input\":{\"@type\":\"PropertyValueSpecification\",\"valueRequired\":true,\"valueName\":\"search_term_string\"}}],\"inLanguage\":\"en-US\"}]}<\/script>\n<!-- \/ Yoast SEO plugin. -->","yoast_head_json":{"title":"Margaret Scobie - Bush Medicine Leaves \u2013 Lecz\u0105ce li\u015bcie - Aboriginal Australia","robots":{"index":"index","follow":"follow","max-snippet":"max-snippet:-1","max-image-preview":"max-image-preview:large","max-video-preview":"max-video-preview:-1"},"canonical":"https:\/\/aboriginal-australia.art\/en\/p\/bush-medicine-leaves-leczace-liscie\/","og_locale":"en_US","og_type":"article","og_title":"Margaret Scobie - Bush Medicine Leaves \u2013 Lecz\u0105ce li\u015bcie - Aboriginal Australia","og_description":"Obraz przedstawia wz\u00f3r Awelye zwi\u0105zany z Bush Medicine Dreaming, wykonywany przez kobiety w regionie Utopia, oko\u0142o 250 km na p\u00f3\u0142nocny wsch\u00f3d od Alice Springs. Podczas ceremonii kobiety maluj\u0105 swoje cia\u0142a ochr\u0105 i popio\u0142em spinifeksowym zmieszanym z t\u0142uszczem kangura lub emu. \u015apiewaj\u0105 i ta\u0144cz\u0105. Lecznicze li\u015bcie zbierane s\u0105 z rodzimych ro\u015blin, takich jak trawa cytrynowa, mi\u0119ta, [&hellip;]","og_url":"https:\/\/aboriginal-australia.art\/en\/p\/bush-medicine-leaves-leczace-liscie\/","og_site_name":"Aboriginal Australia","article_modified_time":"2026-01-19T15:01:25+00:00","og_image":[{"width":1476,"height":2048,"url":"https:\/\/aboriginal-australia.art\/wp-content\/uploads\/2026\/01\/MS-010623-95x131-.jpg","type":"image\/jpeg"}],"schema":{"@context":"https:\/\/schema.org","@graph":[{"@type":"WebPage","@id":"https:\/\/aboriginal-australia.art\/p\/bush-medicine-leaves-leczace-liscie\/","url":"https:\/\/aboriginal-australia.art\/p\/bush-medicine-leaves-leczace-liscie\/","name":"Margaret Scobie - Bush Medicine Leaves \u2013 Lecz\u0105ce li\u015bcie - Aboriginal Australia","isPartOf":{"@id":"https:\/\/aboriginal-australia.art\/#website"},"primaryImageOfPage":{"@id":"https:\/\/aboriginal-australia.art\/p\/bush-medicine-leaves-leczace-liscie\/#primaryimage"},"image":{"@id":"https:\/\/aboriginal-australia.art\/p\/bush-medicine-leaves-leczace-liscie\/#primaryimage"},"thumbnailUrl":"https:\/\/aboriginal-australia.art\/wp-content\/uploads\/2026\/01\/MS-010623-95x131-.jpg","datePublished":"2026-01-15T10:48:33+00:00","dateModified":"2026-01-19T15:01:25+00:00","breadcrumb":{"@id":"https:\/\/aboriginal-australia.art\/p\/bush-medicine-leaves-leczace-liscie\/#breadcrumb"},"inLanguage":"en-US","potentialAction":[{"@type":"ReadAction","target":["https:\/\/aboriginal-australia.art\/p\/bush-medicine-leaves-leczace-liscie\/"]}]},{"@type":"ImageObject","inLanguage":"en-US","@id":"https:\/\/aboriginal-australia.art\/p\/bush-medicine-leaves-leczace-liscie\/#primaryimage","url":"https:\/\/aboriginal-australia.art\/wp-content\/uploads\/2026\/01\/MS-010623-95x131-.jpg","contentUrl":"https:\/\/aboriginal-australia.art\/wp-content\/uploads\/2026\/01\/MS-010623-95x131-.jpg","width":1476,"height":2048},{"@type":"BreadcrumbList","@id":"https:\/\/aboriginal-australia.art\/p\/bush-medicine-leaves-leczace-liscie\/#breadcrumb","itemListElement":[{"@type":"ListItem","position":1,"name":"Strona g\u0142\u00f3wna","item":"https:\/\/aboriginal-australia.art\/"},{"@type":"ListItem","position":2,"name":"Products","item":"https:\/\/aboriginal-australia.art\/en\/shop\/"},{"@type":"ListItem","position":3,"name":"Margaret Scobie &#8211; Bush Medicine Leaves \u2013 Lecz\u0105ce li\u015bcie"}]},{"@type":"WebSite","@id":"https:\/\/aboriginal-australia.art\/#website","url":"https:\/\/aboriginal-australia.art\/","name":"Aboriginal Australia","description":"","potentialAction":[{"@type":"SearchAction","target":{"@type":"EntryPoint","urlTemplate":"https:\/\/aboriginal-australia.art\/?s={search_term_string}"},"query-input":{"@type":"PropertyValueSpecification","valueRequired":true,"valueName":"search_term_string"}}],"inLanguage":"en-US"}]}},"_links":{"self":[{"href":"https:\/\/aboriginal-australia.art\/en\/wp-json\/wp\/v2\/product\/7623","targetHints":{"allow":["GET"]}}],"collection":[{"href":"https:\/\/aboriginal-australia.art\/en\/wp-json\/wp\/v2\/product"}],"about":[{"href":"https:\/\/aboriginal-australia.art\/en\/wp-json\/wp\/v2\/types\/product"}],"replies":[{"embeddable":true,"href":"https:\/\/aboriginal-australia.art\/en\/wp-json\/wp\/v2\/comments?post=7623"}],"version-history":[{"count":2,"href":"https:\/\/aboriginal-australia.art\/en\/wp-json\/wp\/v2\/product\/7623\/revisions"}],"predecessor-version":[{"id":7845,"href":"https:\/\/aboriginal-australia.art\/en\/wp-json\/wp\/v2\/product\/7623\/revisions\/7845"}],"wp:featuredmedia":[{"embeddable":true,"href":"https:\/\/aboriginal-australia.art\/en\/wp-json\/wp\/v2\/media\/7624"}],"wp:attachment":[{"href":"https:\/\/aboriginal-australia.art\/en\/wp-json\/wp\/v2\/media?parent=7623"}],"wp:term":[{"taxonomy":"product_brand","embeddable":true,"href":"https:\/\/aboriginal-australia.art\/en\/wp-json\/wp\/v2\/product_brand?post=7623"},{"taxonomy":"product_cat","embeddable":true,"href":"https:\/\/aboriginal-australia.art\/en\/wp-json\/wp\/v2\/product_cat?post=7623"},{"taxonomy":"product_tag","embeddable":true,"href":"https:\/\/aboriginal-australia.art\/en\/wp-json\/wp\/v2\/product_tag?post=7623"}],"curies":[{"name":"wp","href":"https:\/\/api.w.org\/{rel}","templated":true}]}}