{"id":7596,"date":"2026-01-15T10:53:28","date_gmt":"2026-01-15T09:53:28","guid":{"rendered":"https:\/\/aboriginal-australia.art\/?post_type=product&#038;p=7596"},"modified":"2026-01-19T16:03:32","modified_gmt":"2026-01-19T15:03:32","slug":"dzika-sliwka-bush-plum-7","status":"publish","type":"product","link":"https:\/\/aboriginal-australia.art\/en\/p\/dzika-sliwka-bush-plum-7\/","title":{"rendered":"Bessie Petyarre &#8211; Dzika \u015aliwka \/ Bush Plum"},"content":{"rendered":"<p>Obraz przedstawia Bush Plum Dreaming z kraju Bessie (Antagker), po\u0142o\u017conego w regionie Utopia, oko\u0142o 250 km na p\u00f3\u0142nocny wsch\u00f3d od Alice Springs. Dzika \u015bliwka krzewowa (<em>Santalum lanceolatum<\/em>) jest ma\u0142a ale ma wa\u017cne znaczenie dla kobiet Alyawarre; jest bardzo od\u017cywcza i bogata w witamin\u0119 C. Latem kobiety, w towarzystwie dzieci, zbieraj\u0105 owoce i odprawiaj\u0105 ceremonie \u2013 wzmacniaj\u0105c swoje wi\u0119zi z ziemi\u0105. Maluj\u0105 tak\u017ce swoje cia\u0142a wzorami Amwekety (dzikiej \u015bliwki), \u015bpiewaj\u0105 i ta\u0144cz\u0105.<\/p>\n<p>Bessie urodzi\u0142a si\u0119 w 1960 roku i jest jedn\u0105 z g\u0142\u00f3wnych opiekunek tego mitu z Czasu Kreacji Dreamtime. Jej matka, Polly Knagle, by\u0142a znan\u0105 artystk\u0105. Bessie przedstawi\u0142a t\u0119 histori\u0119 za pomoc\u0105 charakterystycznej techniki; Zanurza p\u0119dzel w innych kolorach, sklejaj\u0105c je razem na p\u0142\u00f3tnie. Teren jest widziany z perspektywy lotu ptaka i ukazuje sezonowe zmiany ro\u015bliny na r\u00f3\u017cnych etapach wzrostu. Styl Bessie, podobnie jak u matki, jest impresyjny i liryczny. Jej prace s\u0105 reprezentowane w kolekcjach australijskich i zagranicznych.<\/p>","protected":false},"excerpt":{"rendered":"<p>Obraz przedstawia Bush Plum Dreaming z kraju Bessie (Antagker), po\u0142o\u017conego w regionie Utopia, oko\u0142o 250 km na p\u00f3\u0142nocny wsch\u00f3d od Alice Springs. Dzika \u015bliwka krzewowa (Santalum lanceolatum) jest ma\u0142a ale ma wa\u017cne znaczenie dla kobiet Alyawarre; jest bardzo od\u017cywcza i bogata w witamin\u0119 C. Latem kobiety, w towarzystwie dzieci, zbieraj\u0105 owoce i odprawiaj\u0105 ceremonie \u2013 [&hellip;]<\/p>\n","protected":false},"featured_media":7598,"comment_status":"open","ping_status":"closed","template":"","meta":{"_acf_changed":false},"product_brand":[],"product_cat":[54],"product_tag":[154,153],"class_list":{"0":"post-7596","1":"product","2":"type-product","3":"status-publish","4":"has-post-thumbnail","6":"product_cat-bessie-petyarre","7":"product_tag-89-x-98-cm","8":"product_tag-bpp-210225","10":"first","11":"instock","12":"shipping-taxable","13":"purchasable","14":"product-type-simple"},"acf":[],"yoast_head":"<!-- This site is optimized with the Yoast SEO plugin v27.4 - https:\/\/yoast.com\/product\/yoast-seo-wordpress\/ -->\n<title>Bessie Petyarre - Dzika \u015aliwka \/ Bush Plum - Aboriginal Australia<\/title>\n<meta name=\"robots\" content=\"index, follow, max-snippet:-1, max-image-preview:large, max-video-preview:-1\" \/>\n<link rel=\"canonical\" href=\"https:\/\/aboriginal-australia.art\/en\/p\/dzika-sliwka-bush-plum-7\/\" \/>\n<meta property=\"og:locale\" content=\"en_US\" \/>\n<meta property=\"og:type\" content=\"article\" \/>\n<meta property=\"og:title\" content=\"Bessie Petyarre - Dzika \u015aliwka \/ Bush Plum - Aboriginal Australia\" \/>\n<meta property=\"og:description\" content=\"Obraz przedstawia Bush Plum Dreaming z kraju Bessie (Antagker), po\u0142o\u017conego w regionie Utopia, oko\u0142o 250 km na p\u00f3\u0142nocny wsch\u00f3d od Alice Springs. Dzika \u015bliwka krzewowa (Santalum lanceolatum) jest ma\u0142a ale ma wa\u017cne znaczenie dla kobiet Alyawarre; jest bardzo od\u017cywcza i bogata w witamin\u0119 C. Latem kobiety, w towarzystwie dzieci, zbieraj\u0105 owoce i odprawiaj\u0105 ceremonie \u2013 [&hellip;]\" \/>\n<meta property=\"og:url\" content=\"https:\/\/aboriginal-australia.art\/en\/p\/dzika-sliwka-bush-plum-7\/\" \/>\n<meta property=\"og:site_name\" content=\"Aboriginal Australia\" \/>\n<meta property=\"article:modified_time\" content=\"2026-01-19T15:03:32+00:00\" \/>\n<meta property=\"og:image\" content=\"https:\/\/aboriginal-australia.art\/wp-content\/uploads\/2026\/01\/BPP-210225-89x98-1.jpg\" \/>\n\t<meta property=\"og:image:width\" content=\"1867\" \/>\n\t<meta property=\"og:image:height\" content=\"2048\" \/>\n\t<meta property=\"og:image:type\" content=\"image\/jpeg\" \/>\n<script type=\"application\/ld+json\" class=\"yoast-schema-graph\">{\"@context\":\"https:\\\/\\\/schema.org\",\"@graph\":[{\"@type\":\"WebPage\",\"@id\":\"https:\\\/\\\/aboriginal-australia.art\\\/p\\\/dzika-sliwka-bush-plum-7\\\/\",\"url\":\"https:\\\/\\\/aboriginal-australia.art\\\/p\\\/dzika-sliwka-bush-plum-7\\\/\",\"name\":\"Bessie Petyarre - Dzika \u015aliwka \\\/ Bush Plum - Aboriginal Australia\",\"isPartOf\":{\"@id\":\"https:\\\/\\\/aboriginal-australia.art\\\/#website\"},\"primaryImageOfPage\":{\"@id\":\"https:\\\/\\\/aboriginal-australia.art\\\/p\\\/dzika-sliwka-bush-plum-7\\\/#primaryimage\"},\"image\":{\"@id\":\"https:\\\/\\\/aboriginal-australia.art\\\/p\\\/dzika-sliwka-bush-plum-7\\\/#primaryimage\"},\"thumbnailUrl\":\"https:\\\/\\\/aboriginal-australia.art\\\/wp-content\\\/uploads\\\/2026\\\/01\\\/BPP-210225-89x98-1.jpg\",\"datePublished\":\"2026-01-15T09:53:28+00:00\",\"dateModified\":\"2026-01-19T15:03:32+00:00\",\"breadcrumb\":{\"@id\":\"https:\\\/\\\/aboriginal-australia.art\\\/p\\\/dzika-sliwka-bush-plum-7\\\/#breadcrumb\"},\"inLanguage\":\"en-US\",\"potentialAction\":[{\"@type\":\"ReadAction\",\"target\":[\"https:\\\/\\\/aboriginal-australia.art\\\/p\\\/dzika-sliwka-bush-plum-7\\\/\"]}]},{\"@type\":\"ImageObject\",\"inLanguage\":\"en-US\",\"@id\":\"https:\\\/\\\/aboriginal-australia.art\\\/p\\\/dzika-sliwka-bush-plum-7\\\/#primaryimage\",\"url\":\"https:\\\/\\\/aboriginal-australia.art\\\/wp-content\\\/uploads\\\/2026\\\/01\\\/BPP-210225-89x98-1.jpg\",\"contentUrl\":\"https:\\\/\\\/aboriginal-australia.art\\\/wp-content\\\/uploads\\\/2026\\\/01\\\/BPP-210225-89x98-1.jpg\",\"width\":1867,\"height\":2048},{\"@type\":\"BreadcrumbList\",\"@id\":\"https:\\\/\\\/aboriginal-australia.art\\\/p\\\/dzika-sliwka-bush-plum-7\\\/#breadcrumb\",\"itemListElement\":[{\"@type\":\"ListItem\",\"position\":1,\"name\":\"Strona g\u0142\u00f3wna\",\"item\":\"https:\\\/\\\/aboriginal-australia.art\\\/\"},{\"@type\":\"ListItem\",\"position\":2,\"name\":\"Products\",\"item\":\"https:\\\/\\\/aboriginal-australia.art\\\/en\\\/shop\\\/\"},{\"@type\":\"ListItem\",\"position\":3,\"name\":\"Bessie Petyarre &#8211; Dzika \u015aliwka \\\/ Bush Plum\"}]},{\"@type\":\"WebSite\",\"@id\":\"https:\\\/\\\/aboriginal-australia.art\\\/#website\",\"url\":\"https:\\\/\\\/aboriginal-australia.art\\\/\",\"name\":\"Aboriginal Australia\",\"description\":\"\",\"potentialAction\":[{\"@type\":\"SearchAction\",\"target\":{\"@type\":\"EntryPoint\",\"urlTemplate\":\"https:\\\/\\\/aboriginal-australia.art\\\/?s={search_term_string}\"},\"query-input\":{\"@type\":\"PropertyValueSpecification\",\"valueRequired\":true,\"valueName\":\"search_term_string\"}}],\"inLanguage\":\"en-US\"}]}<\/script>\n<!-- \/ Yoast SEO plugin. -->","yoast_head_json":{"title":"Bessie Petyarre - Dzika \u015aliwka \/ Bush Plum - Aboriginal Australia","robots":{"index":"index","follow":"follow","max-snippet":"max-snippet:-1","max-image-preview":"max-image-preview:large","max-video-preview":"max-video-preview:-1"},"canonical":"https:\/\/aboriginal-australia.art\/en\/p\/dzika-sliwka-bush-plum-7\/","og_locale":"en_US","og_type":"article","og_title":"Bessie Petyarre - Dzika \u015aliwka \/ Bush Plum - Aboriginal Australia","og_description":"Obraz przedstawia Bush Plum Dreaming z kraju Bessie (Antagker), po\u0142o\u017conego w regionie Utopia, oko\u0142o 250 km na p\u00f3\u0142nocny wsch\u00f3d od Alice Springs. Dzika \u015bliwka krzewowa (Santalum lanceolatum) jest ma\u0142a ale ma wa\u017cne znaczenie dla kobiet Alyawarre; jest bardzo od\u017cywcza i bogata w witamin\u0119 C. Latem kobiety, w towarzystwie dzieci, zbieraj\u0105 owoce i odprawiaj\u0105 ceremonie \u2013 [&hellip;]","og_url":"https:\/\/aboriginal-australia.art\/en\/p\/dzika-sliwka-bush-plum-7\/","og_site_name":"Aboriginal Australia","article_modified_time":"2026-01-19T15:03:32+00:00","og_image":[{"width":1867,"height":2048,"url":"https:\/\/aboriginal-australia.art\/wp-content\/uploads\/2026\/01\/BPP-210225-89x98-1.jpg","type":"image\/jpeg"}],"schema":{"@context":"https:\/\/schema.org","@graph":[{"@type":"WebPage","@id":"https:\/\/aboriginal-australia.art\/p\/dzika-sliwka-bush-plum-7\/","url":"https:\/\/aboriginal-australia.art\/p\/dzika-sliwka-bush-plum-7\/","name":"Bessie Petyarre - Dzika \u015aliwka \/ Bush Plum - Aboriginal Australia","isPartOf":{"@id":"https:\/\/aboriginal-australia.art\/#website"},"primaryImageOfPage":{"@id":"https:\/\/aboriginal-australia.art\/p\/dzika-sliwka-bush-plum-7\/#primaryimage"},"image":{"@id":"https:\/\/aboriginal-australia.art\/p\/dzika-sliwka-bush-plum-7\/#primaryimage"},"thumbnailUrl":"https:\/\/aboriginal-australia.art\/wp-content\/uploads\/2026\/01\/BPP-210225-89x98-1.jpg","datePublished":"2026-01-15T09:53:28+00:00","dateModified":"2026-01-19T15:03:32+00:00","breadcrumb":{"@id":"https:\/\/aboriginal-australia.art\/p\/dzika-sliwka-bush-plum-7\/#breadcrumb"},"inLanguage":"en-US","potentialAction":[{"@type":"ReadAction","target":["https:\/\/aboriginal-australia.art\/p\/dzika-sliwka-bush-plum-7\/"]}]},{"@type":"ImageObject","inLanguage":"en-US","@id":"https:\/\/aboriginal-australia.art\/p\/dzika-sliwka-bush-plum-7\/#primaryimage","url":"https:\/\/aboriginal-australia.art\/wp-content\/uploads\/2026\/01\/BPP-210225-89x98-1.jpg","contentUrl":"https:\/\/aboriginal-australia.art\/wp-content\/uploads\/2026\/01\/BPP-210225-89x98-1.jpg","width":1867,"height":2048},{"@type":"BreadcrumbList","@id":"https:\/\/aboriginal-australia.art\/p\/dzika-sliwka-bush-plum-7\/#breadcrumb","itemListElement":[{"@type":"ListItem","position":1,"name":"Strona g\u0142\u00f3wna","item":"https:\/\/aboriginal-australia.art\/"},{"@type":"ListItem","position":2,"name":"Products","item":"https:\/\/aboriginal-australia.art\/en\/shop\/"},{"@type":"ListItem","position":3,"name":"Bessie Petyarre &#8211; Dzika \u015aliwka \/ Bush Plum"}]},{"@type":"WebSite","@id":"https:\/\/aboriginal-australia.art\/#website","url":"https:\/\/aboriginal-australia.art\/","name":"Aboriginal Australia","description":"","potentialAction":[{"@type":"SearchAction","target":{"@type":"EntryPoint","urlTemplate":"https:\/\/aboriginal-australia.art\/?s={search_term_string}"},"query-input":{"@type":"PropertyValueSpecification","valueRequired":true,"valueName":"search_term_string"}}],"inLanguage":"en-US"}]}},"_links":{"self":[{"href":"https:\/\/aboriginal-australia.art\/en\/wp-json\/wp\/v2\/product\/7596","targetHints":{"allow":["GET"]}}],"collection":[{"href":"https:\/\/aboriginal-australia.art\/en\/wp-json\/wp\/v2\/product"}],"about":[{"href":"https:\/\/aboriginal-australia.art\/en\/wp-json\/wp\/v2\/types\/product"}],"replies":[{"embeddable":true,"href":"https:\/\/aboriginal-australia.art\/en\/wp-json\/wp\/v2\/comments?post=7596"}],"version-history":[{"count":2,"href":"https:\/\/aboriginal-australia.art\/en\/wp-json\/wp\/v2\/product\/7596\/revisions"}],"predecessor-version":[{"id":7848,"href":"https:\/\/aboriginal-australia.art\/en\/wp-json\/wp\/v2\/product\/7596\/revisions\/7848"}],"wp:featuredmedia":[{"embeddable":true,"href":"https:\/\/aboriginal-australia.art\/en\/wp-json\/wp\/v2\/media\/7598"}],"wp:attachment":[{"href":"https:\/\/aboriginal-australia.art\/en\/wp-json\/wp\/v2\/media?parent=7596"}],"wp:term":[{"taxonomy":"product_brand","embeddable":true,"href":"https:\/\/aboriginal-australia.art\/en\/wp-json\/wp\/v2\/product_brand?post=7596"},{"taxonomy":"product_cat","embeddable":true,"href":"https:\/\/aboriginal-australia.art\/en\/wp-json\/wp\/v2\/product_cat?post=7596"},{"taxonomy":"product_tag","embeddable":true,"href":"https:\/\/aboriginal-australia.art\/en\/wp-json\/wp\/v2\/product_tag?post=7596"}],"curies":[{"name":"wp","href":"https:\/\/api.w.org\/{rel}","templated":true}]}}