{"id":7587,"date":"2026-01-15T10:30:19","date_gmt":"2026-01-15T09:30:19","guid":{"rendered":"https:\/\/aboriginal-australia.art\/?post_type=product&#038;p=7587"},"modified":"2026-01-19T16:06:43","modified_gmt":"2026-01-19T15:06:43","slug":"18-kate-petyarre-szczep-alyawarre","status":"publish","type":"product","link":"https:\/\/aboriginal-australia.art\/en\/p\/18-kate-petyarre-szczep-alyawarre\/","title":{"rendered":"Kate Petyarre \u2013 Historia dzikiej \u015bliwki \/Bush Plum"},"content":{"rendered":"<p>Obraz przedstawia Histori\u0119 Dzikiej \u015aliwki \/ Bush Plum Dreaming z krainy Kate (Antangker), po\u0142o\u017con\u0105 w regionie Utopia oko\u0142o 250 km na p\u00f3\u0142nocny wsch\u00f3d od Alice Springs. Owoce dzikiej \u015bliwki krzewiastej (santalum lanceolatum) s\u0105 ma\u0142e i czarne, ale maj\u0105 wa\u017cne znaczenie dla kobiet Alyawarre; s\u0105 one bardzo po\u017cywne i bogate w witamin\u0119 C. Latem kobiety, w towarzystwie dzieci, zbieraj\u0105 owoce i odprawiaj\u0105 ceremonie \u2013 wzmacniaj\u0105c swoj\u0105 wi\u0119\u017a z ziemi\u0105. Maluj\u0105 tak\u017ce swoje cia\u0142a wzorami Amwekety (\u015bliwka z krzewu), \u015bpiewaj\u0105 i ta\u0144cz\u0105.<\/p>\n<p>Kate urodzi\u0142a si\u0119 w 1980 roku i jest jedn\u0105 z g\u0142\u00f3wnych opiekunek tego mitu z czasu Kreacji (Dreamtime). Jej starsza siostra Bessie oraz matka Polly Kngale s\u0105 znanymi artystkami. Kate przedstawi\u0142a histori\u0119 za pomoc\u0105 charakterystycznej techniki. Zanurza p\u0119dzel w r\u00f3\u017cnych kolorach, mieszaj\u0105c je na p\u0142\u00f3tnie. Kraj jest widziany z lotu ptaka i ukazuje sezonowe zmiany ro\u015bliny na r\u00f3\u017cnych etapach wzrostu. Styl Kate, podobnie jak u matki, jest impresjonistyczny i liryczny. Jej prace s\u0105 reprezentowane w kolekcjach australijskich i zagranicznych.<\/p>","protected":false},"excerpt":{"rendered":"<p>Obraz przedstawia Histori\u0119 Dzikiej \u015aliwki \/ Bush Plum Dreaming z krainy Kate (Antangker), po\u0142o\u017con\u0105 w regionie Utopia oko\u0142o 250 km na p\u00f3\u0142nocny wsch\u00f3d od Alice Springs. Owoce dzikiej \u015bliwki krzewiastej (santalum lanceolatum) s\u0105 ma\u0142e i czarne, ale maj\u0105 wa\u017cne znaczenie dla kobiet Alyawarre; s\u0105 one bardzo po\u017cywne i bogate w witamin\u0119 C. Latem kobiety, w [&hellip;]<\/p>\n","protected":false},"featured_media":7541,"comment_status":"open","ping_status":"closed","template":"","meta":{"_acf_changed":false},"product_brand":[],"product_cat":[66],"product_tag":[150,149],"class_list":{"0":"post-7587","1":"product","2":"type-product","3":"status-publish","4":"has-post-thumbnail","6":"product_cat-kate-pitjara","7":"product_tag-95-x-107-cm","8":"product_tag-kp-091124","10":"first","11":"instock","12":"shipping-taxable","13":"purchasable","14":"product-type-simple"},"acf":[],"yoast_head":"<!-- This site is optimized with the Yoast SEO plugin v27.3 - https:\/\/yoast.com\/product\/yoast-seo-wordpress\/ -->\n<title>Kate Petyarre \u2013 Historia dzikiej \u015bliwki \/Bush Plum - Aboriginal Australia<\/title>\n<meta name=\"robots\" content=\"index, follow, max-snippet:-1, max-image-preview:large, max-video-preview:-1\" \/>\n<link rel=\"canonical\" href=\"https:\/\/aboriginal-australia.art\/en\/p\/18-kate-petyarre-szczep-alyawarre\/\" \/>\n<meta property=\"og:locale\" content=\"en_US\" \/>\n<meta property=\"og:type\" content=\"article\" \/>\n<meta property=\"og:title\" content=\"Kate Petyarre \u2013 Historia dzikiej \u015bliwki \/Bush Plum - Aboriginal Australia\" \/>\n<meta property=\"og:description\" content=\"Obraz przedstawia Histori\u0119 Dzikiej \u015aliwki \/ Bush Plum Dreaming z krainy Kate (Antangker), po\u0142o\u017con\u0105 w regionie Utopia oko\u0142o 250 km na p\u00f3\u0142nocny wsch\u00f3d od Alice Springs. Owoce dzikiej \u015bliwki krzewiastej (santalum lanceolatum) s\u0105 ma\u0142e i czarne, ale maj\u0105 wa\u017cne znaczenie dla kobiet Alyawarre; s\u0105 one bardzo po\u017cywne i bogate w witamin\u0119 C. Latem kobiety, w [&hellip;]\" \/>\n<meta property=\"og:url\" content=\"https:\/\/aboriginal-australia.art\/en\/p\/18-kate-petyarre-szczep-alyawarre\/\" \/>\n<meta property=\"og:site_name\" content=\"Aboriginal Australia\" \/>\n<meta property=\"article:modified_time\" content=\"2026-01-19T15:06:43+00:00\" \/>\n<meta property=\"og:image\" content=\"https:\/\/aboriginal-australia.art\/wp-content\/uploads\/2026\/01\/KP-091124-95x107-1.jpg\" \/>\n\t<meta property=\"og:image:width\" content=\"1836\" \/>\n\t<meta property=\"og:image:height\" content=\"2048\" \/>\n\t<meta property=\"og:image:type\" content=\"image\/jpeg\" \/>\n<script type=\"application\/ld+json\" class=\"yoast-schema-graph\">{\"@context\":\"https:\\\/\\\/schema.org\",\"@graph\":[{\"@type\":\"WebPage\",\"@id\":\"https:\\\/\\\/aboriginal-australia.art\\\/p\\\/18-kate-petyarre-szczep-alyawarre\\\/\",\"url\":\"https:\\\/\\\/aboriginal-australia.art\\\/p\\\/18-kate-petyarre-szczep-alyawarre\\\/\",\"name\":\"Kate Petyarre \u2013 Historia dzikiej \u015bliwki \\\/Bush Plum - Aboriginal Australia\",\"isPartOf\":{\"@id\":\"https:\\\/\\\/aboriginal-australia.art\\\/#website\"},\"primaryImageOfPage\":{\"@id\":\"https:\\\/\\\/aboriginal-australia.art\\\/p\\\/18-kate-petyarre-szczep-alyawarre\\\/#primaryimage\"},\"image\":{\"@id\":\"https:\\\/\\\/aboriginal-australia.art\\\/p\\\/18-kate-petyarre-szczep-alyawarre\\\/#primaryimage\"},\"thumbnailUrl\":\"https:\\\/\\\/aboriginal-australia.art\\\/wp-content\\\/uploads\\\/2026\\\/01\\\/KP-091124-95x107-1.jpg\",\"datePublished\":\"2026-01-15T09:30:19+00:00\",\"dateModified\":\"2026-01-19T15:06:43+00:00\",\"breadcrumb\":{\"@id\":\"https:\\\/\\\/aboriginal-australia.art\\\/p\\\/18-kate-petyarre-szczep-alyawarre\\\/#breadcrumb\"},\"inLanguage\":\"en-US\",\"potentialAction\":[{\"@type\":\"ReadAction\",\"target\":[\"https:\\\/\\\/aboriginal-australia.art\\\/p\\\/18-kate-petyarre-szczep-alyawarre\\\/\"]}]},{\"@type\":\"ImageObject\",\"inLanguage\":\"en-US\",\"@id\":\"https:\\\/\\\/aboriginal-australia.art\\\/p\\\/18-kate-petyarre-szczep-alyawarre\\\/#primaryimage\",\"url\":\"https:\\\/\\\/aboriginal-australia.art\\\/wp-content\\\/uploads\\\/2026\\\/01\\\/KP-091124-95x107-1.jpg\",\"contentUrl\":\"https:\\\/\\\/aboriginal-australia.art\\\/wp-content\\\/uploads\\\/2026\\\/01\\\/KP-091124-95x107-1.jpg\",\"width\":1836,\"height\":2048},{\"@type\":\"BreadcrumbList\",\"@id\":\"https:\\\/\\\/aboriginal-australia.art\\\/p\\\/18-kate-petyarre-szczep-alyawarre\\\/#breadcrumb\",\"itemListElement\":[{\"@type\":\"ListItem\",\"position\":1,\"name\":\"Strona g\u0142\u00f3wna\",\"item\":\"https:\\\/\\\/aboriginal-australia.art\\\/\"},{\"@type\":\"ListItem\",\"position\":2,\"name\":\"Products\",\"item\":\"https:\\\/\\\/aboriginal-australia.art\\\/en\\\/shop\\\/\"},{\"@type\":\"ListItem\",\"position\":3,\"name\":\"Kate Petyarre \u2013 Historia dzikiej \u015bliwki \\\/Bush Plum\"}]},{\"@type\":\"WebSite\",\"@id\":\"https:\\\/\\\/aboriginal-australia.art\\\/#website\",\"url\":\"https:\\\/\\\/aboriginal-australia.art\\\/\",\"name\":\"Aboriginal Australia\",\"description\":\"\",\"potentialAction\":[{\"@type\":\"SearchAction\",\"target\":{\"@type\":\"EntryPoint\",\"urlTemplate\":\"https:\\\/\\\/aboriginal-australia.art\\\/?s={search_term_string}\"},\"query-input\":{\"@type\":\"PropertyValueSpecification\",\"valueRequired\":true,\"valueName\":\"search_term_string\"}}],\"inLanguage\":\"en-US\"}]}<\/script>\n<!-- \/ Yoast SEO plugin. -->","yoast_head_json":{"title":"Kate Petyarre \u2013 Historia dzikiej \u015bliwki \/Bush Plum - Aboriginal Australia","robots":{"index":"index","follow":"follow","max-snippet":"max-snippet:-1","max-image-preview":"max-image-preview:large","max-video-preview":"max-video-preview:-1"},"canonical":"https:\/\/aboriginal-australia.art\/en\/p\/18-kate-petyarre-szczep-alyawarre\/","og_locale":"en_US","og_type":"article","og_title":"Kate Petyarre \u2013 Historia dzikiej \u015bliwki \/Bush Plum - Aboriginal Australia","og_description":"Obraz przedstawia Histori\u0119 Dzikiej \u015aliwki \/ Bush Plum Dreaming z krainy Kate (Antangker), po\u0142o\u017con\u0105 w regionie Utopia oko\u0142o 250 km na p\u00f3\u0142nocny wsch\u00f3d od Alice Springs. Owoce dzikiej \u015bliwki krzewiastej (santalum lanceolatum) s\u0105 ma\u0142e i czarne, ale maj\u0105 wa\u017cne znaczenie dla kobiet Alyawarre; s\u0105 one bardzo po\u017cywne i bogate w witamin\u0119 C. Latem kobiety, w [&hellip;]","og_url":"https:\/\/aboriginal-australia.art\/en\/p\/18-kate-petyarre-szczep-alyawarre\/","og_site_name":"Aboriginal Australia","article_modified_time":"2026-01-19T15:06:43+00:00","og_image":[{"width":1836,"height":2048,"url":"https:\/\/aboriginal-australia.art\/wp-content\/uploads\/2026\/01\/KP-091124-95x107-1.jpg","type":"image\/jpeg"}],"schema":{"@context":"https:\/\/schema.org","@graph":[{"@type":"WebPage","@id":"https:\/\/aboriginal-australia.art\/p\/18-kate-petyarre-szczep-alyawarre\/","url":"https:\/\/aboriginal-australia.art\/p\/18-kate-petyarre-szczep-alyawarre\/","name":"Kate Petyarre \u2013 Historia dzikiej \u015bliwki \/Bush Plum - Aboriginal Australia","isPartOf":{"@id":"https:\/\/aboriginal-australia.art\/#website"},"primaryImageOfPage":{"@id":"https:\/\/aboriginal-australia.art\/p\/18-kate-petyarre-szczep-alyawarre\/#primaryimage"},"image":{"@id":"https:\/\/aboriginal-australia.art\/p\/18-kate-petyarre-szczep-alyawarre\/#primaryimage"},"thumbnailUrl":"https:\/\/aboriginal-australia.art\/wp-content\/uploads\/2026\/01\/KP-091124-95x107-1.jpg","datePublished":"2026-01-15T09:30:19+00:00","dateModified":"2026-01-19T15:06:43+00:00","breadcrumb":{"@id":"https:\/\/aboriginal-australia.art\/p\/18-kate-petyarre-szczep-alyawarre\/#breadcrumb"},"inLanguage":"en-US","potentialAction":[{"@type":"ReadAction","target":["https:\/\/aboriginal-australia.art\/p\/18-kate-petyarre-szczep-alyawarre\/"]}]},{"@type":"ImageObject","inLanguage":"en-US","@id":"https:\/\/aboriginal-australia.art\/p\/18-kate-petyarre-szczep-alyawarre\/#primaryimage","url":"https:\/\/aboriginal-australia.art\/wp-content\/uploads\/2026\/01\/KP-091124-95x107-1.jpg","contentUrl":"https:\/\/aboriginal-australia.art\/wp-content\/uploads\/2026\/01\/KP-091124-95x107-1.jpg","width":1836,"height":2048},{"@type":"BreadcrumbList","@id":"https:\/\/aboriginal-australia.art\/p\/18-kate-petyarre-szczep-alyawarre\/#breadcrumb","itemListElement":[{"@type":"ListItem","position":1,"name":"Strona g\u0142\u00f3wna","item":"https:\/\/aboriginal-australia.art\/"},{"@type":"ListItem","position":2,"name":"Products","item":"https:\/\/aboriginal-australia.art\/en\/shop\/"},{"@type":"ListItem","position":3,"name":"Kate Petyarre \u2013 Historia dzikiej \u015bliwki \/Bush Plum"}]},{"@type":"WebSite","@id":"https:\/\/aboriginal-australia.art\/#website","url":"https:\/\/aboriginal-australia.art\/","name":"Aboriginal Australia","description":"","potentialAction":[{"@type":"SearchAction","target":{"@type":"EntryPoint","urlTemplate":"https:\/\/aboriginal-australia.art\/?s={search_term_string}"},"query-input":{"@type":"PropertyValueSpecification","valueRequired":true,"valueName":"search_term_string"}}],"inLanguage":"en-US"}]}},"_links":{"self":[{"href":"https:\/\/aboriginal-australia.art\/en\/wp-json\/wp\/v2\/product\/7587","targetHints":{"allow":["GET"]}}],"collection":[{"href":"https:\/\/aboriginal-australia.art\/en\/wp-json\/wp\/v2\/product"}],"about":[{"href":"https:\/\/aboriginal-australia.art\/en\/wp-json\/wp\/v2\/types\/product"}],"replies":[{"embeddable":true,"href":"https:\/\/aboriginal-australia.art\/en\/wp-json\/wp\/v2\/comments?post=7587"}],"version-history":[{"count":4,"href":"https:\/\/aboriginal-australia.art\/en\/wp-json\/wp\/v2\/product\/7587\/revisions"}],"predecessor-version":[{"id":7985,"href":"https:\/\/aboriginal-australia.art\/en\/wp-json\/wp\/v2\/product\/7587\/revisions\/7985"}],"wp:featuredmedia":[{"embeddable":true,"href":"https:\/\/aboriginal-australia.art\/en\/wp-json\/wp\/v2\/media\/7541"}],"wp:attachment":[{"href":"https:\/\/aboriginal-australia.art\/en\/wp-json\/wp\/v2\/media?parent=7587"}],"wp:term":[{"taxonomy":"product_brand","embeddable":true,"href":"https:\/\/aboriginal-australia.art\/en\/wp-json\/wp\/v2\/product_brand?post=7587"},{"taxonomy":"product_cat","embeddable":true,"href":"https:\/\/aboriginal-australia.art\/en\/wp-json\/wp\/v2\/product_cat?post=7587"},{"taxonomy":"product_tag","embeddable":true,"href":"https:\/\/aboriginal-australia.art\/en\/wp-json\/wp\/v2\/product_tag?post=7587"}],"curies":[{"name":"wp","href":"https:\/\/api.w.org\/{rel}","templated":true}]}}