{"id":7584,"date":"2026-01-15T10:16:53","date_gmt":"2026-01-15T09:16:53","guid":{"rendered":"https:\/\/aboriginal-australia.art\/?post_type=product&#038;p=7584"},"modified":"2026-02-13T08:04:28","modified_gmt":"2026-02-13T07:04:28","slug":"opowiesc-o-siostrach-dreaming-sisters-2","status":"publish","type":"product","link":"https:\/\/aboriginal-australia.art\/en\/p\/opowiesc-o-siostrach-dreaming-sisters-2\/","title":{"rendered":"Cindi Wallace Nungarrayi &#8211; Opowie\u015b\u0107 o Siostrach \/ Dreaming Sisters"},"content":{"rendered":"<p>Obraz przedstawia opowie\u015b\u0107 o Siedmiu Siostrach oraz Antangker \u2013 rodzinn\u0105 okolic\u0119 Cindy Wallace Nungurrayi, po\u0142o\u017con\u0105 w regionie Utopia, oko\u0142o 250 km na p\u00f3\u0142nocny wsch\u00f3d od Alice Springs. Siostry, duchowe istoty Przodk\u00f3w, przyby\u0142y z nieba w Czasie Stwarzania. Nauczy\u0142y ludzi zbiera\u0107 i przygotowywa\u0107 po\u017cywienie, a tak\u017ce przeprowadza\u0107 ceremonie. Obecnie kobiety ze szczepu Anmatyerre w towarzystwie dzieci zbieraj\u0105 latem \u017cywno\u015b\u0107 i odprawiaj\u0105 ceremonie \u2013 aby odnowi\u0107 mit i umocni\u0107 sw\u00f3j zwi\u0105zek z ziemi\u0105. Maluj\u0105 tak\u017ce swoje cia\u0142a wzorami <em>Awelye<\/em>, \u015bpiewaj\u0105 i ta\u0144cz\u0105.<\/p>\n<p><strong>Cindy Wallace Nungurrayi (ur. 1973)<\/strong> jest jedn\u0105 ze starszych opiekunek tej Historii. By j\u0105 namalowa\u0107, stosuje technik\u0119 delikatnego kropkowania i wariacje kolor\u00f3w. Trzy ko\u0142a na g\u00f3rze obrazu przedstawiaj\u0105 gwiazdy, a \u0142\u0105cz\u0105ce je linie oznaczaj\u0105 Drog\u0119 Mleczn\u0105 \u2013 nasz\u0105 galaktyk\u0119. Po\u017cywienie z buszu oznaczono jako ma\u0142e k\u00f3\u0142ka i kropki. Starsza Siostra (w \u015brodku obrazu) uczy m\u0142odsze zbiera\u0107 jedzenie. Okolica Antangker widziana jest z lotu ptaka. Obraz pokazuje, jak zmieniaj\u0105 si\u0119 ro\u015bliny w zale\u017cno\u015bci od p\u00f3r roku. Styl Cindy Wallace Nungurrayi jest minimalistyczny i liryczny. Jej prace znajduj\u0105 si\u0119 w kolekcjach australijskich i zagranicznych.<\/p>","protected":false},"excerpt":{"rendered":"<p>Obraz przedstawia opowie\u015b\u0107 o Siedmiu Siostrach oraz Antangker \u2013 rodzinn\u0105 okolic\u0119 Cindy Wallace Nungurrayi, po\u0142o\u017con\u0105 w regionie Utopia, oko\u0142o 250 km na p\u00f3\u0142nocny wsch\u00f3d od Alice Springs. Siostry, duchowe istoty Przodk\u00f3w, przyby\u0142y z nieba w Czasie Stwarzania. Nauczy\u0142y ludzi zbiera\u0107 i przygotowywa\u0107 po\u017cywienie, a tak\u017ce przeprowadza\u0107 ceremonie. Obecnie kobiety ze szczepu Anmatyerre w towarzystwie dzieci [&hellip;]<\/p>\n","protected":false},"featured_media":7586,"comment_status":"open","ping_status":"closed","template":"","meta":{"_acf_changed":false},"product_brand":[],"product_cat":[56],"product_tag":[148,147],"class_list":{"0":"post-7584","1":"product","2":"type-product","3":"status-publish","4":"has-post-thumbnail","6":"product_cat-cindi-wallace-nungarrayi","7":"product_tag-30-x-44-cm","8":"product_tag-cwn-042025","10":"first","11":"outofstock","12":"shipping-taxable","13":"purchasable","14":"product-type-simple"},"acf":[],"yoast_head":"<!-- This site is optimized with the Yoast SEO plugin v27.3 - https:\/\/yoast.com\/product\/yoast-seo-wordpress\/ -->\n<title>Cindi Wallace Nungarrayi - Opowie\u015b\u0107 o Siostrach \/ Dreaming Sisters - Aboriginal Australia<\/title>\n<meta name=\"robots\" content=\"index, follow, max-snippet:-1, max-image-preview:large, max-video-preview:-1\" \/>\n<link rel=\"canonical\" href=\"https:\/\/aboriginal-australia.art\/en\/p\/opowiesc-o-siostrach-dreaming-sisters-2\/\" \/>\n<meta property=\"og:locale\" content=\"en_US\" \/>\n<meta property=\"og:type\" content=\"article\" \/>\n<meta property=\"og:title\" content=\"Cindi Wallace Nungarrayi - Opowie\u015b\u0107 o Siostrach \/ Dreaming Sisters - Aboriginal Australia\" \/>\n<meta property=\"og:description\" content=\"Obraz przedstawia opowie\u015b\u0107 o Siedmiu Siostrach oraz Antangker \u2013 rodzinn\u0105 okolic\u0119 Cindy Wallace Nungurrayi, po\u0142o\u017con\u0105 w regionie Utopia, oko\u0142o 250 km na p\u00f3\u0142nocny wsch\u00f3d od Alice Springs. Siostry, duchowe istoty Przodk\u00f3w, przyby\u0142y z nieba w Czasie Stwarzania. Nauczy\u0142y ludzi zbiera\u0107 i przygotowywa\u0107 po\u017cywienie, a tak\u017ce przeprowadza\u0107 ceremonie. Obecnie kobiety ze szczepu Anmatyerre w towarzystwie dzieci [&hellip;]\" \/>\n<meta property=\"og:url\" content=\"https:\/\/aboriginal-australia.art\/en\/p\/opowiesc-o-siostrach-dreaming-sisters-2\/\" \/>\n<meta property=\"og:site_name\" content=\"Aboriginal Australia\" \/>\n<meta property=\"article:modified_time\" content=\"2026-02-13T07:04:28+00:00\" \/>\n<meta property=\"og:image\" content=\"https:\/\/aboriginal-australia.art\/wp-content\/uploads\/2026\/01\/CWN-04_2025-30x44-1.jpg\" \/>\n\t<meta property=\"og:image:width\" content=\"1391\" \/>\n\t<meta property=\"og:image:height\" content=\"2048\" \/>\n\t<meta property=\"og:image:type\" content=\"image\/jpeg\" \/>\n<script type=\"application\/ld+json\" class=\"yoast-schema-graph\">{\"@context\":\"https:\\\/\\\/schema.org\",\"@graph\":[{\"@type\":\"WebPage\",\"@id\":\"https:\\\/\\\/aboriginal-australia.art\\\/p\\\/opowiesc-o-siostrach-dreaming-sisters-2\\\/\",\"url\":\"https:\\\/\\\/aboriginal-australia.art\\\/p\\\/opowiesc-o-siostrach-dreaming-sisters-2\\\/\",\"name\":\"Cindi Wallace Nungarrayi - Opowie\u015b\u0107 o Siostrach \\\/ Dreaming Sisters - Aboriginal Australia\",\"isPartOf\":{\"@id\":\"https:\\\/\\\/aboriginal-australia.art\\\/#website\"},\"primaryImageOfPage\":{\"@id\":\"https:\\\/\\\/aboriginal-australia.art\\\/p\\\/opowiesc-o-siostrach-dreaming-sisters-2\\\/#primaryimage\"},\"image\":{\"@id\":\"https:\\\/\\\/aboriginal-australia.art\\\/p\\\/opowiesc-o-siostrach-dreaming-sisters-2\\\/#primaryimage\"},\"thumbnailUrl\":\"https:\\\/\\\/aboriginal-australia.art\\\/wp-content\\\/uploads\\\/2026\\\/01\\\/CWN-04_2025-30x44-1.jpg\",\"datePublished\":\"2026-01-15T09:16:53+00:00\",\"dateModified\":\"2026-02-13T07:04:28+00:00\",\"breadcrumb\":{\"@id\":\"https:\\\/\\\/aboriginal-australia.art\\\/p\\\/opowiesc-o-siostrach-dreaming-sisters-2\\\/#breadcrumb\"},\"inLanguage\":\"en-US\",\"potentialAction\":[{\"@type\":\"ReadAction\",\"target\":[\"https:\\\/\\\/aboriginal-australia.art\\\/p\\\/opowiesc-o-siostrach-dreaming-sisters-2\\\/\"]}]},{\"@type\":\"ImageObject\",\"inLanguage\":\"en-US\",\"@id\":\"https:\\\/\\\/aboriginal-australia.art\\\/p\\\/opowiesc-o-siostrach-dreaming-sisters-2\\\/#primaryimage\",\"url\":\"https:\\\/\\\/aboriginal-australia.art\\\/wp-content\\\/uploads\\\/2026\\\/01\\\/CWN-04_2025-30x44-1.jpg\",\"contentUrl\":\"https:\\\/\\\/aboriginal-australia.art\\\/wp-content\\\/uploads\\\/2026\\\/01\\\/CWN-04_2025-30x44-1.jpg\",\"width\":1391,\"height\":2048},{\"@type\":\"BreadcrumbList\",\"@id\":\"https:\\\/\\\/aboriginal-australia.art\\\/p\\\/opowiesc-o-siostrach-dreaming-sisters-2\\\/#breadcrumb\",\"itemListElement\":[{\"@type\":\"ListItem\",\"position\":1,\"name\":\"Strona g\u0142\u00f3wna\",\"item\":\"https:\\\/\\\/aboriginal-australia.art\\\/\"},{\"@type\":\"ListItem\",\"position\":2,\"name\":\"Products\",\"item\":\"https:\\\/\\\/aboriginal-australia.art\\\/en\\\/shop\\\/\"},{\"@type\":\"ListItem\",\"position\":3,\"name\":\"Cindi Wallace Nungarrayi &#8211; Opowie\u015b\u0107 o Siostrach \\\/ Dreaming Sisters\"}]},{\"@type\":\"WebSite\",\"@id\":\"https:\\\/\\\/aboriginal-australia.art\\\/#website\",\"url\":\"https:\\\/\\\/aboriginal-australia.art\\\/\",\"name\":\"Aboriginal Australia\",\"description\":\"\",\"potentialAction\":[{\"@type\":\"SearchAction\",\"target\":{\"@type\":\"EntryPoint\",\"urlTemplate\":\"https:\\\/\\\/aboriginal-australia.art\\\/?s={search_term_string}\"},\"query-input\":{\"@type\":\"PropertyValueSpecification\",\"valueRequired\":true,\"valueName\":\"search_term_string\"}}],\"inLanguage\":\"en-US\"}]}<\/script>\n<!-- \/ Yoast SEO plugin. -->","yoast_head_json":{"title":"Cindi Wallace Nungarrayi - Opowie\u015b\u0107 o Siostrach \/ Dreaming Sisters - Aboriginal Australia","robots":{"index":"index","follow":"follow","max-snippet":"max-snippet:-1","max-image-preview":"max-image-preview:large","max-video-preview":"max-video-preview:-1"},"canonical":"https:\/\/aboriginal-australia.art\/en\/p\/opowiesc-o-siostrach-dreaming-sisters-2\/","og_locale":"en_US","og_type":"article","og_title":"Cindi Wallace Nungarrayi - Opowie\u015b\u0107 o Siostrach \/ Dreaming Sisters - Aboriginal Australia","og_description":"Obraz przedstawia opowie\u015b\u0107 o Siedmiu Siostrach oraz Antangker \u2013 rodzinn\u0105 okolic\u0119 Cindy Wallace Nungurrayi, po\u0142o\u017con\u0105 w regionie Utopia, oko\u0142o 250 km na p\u00f3\u0142nocny wsch\u00f3d od Alice Springs. Siostry, duchowe istoty Przodk\u00f3w, przyby\u0142y z nieba w Czasie Stwarzania. Nauczy\u0142y ludzi zbiera\u0107 i przygotowywa\u0107 po\u017cywienie, a tak\u017ce przeprowadza\u0107 ceremonie. Obecnie kobiety ze szczepu Anmatyerre w towarzystwie dzieci [&hellip;]","og_url":"https:\/\/aboriginal-australia.art\/en\/p\/opowiesc-o-siostrach-dreaming-sisters-2\/","og_site_name":"Aboriginal Australia","article_modified_time":"2026-02-13T07:04:28+00:00","og_image":[{"width":1391,"height":2048,"url":"https:\/\/aboriginal-australia.art\/wp-content\/uploads\/2026\/01\/CWN-04_2025-30x44-1.jpg","type":"image\/jpeg"}],"schema":{"@context":"https:\/\/schema.org","@graph":[{"@type":"WebPage","@id":"https:\/\/aboriginal-australia.art\/p\/opowiesc-o-siostrach-dreaming-sisters-2\/","url":"https:\/\/aboriginal-australia.art\/p\/opowiesc-o-siostrach-dreaming-sisters-2\/","name":"Cindi Wallace Nungarrayi - Opowie\u015b\u0107 o Siostrach \/ Dreaming Sisters - Aboriginal Australia","isPartOf":{"@id":"https:\/\/aboriginal-australia.art\/#website"},"primaryImageOfPage":{"@id":"https:\/\/aboriginal-australia.art\/p\/opowiesc-o-siostrach-dreaming-sisters-2\/#primaryimage"},"image":{"@id":"https:\/\/aboriginal-australia.art\/p\/opowiesc-o-siostrach-dreaming-sisters-2\/#primaryimage"},"thumbnailUrl":"https:\/\/aboriginal-australia.art\/wp-content\/uploads\/2026\/01\/CWN-04_2025-30x44-1.jpg","datePublished":"2026-01-15T09:16:53+00:00","dateModified":"2026-02-13T07:04:28+00:00","breadcrumb":{"@id":"https:\/\/aboriginal-australia.art\/p\/opowiesc-o-siostrach-dreaming-sisters-2\/#breadcrumb"},"inLanguage":"en-US","potentialAction":[{"@type":"ReadAction","target":["https:\/\/aboriginal-australia.art\/p\/opowiesc-o-siostrach-dreaming-sisters-2\/"]}]},{"@type":"ImageObject","inLanguage":"en-US","@id":"https:\/\/aboriginal-australia.art\/p\/opowiesc-o-siostrach-dreaming-sisters-2\/#primaryimage","url":"https:\/\/aboriginal-australia.art\/wp-content\/uploads\/2026\/01\/CWN-04_2025-30x44-1.jpg","contentUrl":"https:\/\/aboriginal-australia.art\/wp-content\/uploads\/2026\/01\/CWN-04_2025-30x44-1.jpg","width":1391,"height":2048},{"@type":"BreadcrumbList","@id":"https:\/\/aboriginal-australia.art\/p\/opowiesc-o-siostrach-dreaming-sisters-2\/#breadcrumb","itemListElement":[{"@type":"ListItem","position":1,"name":"Strona g\u0142\u00f3wna","item":"https:\/\/aboriginal-australia.art\/"},{"@type":"ListItem","position":2,"name":"Products","item":"https:\/\/aboriginal-australia.art\/en\/shop\/"},{"@type":"ListItem","position":3,"name":"Cindi Wallace Nungarrayi &#8211; Opowie\u015b\u0107 o Siostrach \/ Dreaming Sisters"}]},{"@type":"WebSite","@id":"https:\/\/aboriginal-australia.art\/#website","url":"https:\/\/aboriginal-australia.art\/","name":"Aboriginal Australia","description":"","potentialAction":[{"@type":"SearchAction","target":{"@type":"EntryPoint","urlTemplate":"https:\/\/aboriginal-australia.art\/?s={search_term_string}"},"query-input":{"@type":"PropertyValueSpecification","valueRequired":true,"valueName":"search_term_string"}}],"inLanguage":"en-US"}]}},"_links":{"self":[{"href":"https:\/\/aboriginal-australia.art\/en\/wp-json\/wp\/v2\/product\/7584","targetHints":{"allow":["GET"]}}],"collection":[{"href":"https:\/\/aboriginal-australia.art\/en\/wp-json\/wp\/v2\/product"}],"about":[{"href":"https:\/\/aboriginal-australia.art\/en\/wp-json\/wp\/v2\/types\/product"}],"replies":[{"embeddable":true,"href":"https:\/\/aboriginal-australia.art\/en\/wp-json\/wp\/v2\/comments?post=7584"}],"version-history":[{"count":2,"href":"https:\/\/aboriginal-australia.art\/en\/wp-json\/wp\/v2\/product\/7584\/revisions"}],"predecessor-version":[{"id":7856,"href":"https:\/\/aboriginal-australia.art\/en\/wp-json\/wp\/v2\/product\/7584\/revisions\/7856"}],"wp:featuredmedia":[{"embeddable":true,"href":"https:\/\/aboriginal-australia.art\/en\/wp-json\/wp\/v2\/media\/7586"}],"wp:attachment":[{"href":"https:\/\/aboriginal-australia.art\/en\/wp-json\/wp\/v2\/media?parent=7584"}],"wp:term":[{"taxonomy":"product_brand","embeddable":true,"href":"https:\/\/aboriginal-australia.art\/en\/wp-json\/wp\/v2\/product_brand?post=7584"},{"taxonomy":"product_cat","embeddable":true,"href":"https:\/\/aboriginal-australia.art\/en\/wp-json\/wp\/v2\/product_cat?post=7584"},{"taxonomy":"product_tag","embeddable":true,"href":"https:\/\/aboriginal-australia.art\/en\/wp-json\/wp\/v2\/product_tag?post=7584"}],"curies":[{"name":"wp","href":"https:\/\/api.w.org\/{rel}","templated":true}]}}