{"id":7578,"date":"2026-01-15T10:02:02","date_gmt":"2026-01-15T09:02:02","guid":{"rendered":"https:\/\/aboriginal-australia.art\/?post_type=product&#038;p=7578"},"modified":"2026-01-19T16:10:02","modified_gmt":"2026-01-19T15:10:02","slug":"opowiesc-o-zbieraniu-nasion-i-wodzie-bush-tucker-water-dreaming-2","status":"publish","type":"product","link":"https:\/\/aboriginal-australia.art\/en\/p\/opowiesc-o-zbieraniu-nasion-i-wodzie-bush-tucker-water-dreaming-2\/","title":{"rendered":"Helen Rubuntja &#8211; Opowie\u015b\u0107 o zbieraniu nasion i wodzie \/ Bush Tucker \u2013 Water Dreaming"},"content":{"rendered":"<p>Obraz przedstawia mit o zbieraniu nasion i o wodzie oraz krain\u0119, z kt\u00f3rej pochodzi Helen Rubuntja, po\u0142o\u017con\u0105 w regionie Utopia, 250 km na p\u00f3\u0142nocny wsch\u00f3d od Alice Springs. Dzikie \u015bliwki, melony oraz nasiona traw przez wieki stanowi\u0142y podstawowe po\u017cywienie ludu Alyawarre. Z tej przyczyny maj\u0105 wa\u017cne znaczenie dla kobiet z tego szczepu. Nasiona mielono na m\u0105k\u0119, z kt\u00f3rej wypiekano chleb zwany <em>damper<\/em>. Latem, po deszczu, kobiety w towarzystwie dzieci zbieraj\u0105 owoce i odprawiaj\u0105 obrz\u0119dy, za spraw\u0105 kt\u00f3rych umacniaj\u0105 sw\u00f3j zwi\u0105zek z ziemi\u0105. Maluj\u0105 w\u00f3wczas swoje cia\u0142a we wzory <em>Amwekety<\/em>, \u015bpiewaj\u0105 i ta\u0144cz\u0105.<\/p>\n<p><strong>Helen Rubuntja (born 1965)<\/strong>, nale\u017c\u0105ca do starszych opiekunek tej Ceremonii, przedstawia j\u0105 za pomoc\u0105 techniki delikatnego kropkowania i wariacji kolor\u00f3w. Kraina uj\u0119ta jest z lotu ptaka, uwidocznione s\u0105 zmiany ro\u015blinno\u015bci zale\u017cne od p\u00f3r roku. Minimalistyczne kropki oznaczaj\u0105 ro\u015bliny w r\u00f3\u017cnych stadiach wzrostu, a wij\u0105ce si\u0119 linie oznaczaj\u0105 p\u0142yn\u0105c\u0105 wod\u0119. Styl artystki jest minimalistyczny i liryczny. Jej prace znajduj\u0105 si\u0119 w kolekcjach australijskich i zagranicznych.<\/p>","protected":false},"excerpt":{"rendered":"<p>Obraz przedstawia mit o zbieraniu nasion i o wodzie oraz krain\u0119, z kt\u00f3rej pochodzi Helen Rubuntja, po\u0142o\u017con\u0105 w regionie Utopia, 250 km na p\u00f3\u0142nocny wsch\u00f3d od Alice Springs. Dzikie \u015bliwki, melony oraz nasiona traw przez wieki stanowi\u0142y podstawowe po\u017cywienie ludu Alyawarre. Z tej przyczyny maj\u0105 wa\u017cne znaczenie dla kobiet z tego szczepu. Nasiona mielono na [&hellip;]<\/p>\n","protected":false},"featured_media":7579,"comment_status":"open","ping_status":"closed","template":"","meta":{"_acf_changed":false},"product_brand":[],"product_cat":[60],"product_tag":[144,143],"class_list":{"0":"post-7578","1":"product","2":"type-product","3":"status-publish","4":"has-post-thumbnail","6":"product_cat-helen-rubuntja","7":"product_tag-86-x-200-cm","8":"product_tag-hr-060614","10":"first","11":"instock","12":"shipping-taxable","13":"purchasable","14":"product-type-simple"},"acf":[],"yoast_head":"<!-- This site is optimized with the Yoast SEO plugin v27.3 - https:\/\/yoast.com\/product\/yoast-seo-wordpress\/ -->\n<title>Helen Rubuntja - Opowie\u015b\u0107 o zbieraniu nasion i wodzie \/ Bush Tucker \u2013 Water Dreaming - Aboriginal Australia<\/title>\n<meta name=\"robots\" content=\"index, follow, max-snippet:-1, max-image-preview:large, max-video-preview:-1\" \/>\n<link rel=\"canonical\" href=\"https:\/\/aboriginal-australia.art\/en\/p\/opowiesc-o-zbieraniu-nasion-i-wodzie-bush-tucker-water-dreaming-2\/\" \/>\n<meta property=\"og:locale\" content=\"en_US\" \/>\n<meta property=\"og:type\" content=\"article\" \/>\n<meta property=\"og:title\" content=\"Helen Rubuntja - Opowie\u015b\u0107 o zbieraniu nasion i wodzie \/ Bush Tucker \u2013 Water Dreaming - Aboriginal Australia\" \/>\n<meta property=\"og:description\" content=\"Obraz przedstawia mit o zbieraniu nasion i o wodzie oraz krain\u0119, z kt\u00f3rej pochodzi Helen Rubuntja, po\u0142o\u017con\u0105 w regionie Utopia, 250 km na p\u00f3\u0142nocny wsch\u00f3d od Alice Springs. Dzikie \u015bliwki, melony oraz nasiona traw przez wieki stanowi\u0142y podstawowe po\u017cywienie ludu Alyawarre. Z tej przyczyny maj\u0105 wa\u017cne znaczenie dla kobiet z tego szczepu. Nasiona mielono na [&hellip;]\" \/>\n<meta property=\"og:url\" content=\"https:\/\/aboriginal-australia.art\/en\/p\/opowiesc-o-zbieraniu-nasion-i-wodzie-bush-tucker-water-dreaming-2\/\" \/>\n<meta property=\"og:site_name\" content=\"Aboriginal Australia\" \/>\n<meta property=\"article:modified_time\" content=\"2026-01-19T15:10:02+00:00\" \/>\n<meta property=\"og:image\" content=\"https:\/\/aboriginal-australia.art\/wp-content\/uploads\/2026\/01\/HR-060614-86x200-1.jpg\" \/>\n\t<meta property=\"og:image:width\" content=\"890\" \/>\n\t<meta property=\"og:image:height\" content=\"2048\" \/>\n\t<meta property=\"og:image:type\" content=\"image\/jpeg\" \/>\n<script type=\"application\/ld+json\" class=\"yoast-schema-graph\">{\"@context\":\"https:\\\/\\\/schema.org\",\"@graph\":[{\"@type\":\"WebPage\",\"@id\":\"https:\\\/\\\/aboriginal-australia.art\\\/p\\\/opowiesc-o-zbieraniu-nasion-i-wodzie-bush-tucker-water-dreaming-2\\\/\",\"url\":\"https:\\\/\\\/aboriginal-australia.art\\\/p\\\/opowiesc-o-zbieraniu-nasion-i-wodzie-bush-tucker-water-dreaming-2\\\/\",\"name\":\"Helen Rubuntja - Opowie\u015b\u0107 o zbieraniu nasion i wodzie \\\/ Bush Tucker \u2013 Water Dreaming - Aboriginal Australia\",\"isPartOf\":{\"@id\":\"https:\\\/\\\/aboriginal-australia.art\\\/#website\"},\"primaryImageOfPage\":{\"@id\":\"https:\\\/\\\/aboriginal-australia.art\\\/p\\\/opowiesc-o-zbieraniu-nasion-i-wodzie-bush-tucker-water-dreaming-2\\\/#primaryimage\"},\"image\":{\"@id\":\"https:\\\/\\\/aboriginal-australia.art\\\/p\\\/opowiesc-o-zbieraniu-nasion-i-wodzie-bush-tucker-water-dreaming-2\\\/#primaryimage\"},\"thumbnailUrl\":\"https:\\\/\\\/aboriginal-australia.art\\\/wp-content\\\/uploads\\\/2026\\\/01\\\/HR-060614-86x200-1.jpg\",\"datePublished\":\"2026-01-15T09:02:02+00:00\",\"dateModified\":\"2026-01-19T15:10:02+00:00\",\"breadcrumb\":{\"@id\":\"https:\\\/\\\/aboriginal-australia.art\\\/p\\\/opowiesc-o-zbieraniu-nasion-i-wodzie-bush-tucker-water-dreaming-2\\\/#breadcrumb\"},\"inLanguage\":\"en-US\",\"potentialAction\":[{\"@type\":\"ReadAction\",\"target\":[\"https:\\\/\\\/aboriginal-australia.art\\\/p\\\/opowiesc-o-zbieraniu-nasion-i-wodzie-bush-tucker-water-dreaming-2\\\/\"]}]},{\"@type\":\"ImageObject\",\"inLanguage\":\"en-US\",\"@id\":\"https:\\\/\\\/aboriginal-australia.art\\\/p\\\/opowiesc-o-zbieraniu-nasion-i-wodzie-bush-tucker-water-dreaming-2\\\/#primaryimage\",\"url\":\"https:\\\/\\\/aboriginal-australia.art\\\/wp-content\\\/uploads\\\/2026\\\/01\\\/HR-060614-86x200-1.jpg\",\"contentUrl\":\"https:\\\/\\\/aboriginal-australia.art\\\/wp-content\\\/uploads\\\/2026\\\/01\\\/HR-060614-86x200-1.jpg\",\"width\":890,\"height\":2048},{\"@type\":\"BreadcrumbList\",\"@id\":\"https:\\\/\\\/aboriginal-australia.art\\\/p\\\/opowiesc-o-zbieraniu-nasion-i-wodzie-bush-tucker-water-dreaming-2\\\/#breadcrumb\",\"itemListElement\":[{\"@type\":\"ListItem\",\"position\":1,\"name\":\"Strona g\u0142\u00f3wna\",\"item\":\"https:\\\/\\\/aboriginal-australia.art\\\/\"},{\"@type\":\"ListItem\",\"position\":2,\"name\":\"Products\",\"item\":\"https:\\\/\\\/aboriginal-australia.art\\\/en\\\/shop\\\/\"},{\"@type\":\"ListItem\",\"position\":3,\"name\":\"Helen Rubuntja &#8211; Opowie\u015b\u0107 o zbieraniu nasion i wodzie \\\/ Bush Tucker \u2013 Water Dreaming\"}]},{\"@type\":\"WebSite\",\"@id\":\"https:\\\/\\\/aboriginal-australia.art\\\/#website\",\"url\":\"https:\\\/\\\/aboriginal-australia.art\\\/\",\"name\":\"Aboriginal Australia\",\"description\":\"\",\"potentialAction\":[{\"@type\":\"SearchAction\",\"target\":{\"@type\":\"EntryPoint\",\"urlTemplate\":\"https:\\\/\\\/aboriginal-australia.art\\\/?s={search_term_string}\"},\"query-input\":{\"@type\":\"PropertyValueSpecification\",\"valueRequired\":true,\"valueName\":\"search_term_string\"}}],\"inLanguage\":\"en-US\"}]}<\/script>\n<!-- \/ Yoast SEO plugin. -->","yoast_head_json":{"title":"Helen Rubuntja - Opowie\u015b\u0107 o zbieraniu nasion i wodzie \/ Bush Tucker \u2013 Water Dreaming - Aboriginal Australia","robots":{"index":"index","follow":"follow","max-snippet":"max-snippet:-1","max-image-preview":"max-image-preview:large","max-video-preview":"max-video-preview:-1"},"canonical":"https:\/\/aboriginal-australia.art\/en\/p\/opowiesc-o-zbieraniu-nasion-i-wodzie-bush-tucker-water-dreaming-2\/","og_locale":"en_US","og_type":"article","og_title":"Helen Rubuntja - Opowie\u015b\u0107 o zbieraniu nasion i wodzie \/ Bush Tucker \u2013 Water Dreaming - Aboriginal Australia","og_description":"Obraz przedstawia mit o zbieraniu nasion i o wodzie oraz krain\u0119, z kt\u00f3rej pochodzi Helen Rubuntja, po\u0142o\u017con\u0105 w regionie Utopia, 250 km na p\u00f3\u0142nocny wsch\u00f3d od Alice Springs. Dzikie \u015bliwki, melony oraz nasiona traw przez wieki stanowi\u0142y podstawowe po\u017cywienie ludu Alyawarre. Z tej przyczyny maj\u0105 wa\u017cne znaczenie dla kobiet z tego szczepu. Nasiona mielono na [&hellip;]","og_url":"https:\/\/aboriginal-australia.art\/en\/p\/opowiesc-o-zbieraniu-nasion-i-wodzie-bush-tucker-water-dreaming-2\/","og_site_name":"Aboriginal Australia","article_modified_time":"2026-01-19T15:10:02+00:00","og_image":[{"width":890,"height":2048,"url":"https:\/\/aboriginal-australia.art\/wp-content\/uploads\/2026\/01\/HR-060614-86x200-1.jpg","type":"image\/jpeg"}],"schema":{"@context":"https:\/\/schema.org","@graph":[{"@type":"WebPage","@id":"https:\/\/aboriginal-australia.art\/p\/opowiesc-o-zbieraniu-nasion-i-wodzie-bush-tucker-water-dreaming-2\/","url":"https:\/\/aboriginal-australia.art\/p\/opowiesc-o-zbieraniu-nasion-i-wodzie-bush-tucker-water-dreaming-2\/","name":"Helen Rubuntja - Opowie\u015b\u0107 o zbieraniu nasion i wodzie \/ Bush Tucker \u2013 Water Dreaming - Aboriginal Australia","isPartOf":{"@id":"https:\/\/aboriginal-australia.art\/#website"},"primaryImageOfPage":{"@id":"https:\/\/aboriginal-australia.art\/p\/opowiesc-o-zbieraniu-nasion-i-wodzie-bush-tucker-water-dreaming-2\/#primaryimage"},"image":{"@id":"https:\/\/aboriginal-australia.art\/p\/opowiesc-o-zbieraniu-nasion-i-wodzie-bush-tucker-water-dreaming-2\/#primaryimage"},"thumbnailUrl":"https:\/\/aboriginal-australia.art\/wp-content\/uploads\/2026\/01\/HR-060614-86x200-1.jpg","datePublished":"2026-01-15T09:02:02+00:00","dateModified":"2026-01-19T15:10:02+00:00","breadcrumb":{"@id":"https:\/\/aboriginal-australia.art\/p\/opowiesc-o-zbieraniu-nasion-i-wodzie-bush-tucker-water-dreaming-2\/#breadcrumb"},"inLanguage":"en-US","potentialAction":[{"@type":"ReadAction","target":["https:\/\/aboriginal-australia.art\/p\/opowiesc-o-zbieraniu-nasion-i-wodzie-bush-tucker-water-dreaming-2\/"]}]},{"@type":"ImageObject","inLanguage":"en-US","@id":"https:\/\/aboriginal-australia.art\/p\/opowiesc-o-zbieraniu-nasion-i-wodzie-bush-tucker-water-dreaming-2\/#primaryimage","url":"https:\/\/aboriginal-australia.art\/wp-content\/uploads\/2026\/01\/HR-060614-86x200-1.jpg","contentUrl":"https:\/\/aboriginal-australia.art\/wp-content\/uploads\/2026\/01\/HR-060614-86x200-1.jpg","width":890,"height":2048},{"@type":"BreadcrumbList","@id":"https:\/\/aboriginal-australia.art\/p\/opowiesc-o-zbieraniu-nasion-i-wodzie-bush-tucker-water-dreaming-2\/#breadcrumb","itemListElement":[{"@type":"ListItem","position":1,"name":"Strona g\u0142\u00f3wna","item":"https:\/\/aboriginal-australia.art\/"},{"@type":"ListItem","position":2,"name":"Products","item":"https:\/\/aboriginal-australia.art\/en\/shop\/"},{"@type":"ListItem","position":3,"name":"Helen Rubuntja &#8211; Opowie\u015b\u0107 o zbieraniu nasion i wodzie \/ Bush Tucker \u2013 Water Dreaming"}]},{"@type":"WebSite","@id":"https:\/\/aboriginal-australia.art\/#website","url":"https:\/\/aboriginal-australia.art\/","name":"Aboriginal Australia","description":"","potentialAction":[{"@type":"SearchAction","target":{"@type":"EntryPoint","urlTemplate":"https:\/\/aboriginal-australia.art\/?s={search_term_string}"},"query-input":{"@type":"PropertyValueSpecification","valueRequired":true,"valueName":"search_term_string"}}],"inLanguage":"en-US"}]}},"_links":{"self":[{"href":"https:\/\/aboriginal-australia.art\/en\/wp-json\/wp\/v2\/product\/7578","targetHints":{"allow":["GET"]}}],"collection":[{"href":"https:\/\/aboriginal-australia.art\/en\/wp-json\/wp\/v2\/product"}],"about":[{"href":"https:\/\/aboriginal-australia.art\/en\/wp-json\/wp\/v2\/types\/product"}],"replies":[{"embeddable":true,"href":"https:\/\/aboriginal-australia.art\/en\/wp-json\/wp\/v2\/comments?post=7578"}],"version-history":[{"count":3,"href":"https:\/\/aboriginal-australia.art\/en\/wp-json\/wp\/v2\/product\/7578\/revisions"}],"predecessor-version":[{"id":7854,"href":"https:\/\/aboriginal-australia.art\/en\/wp-json\/wp\/v2\/product\/7578\/revisions\/7854"}],"wp:featuredmedia":[{"embeddable":true,"href":"https:\/\/aboriginal-australia.art\/en\/wp-json\/wp\/v2\/media\/7579"}],"wp:attachment":[{"href":"https:\/\/aboriginal-australia.art\/en\/wp-json\/wp\/v2\/media?parent=7578"}],"wp:term":[{"taxonomy":"product_brand","embeddable":true,"href":"https:\/\/aboriginal-australia.art\/en\/wp-json\/wp\/v2\/product_brand?post=7578"},{"taxonomy":"product_cat","embeddable":true,"href":"https:\/\/aboriginal-australia.art\/en\/wp-json\/wp\/v2\/product_cat?post=7578"},{"taxonomy":"product_tag","embeddable":true,"href":"https:\/\/aboriginal-australia.art\/en\/wp-json\/wp\/v2\/product_tag?post=7578"}],"curies":[{"name":"wp","href":"https:\/\/api.w.org\/{rel}","templated":true}]}}