{"id":7566,"date":"2026-01-15T09:26:51","date_gmt":"2026-01-15T08:26:51","guid":{"rendered":"https:\/\/aboriginal-australia.art\/?post_type=product&#038;p=7566"},"modified":"2026-02-19T21:24:30","modified_gmt":"2026-02-19T20:24:30","slug":"dzika-sliwka-i-dzikie-nasiona-bush-plum-and-bush-seeds","status":"publish","type":"product","link":"https:\/\/aboriginal-australia.art\/en\/p\/dzika-sliwka-i-dzikie-nasiona-bush-plum-and-bush-seeds\/","title":{"rendered":"Roseanne Morton &#8211; Dzika \u015aliwka i Dzikie Nasiona \/Bush Plum and Bush Seeds"},"content":{"rendered":"<p>Obraz przedstawia \u015bliwki krzewiaste z Czasu Kreacji Dreamtime i nasiona krzew\u00f3w oraz miejsca z kraju Rosanne (Antangker), po\u0142o\u017conego w regionie Utopii, oko\u0142o 250 km na p\u00f3\u0142nocny wsch\u00f3d od Alice Springs. Owoce dzikiej \u015bliwki s\u0105 ma\u0142e i czarne, ale maj\u0105 wa\u017cne znaczenie dla kobiet Alyawarre. S\u0105 to bardzo po\u017cywne i bogate w witmin\u0119 C. W czasie lata, kobiety w towarzystwie dzieci, zbieraj\u0105 te\u017c cebule krzewiaste (<em>yelka<\/em>), nasiona i odprawiaj\u0105 ceremonie. Maluj\u0105 swoje cia\u0142a wzorem Amwekety (dzikiej \u015bliwki), \u015bpiewaj\u0105 i ta\u0144cz\u0105.<\/p>\n<p><strong>Rosaanne Morton<\/strong> nale\u017cy do starszych opiekunek tej ceremonii. Opowie\u015b\u0107 przedstawi\u0142a za pomoc\u0105 techniki delikatnego kropkowania i wariacji kolor\u00f3w. Teren widziany jest z lotu ptaka. Obraz przedstawia, jak ro\u015blina zmienia si\u0119 w zale\u017cno\u015bci od p\u00f3r roku. Wielokolorowe kropki w tle obrazuj\u0105 dzikie \u015bliwki w r\u00f3\u017cnych stadiach wzrostu. Ma\u0142e bia\u0142e poci\u0105gni\u0119cia p\u0119dzlem oznaczaj\u0105 dzik\u0105 cebul\u0119. Styl artystki jest minimalistyczny i liryczny. Jest c\u00f3rk\u0105 znanej artystki Gracie Morton. Jej prace znajduj\u0105 si\u0119 w kolekcjach australijskich i zagranicznych.<\/p>","protected":false},"excerpt":{"rendered":"<p>Obraz przedstawia \u015bliwki krzewiaste z Czasu Kreacji Dreamtime i nasiona krzew\u00f3w oraz miejsca z kraju Rosanne (Antangker), po\u0142o\u017conego w regionie Utopii, oko\u0142o 250 km na p\u00f3\u0142nocny wsch\u00f3d od Alice Springs. Owoce dzikiej \u015bliwki s\u0105 ma\u0142e i czarne, ale maj\u0105 wa\u017cne znaczenie dla kobiet Alyawarre. S\u0105 to bardzo po\u017cywne i bogate w witmin\u0119 C. W czasie [&hellip;]<\/p>\n","protected":false},"featured_media":7502,"comment_status":"open","ping_status":"closed","template":"","meta":{"_acf_changed":false},"product_brand":[],"product_cat":[76],"product_tag":[136,135],"class_list":{"0":"post-7566","1":"product","2":"type-product","3":"status-publish","4":"has-post-thumbnail","6":"product_cat-roseanne-morton","7":"product_tag-96-x-104-cm","8":"product_tag-rmp-130824","10":"first","11":"outofstock","12":"shipping-taxable","13":"purchasable","14":"product-type-simple"},"acf":[],"yoast_head":"<!-- This site is optimized with the Yoast SEO plugin v27.3 - https:\/\/yoast.com\/product\/yoast-seo-wordpress\/ -->\n<title>Roseanne Morton - Dzika \u015aliwka i Dzikie Nasiona \/Bush Plum and Bush Seeds - Aboriginal Australia<\/title>\n<meta name=\"robots\" content=\"index, follow, max-snippet:-1, max-image-preview:large, max-video-preview:-1\" \/>\n<link rel=\"canonical\" href=\"https:\/\/aboriginal-australia.art\/en\/p\/dzika-sliwka-i-dzikie-nasiona-bush-plum-and-bush-seeds\/\" \/>\n<meta property=\"og:locale\" content=\"en_US\" \/>\n<meta property=\"og:type\" content=\"article\" \/>\n<meta property=\"og:title\" content=\"Roseanne Morton - Dzika \u015aliwka i Dzikie Nasiona \/Bush Plum and Bush Seeds - Aboriginal Australia\" \/>\n<meta property=\"og:description\" content=\"Obraz przedstawia \u015bliwki krzewiaste z Czasu Kreacji Dreamtime i nasiona krzew\u00f3w oraz miejsca z kraju Rosanne (Antangker), po\u0142o\u017conego w regionie Utopii, oko\u0142o 250 km na p\u00f3\u0142nocny wsch\u00f3d od Alice Springs. Owoce dzikiej \u015bliwki s\u0105 ma\u0142e i czarne, ale maj\u0105 wa\u017cne znaczenie dla kobiet Alyawarre. S\u0105 to bardzo po\u017cywne i bogate w witmin\u0119 C. W czasie [&hellip;]\" \/>\n<meta property=\"og:url\" content=\"https:\/\/aboriginal-australia.art\/en\/p\/dzika-sliwka-i-dzikie-nasiona-bush-plum-and-bush-seeds\/\" \/>\n<meta property=\"og:site_name\" content=\"Aboriginal Australia\" \/>\n<meta property=\"article:modified_time\" content=\"2026-02-19T20:24:30+00:00\" \/>\n<meta property=\"og:image\" content=\"https:\/\/aboriginal-australia.art\/wp-content\/uploads\/2026\/01\/RMP-130824-96x104-1.jpg\" \/>\n\t<meta property=\"og:image:width\" content=\"1925\" \/>\n\t<meta property=\"og:image:height\" content=\"2048\" \/>\n\t<meta property=\"og:image:type\" content=\"image\/jpeg\" \/>\n<script type=\"application\/ld+json\" class=\"yoast-schema-graph\">{\"@context\":\"https:\\\/\\\/schema.org\",\"@graph\":[{\"@type\":\"WebPage\",\"@id\":\"https:\\\/\\\/aboriginal-australia.art\\\/p\\\/dzika-sliwka-i-dzikie-nasiona-bush-plum-and-bush-seeds\\\/\",\"url\":\"https:\\\/\\\/aboriginal-australia.art\\\/p\\\/dzika-sliwka-i-dzikie-nasiona-bush-plum-and-bush-seeds\\\/\",\"name\":\"Roseanne Morton - Dzika \u015aliwka i Dzikie Nasiona \\\/Bush Plum and Bush Seeds - Aboriginal Australia\",\"isPartOf\":{\"@id\":\"https:\\\/\\\/aboriginal-australia.art\\\/#website\"},\"primaryImageOfPage\":{\"@id\":\"https:\\\/\\\/aboriginal-australia.art\\\/p\\\/dzika-sliwka-i-dzikie-nasiona-bush-plum-and-bush-seeds\\\/#primaryimage\"},\"image\":{\"@id\":\"https:\\\/\\\/aboriginal-australia.art\\\/p\\\/dzika-sliwka-i-dzikie-nasiona-bush-plum-and-bush-seeds\\\/#primaryimage\"},\"thumbnailUrl\":\"https:\\\/\\\/aboriginal-australia.art\\\/wp-content\\\/uploads\\\/2026\\\/01\\\/RMP-130824-96x104-1.jpg\",\"datePublished\":\"2026-01-15T08:26:51+00:00\",\"dateModified\":\"2026-02-19T20:24:30+00:00\",\"breadcrumb\":{\"@id\":\"https:\\\/\\\/aboriginal-australia.art\\\/p\\\/dzika-sliwka-i-dzikie-nasiona-bush-plum-and-bush-seeds\\\/#breadcrumb\"},\"inLanguage\":\"en-US\",\"potentialAction\":[{\"@type\":\"ReadAction\",\"target\":[\"https:\\\/\\\/aboriginal-australia.art\\\/p\\\/dzika-sliwka-i-dzikie-nasiona-bush-plum-and-bush-seeds\\\/\"]}]},{\"@type\":\"ImageObject\",\"inLanguage\":\"en-US\",\"@id\":\"https:\\\/\\\/aboriginal-australia.art\\\/p\\\/dzika-sliwka-i-dzikie-nasiona-bush-plum-and-bush-seeds\\\/#primaryimage\",\"url\":\"https:\\\/\\\/aboriginal-australia.art\\\/wp-content\\\/uploads\\\/2026\\\/01\\\/RMP-130824-96x104-1.jpg\",\"contentUrl\":\"https:\\\/\\\/aboriginal-australia.art\\\/wp-content\\\/uploads\\\/2026\\\/01\\\/RMP-130824-96x104-1.jpg\",\"width\":1925,\"height\":2048},{\"@type\":\"BreadcrumbList\",\"@id\":\"https:\\\/\\\/aboriginal-australia.art\\\/p\\\/dzika-sliwka-i-dzikie-nasiona-bush-plum-and-bush-seeds\\\/#breadcrumb\",\"itemListElement\":[{\"@type\":\"ListItem\",\"position\":1,\"name\":\"Strona g\u0142\u00f3wna\",\"item\":\"https:\\\/\\\/aboriginal-australia.art\\\/\"},{\"@type\":\"ListItem\",\"position\":2,\"name\":\"Products\",\"item\":\"https:\\\/\\\/aboriginal-australia.art\\\/en\\\/shop\\\/\"},{\"@type\":\"ListItem\",\"position\":3,\"name\":\"Roseanne Morton &#8211; Dzika \u015aliwka i Dzikie Nasiona \\\/Bush Plum and Bush Seeds\"}]},{\"@type\":\"WebSite\",\"@id\":\"https:\\\/\\\/aboriginal-australia.art\\\/#website\",\"url\":\"https:\\\/\\\/aboriginal-australia.art\\\/\",\"name\":\"Aboriginal Australia\",\"description\":\"\",\"potentialAction\":[{\"@type\":\"SearchAction\",\"target\":{\"@type\":\"EntryPoint\",\"urlTemplate\":\"https:\\\/\\\/aboriginal-australia.art\\\/?s={search_term_string}\"},\"query-input\":{\"@type\":\"PropertyValueSpecification\",\"valueRequired\":true,\"valueName\":\"search_term_string\"}}],\"inLanguage\":\"en-US\"}]}<\/script>\n<!-- \/ Yoast SEO plugin. -->","yoast_head_json":{"title":"Roseanne Morton - Dzika \u015aliwka i Dzikie Nasiona \/Bush Plum and Bush Seeds - Aboriginal Australia","robots":{"index":"index","follow":"follow","max-snippet":"max-snippet:-1","max-image-preview":"max-image-preview:large","max-video-preview":"max-video-preview:-1"},"canonical":"https:\/\/aboriginal-australia.art\/en\/p\/dzika-sliwka-i-dzikie-nasiona-bush-plum-and-bush-seeds\/","og_locale":"en_US","og_type":"article","og_title":"Roseanne Morton - Dzika \u015aliwka i Dzikie Nasiona \/Bush Plum and Bush Seeds - Aboriginal Australia","og_description":"Obraz przedstawia \u015bliwki krzewiaste z Czasu Kreacji Dreamtime i nasiona krzew\u00f3w oraz miejsca z kraju Rosanne (Antangker), po\u0142o\u017conego w regionie Utopii, oko\u0142o 250 km na p\u00f3\u0142nocny wsch\u00f3d od Alice Springs. Owoce dzikiej \u015bliwki s\u0105 ma\u0142e i czarne, ale maj\u0105 wa\u017cne znaczenie dla kobiet Alyawarre. S\u0105 to bardzo po\u017cywne i bogate w witmin\u0119 C. W czasie [&hellip;]","og_url":"https:\/\/aboriginal-australia.art\/en\/p\/dzika-sliwka-i-dzikie-nasiona-bush-plum-and-bush-seeds\/","og_site_name":"Aboriginal Australia","article_modified_time":"2026-02-19T20:24:30+00:00","og_image":[{"width":1925,"height":2048,"url":"https:\/\/aboriginal-australia.art\/wp-content\/uploads\/2026\/01\/RMP-130824-96x104-1.jpg","type":"image\/jpeg"}],"schema":{"@context":"https:\/\/schema.org","@graph":[{"@type":"WebPage","@id":"https:\/\/aboriginal-australia.art\/p\/dzika-sliwka-i-dzikie-nasiona-bush-plum-and-bush-seeds\/","url":"https:\/\/aboriginal-australia.art\/p\/dzika-sliwka-i-dzikie-nasiona-bush-plum-and-bush-seeds\/","name":"Roseanne Morton - Dzika \u015aliwka i Dzikie Nasiona \/Bush Plum and Bush Seeds - Aboriginal Australia","isPartOf":{"@id":"https:\/\/aboriginal-australia.art\/#website"},"primaryImageOfPage":{"@id":"https:\/\/aboriginal-australia.art\/p\/dzika-sliwka-i-dzikie-nasiona-bush-plum-and-bush-seeds\/#primaryimage"},"image":{"@id":"https:\/\/aboriginal-australia.art\/p\/dzika-sliwka-i-dzikie-nasiona-bush-plum-and-bush-seeds\/#primaryimage"},"thumbnailUrl":"https:\/\/aboriginal-australia.art\/wp-content\/uploads\/2026\/01\/RMP-130824-96x104-1.jpg","datePublished":"2026-01-15T08:26:51+00:00","dateModified":"2026-02-19T20:24:30+00:00","breadcrumb":{"@id":"https:\/\/aboriginal-australia.art\/p\/dzika-sliwka-i-dzikie-nasiona-bush-plum-and-bush-seeds\/#breadcrumb"},"inLanguage":"en-US","potentialAction":[{"@type":"ReadAction","target":["https:\/\/aboriginal-australia.art\/p\/dzika-sliwka-i-dzikie-nasiona-bush-plum-and-bush-seeds\/"]}]},{"@type":"ImageObject","inLanguage":"en-US","@id":"https:\/\/aboriginal-australia.art\/p\/dzika-sliwka-i-dzikie-nasiona-bush-plum-and-bush-seeds\/#primaryimage","url":"https:\/\/aboriginal-australia.art\/wp-content\/uploads\/2026\/01\/RMP-130824-96x104-1.jpg","contentUrl":"https:\/\/aboriginal-australia.art\/wp-content\/uploads\/2026\/01\/RMP-130824-96x104-1.jpg","width":1925,"height":2048},{"@type":"BreadcrumbList","@id":"https:\/\/aboriginal-australia.art\/p\/dzika-sliwka-i-dzikie-nasiona-bush-plum-and-bush-seeds\/#breadcrumb","itemListElement":[{"@type":"ListItem","position":1,"name":"Strona g\u0142\u00f3wna","item":"https:\/\/aboriginal-australia.art\/"},{"@type":"ListItem","position":2,"name":"Products","item":"https:\/\/aboriginal-australia.art\/en\/shop\/"},{"@type":"ListItem","position":3,"name":"Roseanne Morton &#8211; Dzika \u015aliwka i Dzikie Nasiona \/Bush Plum and Bush Seeds"}]},{"@type":"WebSite","@id":"https:\/\/aboriginal-australia.art\/#website","url":"https:\/\/aboriginal-australia.art\/","name":"Aboriginal Australia","description":"","potentialAction":[{"@type":"SearchAction","target":{"@type":"EntryPoint","urlTemplate":"https:\/\/aboriginal-australia.art\/?s={search_term_string}"},"query-input":{"@type":"PropertyValueSpecification","valueRequired":true,"valueName":"search_term_string"}}],"inLanguage":"en-US"}]}},"_links":{"self":[{"href":"https:\/\/aboriginal-australia.art\/en\/wp-json\/wp\/v2\/product\/7566","targetHints":{"allow":["GET"]}}],"collection":[{"href":"https:\/\/aboriginal-australia.art\/en\/wp-json\/wp\/v2\/product"}],"about":[{"href":"https:\/\/aboriginal-australia.art\/en\/wp-json\/wp\/v2\/types\/product"}],"replies":[{"embeddable":true,"href":"https:\/\/aboriginal-australia.art\/en\/wp-json\/wp\/v2\/comments?post=7566"}],"version-history":[{"count":2,"href":"https:\/\/aboriginal-australia.art\/en\/wp-json\/wp\/v2\/product\/7566\/revisions"}],"predecessor-version":[{"id":7859,"href":"https:\/\/aboriginal-australia.art\/en\/wp-json\/wp\/v2\/product\/7566\/revisions\/7859"}],"wp:featuredmedia":[{"embeddable":true,"href":"https:\/\/aboriginal-australia.art\/en\/wp-json\/wp\/v2\/media\/7502"}],"wp:attachment":[{"href":"https:\/\/aboriginal-australia.art\/en\/wp-json\/wp\/v2\/media?parent=7566"}],"wp:term":[{"taxonomy":"product_brand","embeddable":true,"href":"https:\/\/aboriginal-australia.art\/en\/wp-json\/wp\/v2\/product_brand?post=7566"},{"taxonomy":"product_cat","embeddable":true,"href":"https:\/\/aboriginal-australia.art\/en\/wp-json\/wp\/v2\/product_cat?post=7566"},{"taxonomy":"product_tag","embeddable":true,"href":"https:\/\/aboriginal-australia.art\/en\/wp-json\/wp\/v2\/product_tag?post=7566"}],"curies":[{"name":"wp","href":"https:\/\/api.w.org\/{rel}","templated":true}]}}