{"id":7564,"date":"2026-01-15T09:17:06","date_gmt":"2026-01-15T08:17:06","guid":{"rendered":"https:\/\/aboriginal-australia.art\/?post_type=product&#038;p=7564"},"modified":"2026-01-15T09:17:06","modified_gmt":"2026-01-15T08:17:06","slug":"dzika-sliwka-bush-plum-6","status":"publish","type":"product","link":"https:\/\/aboriginal-australia.art\/en\/p\/dzika-sliwka-bush-plum-6\/","title":{"rendered":"Dzika \u015aliwka \/ Bush Plum"},"content":{"rendered":"<p>Obraz przedstawia \u015bni\u0105ce Bush Plum i miejsca z ziem Roseanne, kraju Antangker, po\u0142o\u017conego w Regionie Utopii, oko\u0142o 250 km na p\u00f3\u0142nocny wsch\u00f3d od Alice Springs. Owoce dzikiej \u015bliwki krzewiastej (santalum lanceolatum) s\u0105 ma\u0142e i czarne, ale maj\u0105 wa\u017cne znaczenie dla kobiet Alyawarre. S\u0105 bardzo po\u017cywne i bogate w witamin\u0119 C. Latem kobiety, w towarzystwie dzieci, zbieraj\u0105 owoce i odprawiaj\u0105 ceremonie \u2013 wzmacniaj\u0105c swoj\u0105 wi\u0119\u017a z ziemi\u0105. Maluj\u0105 tak\u017ce swoje cia\u0142a wzorami Amwektety (dzikiej \u015bliwki), \u015bpiewaj\u0105 i ta\u0144cz\u0105. Roseanne Morton jest jedn\u0105 z g\u0142\u00f3wnych opiekunek tego mitu Czasu Kreacji. Przedstawi\u0142a t\u0119 histori\u0119, stosuj\u0105c delikatne techniki kropkowania i r\u00f3\u017cnorodno\u015b\u0107 kolor\u00f3w. Kraj jest widziany z perspektywy lotniczej i ukazuje sezonowe zmiany ro\u015bliny. Bardzo drobna i wielobarwna kropka symbolizuje \u015bliwk\u0119 krzewiast\u0105 na r\u00f3\u017cnych etapach wzrostu. Wyra\u017ane linie pokazuj\u0105 \u015bcie\u017cki kobiet zbieraj\u0105cych owoce, p\u00f3\u0142kola s\u0105 powi\u0105zane z wzorami malowanymi na cia\u0142ach kobiet podczas ceremonii.<\/p>\n<p>Styl Roseanne jest minimalistyczny i liryczny. Jest c\u00f3rk\u0105 znanej artystki Gracie Morton. Jej prace s\u0105 reprezentowane w kolekcjach australijskich i zagranicznych.<\/p>","protected":false},"excerpt":{"rendered":"<p>Obraz przedstawia \u015bni\u0105ce Bush Plum i miejsca z ziem Roseanne, kraju Antangker, po\u0142o\u017conego w Regionie Utopii, oko\u0142o 250 km na p\u00f3\u0142nocny wsch\u00f3d od Alice Springs. Owoce dzikiej \u015bliwki krzewiastej (santalum lanceolatum) s\u0105 ma\u0142e i czarne, ale maj\u0105 wa\u017cne znaczenie dla kobiet Alyawarre. S\u0105 bardzo po\u017cywne i bogate w witamin\u0119 C. Latem kobiety, w towarzystwie dzieci, [&hellip;]<\/p>\n","protected":false},"featured_media":7503,"comment_status":"open","ping_status":"closed","template":"","meta":{"_acf_changed":false},"product_brand":[],"product_cat":[76],"product_tag":[134,133],"class_list":{"0":"post-7564","1":"product","2":"type-product","3":"status-publish","4":"has-post-thumbnail","6":"product_cat-roseanne-morton","7":"product_tag-124-x-196-cm","8":"product_tag-rmp-150925","10":"first","11":"instock","12":"shipping-taxable","13":"purchasable","14":"product-type-simple"},"acf":[],"yoast_head":"<!-- This site is optimized with the Yoast SEO plugin v27.3 - https:\/\/yoast.com\/product\/yoast-seo-wordpress\/ -->\n<title>Dzika \u015aliwka \/ Bush Plum - Aboriginal Australia<\/title>\n<meta name=\"robots\" content=\"index, follow, max-snippet:-1, max-image-preview:large, max-video-preview:-1\" \/>\n<link rel=\"canonical\" href=\"https:\/\/aboriginal-australia.art\/en\/p\/dzika-sliwka-bush-plum-6\/\" \/>\n<meta property=\"og:locale\" content=\"en_US\" \/>\n<meta property=\"og:type\" content=\"article\" \/>\n<meta property=\"og:title\" content=\"Dzika \u015aliwka \/ Bush Plum - Aboriginal Australia\" \/>\n<meta property=\"og:description\" content=\"Obraz przedstawia \u015bni\u0105ce Bush Plum i miejsca z ziem Roseanne, kraju Antangker, po\u0142o\u017conego w Regionie Utopii, oko\u0142o 250 km na p\u00f3\u0142nocny wsch\u00f3d od Alice Springs. Owoce dzikiej \u015bliwki krzewiastej (santalum lanceolatum) s\u0105 ma\u0142e i czarne, ale maj\u0105 wa\u017cne znaczenie dla kobiet Alyawarre. S\u0105 bardzo po\u017cywne i bogate w witamin\u0119 C. Latem kobiety, w towarzystwie dzieci, [&hellip;]\" \/>\n<meta property=\"og:url\" content=\"https:\/\/aboriginal-australia.art\/en\/p\/dzika-sliwka-bush-plum-6\/\" \/>\n<meta property=\"og:site_name\" content=\"Aboriginal Australia\" \/>\n<meta property=\"og:image\" content=\"https:\/\/aboriginal-australia.art\/wp-content\/uploads\/2026\/01\/RMP-150925-124x196-1.jpg\" \/>\n\t<meta property=\"og:image:width\" content=\"1258\" \/>\n\t<meta property=\"og:image:height\" content=\"2048\" \/>\n\t<meta property=\"og:image:type\" content=\"image\/jpeg\" \/>\n<script type=\"application\/ld+json\" class=\"yoast-schema-graph\">{\"@context\":\"https:\\\/\\\/schema.org\",\"@graph\":[{\"@type\":\"WebPage\",\"@id\":\"https:\\\/\\\/aboriginal-australia.art\\\/p\\\/dzika-sliwka-bush-plum-6\\\/\",\"url\":\"https:\\\/\\\/aboriginal-australia.art\\\/p\\\/dzika-sliwka-bush-plum-6\\\/\",\"name\":\"Dzika \u015aliwka \\\/ Bush Plum - Aboriginal Australia\",\"isPartOf\":{\"@id\":\"https:\\\/\\\/aboriginal-australia.art\\\/#website\"},\"primaryImageOfPage\":{\"@id\":\"https:\\\/\\\/aboriginal-australia.art\\\/p\\\/dzika-sliwka-bush-plum-6\\\/#primaryimage\"},\"image\":{\"@id\":\"https:\\\/\\\/aboriginal-australia.art\\\/p\\\/dzika-sliwka-bush-plum-6\\\/#primaryimage\"},\"thumbnailUrl\":\"https:\\\/\\\/aboriginal-australia.art\\\/wp-content\\\/uploads\\\/2026\\\/01\\\/RMP-150925-124x196-1.jpg\",\"datePublished\":\"2026-01-15T08:17:06+00:00\",\"breadcrumb\":{\"@id\":\"https:\\\/\\\/aboriginal-australia.art\\\/p\\\/dzika-sliwka-bush-plum-6\\\/#breadcrumb\"},\"inLanguage\":\"en-US\",\"potentialAction\":[{\"@type\":\"ReadAction\",\"target\":[\"https:\\\/\\\/aboriginal-australia.art\\\/p\\\/dzika-sliwka-bush-plum-6\\\/\"]}]},{\"@type\":\"ImageObject\",\"inLanguage\":\"en-US\",\"@id\":\"https:\\\/\\\/aboriginal-australia.art\\\/p\\\/dzika-sliwka-bush-plum-6\\\/#primaryimage\",\"url\":\"https:\\\/\\\/aboriginal-australia.art\\\/wp-content\\\/uploads\\\/2026\\\/01\\\/RMP-150925-124x196-1.jpg\",\"contentUrl\":\"https:\\\/\\\/aboriginal-australia.art\\\/wp-content\\\/uploads\\\/2026\\\/01\\\/RMP-150925-124x196-1.jpg\",\"width\":1258,\"height\":2048},{\"@type\":\"BreadcrumbList\",\"@id\":\"https:\\\/\\\/aboriginal-australia.art\\\/p\\\/dzika-sliwka-bush-plum-6\\\/#breadcrumb\",\"itemListElement\":[{\"@type\":\"ListItem\",\"position\":1,\"name\":\"Strona g\u0142\u00f3wna\",\"item\":\"https:\\\/\\\/aboriginal-australia.art\\\/\"},{\"@type\":\"ListItem\",\"position\":2,\"name\":\"Products\",\"item\":\"https:\\\/\\\/aboriginal-australia.art\\\/en\\\/shop\\\/\"},{\"@type\":\"ListItem\",\"position\":3,\"name\":\"Dzika \u015aliwka \\\/ Bush Plum\"}]},{\"@type\":\"WebSite\",\"@id\":\"https:\\\/\\\/aboriginal-australia.art\\\/#website\",\"url\":\"https:\\\/\\\/aboriginal-australia.art\\\/\",\"name\":\"Aboriginal Australia\",\"description\":\"\",\"potentialAction\":[{\"@type\":\"SearchAction\",\"target\":{\"@type\":\"EntryPoint\",\"urlTemplate\":\"https:\\\/\\\/aboriginal-australia.art\\\/?s={search_term_string}\"},\"query-input\":{\"@type\":\"PropertyValueSpecification\",\"valueRequired\":true,\"valueName\":\"search_term_string\"}}],\"inLanguage\":\"en-US\"}]}<\/script>\n<!-- \/ Yoast SEO plugin. -->","yoast_head_json":{"title":"Dzika \u015aliwka \/ Bush Plum - Aboriginal Australia","robots":{"index":"index","follow":"follow","max-snippet":"max-snippet:-1","max-image-preview":"max-image-preview:large","max-video-preview":"max-video-preview:-1"},"canonical":"https:\/\/aboriginal-australia.art\/en\/p\/dzika-sliwka-bush-plum-6\/","og_locale":"en_US","og_type":"article","og_title":"Dzika \u015aliwka \/ Bush Plum - Aboriginal Australia","og_description":"Obraz przedstawia \u015bni\u0105ce Bush Plum i miejsca z ziem Roseanne, kraju Antangker, po\u0142o\u017conego w Regionie Utopii, oko\u0142o 250 km na p\u00f3\u0142nocny wsch\u00f3d od Alice Springs. Owoce dzikiej \u015bliwki krzewiastej (santalum lanceolatum) s\u0105 ma\u0142e i czarne, ale maj\u0105 wa\u017cne znaczenie dla kobiet Alyawarre. S\u0105 bardzo po\u017cywne i bogate w witamin\u0119 C. Latem kobiety, w towarzystwie dzieci, [&hellip;]","og_url":"https:\/\/aboriginal-australia.art\/en\/p\/dzika-sliwka-bush-plum-6\/","og_site_name":"Aboriginal Australia","og_image":[{"width":1258,"height":2048,"url":"https:\/\/aboriginal-australia.art\/wp-content\/uploads\/2026\/01\/RMP-150925-124x196-1.jpg","type":"image\/jpeg"}],"schema":{"@context":"https:\/\/schema.org","@graph":[{"@type":"WebPage","@id":"https:\/\/aboriginal-australia.art\/p\/dzika-sliwka-bush-plum-6\/","url":"https:\/\/aboriginal-australia.art\/p\/dzika-sliwka-bush-plum-6\/","name":"Dzika \u015aliwka \/ Bush Plum - Aboriginal Australia","isPartOf":{"@id":"https:\/\/aboriginal-australia.art\/#website"},"primaryImageOfPage":{"@id":"https:\/\/aboriginal-australia.art\/p\/dzika-sliwka-bush-plum-6\/#primaryimage"},"image":{"@id":"https:\/\/aboriginal-australia.art\/p\/dzika-sliwka-bush-plum-6\/#primaryimage"},"thumbnailUrl":"https:\/\/aboriginal-australia.art\/wp-content\/uploads\/2026\/01\/RMP-150925-124x196-1.jpg","datePublished":"2026-01-15T08:17:06+00:00","breadcrumb":{"@id":"https:\/\/aboriginal-australia.art\/p\/dzika-sliwka-bush-plum-6\/#breadcrumb"},"inLanguage":"en-US","potentialAction":[{"@type":"ReadAction","target":["https:\/\/aboriginal-australia.art\/p\/dzika-sliwka-bush-plum-6\/"]}]},{"@type":"ImageObject","inLanguage":"en-US","@id":"https:\/\/aboriginal-australia.art\/p\/dzika-sliwka-bush-plum-6\/#primaryimage","url":"https:\/\/aboriginal-australia.art\/wp-content\/uploads\/2026\/01\/RMP-150925-124x196-1.jpg","contentUrl":"https:\/\/aboriginal-australia.art\/wp-content\/uploads\/2026\/01\/RMP-150925-124x196-1.jpg","width":1258,"height":2048},{"@type":"BreadcrumbList","@id":"https:\/\/aboriginal-australia.art\/p\/dzika-sliwka-bush-plum-6\/#breadcrumb","itemListElement":[{"@type":"ListItem","position":1,"name":"Strona g\u0142\u00f3wna","item":"https:\/\/aboriginal-australia.art\/"},{"@type":"ListItem","position":2,"name":"Products","item":"https:\/\/aboriginal-australia.art\/en\/shop\/"},{"@type":"ListItem","position":3,"name":"Dzika \u015aliwka \/ Bush Plum"}]},{"@type":"WebSite","@id":"https:\/\/aboriginal-australia.art\/#website","url":"https:\/\/aboriginal-australia.art\/","name":"Aboriginal Australia","description":"","potentialAction":[{"@type":"SearchAction","target":{"@type":"EntryPoint","urlTemplate":"https:\/\/aboriginal-australia.art\/?s={search_term_string}"},"query-input":{"@type":"PropertyValueSpecification","valueRequired":true,"valueName":"search_term_string"}}],"inLanguage":"en-US"}]}},"_links":{"self":[{"href":"https:\/\/aboriginal-australia.art\/en\/wp-json\/wp\/v2\/product\/7564","targetHints":{"allow":["GET"]}}],"collection":[{"href":"https:\/\/aboriginal-australia.art\/en\/wp-json\/wp\/v2\/product"}],"about":[{"href":"https:\/\/aboriginal-australia.art\/en\/wp-json\/wp\/v2\/types\/product"}],"replies":[{"embeddable":true,"href":"https:\/\/aboriginal-australia.art\/en\/wp-json\/wp\/v2\/comments?post=7564"}],"version-history":[{"count":2,"href":"https:\/\/aboriginal-australia.art\/en\/wp-json\/wp\/v2\/product\/7564\/revisions"}],"predecessor-version":[{"id":7567,"href":"https:\/\/aboriginal-australia.art\/en\/wp-json\/wp\/v2\/product\/7564\/revisions\/7567"}],"wp:featuredmedia":[{"embeddable":true,"href":"https:\/\/aboriginal-australia.art\/en\/wp-json\/wp\/v2\/media\/7503"}],"wp:attachment":[{"href":"https:\/\/aboriginal-australia.art\/en\/wp-json\/wp\/v2\/media?parent=7564"}],"wp:term":[{"taxonomy":"product_brand","embeddable":true,"href":"https:\/\/aboriginal-australia.art\/en\/wp-json\/wp\/v2\/product_brand?post=7564"},{"taxonomy":"product_cat","embeddable":true,"href":"https:\/\/aboriginal-australia.art\/en\/wp-json\/wp\/v2\/product_cat?post=7564"},{"taxonomy":"product_tag","embeddable":true,"href":"https:\/\/aboriginal-australia.art\/en\/wp-json\/wp\/v2\/product_tag?post=7564"}],"curies":[{"name":"wp","href":"https:\/\/api.w.org\/{rel}","templated":true}]}}