{"id":7545,"date":"2026-01-15T08:28:06","date_gmt":"2026-01-15T07:28:06","guid":{"rendered":"https:\/\/aboriginal-australia.art\/?post_type=product&#038;p=7545"},"modified":"2026-02-24T10:35:22","modified_gmt":"2026-02-24T09:35:22","slug":"dzika-sliwka-bush-plum-2","status":"publish","type":"product","link":"https:\/\/aboriginal-australia.art\/en\/p\/dzika-sliwka-bush-plum-2\/","title":{"rendered":"Gracie Morton &#8211; Dzika \u015aliwka \/ Bush Plum"},"content":{"rendered":"<p>Obraz przedstawia \u015bni\u0105ce Bush Plum i miejsca z ziem Gracie, kraju Antangker, po\u0142o\u017conego w Regionie Utopii, oko\u0142o 250 km na p\u00f3\u0142nocny wsch\u00f3d od Alice Springs. Owoce dzikiej \u015bliwki krzewiastej (santalum lanceolatum) s\u0105 ma\u0142e i czarne, ale maj\u0105 wa\u017cne znaczenie dla kobiet Alyawarre. S\u0105 bardzo po\u017cywne i bogate w witamin\u0119 C. Latem kobiety, w towarzystwie dzieci, zbieraj\u0105 owoce i odprawiaj\u0105 ceremonie \u2013 wzmacniaj\u0105c swoj\u0105 wi\u0119\u017a z ziemi\u0105. Maluj\u0105 tak\u017ce swoje cia\u0142a wzorami Amwektety (dzikiej \u015bliwki), \u015bpiewaj\u0105 i ta\u0144cz\u0105.<\/p>\n<p><strong>Gracie Morton (1956-2024)<\/strong> jest jedn\u0105 z g\u0142\u00f3wnych opiekunek tego mitu Czasu Kreacji. Przedstawi\u0142a t\u0119 histori\u0119, stosuj\u0105c delikatne techniki kropkowania i r\u00f3\u017cnorodno\u015b\u0107 kolor\u00f3w. Kraj jest widziany z perspektywy lotniczej i ukazuje sezonowe zmiany ro\u015bliny. Bardzo drobna i wielobarwna kropka symbolizuje \u015bliwk\u0119 krzewiast\u0105 na r\u00f3\u017cnych etapach wzrostu. Wyra\u017ane linie pokazuj\u0105 \u015bcie\u017cki kobiet zbieraj\u0105cych owoce, p\u00f3\u0142kola s\u0105 powi\u0105zane z wzorami malowanymi na cia\u0142ach kobiet podczas ceremonii.<\/p>\n<p>Styl artystki jest minimalistyczny i liryczny. Jej prace znajduj\u0105 si\u0119 w kolekcjach australijskich i zagranicznych.<\/p>","protected":false},"excerpt":{"rendered":"<p>Obraz przedstawia \u015bni\u0105ce Bush Plum i miejsca z ziem Gracie, kraju Antangker, po\u0142o\u017conego w Regionie Utopii, oko\u0142o 250 km na p\u00f3\u0142nocny wsch\u00f3d od Alice Springs. Owoce dzikiej \u015bliwki krzewiastej (santalum lanceolatum) s\u0105 ma\u0142e i czarne, ale maj\u0105 wa\u017cne znaczenie dla kobiet Alyawarre. S\u0105 bardzo po\u017cywne i bogate w witamin\u0119 C. Latem kobiety, w towarzystwie dzieci, [&hellip;]<\/p>\n","protected":false},"featured_media":7546,"comment_status":"open","ping_status":"closed","template":"","meta":{"_acf_changed":false},"product_brand":[],"product_cat":[27],"product_tag":[127,126],"class_list":{"0":"post-7545","1":"product","2":"type-product","3":"status-publish","4":"has-post-thumbnail","6":"product_cat-gracie-morton","7":"product_tag-94-x-130-cm","8":"product_tag-gmp-400423","10":"first","11":"outofstock","12":"shipping-taxable","13":"purchasable","14":"product-type-simple"},"acf":[],"yoast_head":"<!-- This site is optimized with the Yoast SEO plugin v27.4 - https:\/\/yoast.com\/product\/yoast-seo-wordpress\/ -->\n<title>Gracie Morton - Dzika \u015aliwka \/ Bush Plum - Aboriginal Australia<\/title>\n<meta name=\"robots\" content=\"index, follow, max-snippet:-1, max-image-preview:large, max-video-preview:-1\" \/>\n<link rel=\"canonical\" href=\"https:\/\/aboriginal-australia.art\/en\/p\/dzika-sliwka-bush-plum-2\/\" \/>\n<meta property=\"og:locale\" content=\"en_US\" \/>\n<meta property=\"og:type\" content=\"article\" \/>\n<meta property=\"og:title\" content=\"Gracie Morton - Dzika \u015aliwka \/ Bush Plum - Aboriginal Australia\" \/>\n<meta property=\"og:description\" content=\"Obraz przedstawia \u015bni\u0105ce Bush Plum i miejsca z ziem Gracie, kraju Antangker, po\u0142o\u017conego w Regionie Utopii, oko\u0142o 250 km na p\u00f3\u0142nocny wsch\u00f3d od Alice Springs. Owoce dzikiej \u015bliwki krzewiastej (santalum lanceolatum) s\u0105 ma\u0142e i czarne, ale maj\u0105 wa\u017cne znaczenie dla kobiet Alyawarre. S\u0105 bardzo po\u017cywne i bogate w witamin\u0119 C. Latem kobiety, w towarzystwie dzieci, [&hellip;]\" \/>\n<meta property=\"og:url\" content=\"https:\/\/aboriginal-australia.art\/en\/p\/dzika-sliwka-bush-plum-2\/\" \/>\n<meta property=\"og:site_name\" content=\"Aboriginal Australia\" \/>\n<meta property=\"article:modified_time\" content=\"2026-02-24T09:35:22+00:00\" \/>\n<meta property=\"og:image\" content=\"https:\/\/aboriginal-australia.art\/wp-content\/uploads\/2026\/01\/GMP-400423-94x130-1.jpg\" \/>\n\t<meta property=\"og:image:width\" content=\"1480\" \/>\n\t<meta property=\"og:image:height\" content=\"2048\" \/>\n\t<meta property=\"og:image:type\" content=\"image\/jpeg\" \/>\n<script type=\"application\/ld+json\" class=\"yoast-schema-graph\">{\"@context\":\"https:\\\/\\\/schema.org\",\"@graph\":[{\"@type\":\"WebPage\",\"@id\":\"https:\\\/\\\/aboriginal-australia.art\\\/p\\\/dzika-sliwka-bush-plum-2\\\/\",\"url\":\"https:\\\/\\\/aboriginal-australia.art\\\/p\\\/dzika-sliwka-bush-plum-2\\\/\",\"name\":\"Gracie Morton - Dzika \u015aliwka \\\/ Bush Plum - Aboriginal Australia\",\"isPartOf\":{\"@id\":\"https:\\\/\\\/aboriginal-australia.art\\\/#website\"},\"primaryImageOfPage\":{\"@id\":\"https:\\\/\\\/aboriginal-australia.art\\\/p\\\/dzika-sliwka-bush-plum-2\\\/#primaryimage\"},\"image\":{\"@id\":\"https:\\\/\\\/aboriginal-australia.art\\\/p\\\/dzika-sliwka-bush-plum-2\\\/#primaryimage\"},\"thumbnailUrl\":\"https:\\\/\\\/aboriginal-australia.art\\\/wp-content\\\/uploads\\\/2026\\\/01\\\/GMP-400423-94x130-1.jpg\",\"datePublished\":\"2026-01-15T07:28:06+00:00\",\"dateModified\":\"2026-02-24T09:35:22+00:00\",\"breadcrumb\":{\"@id\":\"https:\\\/\\\/aboriginal-australia.art\\\/p\\\/dzika-sliwka-bush-plum-2\\\/#breadcrumb\"},\"inLanguage\":\"en-US\",\"potentialAction\":[{\"@type\":\"ReadAction\",\"target\":[\"https:\\\/\\\/aboriginal-australia.art\\\/p\\\/dzika-sliwka-bush-plum-2\\\/\"]}]},{\"@type\":\"ImageObject\",\"inLanguage\":\"en-US\",\"@id\":\"https:\\\/\\\/aboriginal-australia.art\\\/p\\\/dzika-sliwka-bush-plum-2\\\/#primaryimage\",\"url\":\"https:\\\/\\\/aboriginal-australia.art\\\/wp-content\\\/uploads\\\/2026\\\/01\\\/GMP-400423-94x130-1.jpg\",\"contentUrl\":\"https:\\\/\\\/aboriginal-australia.art\\\/wp-content\\\/uploads\\\/2026\\\/01\\\/GMP-400423-94x130-1.jpg\",\"width\":1480,\"height\":2048},{\"@type\":\"BreadcrumbList\",\"@id\":\"https:\\\/\\\/aboriginal-australia.art\\\/p\\\/dzika-sliwka-bush-plum-2\\\/#breadcrumb\",\"itemListElement\":[{\"@type\":\"ListItem\",\"position\":1,\"name\":\"Strona g\u0142\u00f3wna\",\"item\":\"https:\\\/\\\/aboriginal-australia.art\\\/\"},{\"@type\":\"ListItem\",\"position\":2,\"name\":\"Products\",\"item\":\"https:\\\/\\\/aboriginal-australia.art\\\/en\\\/shop\\\/\"},{\"@type\":\"ListItem\",\"position\":3,\"name\":\"Gracie Morton &#8211; Dzika \u015aliwka \\\/ Bush Plum\"}]},{\"@type\":\"WebSite\",\"@id\":\"https:\\\/\\\/aboriginal-australia.art\\\/#website\",\"url\":\"https:\\\/\\\/aboriginal-australia.art\\\/\",\"name\":\"Aboriginal Australia\",\"description\":\"\",\"potentialAction\":[{\"@type\":\"SearchAction\",\"target\":{\"@type\":\"EntryPoint\",\"urlTemplate\":\"https:\\\/\\\/aboriginal-australia.art\\\/?s={search_term_string}\"},\"query-input\":{\"@type\":\"PropertyValueSpecification\",\"valueRequired\":true,\"valueName\":\"search_term_string\"}}],\"inLanguage\":\"en-US\"}]}<\/script>\n<!-- \/ Yoast SEO plugin. -->","yoast_head_json":{"title":"Gracie Morton - Dzika \u015aliwka \/ Bush Plum - Aboriginal Australia","robots":{"index":"index","follow":"follow","max-snippet":"max-snippet:-1","max-image-preview":"max-image-preview:large","max-video-preview":"max-video-preview:-1"},"canonical":"https:\/\/aboriginal-australia.art\/en\/p\/dzika-sliwka-bush-plum-2\/","og_locale":"en_US","og_type":"article","og_title":"Gracie Morton - Dzika \u015aliwka \/ Bush Plum - Aboriginal Australia","og_description":"Obraz przedstawia \u015bni\u0105ce Bush Plum i miejsca z ziem Gracie, kraju Antangker, po\u0142o\u017conego w Regionie Utopii, oko\u0142o 250 km na p\u00f3\u0142nocny wsch\u00f3d od Alice Springs. Owoce dzikiej \u015bliwki krzewiastej (santalum lanceolatum) s\u0105 ma\u0142e i czarne, ale maj\u0105 wa\u017cne znaczenie dla kobiet Alyawarre. S\u0105 bardzo po\u017cywne i bogate w witamin\u0119 C. Latem kobiety, w towarzystwie dzieci, [&hellip;]","og_url":"https:\/\/aboriginal-australia.art\/en\/p\/dzika-sliwka-bush-plum-2\/","og_site_name":"Aboriginal Australia","article_modified_time":"2026-02-24T09:35:22+00:00","og_image":[{"width":1480,"height":2048,"url":"https:\/\/aboriginal-australia.art\/wp-content\/uploads\/2026\/01\/GMP-400423-94x130-1.jpg","type":"image\/jpeg"}],"schema":{"@context":"https:\/\/schema.org","@graph":[{"@type":"WebPage","@id":"https:\/\/aboriginal-australia.art\/p\/dzika-sliwka-bush-plum-2\/","url":"https:\/\/aboriginal-australia.art\/p\/dzika-sliwka-bush-plum-2\/","name":"Gracie Morton - Dzika \u015aliwka \/ Bush Plum - Aboriginal Australia","isPartOf":{"@id":"https:\/\/aboriginal-australia.art\/#website"},"primaryImageOfPage":{"@id":"https:\/\/aboriginal-australia.art\/p\/dzika-sliwka-bush-plum-2\/#primaryimage"},"image":{"@id":"https:\/\/aboriginal-australia.art\/p\/dzika-sliwka-bush-plum-2\/#primaryimage"},"thumbnailUrl":"https:\/\/aboriginal-australia.art\/wp-content\/uploads\/2026\/01\/GMP-400423-94x130-1.jpg","datePublished":"2026-01-15T07:28:06+00:00","dateModified":"2026-02-24T09:35:22+00:00","breadcrumb":{"@id":"https:\/\/aboriginal-australia.art\/p\/dzika-sliwka-bush-plum-2\/#breadcrumb"},"inLanguage":"en-US","potentialAction":[{"@type":"ReadAction","target":["https:\/\/aboriginal-australia.art\/p\/dzika-sliwka-bush-plum-2\/"]}]},{"@type":"ImageObject","inLanguage":"en-US","@id":"https:\/\/aboriginal-australia.art\/p\/dzika-sliwka-bush-plum-2\/#primaryimage","url":"https:\/\/aboriginal-australia.art\/wp-content\/uploads\/2026\/01\/GMP-400423-94x130-1.jpg","contentUrl":"https:\/\/aboriginal-australia.art\/wp-content\/uploads\/2026\/01\/GMP-400423-94x130-1.jpg","width":1480,"height":2048},{"@type":"BreadcrumbList","@id":"https:\/\/aboriginal-australia.art\/p\/dzika-sliwka-bush-plum-2\/#breadcrumb","itemListElement":[{"@type":"ListItem","position":1,"name":"Strona g\u0142\u00f3wna","item":"https:\/\/aboriginal-australia.art\/"},{"@type":"ListItem","position":2,"name":"Products","item":"https:\/\/aboriginal-australia.art\/en\/shop\/"},{"@type":"ListItem","position":3,"name":"Gracie Morton &#8211; Dzika \u015aliwka \/ Bush Plum"}]},{"@type":"WebSite","@id":"https:\/\/aboriginal-australia.art\/#website","url":"https:\/\/aboriginal-australia.art\/","name":"Aboriginal Australia","description":"","potentialAction":[{"@type":"SearchAction","target":{"@type":"EntryPoint","urlTemplate":"https:\/\/aboriginal-australia.art\/?s={search_term_string}"},"query-input":{"@type":"PropertyValueSpecification","valueRequired":true,"valueName":"search_term_string"}}],"inLanguage":"en-US"}]}},"_links":{"self":[{"href":"https:\/\/aboriginal-australia.art\/en\/wp-json\/wp\/v2\/product\/7545","targetHints":{"allow":["GET"]}}],"collection":[{"href":"https:\/\/aboriginal-australia.art\/en\/wp-json\/wp\/v2\/product"}],"about":[{"href":"https:\/\/aboriginal-australia.art\/en\/wp-json\/wp\/v2\/types\/product"}],"replies":[{"embeddable":true,"href":"https:\/\/aboriginal-australia.art\/en\/wp-json\/wp\/v2\/comments?post=7545"}],"version-history":[{"count":2,"href":"https:\/\/aboriginal-australia.art\/en\/wp-json\/wp\/v2\/product\/7545\/revisions"}],"predecessor-version":[{"id":7863,"href":"https:\/\/aboriginal-australia.art\/en\/wp-json\/wp\/v2\/product\/7545\/revisions\/7863"}],"wp:featuredmedia":[{"embeddable":true,"href":"https:\/\/aboriginal-australia.art\/en\/wp-json\/wp\/v2\/media\/7546"}],"wp:attachment":[{"href":"https:\/\/aboriginal-australia.art\/en\/wp-json\/wp\/v2\/media?parent=7545"}],"wp:term":[{"taxonomy":"product_brand","embeddable":true,"href":"https:\/\/aboriginal-australia.art\/en\/wp-json\/wp\/v2\/product_brand?post=7545"},{"taxonomy":"product_cat","embeddable":true,"href":"https:\/\/aboriginal-australia.art\/en\/wp-json\/wp\/v2\/product_cat?post=7545"},{"taxonomy":"product_tag","embeddable":true,"href":"https:\/\/aboriginal-australia.art\/en\/wp-json\/wp\/v2\/product_tag?post=7545"}],"curies":[{"name":"wp","href":"https:\/\/api.w.org\/{rel}","templated":true}]}}