{"id":7488,"date":"2026-01-14T22:53:07","date_gmt":"2026-01-14T21:53:07","guid":{"rendered":"https:\/\/aboriginal-australia.art\/?post_type=product&#038;p=7488"},"modified":"2026-01-19T18:32:51","modified_gmt":"2026-01-19T17:32:51","slug":"dzika-sliwka-bush-plum","status":"publish","type":"product","link":"https:\/\/aboriginal-australia.art\/en\/p\/dzika-sliwka-bush-plum\/","title":{"rendered":"Polly Kngale &#8211; Dzika \u015aliwka \/ Bush Plum"},"content":{"rendered":"<p>Tre\u015bci\u0105 obrazu jest Historia Dzikiej \u015aliwki oraz kraina Antangker \u2013 rodzinna okolica Polly Knagle po\u0142o\u017cona w regionie Utopia, oko\u0142o 250 km na p\u00f3\u0142nocny wsch\u00f3d od Alice Springs. Dzikie \u015bliwki (owoce Santalum lanceolatum) czarne i ma\u0142e, s\u0105 bardzo po\u017cywne i bogate w witamin\u0119 C. Maj\u0105 wa\u017cne znaczenie dla kobiet ze szczepu Alyawarre, kt\u00f3re wraz z dzie\u0107mi w okresie letnim zbieraj\u0105 r\u00f3wnie\u017c inne owoce i odprawiaj\u0105 ceremonie. Maluj\u0105 w\u00f3wczas na swoich cia\u0142ach symbole Amwekety (dzikiej \u015bliwki), \u015bpiewaj\u0105 i ta\u0144cz\u0105.<\/p>\n<p><strong>Polly Kngale<\/strong> (1940\u20132020, nazwisko zapisywane cz\u0119sto w formie Ngale) nale\u017ca\u0142a do starszych opiekun\u00f3w tego mitu. By go przedstawi\u0107, u\u017cy\u0142a charakterystycznej dla siebie techniki: zanurza\u0142a p\u0119dzel w farbach r\u00f3\u017cnych kolor\u00f3w, mieszaj\u0105c je na p\u0142\u00f3tnie. Kraina przedstawiona jest z lotu ptaka, obraz prezentuje ponadto zmiany ro\u015bliny rodz\u0105cej dzik\u0105 \u015bliwk\u0119 w zale\u017cno\u015bci od p\u00f3r roku na r\u00f3\u017cnych etapach wzrostu. Styl Polly Kngale jest impresjonistyczny i liryczny. Artystka m\u00f3wi\u0142a troch\u0119 po angielsku, a swoje obrazy podpisywa\u0142a krzy\u017cykiem. Jej prace znajduj\u0105 si\u0119 w kolekcjach australijskich i zagranicznych.<\/p>","protected":false},"excerpt":{"rendered":"<p>Tre\u015bci\u0105 obrazu jest Historia Dzikiej \u015aliwki oraz kraina Antangker \u2013 rodzinna okolica Polly Knagle po\u0142o\u017cona w regionie Utopia, oko\u0142o 250 km na p\u00f3\u0142nocny wsch\u00f3d od Alice Springs. Dzikie \u015bliwki (owoce Santalum lanceolatum) czarne i ma\u0142e, s\u0105 bardzo po\u017cywne i bogate w witamin\u0119 C. Maj\u0105 wa\u017cne znaczenie dla kobiet ze szczepu Alyawarre, kt\u00f3re wraz z dzie\u0107mi [&hellip;]<\/p>\n","protected":false},"featured_media":7492,"comment_status":"open","ping_status":"closed","template":"","meta":{"_acf_changed":false},"product_brand":[],"product_cat":[75],"product_tag":[125,124],"class_list":{"0":"post-7488","1":"product","2":"type-product","3":"status-publish","4":"has-post-thumbnail","6":"product_cat-polly-kngale","7":"product_tag-90-x-147-cm","8":"product_tag-pk-041109","10":"first","11":"instock","12":"shipping-taxable","13":"purchasable","14":"product-type-simple"},"acf":[],"yoast_head":"<!-- This site is optimized with the Yoast SEO plugin v27.3 - https:\/\/yoast.com\/product\/yoast-seo-wordpress\/ -->\n<title>Polly Kngale - Dzika \u015aliwka \/ Bush Plum - Aboriginal Australia<\/title>\n<meta name=\"robots\" content=\"index, follow, max-snippet:-1, max-image-preview:large, max-video-preview:-1\" \/>\n<link rel=\"canonical\" href=\"https:\/\/aboriginal-australia.art\/en\/p\/dzika-sliwka-bush-plum\/\" \/>\n<meta property=\"og:locale\" content=\"en_US\" \/>\n<meta property=\"og:type\" content=\"article\" \/>\n<meta property=\"og:title\" content=\"Polly Kngale - Dzika \u015aliwka \/ Bush Plum - Aboriginal Australia\" \/>\n<meta property=\"og:description\" content=\"Tre\u015bci\u0105 obrazu jest Historia Dzikiej \u015aliwki oraz kraina Antangker \u2013 rodzinna okolica Polly Knagle po\u0142o\u017cona w regionie Utopia, oko\u0142o 250 km na p\u00f3\u0142nocny wsch\u00f3d od Alice Springs. Dzikie \u015bliwki (owoce Santalum lanceolatum) czarne i ma\u0142e, s\u0105 bardzo po\u017cywne i bogate w witamin\u0119 C. Maj\u0105 wa\u017cne znaczenie dla kobiet ze szczepu Alyawarre, kt\u00f3re wraz z dzie\u0107mi [&hellip;]\" \/>\n<meta property=\"og:url\" content=\"https:\/\/aboriginal-australia.art\/en\/p\/dzika-sliwka-bush-plum\/\" \/>\n<meta property=\"og:site_name\" content=\"Aboriginal Australia\" \/>\n<meta property=\"article:modified_time\" content=\"2026-01-19T17:32:51+00:00\" \/>\n<meta property=\"og:image\" content=\"https:\/\/aboriginal-australia.art\/wp-content\/uploads\/2026\/01\/PK-041109-90x147-Polly-Kngale-Bush-Plum-Pozn.jpg\" \/>\n\t<meta property=\"og:image:width\" content=\"1282\" \/>\n\t<meta property=\"og:image:height\" content=\"1950\" \/>\n\t<meta property=\"og:image:type\" content=\"image\/jpeg\" \/>\n<script type=\"application\/ld+json\" class=\"yoast-schema-graph\">{\"@context\":\"https:\\\/\\\/schema.org\",\"@graph\":[{\"@type\":\"WebPage\",\"@id\":\"https:\\\/\\\/aboriginal-australia.art\\\/p\\\/dzika-sliwka-bush-plum\\\/\",\"url\":\"https:\\\/\\\/aboriginal-australia.art\\\/p\\\/dzika-sliwka-bush-plum\\\/\",\"name\":\"Polly Kngale - Dzika \u015aliwka \\\/ Bush Plum - Aboriginal Australia\",\"isPartOf\":{\"@id\":\"https:\\\/\\\/aboriginal-australia.art\\\/#website\"},\"primaryImageOfPage\":{\"@id\":\"https:\\\/\\\/aboriginal-australia.art\\\/p\\\/dzika-sliwka-bush-plum\\\/#primaryimage\"},\"image\":{\"@id\":\"https:\\\/\\\/aboriginal-australia.art\\\/p\\\/dzika-sliwka-bush-plum\\\/#primaryimage\"},\"thumbnailUrl\":\"https:\\\/\\\/aboriginal-australia.art\\\/wp-content\\\/uploads\\\/2026\\\/01\\\/PK-041109-90x147-Polly-Kngale-Bush-Plum-Pozn.jpg\",\"datePublished\":\"2026-01-14T21:53:07+00:00\",\"dateModified\":\"2026-01-19T17:32:51+00:00\",\"breadcrumb\":{\"@id\":\"https:\\\/\\\/aboriginal-australia.art\\\/p\\\/dzika-sliwka-bush-plum\\\/#breadcrumb\"},\"inLanguage\":\"en-US\",\"potentialAction\":[{\"@type\":\"ReadAction\",\"target\":[\"https:\\\/\\\/aboriginal-australia.art\\\/p\\\/dzika-sliwka-bush-plum\\\/\"]}]},{\"@type\":\"ImageObject\",\"inLanguage\":\"en-US\",\"@id\":\"https:\\\/\\\/aboriginal-australia.art\\\/p\\\/dzika-sliwka-bush-plum\\\/#primaryimage\",\"url\":\"https:\\\/\\\/aboriginal-australia.art\\\/wp-content\\\/uploads\\\/2026\\\/01\\\/PK-041109-90x147-Polly-Kngale-Bush-Plum-Pozn.jpg\",\"contentUrl\":\"https:\\\/\\\/aboriginal-australia.art\\\/wp-content\\\/uploads\\\/2026\\\/01\\\/PK-041109-90x147-Polly-Kngale-Bush-Plum-Pozn.jpg\",\"width\":1282,\"height\":1950},{\"@type\":\"BreadcrumbList\",\"@id\":\"https:\\\/\\\/aboriginal-australia.art\\\/p\\\/dzika-sliwka-bush-plum\\\/#breadcrumb\",\"itemListElement\":[{\"@type\":\"ListItem\",\"position\":1,\"name\":\"Strona g\u0142\u00f3wna\",\"item\":\"https:\\\/\\\/aboriginal-australia.art\\\/\"},{\"@type\":\"ListItem\",\"position\":2,\"name\":\"Products\",\"item\":\"https:\\\/\\\/aboriginal-australia.art\\\/en\\\/shop\\\/\"},{\"@type\":\"ListItem\",\"position\":3,\"name\":\"Polly Kngale &#8211; Dzika \u015aliwka \\\/ Bush Plum\"}]},{\"@type\":\"WebSite\",\"@id\":\"https:\\\/\\\/aboriginal-australia.art\\\/#website\",\"url\":\"https:\\\/\\\/aboriginal-australia.art\\\/\",\"name\":\"Aboriginal Australia\",\"description\":\"\",\"potentialAction\":[{\"@type\":\"SearchAction\",\"target\":{\"@type\":\"EntryPoint\",\"urlTemplate\":\"https:\\\/\\\/aboriginal-australia.art\\\/?s={search_term_string}\"},\"query-input\":{\"@type\":\"PropertyValueSpecification\",\"valueRequired\":true,\"valueName\":\"search_term_string\"}}],\"inLanguage\":\"en-US\"}]}<\/script>\n<!-- \/ Yoast SEO plugin. -->","yoast_head_json":{"title":"Polly Kngale - Dzika \u015aliwka \/ Bush Plum - Aboriginal Australia","robots":{"index":"index","follow":"follow","max-snippet":"max-snippet:-1","max-image-preview":"max-image-preview:large","max-video-preview":"max-video-preview:-1"},"canonical":"https:\/\/aboriginal-australia.art\/en\/p\/dzika-sliwka-bush-plum\/","og_locale":"en_US","og_type":"article","og_title":"Polly Kngale - Dzika \u015aliwka \/ Bush Plum - Aboriginal Australia","og_description":"Tre\u015bci\u0105 obrazu jest Historia Dzikiej \u015aliwki oraz kraina Antangker \u2013 rodzinna okolica Polly Knagle po\u0142o\u017cona w regionie Utopia, oko\u0142o 250 km na p\u00f3\u0142nocny wsch\u00f3d od Alice Springs. Dzikie \u015bliwki (owoce Santalum lanceolatum) czarne i ma\u0142e, s\u0105 bardzo po\u017cywne i bogate w witamin\u0119 C. Maj\u0105 wa\u017cne znaczenie dla kobiet ze szczepu Alyawarre, kt\u00f3re wraz z dzie\u0107mi [&hellip;]","og_url":"https:\/\/aboriginal-australia.art\/en\/p\/dzika-sliwka-bush-plum\/","og_site_name":"Aboriginal Australia","article_modified_time":"2026-01-19T17:32:51+00:00","og_image":[{"width":1282,"height":1950,"url":"https:\/\/aboriginal-australia.art\/wp-content\/uploads\/2026\/01\/PK-041109-90x147-Polly-Kngale-Bush-Plum-Pozn.jpg","type":"image\/jpeg"}],"schema":{"@context":"https:\/\/schema.org","@graph":[{"@type":"WebPage","@id":"https:\/\/aboriginal-australia.art\/p\/dzika-sliwka-bush-plum\/","url":"https:\/\/aboriginal-australia.art\/p\/dzika-sliwka-bush-plum\/","name":"Polly Kngale - Dzika \u015aliwka \/ Bush Plum - Aboriginal Australia","isPartOf":{"@id":"https:\/\/aboriginal-australia.art\/#website"},"primaryImageOfPage":{"@id":"https:\/\/aboriginal-australia.art\/p\/dzika-sliwka-bush-plum\/#primaryimage"},"image":{"@id":"https:\/\/aboriginal-australia.art\/p\/dzika-sliwka-bush-plum\/#primaryimage"},"thumbnailUrl":"https:\/\/aboriginal-australia.art\/wp-content\/uploads\/2026\/01\/PK-041109-90x147-Polly-Kngale-Bush-Plum-Pozn.jpg","datePublished":"2026-01-14T21:53:07+00:00","dateModified":"2026-01-19T17:32:51+00:00","breadcrumb":{"@id":"https:\/\/aboriginal-australia.art\/p\/dzika-sliwka-bush-plum\/#breadcrumb"},"inLanguage":"en-US","potentialAction":[{"@type":"ReadAction","target":["https:\/\/aboriginal-australia.art\/p\/dzika-sliwka-bush-plum\/"]}]},{"@type":"ImageObject","inLanguage":"en-US","@id":"https:\/\/aboriginal-australia.art\/p\/dzika-sliwka-bush-plum\/#primaryimage","url":"https:\/\/aboriginal-australia.art\/wp-content\/uploads\/2026\/01\/PK-041109-90x147-Polly-Kngale-Bush-Plum-Pozn.jpg","contentUrl":"https:\/\/aboriginal-australia.art\/wp-content\/uploads\/2026\/01\/PK-041109-90x147-Polly-Kngale-Bush-Plum-Pozn.jpg","width":1282,"height":1950},{"@type":"BreadcrumbList","@id":"https:\/\/aboriginal-australia.art\/p\/dzika-sliwka-bush-plum\/#breadcrumb","itemListElement":[{"@type":"ListItem","position":1,"name":"Strona g\u0142\u00f3wna","item":"https:\/\/aboriginal-australia.art\/"},{"@type":"ListItem","position":2,"name":"Products","item":"https:\/\/aboriginal-australia.art\/en\/shop\/"},{"@type":"ListItem","position":3,"name":"Polly Kngale &#8211; Dzika \u015aliwka \/ Bush Plum"}]},{"@type":"WebSite","@id":"https:\/\/aboriginal-australia.art\/#website","url":"https:\/\/aboriginal-australia.art\/","name":"Aboriginal Australia","description":"","potentialAction":[{"@type":"SearchAction","target":{"@type":"EntryPoint","urlTemplate":"https:\/\/aboriginal-australia.art\/?s={search_term_string}"},"query-input":{"@type":"PropertyValueSpecification","valueRequired":true,"valueName":"search_term_string"}}],"inLanguage":"en-US"}]}},"_links":{"self":[{"href":"https:\/\/aboriginal-australia.art\/en\/wp-json\/wp\/v2\/product\/7488","targetHints":{"allow":["GET"]}}],"collection":[{"href":"https:\/\/aboriginal-australia.art\/en\/wp-json\/wp\/v2\/product"}],"about":[{"href":"https:\/\/aboriginal-australia.art\/en\/wp-json\/wp\/v2\/types\/product"}],"replies":[{"embeddable":true,"href":"https:\/\/aboriginal-australia.art\/en\/wp-json\/wp\/v2\/comments?post=7488"}],"version-history":[{"count":2,"href":"https:\/\/aboriginal-australia.art\/en\/wp-json\/wp\/v2\/product\/7488\/revisions"}],"predecessor-version":[{"id":7864,"href":"https:\/\/aboriginal-australia.art\/en\/wp-json\/wp\/v2\/product\/7488\/revisions\/7864"}],"wp:featuredmedia":[{"embeddable":true,"href":"https:\/\/aboriginal-australia.art\/en\/wp-json\/wp\/v2\/media\/7492"}],"wp:attachment":[{"href":"https:\/\/aboriginal-australia.art\/en\/wp-json\/wp\/v2\/media?parent=7488"}],"wp:term":[{"taxonomy":"product_brand","embeddable":true,"href":"https:\/\/aboriginal-australia.art\/en\/wp-json\/wp\/v2\/product_brand?post=7488"},{"taxonomy":"product_cat","embeddable":true,"href":"https:\/\/aboriginal-australia.art\/en\/wp-json\/wp\/v2\/product_cat?post=7488"},{"taxonomy":"product_tag","embeddable":true,"href":"https:\/\/aboriginal-australia.art\/en\/wp-json\/wp\/v2\/product_tag?post=7488"}],"curies":[{"name":"wp","href":"https:\/\/api.w.org\/{rel}","templated":true}]}}