{"id":7483,"date":"2026-01-14T22:35:13","date_gmt":"2026-01-14T21:35:13","guid":{"rendered":"https:\/\/aboriginal-australia.art\/?post_type=product&#038;p=7483"},"modified":"2026-01-19T18:33:47","modified_gmt":"2026-01-19T17:33:47","slug":"birth-ceremony-bush-tucker-2","status":"publish","type":"product","link":"https:\/\/aboriginal-australia.art\/en\/p\/birth-ceremony-bush-tucker-2\/","title":{"rendered":"Patricia Jackson Napanangka &#8211; Birth Ceremony \u2013 Bush Tucker"},"content":{"rendered":"<p>Ten obraz przedstawia Ceremoni\u0119 Narodzin z Czasu Kreacji \u2013 Bush Tucker Dreaming. W Czasie Kreacji (Dreaming Time) Przodkowie m\u00f3wi\u0105 o ludach Pintupi, jak zbiera\u0107 jedzenie i odprawia\u0107 ceremonie. W tej historii kobiety zbieraj\u0105 jedzenie na ceremoni\u0119 porodow\u0105. Noworodek jest k\u0105pany w dymie z ogniska. Do tego rytua\u0142u u\u017cywa si\u0119 opar\u00f3w spalonych rodzimych ro\u015blin arrata. Ceremonia okadzania jest bardzo wa\u017cna i \u015bwi\u0119ta tylko dla kobiet \u2013 chroni niemowl\u0119 przed z\u0142ymi duchami, w przeciwnym razie dziecko zostanie skradzione i nigdy wi\u0119cej nie zostanie zauwa\u017cone. Ceremonia odbywa si\u0119 noc\u0105 podczas pe\u0142ni Ksi\u0119\u017cyca, podczas kt\u00f3rej obserwuje si\u0119 ta\u0144ce, gesty kobiet i u\u015bmiechy.<\/p>\n<p>Patricia (ur. 1983) przedstawi\u0142a t\u0119 histori\u0119, wykorzystuj\u0105c tradycyjn\u0105 ikonografi\u0119 Pintupi i uproszczone formy geometryczne. Urodzi\u0142a si\u0119 na pustyni Gibsona (Australia Zachodnia), a jej babcia Walangkura Napanangka by\u0142a znan\u0105 artystk\u0105. Kr\u0119gi koncentruj\u0105ce widoczne na tym obrazie symbolizuj\u0105 wodopoje i miejsca ceremonialne. Trzy \u017c\u00f3\u0142te pionowe linie symbolizuj\u0105 strumienie wodne p\u0142yn\u0105ce po deszczu. Pozosta\u0142e proste linie symbolizuj\u0105 nasiona krzew\u00f3w zebrane przez kobiety na t\u0119 ceremoni\u0119. Te s\u0105 mielone i pieczone w popio\u0142ach jako podp\u0142omyk, chlebek <em>dumper<\/em>. Kobiety zbieraj\u0105 tak\u017ce inne produkty, mi\u0119dzy innymi wysoko cenione dzikie jab\u0142ka (quandong). Jej prace s\u0105 reprezentowane w kolekcjach australijskich i zagranicznych.<\/p>","protected":false},"excerpt":{"rendered":"<p>Ten obraz przedstawia Ceremoni\u0119 Narodzin z Czasu Kreacji \u2013 Bush Tucker Dreaming. W Czasie Kreacji (Dreaming Time) Przodkowie m\u00f3wi\u0105 o ludach Pintupi, jak zbiera\u0107 jedzenie i odprawia\u0107 ceremonie. W tej historii kobiety zbieraj\u0105 jedzenie na ceremoni\u0119 porodow\u0105. Noworodek jest k\u0105pany w dymie z ogniska. Do tego rytua\u0142u u\u017cywa si\u0119 opar\u00f3w spalonych rodzimych ro\u015blin arrata. Ceremonia [&hellip;]<\/p>\n","protected":false},"featured_media":7469,"comment_status":"open","ping_status":"closed","template":"","meta":{"_acf_changed":false},"product_brand":[],"product_cat":[120],"product_tag":[121],"class_list":{"0":"post-7483","1":"product","2":"type-product","3":"status-publish","4":"has-post-thumbnail","6":"product_cat-patricia-jackson-napanangka","7":"product_tag-pjn-ggn-030225","9":"first","10":"instock","11":"shipping-taxable","12":"purchasable","13":"product-type-simple"},"acf":[],"yoast_head":"<!-- This site is optimized with the Yoast SEO plugin v27.3 - https:\/\/yoast.com\/product\/yoast-seo-wordpress\/ -->\n<title>Patricia Jackson Napanangka - Birth Ceremony \u2013 Bush Tucker - Aboriginal Australia<\/title>\n<meta name=\"robots\" content=\"index, follow, max-snippet:-1, max-image-preview:large, max-video-preview:-1\" \/>\n<link rel=\"canonical\" href=\"https:\/\/aboriginal-australia.art\/en\/p\/birth-ceremony-bush-tucker-2\/\" \/>\n<meta property=\"og:locale\" content=\"en_US\" \/>\n<meta property=\"og:type\" content=\"article\" \/>\n<meta property=\"og:title\" content=\"Patricia Jackson Napanangka - Birth Ceremony \u2013 Bush Tucker - Aboriginal Australia\" \/>\n<meta property=\"og:description\" content=\"Ten obraz przedstawia Ceremoni\u0119 Narodzin z Czasu Kreacji \u2013 Bush Tucker Dreaming. W Czasie Kreacji (Dreaming Time) Przodkowie m\u00f3wi\u0105 o ludach Pintupi, jak zbiera\u0107 jedzenie i odprawia\u0107 ceremonie. W tej historii kobiety zbieraj\u0105 jedzenie na ceremoni\u0119 porodow\u0105. Noworodek jest k\u0105pany w dymie z ogniska. Do tego rytua\u0142u u\u017cywa si\u0119 opar\u00f3w spalonych rodzimych ro\u015blin arrata. Ceremonia [&hellip;]\" \/>\n<meta property=\"og:url\" content=\"https:\/\/aboriginal-australia.art\/en\/p\/birth-ceremony-bush-tucker-2\/\" \/>\n<meta property=\"og:site_name\" content=\"Aboriginal Australia\" \/>\n<meta property=\"article:modified_time\" content=\"2026-01-19T17:33:47+00:00\" \/>\n<meta property=\"og:image\" content=\"https:\/\/aboriginal-australia.art\/wp-content\/uploads\/2026\/01\/PJN-GGN-030225-45x90-1.jpg\" \/>\n\t<meta property=\"og:image:width\" content=\"1081\" \/>\n\t<meta property=\"og:image:height\" content=\"2048\" \/>\n\t<meta property=\"og:image:type\" content=\"image\/jpeg\" \/>\n<script type=\"application\/ld+json\" class=\"yoast-schema-graph\">{\"@context\":\"https:\\\/\\\/schema.org\",\"@graph\":[{\"@type\":\"WebPage\",\"@id\":\"https:\\\/\\\/aboriginal-australia.art\\\/p\\\/birth-ceremony-bush-tucker-2\\\/\",\"url\":\"https:\\\/\\\/aboriginal-australia.art\\\/p\\\/birth-ceremony-bush-tucker-2\\\/\",\"name\":\"Patricia Jackson Napanangka - Birth Ceremony \u2013 Bush Tucker - Aboriginal Australia\",\"isPartOf\":{\"@id\":\"https:\\\/\\\/aboriginal-australia.art\\\/#website\"},\"primaryImageOfPage\":{\"@id\":\"https:\\\/\\\/aboriginal-australia.art\\\/p\\\/birth-ceremony-bush-tucker-2\\\/#primaryimage\"},\"image\":{\"@id\":\"https:\\\/\\\/aboriginal-australia.art\\\/p\\\/birth-ceremony-bush-tucker-2\\\/#primaryimage\"},\"thumbnailUrl\":\"https:\\\/\\\/aboriginal-australia.art\\\/wp-content\\\/uploads\\\/2026\\\/01\\\/PJN-GGN-030225-45x90-1.jpg\",\"datePublished\":\"2026-01-14T21:35:13+00:00\",\"dateModified\":\"2026-01-19T17:33:47+00:00\",\"breadcrumb\":{\"@id\":\"https:\\\/\\\/aboriginal-australia.art\\\/p\\\/birth-ceremony-bush-tucker-2\\\/#breadcrumb\"},\"inLanguage\":\"en-US\",\"potentialAction\":[{\"@type\":\"ReadAction\",\"target\":[\"https:\\\/\\\/aboriginal-australia.art\\\/p\\\/birth-ceremony-bush-tucker-2\\\/\"]}]},{\"@type\":\"ImageObject\",\"inLanguage\":\"en-US\",\"@id\":\"https:\\\/\\\/aboriginal-australia.art\\\/p\\\/birth-ceremony-bush-tucker-2\\\/#primaryimage\",\"url\":\"https:\\\/\\\/aboriginal-australia.art\\\/wp-content\\\/uploads\\\/2026\\\/01\\\/PJN-GGN-030225-45x90-1.jpg\",\"contentUrl\":\"https:\\\/\\\/aboriginal-australia.art\\\/wp-content\\\/uploads\\\/2026\\\/01\\\/PJN-GGN-030225-45x90-1.jpg\",\"width\":1081,\"height\":2048},{\"@type\":\"BreadcrumbList\",\"@id\":\"https:\\\/\\\/aboriginal-australia.art\\\/p\\\/birth-ceremony-bush-tucker-2\\\/#breadcrumb\",\"itemListElement\":[{\"@type\":\"ListItem\",\"position\":1,\"name\":\"Strona g\u0142\u00f3wna\",\"item\":\"https:\\\/\\\/aboriginal-australia.art\\\/\"},{\"@type\":\"ListItem\",\"position\":2,\"name\":\"Products\",\"item\":\"https:\\\/\\\/aboriginal-australia.art\\\/en\\\/shop\\\/\"},{\"@type\":\"ListItem\",\"position\":3,\"name\":\"Patricia Jackson Napanangka &#8211; Birth Ceremony \u2013 Bush Tucker\"}]},{\"@type\":\"WebSite\",\"@id\":\"https:\\\/\\\/aboriginal-australia.art\\\/#website\",\"url\":\"https:\\\/\\\/aboriginal-australia.art\\\/\",\"name\":\"Aboriginal Australia\",\"description\":\"\",\"potentialAction\":[{\"@type\":\"SearchAction\",\"target\":{\"@type\":\"EntryPoint\",\"urlTemplate\":\"https:\\\/\\\/aboriginal-australia.art\\\/?s={search_term_string}\"},\"query-input\":{\"@type\":\"PropertyValueSpecification\",\"valueRequired\":true,\"valueName\":\"search_term_string\"}}],\"inLanguage\":\"en-US\"}]}<\/script>\n<!-- \/ Yoast SEO plugin. -->","yoast_head_json":{"title":"Patricia Jackson Napanangka - Birth Ceremony \u2013 Bush Tucker - Aboriginal Australia","robots":{"index":"index","follow":"follow","max-snippet":"max-snippet:-1","max-image-preview":"max-image-preview:large","max-video-preview":"max-video-preview:-1"},"canonical":"https:\/\/aboriginal-australia.art\/en\/p\/birth-ceremony-bush-tucker-2\/","og_locale":"en_US","og_type":"article","og_title":"Patricia Jackson Napanangka - Birth Ceremony \u2013 Bush Tucker - Aboriginal Australia","og_description":"Ten obraz przedstawia Ceremoni\u0119 Narodzin z Czasu Kreacji \u2013 Bush Tucker Dreaming. W Czasie Kreacji (Dreaming Time) Przodkowie m\u00f3wi\u0105 o ludach Pintupi, jak zbiera\u0107 jedzenie i odprawia\u0107 ceremonie. W tej historii kobiety zbieraj\u0105 jedzenie na ceremoni\u0119 porodow\u0105. Noworodek jest k\u0105pany w dymie z ogniska. Do tego rytua\u0142u u\u017cywa si\u0119 opar\u00f3w spalonych rodzimych ro\u015blin arrata. Ceremonia [&hellip;]","og_url":"https:\/\/aboriginal-australia.art\/en\/p\/birth-ceremony-bush-tucker-2\/","og_site_name":"Aboriginal Australia","article_modified_time":"2026-01-19T17:33:47+00:00","og_image":[{"width":1081,"height":2048,"url":"https:\/\/aboriginal-australia.art\/wp-content\/uploads\/2026\/01\/PJN-GGN-030225-45x90-1.jpg","type":"image\/jpeg"}],"schema":{"@context":"https:\/\/schema.org","@graph":[{"@type":"WebPage","@id":"https:\/\/aboriginal-australia.art\/p\/birth-ceremony-bush-tucker-2\/","url":"https:\/\/aboriginal-australia.art\/p\/birth-ceremony-bush-tucker-2\/","name":"Patricia Jackson Napanangka - Birth Ceremony \u2013 Bush Tucker - Aboriginal Australia","isPartOf":{"@id":"https:\/\/aboriginal-australia.art\/#website"},"primaryImageOfPage":{"@id":"https:\/\/aboriginal-australia.art\/p\/birth-ceremony-bush-tucker-2\/#primaryimage"},"image":{"@id":"https:\/\/aboriginal-australia.art\/p\/birth-ceremony-bush-tucker-2\/#primaryimage"},"thumbnailUrl":"https:\/\/aboriginal-australia.art\/wp-content\/uploads\/2026\/01\/PJN-GGN-030225-45x90-1.jpg","datePublished":"2026-01-14T21:35:13+00:00","dateModified":"2026-01-19T17:33:47+00:00","breadcrumb":{"@id":"https:\/\/aboriginal-australia.art\/p\/birth-ceremony-bush-tucker-2\/#breadcrumb"},"inLanguage":"en-US","potentialAction":[{"@type":"ReadAction","target":["https:\/\/aboriginal-australia.art\/p\/birth-ceremony-bush-tucker-2\/"]}]},{"@type":"ImageObject","inLanguage":"en-US","@id":"https:\/\/aboriginal-australia.art\/p\/birth-ceremony-bush-tucker-2\/#primaryimage","url":"https:\/\/aboriginal-australia.art\/wp-content\/uploads\/2026\/01\/PJN-GGN-030225-45x90-1.jpg","contentUrl":"https:\/\/aboriginal-australia.art\/wp-content\/uploads\/2026\/01\/PJN-GGN-030225-45x90-1.jpg","width":1081,"height":2048},{"@type":"BreadcrumbList","@id":"https:\/\/aboriginal-australia.art\/p\/birth-ceremony-bush-tucker-2\/#breadcrumb","itemListElement":[{"@type":"ListItem","position":1,"name":"Strona g\u0142\u00f3wna","item":"https:\/\/aboriginal-australia.art\/"},{"@type":"ListItem","position":2,"name":"Products","item":"https:\/\/aboriginal-australia.art\/en\/shop\/"},{"@type":"ListItem","position":3,"name":"Patricia Jackson Napanangka &#8211; Birth Ceremony \u2013 Bush Tucker"}]},{"@type":"WebSite","@id":"https:\/\/aboriginal-australia.art\/#website","url":"https:\/\/aboriginal-australia.art\/","name":"Aboriginal Australia","description":"","potentialAction":[{"@type":"SearchAction","target":{"@type":"EntryPoint","urlTemplate":"https:\/\/aboriginal-australia.art\/?s={search_term_string}"},"query-input":{"@type":"PropertyValueSpecification","valueRequired":true,"valueName":"search_term_string"}}],"inLanguage":"en-US"}]}},"_links":{"self":[{"href":"https:\/\/aboriginal-australia.art\/en\/wp-json\/wp\/v2\/product\/7483","targetHints":{"allow":["GET"]}}],"collection":[{"href":"https:\/\/aboriginal-australia.art\/en\/wp-json\/wp\/v2\/product"}],"about":[{"href":"https:\/\/aboriginal-australia.art\/en\/wp-json\/wp\/v2\/types\/product"}],"replies":[{"embeddable":true,"href":"https:\/\/aboriginal-australia.art\/en\/wp-json\/wp\/v2\/comments?post=7483"}],"version-history":[{"count":2,"href":"https:\/\/aboriginal-australia.art\/en\/wp-json\/wp\/v2\/product\/7483\/revisions"}],"predecessor-version":[{"id":7866,"href":"https:\/\/aboriginal-australia.art\/en\/wp-json\/wp\/v2\/product\/7483\/revisions\/7866"}],"wp:featuredmedia":[{"embeddable":true,"href":"https:\/\/aboriginal-australia.art\/en\/wp-json\/wp\/v2\/media\/7469"}],"wp:attachment":[{"href":"https:\/\/aboriginal-australia.art\/en\/wp-json\/wp\/v2\/media?parent=7483"}],"wp:term":[{"taxonomy":"product_brand","embeddable":true,"href":"https:\/\/aboriginal-australia.art\/en\/wp-json\/wp\/v2\/product_brand?post=7483"},{"taxonomy":"product_cat","embeddable":true,"href":"https:\/\/aboriginal-australia.art\/en\/wp-json\/wp\/v2\/product_cat?post=7483"},{"taxonomy":"product_tag","embeddable":true,"href":"https:\/\/aboriginal-australia.art\/en\/wp-json\/wp\/v2\/product_tag?post=7483"}],"curies":[{"name":"wp","href":"https:\/\/api.w.org\/{rel}","templated":true}]}}