{"id":7394,"date":"2026-01-14T21:55:17","date_gmt":"2026-01-14T20:55:17","guid":{"rendered":"https:\/\/aboriginal-australia.art\/?post_type=product&#038;p=7394"},"modified":"2026-01-19T18:34:12","modified_gmt":"2026-01-19T17:34:12","slug":"zbiory-zywnosci-mukula-bush-tucker","status":"publish","type":"product","link":"https:\/\/aboriginal-australia.art\/en\/p\/zbiory-zywnosci-mukula-bush-tucker\/","title":{"rendered":"Yinarupa Gibson Nangala &#8211; Zbiory \u017cywno\u015bci \u2013 MUKULA \u2013 Bush Tucker"},"content":{"rendered":"<p>Obraz przedstawia Zbiory \u017cywno\u015bci \u2013 Mukul\u0119 \u2013 Bush Tucker. W Czasie Kreacji Przodkinie kobiet ludu Pintupi uczy\u0142y si\u0119 zbiera\u0107 jedzenie i odprawia\u0107 ceremonie. W tej historii kobiety zbieraj\u0105 jedzenie w buszu. Przodkowie, podr\u00f3\u017cuj\u0105c przez pustyni\u0119 Gibsona, stworzyli wiele \u015bwi\u0119tych i wa\u017cnych miejsc, takich jak: kobiece ska\u0142y Mukula \u2013 na wsch\u00f3d od Kiwirkurra. Wzory przedstawione na tym obrazie s\u0105 nak\u0142adane na cia\u0142o kobiet jako cz\u0119\u015b\u0107 ceremonii.<\/p>\n<p>Yinarupa, urodzona na pustyni Gibson na pocz\u0105tku lat 60., jest c\u00f3rk\u0105 \u015bwiatowej s\u0142awy artystki Anatjari Tjampitjinpy. Przedstawi\u0142a t\u0119 histori\u0119 w tradycyjnych barwach i ikonografii Pintupi. Du\u017cy okr\u0105g na dole obrazu oznacza wodop\u00f3j Mukula, po\u0142o\u017cony w pobli\u017cu s\u0142onego jeziora Mackay. Pozosta\u0142e kr\u0119gi symbolizuj\u0105 miejsca ceremonialne lub wodopoje. Kszta\u0142ty litery &#8222;U&#8221; symbolizuj\u0105 kobiety poszukuj\u0105ce po\u017cywienia z buszu (ma\u0142e owale z kropkami) i wody. Zbieraj\u0105 jagody i owoce, mi\u0119dzy innymi quandong (nazywane tak\u017ce jab\u0142kami krzewiastymi lub brzoskwiniami krzewiastymi) \u2013 pokazane tutaj jako czarne, wisz\u0105ce wisiorki na \u015brodku tego obrazu. Linie \u0142\u0105cz\u0105ce oznaczaj\u0105 trasy marszowe, a ko\u0142a miejsca odpoczynku. Yinarupa zdoby\u0142a nagrod\u0119 Darwin Telstra Art Award w 2009 roku. Jej prace s\u0105 reprezentowane w kolekcjach australijskich i zagranicznych.<\/p>","protected":false},"excerpt":{"rendered":"<p>Obraz przedstawia Zbiory \u017cywno\u015bci \u2013 Mukul\u0119 \u2013 Bush Tucker. W Czasie Kreacji Przodkinie kobiet ludu Pintupi uczy\u0142y si\u0119 zbiera\u0107 jedzenie i odprawia\u0107 ceremonie. W tej historii kobiety zbieraj\u0105 jedzenie w buszu. Przodkowie, podr\u00f3\u017cuj\u0105c przez pustyni\u0119 Gibsona, stworzyli wiele \u015bwi\u0119tych i wa\u017cnych miejsc, takich jak: kobiece ska\u0142y Mukula \u2013 na wsch\u00f3d od Kiwirkurra. Wzory przedstawione na [&hellip;]<\/p>\n","protected":false},"featured_media":7446,"comment_status":"open","ping_status":"closed","template":"","meta":{"_acf_changed":false},"product_brand":[],"product_cat":[116],"product_tag":[119,118],"class_list":{"0":"post-7394","1":"product","2":"type-product","3":"status-publish","4":"has-post-thumbnail","6":"product_cat-yinarupa-gibson-nangala","7":"product_tag-128-x-182-cm","8":"product_tag-yn-020425","10":"first","11":"instock","12":"shipping-taxable","13":"purchasable","14":"product-type-simple"},"acf":[],"yoast_head":"<!-- This site is optimized with the Yoast SEO plugin v27.3 - https:\/\/yoast.com\/product\/yoast-seo-wordpress\/ -->\n<title>Yinarupa Gibson Nangala - Zbiory \u017cywno\u015bci \u2013 MUKULA \u2013 Bush Tucker - Aboriginal Australia<\/title>\n<meta name=\"robots\" content=\"index, follow, max-snippet:-1, max-image-preview:large, max-video-preview:-1\" \/>\n<link rel=\"canonical\" href=\"https:\/\/aboriginal-australia.art\/en\/p\/zbiory-zywnosci-mukula-bush-tucker\/\" \/>\n<meta property=\"og:locale\" content=\"en_US\" \/>\n<meta property=\"og:type\" content=\"article\" \/>\n<meta property=\"og:title\" content=\"Yinarupa Gibson Nangala - Zbiory \u017cywno\u015bci \u2013 MUKULA \u2013 Bush Tucker - Aboriginal Australia\" \/>\n<meta property=\"og:description\" content=\"Obraz przedstawia Zbiory \u017cywno\u015bci \u2013 Mukul\u0119 \u2013 Bush Tucker. W Czasie Kreacji Przodkinie kobiet ludu Pintupi uczy\u0142y si\u0119 zbiera\u0107 jedzenie i odprawia\u0107 ceremonie. W tej historii kobiety zbieraj\u0105 jedzenie w buszu. Przodkowie, podr\u00f3\u017cuj\u0105c przez pustyni\u0119 Gibsona, stworzyli wiele \u015bwi\u0119tych i wa\u017cnych miejsc, takich jak: kobiece ska\u0142y Mukula \u2013 na wsch\u00f3d od Kiwirkurra. Wzory przedstawione na [&hellip;]\" \/>\n<meta property=\"og:url\" content=\"https:\/\/aboriginal-australia.art\/en\/p\/zbiory-zywnosci-mukula-bush-tucker\/\" \/>\n<meta property=\"og:site_name\" content=\"Aboriginal Australia\" \/>\n<meta property=\"article:modified_time\" content=\"2026-01-19T17:34:12+00:00\" \/>\n<meta property=\"og:image\" content=\"https:\/\/aboriginal-australia.art\/wp-content\/uploads\/2026\/01\/YN-020425-128x182-1.jpg\" \/>\n\t<meta property=\"og:image:width\" content=\"1434\" \/>\n\t<meta property=\"og:image:height\" content=\"2048\" \/>\n\t<meta property=\"og:image:type\" content=\"image\/jpeg\" \/>\n<script type=\"application\/ld+json\" class=\"yoast-schema-graph\">{\"@context\":\"https:\\\/\\\/schema.org\",\"@graph\":[{\"@type\":\"WebPage\",\"@id\":\"https:\\\/\\\/aboriginal-australia.art\\\/p\\\/zbiory-zywnosci-mukula-bush-tucker\\\/\",\"url\":\"https:\\\/\\\/aboriginal-australia.art\\\/p\\\/zbiory-zywnosci-mukula-bush-tucker\\\/\",\"name\":\"Yinarupa Gibson Nangala - Zbiory \u017cywno\u015bci \u2013 MUKULA \u2013 Bush Tucker - Aboriginal Australia\",\"isPartOf\":{\"@id\":\"https:\\\/\\\/aboriginal-australia.art\\\/#website\"},\"primaryImageOfPage\":{\"@id\":\"https:\\\/\\\/aboriginal-australia.art\\\/p\\\/zbiory-zywnosci-mukula-bush-tucker\\\/#primaryimage\"},\"image\":{\"@id\":\"https:\\\/\\\/aboriginal-australia.art\\\/p\\\/zbiory-zywnosci-mukula-bush-tucker\\\/#primaryimage\"},\"thumbnailUrl\":\"https:\\\/\\\/aboriginal-australia.art\\\/wp-content\\\/uploads\\\/2026\\\/01\\\/YN-020425-128x182-1.jpg\",\"datePublished\":\"2026-01-14T20:55:17+00:00\",\"dateModified\":\"2026-01-19T17:34:12+00:00\",\"breadcrumb\":{\"@id\":\"https:\\\/\\\/aboriginal-australia.art\\\/p\\\/zbiory-zywnosci-mukula-bush-tucker\\\/#breadcrumb\"},\"inLanguage\":\"en-US\",\"potentialAction\":[{\"@type\":\"ReadAction\",\"target\":[\"https:\\\/\\\/aboriginal-australia.art\\\/p\\\/zbiory-zywnosci-mukula-bush-tucker\\\/\"]}]},{\"@type\":\"ImageObject\",\"inLanguage\":\"en-US\",\"@id\":\"https:\\\/\\\/aboriginal-australia.art\\\/p\\\/zbiory-zywnosci-mukula-bush-tucker\\\/#primaryimage\",\"url\":\"https:\\\/\\\/aboriginal-australia.art\\\/wp-content\\\/uploads\\\/2026\\\/01\\\/YN-020425-128x182-1.jpg\",\"contentUrl\":\"https:\\\/\\\/aboriginal-australia.art\\\/wp-content\\\/uploads\\\/2026\\\/01\\\/YN-020425-128x182-1.jpg\",\"width\":1434,\"height\":2048},{\"@type\":\"BreadcrumbList\",\"@id\":\"https:\\\/\\\/aboriginal-australia.art\\\/p\\\/zbiory-zywnosci-mukula-bush-tucker\\\/#breadcrumb\",\"itemListElement\":[{\"@type\":\"ListItem\",\"position\":1,\"name\":\"Strona g\u0142\u00f3wna\",\"item\":\"https:\\\/\\\/aboriginal-australia.art\\\/\"},{\"@type\":\"ListItem\",\"position\":2,\"name\":\"Products\",\"item\":\"https:\\\/\\\/aboriginal-australia.art\\\/en\\\/shop\\\/\"},{\"@type\":\"ListItem\",\"position\":3,\"name\":\"Yinarupa Gibson Nangala &#8211; Zbiory \u017cywno\u015bci \u2013 MUKULA \u2013 Bush Tucker\"}]},{\"@type\":\"WebSite\",\"@id\":\"https:\\\/\\\/aboriginal-australia.art\\\/#website\",\"url\":\"https:\\\/\\\/aboriginal-australia.art\\\/\",\"name\":\"Aboriginal Australia\",\"description\":\"\",\"potentialAction\":[{\"@type\":\"SearchAction\",\"target\":{\"@type\":\"EntryPoint\",\"urlTemplate\":\"https:\\\/\\\/aboriginal-australia.art\\\/?s={search_term_string}\"},\"query-input\":{\"@type\":\"PropertyValueSpecification\",\"valueRequired\":true,\"valueName\":\"search_term_string\"}}],\"inLanguage\":\"en-US\"}]}<\/script>\n<!-- \/ Yoast SEO plugin. -->","yoast_head_json":{"title":"Yinarupa Gibson Nangala - Zbiory \u017cywno\u015bci \u2013 MUKULA \u2013 Bush Tucker - Aboriginal Australia","robots":{"index":"index","follow":"follow","max-snippet":"max-snippet:-1","max-image-preview":"max-image-preview:large","max-video-preview":"max-video-preview:-1"},"canonical":"https:\/\/aboriginal-australia.art\/en\/p\/zbiory-zywnosci-mukula-bush-tucker\/","og_locale":"en_US","og_type":"article","og_title":"Yinarupa Gibson Nangala - Zbiory \u017cywno\u015bci \u2013 MUKULA \u2013 Bush Tucker - Aboriginal Australia","og_description":"Obraz przedstawia Zbiory \u017cywno\u015bci \u2013 Mukul\u0119 \u2013 Bush Tucker. W Czasie Kreacji Przodkinie kobiet ludu Pintupi uczy\u0142y si\u0119 zbiera\u0107 jedzenie i odprawia\u0107 ceremonie. W tej historii kobiety zbieraj\u0105 jedzenie w buszu. Przodkowie, podr\u00f3\u017cuj\u0105c przez pustyni\u0119 Gibsona, stworzyli wiele \u015bwi\u0119tych i wa\u017cnych miejsc, takich jak: kobiece ska\u0142y Mukula \u2013 na wsch\u00f3d od Kiwirkurra. Wzory przedstawione na [&hellip;]","og_url":"https:\/\/aboriginal-australia.art\/en\/p\/zbiory-zywnosci-mukula-bush-tucker\/","og_site_name":"Aboriginal Australia","article_modified_time":"2026-01-19T17:34:12+00:00","og_image":[{"width":1434,"height":2048,"url":"https:\/\/aboriginal-australia.art\/wp-content\/uploads\/2026\/01\/YN-020425-128x182-1.jpg","type":"image\/jpeg"}],"schema":{"@context":"https:\/\/schema.org","@graph":[{"@type":"WebPage","@id":"https:\/\/aboriginal-australia.art\/p\/zbiory-zywnosci-mukula-bush-tucker\/","url":"https:\/\/aboriginal-australia.art\/p\/zbiory-zywnosci-mukula-bush-tucker\/","name":"Yinarupa Gibson Nangala - Zbiory \u017cywno\u015bci \u2013 MUKULA \u2013 Bush Tucker - Aboriginal Australia","isPartOf":{"@id":"https:\/\/aboriginal-australia.art\/#website"},"primaryImageOfPage":{"@id":"https:\/\/aboriginal-australia.art\/p\/zbiory-zywnosci-mukula-bush-tucker\/#primaryimage"},"image":{"@id":"https:\/\/aboriginal-australia.art\/p\/zbiory-zywnosci-mukula-bush-tucker\/#primaryimage"},"thumbnailUrl":"https:\/\/aboriginal-australia.art\/wp-content\/uploads\/2026\/01\/YN-020425-128x182-1.jpg","datePublished":"2026-01-14T20:55:17+00:00","dateModified":"2026-01-19T17:34:12+00:00","breadcrumb":{"@id":"https:\/\/aboriginal-australia.art\/p\/zbiory-zywnosci-mukula-bush-tucker\/#breadcrumb"},"inLanguage":"en-US","potentialAction":[{"@type":"ReadAction","target":["https:\/\/aboriginal-australia.art\/p\/zbiory-zywnosci-mukula-bush-tucker\/"]}]},{"@type":"ImageObject","inLanguage":"en-US","@id":"https:\/\/aboriginal-australia.art\/p\/zbiory-zywnosci-mukula-bush-tucker\/#primaryimage","url":"https:\/\/aboriginal-australia.art\/wp-content\/uploads\/2026\/01\/YN-020425-128x182-1.jpg","contentUrl":"https:\/\/aboriginal-australia.art\/wp-content\/uploads\/2026\/01\/YN-020425-128x182-1.jpg","width":1434,"height":2048},{"@type":"BreadcrumbList","@id":"https:\/\/aboriginal-australia.art\/p\/zbiory-zywnosci-mukula-bush-tucker\/#breadcrumb","itemListElement":[{"@type":"ListItem","position":1,"name":"Strona g\u0142\u00f3wna","item":"https:\/\/aboriginal-australia.art\/"},{"@type":"ListItem","position":2,"name":"Products","item":"https:\/\/aboriginal-australia.art\/en\/shop\/"},{"@type":"ListItem","position":3,"name":"Yinarupa Gibson Nangala &#8211; Zbiory \u017cywno\u015bci \u2013 MUKULA \u2013 Bush Tucker"}]},{"@type":"WebSite","@id":"https:\/\/aboriginal-australia.art\/#website","url":"https:\/\/aboriginal-australia.art\/","name":"Aboriginal Australia","description":"","potentialAction":[{"@type":"SearchAction","target":{"@type":"EntryPoint","urlTemplate":"https:\/\/aboriginal-australia.art\/?s={search_term_string}"},"query-input":{"@type":"PropertyValueSpecification","valueRequired":true,"valueName":"search_term_string"}}],"inLanguage":"en-US"}]}},"_links":{"self":[{"href":"https:\/\/aboriginal-australia.art\/en\/wp-json\/wp\/v2\/product\/7394","targetHints":{"allow":["GET"]}}],"collection":[{"href":"https:\/\/aboriginal-australia.art\/en\/wp-json\/wp\/v2\/product"}],"about":[{"href":"https:\/\/aboriginal-australia.art\/en\/wp-json\/wp\/v2\/types\/product"}],"replies":[{"embeddable":true,"href":"https:\/\/aboriginal-australia.art\/en\/wp-json\/wp\/v2\/comments?post=7394"}],"version-history":[{"count":2,"href":"https:\/\/aboriginal-australia.art\/en\/wp-json\/wp\/v2\/product\/7394\/revisions"}],"predecessor-version":[{"id":7867,"href":"https:\/\/aboriginal-australia.art\/en\/wp-json\/wp\/v2\/product\/7394\/revisions\/7867"}],"wp:featuredmedia":[{"embeddable":true,"href":"https:\/\/aboriginal-australia.art\/en\/wp-json\/wp\/v2\/media\/7446"}],"wp:attachment":[{"href":"https:\/\/aboriginal-australia.art\/en\/wp-json\/wp\/v2\/media?parent=7394"}],"wp:term":[{"taxonomy":"product_brand","embeddable":true,"href":"https:\/\/aboriginal-australia.art\/en\/wp-json\/wp\/v2\/product_brand?post=7394"},{"taxonomy":"product_cat","embeddable":true,"href":"https:\/\/aboriginal-australia.art\/en\/wp-json\/wp\/v2\/product_cat?post=7394"},{"taxonomy":"product_tag","embeddable":true,"href":"https:\/\/aboriginal-australia.art\/en\/wp-json\/wp\/v2\/product_tag?post=7394"}],"curies":[{"name":"wp","href":"https:\/\/api.w.org\/{rel}","templated":true}]}}