{"id":7388,"date":"2026-01-14T20:10:34","date_gmt":"2026-01-14T19:10:34","guid":{"rendered":"https:\/\/aboriginal-australia.art\/?post_type=product&#038;p=7388"},"modified":"2026-01-19T18:34:48","modified_gmt":"2026-01-19T17:34:48","slug":"kobiece-sprawy-zbieranie-pozywienia-womens-story-bush-tucker-2","status":"publish","type":"product","link":"https:\/\/aboriginal-australia.art\/en\/p\/kobiece-sprawy-zbieranie-pozywienia-womens-story-bush-tucker-2\/","title":{"rendered":"Marcia Reid &#8211; Kobiece sprawy \u2013 Zbieranie po\u017cywienia \/ Women\u2019s story \u2013 Bush Tucker"},"content":{"rendered":"<p>Obraz przedstawia histori\u0119 kobiety \u2013 zbiory \u017cywno\u015bci. W Czasie Kreacji (Czas Stworzenia Dreamtime) Przodkowie z ludu Pintupi uczyli zbiera\u0107 jedzenie i odprawia\u0107 ceremonie. Dawali te\u017c ludziom Pintupi prawa i zwyczaje. Latem kobiety, w towarzystwie dzieci, zbieraj\u0105 owoce i odprawiaj\u0105 ceremonie \u2013 wzmacniaj\u0105c swoj\u0105 wi\u0119\u017a z ziemi\u0105. Maluj\u0105 te\u017c swoje cia\u0142a wzorami, \u015bpiewaj\u0105 i ta\u0144cz\u0105.<\/p>\n<p>Marcia przedstawi\u0142a t\u0119 histori\u0119 w tradycyjnych kolorach i ikonografii Pintupi. Kr\u0119gi koncentryczne reprezentuj\u0105 \u015bwi\u0119te miejsca kobiet, takie jak zag\u0142\u0119bienia skalne i inne miejsca Stworzenia z czas\u00f3w Dreamtime. W centrum tego obrazu przedstawione s\u0105 kobiety. Kszta\u0142ty litery &#8222;U&#8221; oznaczaj\u0105 kobiety zbieraj\u0105ce jedzenie z buszu \u2013 s\u0142odkie dzikie ziemniaki, pomidory, pomara\u0144cze itd. Linie wygi\u0119te z liter\u0105 &#8222;U&#8221; na ko\u0144cach symbolizuj\u0105 kobiety zbieraj\u0105ce i miel\u0105ce tyto\u0144 z buszu. T\u0119czowy kszta\u0142t symbolizuje nagie kobiety ta\u0144cz\u0105ce dla m\u0119\u017cczyzn, a du\u017ce litery &#8222;U&#8221; oznaczaj\u0105 ska\u0142y i piaszczyste wzg\u00f3rza. Kraj jest widziany z perspektywy lotu ptaka i ukazuje sezonowe zmiany ro\u015bliny na r\u00f3\u017cnych etapach wzrostu. Jej prace s\u0105 reprezentowane w kolekcjach australijskich i zagranicznych.<\/p>","protected":false},"excerpt":{"rendered":"<p>Obraz przedstawia histori\u0119 kobiety \u2013 zbiory \u017cywno\u015bci. W Czasie Kreacji (Czas Stworzenia Dreamtime) Przodkowie z ludu Pintupi uczyli zbiera\u0107 jedzenie i odprawia\u0107 ceremonie. Dawali te\u017c ludziom Pintupi prawa i zwyczaje. Latem kobiety, w towarzystwie dzieci, zbieraj\u0105 owoce i odprawiaj\u0105 ceremonie \u2013 wzmacniaj\u0105c swoj\u0105 wi\u0119\u017a z ziemi\u0105. Maluj\u0105 te\u017c swoje cia\u0142a wzorami, \u015bpiewaj\u0105 i ta\u0144cz\u0105. Marcia [&hellip;]<\/p>\n","protected":false},"featured_media":7392,"comment_status":"open","ping_status":"closed","template":"","meta":{"_acf_changed":false},"product_brand":[],"product_cat":[70],"product_tag":[80],"class_list":{"0":"post-7388","1":"product","2":"type-product","3":"status-publish","4":"has-post-thumbnail","6":"product_cat-marcia-reid","7":"product_tag-mrn-010423","9":"first","10":"instock","11":"shipping-taxable","12":"purchasable","13":"product-type-simple"},"acf":[],"yoast_head":"<!-- This site is optimized with the Yoast SEO plugin v27.3 - https:\/\/yoast.com\/product\/yoast-seo-wordpress\/ -->\n<title>Marcia Reid - Kobiece sprawy \u2013 Zbieranie po\u017cywienia \/ Women\u2019s story \u2013 Bush Tucker - Aboriginal Australia<\/title>\n<meta name=\"robots\" content=\"index, follow, max-snippet:-1, max-image-preview:large, max-video-preview:-1\" \/>\n<link rel=\"canonical\" href=\"https:\/\/aboriginal-australia.art\/en\/p\/kobiece-sprawy-zbieranie-pozywienia-womens-story-bush-tucker-2\/\" \/>\n<meta property=\"og:locale\" content=\"en_US\" \/>\n<meta property=\"og:type\" content=\"article\" \/>\n<meta property=\"og:title\" content=\"Marcia Reid - Kobiece sprawy \u2013 Zbieranie po\u017cywienia \/ Women\u2019s story \u2013 Bush Tucker - Aboriginal Australia\" \/>\n<meta property=\"og:description\" content=\"Obraz przedstawia histori\u0119 kobiety \u2013 zbiory \u017cywno\u015bci. W Czasie Kreacji (Czas Stworzenia Dreamtime) Przodkowie z ludu Pintupi uczyli zbiera\u0107 jedzenie i odprawia\u0107 ceremonie. Dawali te\u017c ludziom Pintupi prawa i zwyczaje. Latem kobiety, w towarzystwie dzieci, zbieraj\u0105 owoce i odprawiaj\u0105 ceremonie \u2013 wzmacniaj\u0105c swoj\u0105 wi\u0119\u017a z ziemi\u0105. Maluj\u0105 te\u017c swoje cia\u0142a wzorami, \u015bpiewaj\u0105 i ta\u0144cz\u0105. Marcia [&hellip;]\" \/>\n<meta property=\"og:url\" content=\"https:\/\/aboriginal-australia.art\/en\/p\/kobiece-sprawy-zbieranie-pozywienia-womens-story-bush-tucker-2\/\" \/>\n<meta property=\"og:site_name\" content=\"Aboriginal Australia\" \/>\n<meta property=\"article:modified_time\" content=\"2026-01-19T17:34:48+00:00\" \/>\n<meta property=\"og:image\" content=\"https:\/\/aboriginal-australia.art\/wp-content\/uploads\/2026\/01\/MRN-010423-70x94-Marcia-Reid-1.jpg\" \/>\n\t<meta property=\"og:image:width\" content=\"1508\" \/>\n\t<meta property=\"og:image:height\" content=\"2048\" \/>\n\t<meta property=\"og:image:type\" content=\"image\/jpeg\" \/>\n<script type=\"application\/ld+json\" class=\"yoast-schema-graph\">{\"@context\":\"https:\\\/\\\/schema.org\",\"@graph\":[{\"@type\":\"WebPage\",\"@id\":\"https:\\\/\\\/aboriginal-australia.art\\\/p\\\/kobiece-sprawy-zbieranie-pozywienia-womens-story-bush-tucker-2\\\/\",\"url\":\"https:\\\/\\\/aboriginal-australia.art\\\/p\\\/kobiece-sprawy-zbieranie-pozywienia-womens-story-bush-tucker-2\\\/\",\"name\":\"Marcia Reid - Kobiece sprawy \u2013 Zbieranie po\u017cywienia \\\/ Women\u2019s story \u2013 Bush Tucker - Aboriginal Australia\",\"isPartOf\":{\"@id\":\"https:\\\/\\\/aboriginal-australia.art\\\/#website\"},\"primaryImageOfPage\":{\"@id\":\"https:\\\/\\\/aboriginal-australia.art\\\/p\\\/kobiece-sprawy-zbieranie-pozywienia-womens-story-bush-tucker-2\\\/#primaryimage\"},\"image\":{\"@id\":\"https:\\\/\\\/aboriginal-australia.art\\\/p\\\/kobiece-sprawy-zbieranie-pozywienia-womens-story-bush-tucker-2\\\/#primaryimage\"},\"thumbnailUrl\":\"https:\\\/\\\/aboriginal-australia.art\\\/wp-content\\\/uploads\\\/2026\\\/01\\\/MRN-010423-70x94-Marcia-Reid-1.jpg\",\"datePublished\":\"2026-01-14T19:10:34+00:00\",\"dateModified\":\"2026-01-19T17:34:48+00:00\",\"breadcrumb\":{\"@id\":\"https:\\\/\\\/aboriginal-australia.art\\\/p\\\/kobiece-sprawy-zbieranie-pozywienia-womens-story-bush-tucker-2\\\/#breadcrumb\"},\"inLanguage\":\"en-US\",\"potentialAction\":[{\"@type\":\"ReadAction\",\"target\":[\"https:\\\/\\\/aboriginal-australia.art\\\/p\\\/kobiece-sprawy-zbieranie-pozywienia-womens-story-bush-tucker-2\\\/\"]}]},{\"@type\":\"ImageObject\",\"inLanguage\":\"en-US\",\"@id\":\"https:\\\/\\\/aboriginal-australia.art\\\/p\\\/kobiece-sprawy-zbieranie-pozywienia-womens-story-bush-tucker-2\\\/#primaryimage\",\"url\":\"https:\\\/\\\/aboriginal-australia.art\\\/wp-content\\\/uploads\\\/2026\\\/01\\\/MRN-010423-70x94-Marcia-Reid-1.jpg\",\"contentUrl\":\"https:\\\/\\\/aboriginal-australia.art\\\/wp-content\\\/uploads\\\/2026\\\/01\\\/MRN-010423-70x94-Marcia-Reid-1.jpg\",\"width\":1508,\"height\":2048},{\"@type\":\"BreadcrumbList\",\"@id\":\"https:\\\/\\\/aboriginal-australia.art\\\/p\\\/kobiece-sprawy-zbieranie-pozywienia-womens-story-bush-tucker-2\\\/#breadcrumb\",\"itemListElement\":[{\"@type\":\"ListItem\",\"position\":1,\"name\":\"Strona g\u0142\u00f3wna\",\"item\":\"https:\\\/\\\/aboriginal-australia.art\\\/\"},{\"@type\":\"ListItem\",\"position\":2,\"name\":\"Products\",\"item\":\"https:\\\/\\\/aboriginal-australia.art\\\/en\\\/shop\\\/\"},{\"@type\":\"ListItem\",\"position\":3,\"name\":\"Marcia Reid &#8211; Kobiece sprawy \u2013 Zbieranie po\u017cywienia \\\/ Women\u2019s story \u2013 Bush Tucker\"}]},{\"@type\":\"WebSite\",\"@id\":\"https:\\\/\\\/aboriginal-australia.art\\\/#website\",\"url\":\"https:\\\/\\\/aboriginal-australia.art\\\/\",\"name\":\"Aboriginal Australia\",\"description\":\"\",\"potentialAction\":[{\"@type\":\"SearchAction\",\"target\":{\"@type\":\"EntryPoint\",\"urlTemplate\":\"https:\\\/\\\/aboriginal-australia.art\\\/?s={search_term_string}\"},\"query-input\":{\"@type\":\"PropertyValueSpecification\",\"valueRequired\":true,\"valueName\":\"search_term_string\"}}],\"inLanguage\":\"en-US\"}]}<\/script>\n<!-- \/ Yoast SEO plugin. -->","yoast_head_json":{"title":"Marcia Reid - Kobiece sprawy \u2013 Zbieranie po\u017cywienia \/ Women\u2019s story \u2013 Bush Tucker - Aboriginal Australia","robots":{"index":"index","follow":"follow","max-snippet":"max-snippet:-1","max-image-preview":"max-image-preview:large","max-video-preview":"max-video-preview:-1"},"canonical":"https:\/\/aboriginal-australia.art\/en\/p\/kobiece-sprawy-zbieranie-pozywienia-womens-story-bush-tucker-2\/","og_locale":"en_US","og_type":"article","og_title":"Marcia Reid - Kobiece sprawy \u2013 Zbieranie po\u017cywienia \/ Women\u2019s story \u2013 Bush Tucker - Aboriginal Australia","og_description":"Obraz przedstawia histori\u0119 kobiety \u2013 zbiory \u017cywno\u015bci. W Czasie Kreacji (Czas Stworzenia Dreamtime) Przodkowie z ludu Pintupi uczyli zbiera\u0107 jedzenie i odprawia\u0107 ceremonie. Dawali te\u017c ludziom Pintupi prawa i zwyczaje. Latem kobiety, w towarzystwie dzieci, zbieraj\u0105 owoce i odprawiaj\u0105 ceremonie \u2013 wzmacniaj\u0105c swoj\u0105 wi\u0119\u017a z ziemi\u0105. Maluj\u0105 te\u017c swoje cia\u0142a wzorami, \u015bpiewaj\u0105 i ta\u0144cz\u0105. Marcia [&hellip;]","og_url":"https:\/\/aboriginal-australia.art\/en\/p\/kobiece-sprawy-zbieranie-pozywienia-womens-story-bush-tucker-2\/","og_site_name":"Aboriginal Australia","article_modified_time":"2026-01-19T17:34:48+00:00","og_image":[{"width":1508,"height":2048,"url":"https:\/\/aboriginal-australia.art\/wp-content\/uploads\/2026\/01\/MRN-010423-70x94-Marcia-Reid-1.jpg","type":"image\/jpeg"}],"schema":{"@context":"https:\/\/schema.org","@graph":[{"@type":"WebPage","@id":"https:\/\/aboriginal-australia.art\/p\/kobiece-sprawy-zbieranie-pozywienia-womens-story-bush-tucker-2\/","url":"https:\/\/aboriginal-australia.art\/p\/kobiece-sprawy-zbieranie-pozywienia-womens-story-bush-tucker-2\/","name":"Marcia Reid - Kobiece sprawy \u2013 Zbieranie po\u017cywienia \/ Women\u2019s story \u2013 Bush Tucker - Aboriginal Australia","isPartOf":{"@id":"https:\/\/aboriginal-australia.art\/#website"},"primaryImageOfPage":{"@id":"https:\/\/aboriginal-australia.art\/p\/kobiece-sprawy-zbieranie-pozywienia-womens-story-bush-tucker-2\/#primaryimage"},"image":{"@id":"https:\/\/aboriginal-australia.art\/p\/kobiece-sprawy-zbieranie-pozywienia-womens-story-bush-tucker-2\/#primaryimage"},"thumbnailUrl":"https:\/\/aboriginal-australia.art\/wp-content\/uploads\/2026\/01\/MRN-010423-70x94-Marcia-Reid-1.jpg","datePublished":"2026-01-14T19:10:34+00:00","dateModified":"2026-01-19T17:34:48+00:00","breadcrumb":{"@id":"https:\/\/aboriginal-australia.art\/p\/kobiece-sprawy-zbieranie-pozywienia-womens-story-bush-tucker-2\/#breadcrumb"},"inLanguage":"en-US","potentialAction":[{"@type":"ReadAction","target":["https:\/\/aboriginal-australia.art\/p\/kobiece-sprawy-zbieranie-pozywienia-womens-story-bush-tucker-2\/"]}]},{"@type":"ImageObject","inLanguage":"en-US","@id":"https:\/\/aboriginal-australia.art\/p\/kobiece-sprawy-zbieranie-pozywienia-womens-story-bush-tucker-2\/#primaryimage","url":"https:\/\/aboriginal-australia.art\/wp-content\/uploads\/2026\/01\/MRN-010423-70x94-Marcia-Reid-1.jpg","contentUrl":"https:\/\/aboriginal-australia.art\/wp-content\/uploads\/2026\/01\/MRN-010423-70x94-Marcia-Reid-1.jpg","width":1508,"height":2048},{"@type":"BreadcrumbList","@id":"https:\/\/aboriginal-australia.art\/p\/kobiece-sprawy-zbieranie-pozywienia-womens-story-bush-tucker-2\/#breadcrumb","itemListElement":[{"@type":"ListItem","position":1,"name":"Strona g\u0142\u00f3wna","item":"https:\/\/aboriginal-australia.art\/"},{"@type":"ListItem","position":2,"name":"Products","item":"https:\/\/aboriginal-australia.art\/en\/shop\/"},{"@type":"ListItem","position":3,"name":"Marcia Reid &#8211; Kobiece sprawy \u2013 Zbieranie po\u017cywienia \/ Women\u2019s story \u2013 Bush Tucker"}]},{"@type":"WebSite","@id":"https:\/\/aboriginal-australia.art\/#website","url":"https:\/\/aboriginal-australia.art\/","name":"Aboriginal Australia","description":"","potentialAction":[{"@type":"SearchAction","target":{"@type":"EntryPoint","urlTemplate":"https:\/\/aboriginal-australia.art\/?s={search_term_string}"},"query-input":{"@type":"PropertyValueSpecification","valueRequired":true,"valueName":"search_term_string"}}],"inLanguage":"en-US"}]}},"_links":{"self":[{"href":"https:\/\/aboriginal-australia.art\/en\/wp-json\/wp\/v2\/product\/7388","targetHints":{"allow":["GET"]}}],"collection":[{"href":"https:\/\/aboriginal-australia.art\/en\/wp-json\/wp\/v2\/product"}],"about":[{"href":"https:\/\/aboriginal-australia.art\/en\/wp-json\/wp\/v2\/types\/product"}],"replies":[{"embeddable":true,"href":"https:\/\/aboriginal-australia.art\/en\/wp-json\/wp\/v2\/comments?post=7388"}],"version-history":[{"count":2,"href":"https:\/\/aboriginal-australia.art\/en\/wp-json\/wp\/v2\/product\/7388\/revisions"}],"predecessor-version":[{"id":7868,"href":"https:\/\/aboriginal-australia.art\/en\/wp-json\/wp\/v2\/product\/7388\/revisions\/7868"}],"wp:featuredmedia":[{"embeddable":true,"href":"https:\/\/aboriginal-australia.art\/en\/wp-json\/wp\/v2\/media\/7392"}],"wp:attachment":[{"href":"https:\/\/aboriginal-australia.art\/en\/wp-json\/wp\/v2\/media?parent=7388"}],"wp:term":[{"taxonomy":"product_brand","embeddable":true,"href":"https:\/\/aboriginal-australia.art\/en\/wp-json\/wp\/v2\/product_brand?post=7388"},{"taxonomy":"product_cat","embeddable":true,"href":"https:\/\/aboriginal-australia.art\/en\/wp-json\/wp\/v2\/product_cat?post=7388"},{"taxonomy":"product_tag","embeddable":true,"href":"https:\/\/aboriginal-australia.art\/en\/wp-json\/wp\/v2\/product_tag?post=7388"}],"curies":[{"name":"wp","href":"https:\/\/api.w.org\/{rel}","templated":true}]}}