{"id":7354,"date":"2026-01-14T14:32:17","date_gmt":"2026-01-14T13:32:17","guid":{"rendered":"https:\/\/aboriginal-australia.art\/?post_type=product&#038;p=7354"},"modified":"2026-01-19T18:38:08","modified_gmt":"2026-01-19T17:38:08","slug":"7354","status":"publish","type":"product","link":"https:\/\/aboriginal-australia.art\/en\/p\/7354\/","title":{"rendered":"Thomas Tjapalltjari &#8211; Cykl Tingari \/ Tingari Cycle"},"content":{"rendered":"<p>Obraz przedstawia motywy zwi\u0105zane z okolicami s\u0142onego jeziora Mackay. W mitycznym Czasie Stwarzania grupa m\u0119\u017cczyzn Tingari w\u0119drowa\u0142a do tego miejsca. Tingari byli Istotami Przodk\u00f3w, kt\u00f3rzy w\u0119druj\u0105c po pustyni tworzyli ukszta\u0142towanie terenu, odprawiali rytua\u0142y oraz stworzyli zwierz\u0119ta oraz ludzi. Nast\u0119pnie nadali prawa i nauczali o nich ludy Pintupi. Byli r\u00f3wnie\u017c odpowiedzialni za ceremonie inicjacji m\u0142odych ch\u0142opc\u00f3w w okre\u015blonych miejscach. Ze wzgl\u0119du na sakraln\u0105 i sekretn\u0105 natur\u0119 tematu pe\u0142ne znaczenie tego obrazu nie mo\u017ce zosta\u0107 ujawnione.<\/p>\n<p>Thomas Tjalpaltjarri (1964-2024) przedstawi\u0142 t\u0119 histori\u0119 za pomoc\u0105 prostych kszta\u0142t\u00f3w budowanych przerywanymi liniami. Jego paleta, podobnie jak wi\u0119kszo\u015bci artyst\u00f3w Pintupi, ogranicza si\u0119 do kolor\u00f3w ziemi: czarnego, bia\u0142ego, \u017c\u00f3\u0142tego i czerwonego. Autor urodzi\u0142 si\u0119 ok. 1964 roku. Wraz z rodzin\u0105 prowadzi\u0142 tradycyjny, koczowniczy tryb \u017cycia po zachodniej stronie jeziora Mackay a\u017c do 1984 roku. Byli \u201eostatnimi dziewi\u0119cioma Aborygenami nomadami\u201d, kt\u00f3rzy zetkn\u0119li si\u0119 z cywilizacj\u0105 europejsk\u0105.<\/p>\n<p>Thomas Tjalpaltjarri, podobnie jak jego \u017cyj\u0105cy brat Walala, nale\u017ca\u0142 do starszyzny i cieszy\u0142 si\u0119 szacunkiem ze wzgl\u0119du na tradycyjn\u0105 wiedz\u0119, kt\u00f3r\u0105 dysponowa\u0142 i na sw\u00f3j dorobek artystyczny. Jego prace znajduj\u0105 si\u0119 w zbiorach australijskich i zagranicznych.<\/p>","protected":false},"excerpt":{"rendered":"<p>Obraz przedstawia motywy zwi\u0105zane z okolicami s\u0142onego jeziora Mackay. W mitycznym Czasie Stwarzania grupa m\u0119\u017cczyzn Tingari w\u0119drowa\u0142a do tego miejsca. Tingari byli Istotami Przodk\u00f3w, kt\u00f3rzy w\u0119druj\u0105c po pustyni tworzyli ukszta\u0142towanie terenu, odprawiali rytua\u0142y oraz stworzyli zwierz\u0119ta oraz ludzi. Nast\u0119pnie nadali prawa i nauczali o nich ludy Pintupi. Byli r\u00f3wnie\u017c odpowiedzialni za ceremonie inicjacji m\u0142odych ch\u0142opc\u00f3w w okre\u015blonych miejscach. Ze wzgl\u0119du na sakraln\u0105 i sekretn\u0105 natur\u0119 tematu pe\u0142ne znaczenie tego obrazu nie mo\u017ce zosta\u0107 ujawnione.<\/p>\n<p>Thomas Tjalpaltjarri (1964-2024) przedstawi\u0142 t\u0119 histori\u0119 za pomoc\u0105 prostych kszta\u0142t\u00f3w budowanych przerywanymi liniami. Jego paleta, podobnie jak wi\u0119kszo\u015bci artyst\u00f3w Pintupi, ogranicza si\u0119 do kolor\u00f3w ziemi: czarnego, bia\u0142ego, \u017c\u00f3\u0142tego i czerwonego. Autor urodzi\u0142 si\u0119 ok. 1964 roku. Wraz z rodzin\u0105 prowadzi\u0142 tradycyjny, koczowniczy tryb \u017cycia po zachodniej stronie jeziora Mackay a\u017c do 1984 roku. Byli \u201eostatnimi dziewi\u0119cioma Aborygenami nomadami\u201d, kt\u00f3rzy zetkn\u0119li si\u0119 z cywilizacj\u0105 europejsk\u0105.<\/p>\n<p>Thomas Tjalpaltjarri, podobnie jak jego \u017cyj\u0105cy brat Walala, nale\u017ca\u0142 do starszyzny i cieszy\u0142 si\u0119 szacunkiem ze wzgl\u0119du na tradycyjn\u0105 wiedz\u0119, kt\u00f3r\u0105 dysponowa\u0142 i na sw\u00f3j dorobek artystyczny. Jego prace znajduj\u0105 si\u0119 w zbiorach australijskich i zagranicznych.<\/p>","protected":false},"featured_media":7355,"comment_status":"open","ping_status":"closed","template":"","meta":{"_acf_changed":false},"product_brand":[],"product_cat":[32],"product_tag":[107,106],"class_list":{"0":"post-7354","1":"product","2":"type-product","3":"status-publish","4":"has-post-thumbnail","6":"product_cat-thomas-tjapaltjarri","7":"product_tag-126-x-180-cm","8":"product_tag-tt-020323","10":"first","11":"instock","12":"shipping-taxable","13":"purchasable","14":"product-type-simple"},"acf":[],"yoast_head":"<!-- This site is optimized with the Yoast SEO plugin v27.3 - https:\/\/yoast.com\/product\/yoast-seo-wordpress\/ -->\n<title>Thomas Tjapalltjari - Cykl Tingari \/ Tingari Cycle - Aboriginal Australia<\/title>\n<meta name=\"robots\" content=\"index, follow, max-snippet:-1, max-image-preview:large, max-video-preview:-1\" \/>\n<link rel=\"canonical\" href=\"https:\/\/aboriginal-australia.art\/en\/p\/7354\/\" \/>\n<meta property=\"og:locale\" content=\"en_US\" \/>\n<meta property=\"og:type\" content=\"article\" \/>\n<meta property=\"og:title\" content=\"Thomas Tjapalltjari - Cykl Tingari \/ Tingari Cycle - Aboriginal Australia\" \/>\n<meta property=\"og:description\" content=\"Obraz przedstawia motywy zwi\u0105zane z okolicami s\u0142onego jeziora Mackay. W mitycznym Czasie Stwarzania grupa m\u0119\u017cczyzn Tingari w\u0119drowa\u0142a do tego miejsca. Tingari byli Istotami Przodk\u00f3w, kt\u00f3rzy w\u0119druj\u0105c po pustyni tworzyli ukszta\u0142towanie terenu, odprawiali rytua\u0142y oraz stworzyli zwierz\u0119ta oraz ludzi. Nast\u0119pnie nadali prawa i nauczali o nich ludy Pintupi. Byli r\u00f3wnie\u017c odpowiedzialni za ceremonie inicjacji m\u0142odych ch\u0142opc\u00f3w w okre\u015blonych miejscach. Ze wzgl\u0119du na sakraln\u0105 i sekretn\u0105 natur\u0119 tematu pe\u0142ne znaczenie tego obrazu nie mo\u017ce zosta\u0107 ujawnione.  Thomas Tjalpaltjarri (1964-2024) przedstawi\u0142 t\u0119 histori\u0119 za pomoc\u0105 prostych kszta\u0142t\u00f3w budowanych przerywanymi liniami. Jego paleta, podobnie jak wi\u0119kszo\u015bci artyst\u00f3w Pintupi, ogranicza si\u0119 do kolor\u00f3w ziemi: czarnego, bia\u0142ego, \u017c\u00f3\u0142tego i czerwonego. Autor urodzi\u0142 si\u0119 ok. 1964 roku. Wraz z rodzin\u0105 prowadzi\u0142 tradycyjny, koczowniczy tryb \u017cycia po zachodniej stronie jeziora Mackay a\u017c do 1984 roku. Byli \u201eostatnimi dziewi\u0119cioma Aborygenami nomadami\u201d, kt\u00f3rzy zetkn\u0119li si\u0119 z cywilizacj\u0105 europejsk\u0105.  Thomas Tjalpaltjarri, podobnie jak jego \u017cyj\u0105cy brat Walala, nale\u017ca\u0142 do starszyzny i cieszy\u0142 si\u0119 szacunkiem ze wzgl\u0119du na tradycyjn\u0105 wiedz\u0119, kt\u00f3r\u0105 dysponowa\u0142 i na sw\u00f3j dorobek artystyczny. Jego prace znajduj\u0105 si\u0119 w zbiorach australijskich i zagranicznych.\" \/>\n<meta property=\"og:url\" content=\"https:\/\/aboriginal-australia.art\/en\/p\/7354\/\" \/>\n<meta property=\"og:site_name\" content=\"Aboriginal Australia\" \/>\n<meta property=\"article:modified_time\" content=\"2026-01-19T17:38:08+00:00\" \/>\n<meta property=\"og:image\" content=\"https:\/\/aboriginal-australia.art\/wp-content\/uploads\/2026\/01\/TT-020323-126x180-1.jpg\" \/>\n\t<meta property=\"og:image:width\" content=\"1448\" \/>\n\t<meta property=\"og:image:height\" content=\"2048\" \/>\n\t<meta property=\"og:image:type\" content=\"image\/jpeg\" \/>\n<script type=\"application\/ld+json\" class=\"yoast-schema-graph\">{\"@context\":\"https:\\\/\\\/schema.org\",\"@graph\":[{\"@type\":\"WebPage\",\"@id\":\"https:\\\/\\\/aboriginal-australia.art\\\/p\\\/7354\\\/\",\"url\":\"https:\\\/\\\/aboriginal-australia.art\\\/p\\\/7354\\\/\",\"name\":\"Thomas Tjapalltjari - Cykl Tingari \\\/ Tingari Cycle - Aboriginal Australia\",\"isPartOf\":{\"@id\":\"https:\\\/\\\/aboriginal-australia.art\\\/#website\"},\"primaryImageOfPage\":{\"@id\":\"https:\\\/\\\/aboriginal-australia.art\\\/p\\\/7354\\\/#primaryimage\"},\"image\":{\"@id\":\"https:\\\/\\\/aboriginal-australia.art\\\/p\\\/7354\\\/#primaryimage\"},\"thumbnailUrl\":\"https:\\\/\\\/aboriginal-australia.art\\\/wp-content\\\/uploads\\\/2026\\\/01\\\/TT-020323-126x180-1.jpg\",\"datePublished\":\"2026-01-14T13:32:17+00:00\",\"dateModified\":\"2026-01-19T17:38:08+00:00\",\"breadcrumb\":{\"@id\":\"https:\\\/\\\/aboriginal-australia.art\\\/p\\\/7354\\\/#breadcrumb\"},\"inLanguage\":\"en-US\",\"potentialAction\":[{\"@type\":\"ReadAction\",\"target\":[\"https:\\\/\\\/aboriginal-australia.art\\\/p\\\/7354\\\/\"]}]},{\"@type\":\"ImageObject\",\"inLanguage\":\"en-US\",\"@id\":\"https:\\\/\\\/aboriginal-australia.art\\\/p\\\/7354\\\/#primaryimage\",\"url\":\"https:\\\/\\\/aboriginal-australia.art\\\/wp-content\\\/uploads\\\/2026\\\/01\\\/TT-020323-126x180-1.jpg\",\"contentUrl\":\"https:\\\/\\\/aboriginal-australia.art\\\/wp-content\\\/uploads\\\/2026\\\/01\\\/TT-020323-126x180-1.jpg\",\"width\":1448,\"height\":2048},{\"@type\":\"BreadcrumbList\",\"@id\":\"https:\\\/\\\/aboriginal-australia.art\\\/p\\\/7354\\\/#breadcrumb\",\"itemListElement\":[{\"@type\":\"ListItem\",\"position\":1,\"name\":\"Strona g\u0142\u00f3wna\",\"item\":\"https:\\\/\\\/aboriginal-australia.art\\\/\"},{\"@type\":\"ListItem\",\"position\":2,\"name\":\"Products\",\"item\":\"https:\\\/\\\/aboriginal-australia.art\\\/en\\\/shop\\\/\"},{\"@type\":\"ListItem\",\"position\":3,\"name\":\"Thomas Tjapalltjari &#8211; Cykl Tingari \\\/ Tingari Cycle\"}]},{\"@type\":\"WebSite\",\"@id\":\"https:\\\/\\\/aboriginal-australia.art\\\/#website\",\"url\":\"https:\\\/\\\/aboriginal-australia.art\\\/\",\"name\":\"Aboriginal Australia\",\"description\":\"\",\"potentialAction\":[{\"@type\":\"SearchAction\",\"target\":{\"@type\":\"EntryPoint\",\"urlTemplate\":\"https:\\\/\\\/aboriginal-australia.art\\\/?s={search_term_string}\"},\"query-input\":{\"@type\":\"PropertyValueSpecification\",\"valueRequired\":true,\"valueName\":\"search_term_string\"}}],\"inLanguage\":\"en-US\"}]}<\/script>\n<!-- \/ Yoast SEO plugin. -->","yoast_head_json":{"title":"Thomas Tjapalltjari - Cykl Tingari \/ Tingari Cycle - Aboriginal Australia","robots":{"index":"index","follow":"follow","max-snippet":"max-snippet:-1","max-image-preview":"max-image-preview:large","max-video-preview":"max-video-preview:-1"},"canonical":"https:\/\/aboriginal-australia.art\/en\/p\/7354\/","og_locale":"en_US","og_type":"article","og_title":"Thomas Tjapalltjari - Cykl Tingari \/ Tingari Cycle - Aboriginal Australia","og_description":"Obraz przedstawia motywy zwi\u0105zane z okolicami s\u0142onego jeziora Mackay. W mitycznym Czasie Stwarzania grupa m\u0119\u017cczyzn Tingari w\u0119drowa\u0142a do tego miejsca. Tingari byli Istotami Przodk\u00f3w, kt\u00f3rzy w\u0119druj\u0105c po pustyni tworzyli ukszta\u0142towanie terenu, odprawiali rytua\u0142y oraz stworzyli zwierz\u0119ta oraz ludzi. Nast\u0119pnie nadali prawa i nauczali o nich ludy Pintupi. Byli r\u00f3wnie\u017c odpowiedzialni za ceremonie inicjacji m\u0142odych ch\u0142opc\u00f3w w okre\u015blonych miejscach. Ze wzgl\u0119du na sakraln\u0105 i sekretn\u0105 natur\u0119 tematu pe\u0142ne znaczenie tego obrazu nie mo\u017ce zosta\u0107 ujawnione.  Thomas Tjalpaltjarri (1964-2024) przedstawi\u0142 t\u0119 histori\u0119 za pomoc\u0105 prostych kszta\u0142t\u00f3w budowanych przerywanymi liniami. Jego paleta, podobnie jak wi\u0119kszo\u015bci artyst\u00f3w Pintupi, ogranicza si\u0119 do kolor\u00f3w ziemi: czarnego, bia\u0142ego, \u017c\u00f3\u0142tego i czerwonego. Autor urodzi\u0142 si\u0119 ok. 1964 roku. Wraz z rodzin\u0105 prowadzi\u0142 tradycyjny, koczowniczy tryb \u017cycia po zachodniej stronie jeziora Mackay a\u017c do 1984 roku. Byli \u201eostatnimi dziewi\u0119cioma Aborygenami nomadami\u201d, kt\u00f3rzy zetkn\u0119li si\u0119 z cywilizacj\u0105 europejsk\u0105.  Thomas Tjalpaltjarri, podobnie jak jego \u017cyj\u0105cy brat Walala, nale\u017ca\u0142 do starszyzny i cieszy\u0142 si\u0119 szacunkiem ze wzgl\u0119du na tradycyjn\u0105 wiedz\u0119, kt\u00f3r\u0105 dysponowa\u0142 i na sw\u00f3j dorobek artystyczny. Jego prace znajduj\u0105 si\u0119 w zbiorach australijskich i zagranicznych.","og_url":"https:\/\/aboriginal-australia.art\/en\/p\/7354\/","og_site_name":"Aboriginal Australia","article_modified_time":"2026-01-19T17:38:08+00:00","og_image":[{"width":1448,"height":2048,"url":"https:\/\/aboriginal-australia.art\/wp-content\/uploads\/2026\/01\/TT-020323-126x180-1.jpg","type":"image\/jpeg"}],"schema":{"@context":"https:\/\/schema.org","@graph":[{"@type":"WebPage","@id":"https:\/\/aboriginal-australia.art\/p\/7354\/","url":"https:\/\/aboriginal-australia.art\/p\/7354\/","name":"Thomas Tjapalltjari - Cykl Tingari \/ Tingari Cycle - Aboriginal Australia","isPartOf":{"@id":"https:\/\/aboriginal-australia.art\/#website"},"primaryImageOfPage":{"@id":"https:\/\/aboriginal-australia.art\/p\/7354\/#primaryimage"},"image":{"@id":"https:\/\/aboriginal-australia.art\/p\/7354\/#primaryimage"},"thumbnailUrl":"https:\/\/aboriginal-australia.art\/wp-content\/uploads\/2026\/01\/TT-020323-126x180-1.jpg","datePublished":"2026-01-14T13:32:17+00:00","dateModified":"2026-01-19T17:38:08+00:00","breadcrumb":{"@id":"https:\/\/aboriginal-australia.art\/p\/7354\/#breadcrumb"},"inLanguage":"en-US","potentialAction":[{"@type":"ReadAction","target":["https:\/\/aboriginal-australia.art\/p\/7354\/"]}]},{"@type":"ImageObject","inLanguage":"en-US","@id":"https:\/\/aboriginal-australia.art\/p\/7354\/#primaryimage","url":"https:\/\/aboriginal-australia.art\/wp-content\/uploads\/2026\/01\/TT-020323-126x180-1.jpg","contentUrl":"https:\/\/aboriginal-australia.art\/wp-content\/uploads\/2026\/01\/TT-020323-126x180-1.jpg","width":1448,"height":2048},{"@type":"BreadcrumbList","@id":"https:\/\/aboriginal-australia.art\/p\/7354\/#breadcrumb","itemListElement":[{"@type":"ListItem","position":1,"name":"Strona g\u0142\u00f3wna","item":"https:\/\/aboriginal-australia.art\/"},{"@type":"ListItem","position":2,"name":"Products","item":"https:\/\/aboriginal-australia.art\/en\/shop\/"},{"@type":"ListItem","position":3,"name":"Thomas Tjapalltjari &#8211; Cykl Tingari \/ Tingari Cycle"}]},{"@type":"WebSite","@id":"https:\/\/aboriginal-australia.art\/#website","url":"https:\/\/aboriginal-australia.art\/","name":"Aboriginal Australia","description":"","potentialAction":[{"@type":"SearchAction","target":{"@type":"EntryPoint","urlTemplate":"https:\/\/aboriginal-australia.art\/?s={search_term_string}"},"query-input":{"@type":"PropertyValueSpecification","valueRequired":true,"valueName":"search_term_string"}}],"inLanguage":"en-US"}]}},"_links":{"self":[{"href":"https:\/\/aboriginal-australia.art\/en\/wp-json\/wp\/v2\/product\/7354","targetHints":{"allow":["GET"]}}],"collection":[{"href":"https:\/\/aboriginal-australia.art\/en\/wp-json\/wp\/v2\/product"}],"about":[{"href":"https:\/\/aboriginal-australia.art\/en\/wp-json\/wp\/v2\/types\/product"}],"replies":[{"embeddable":true,"href":"https:\/\/aboriginal-australia.art\/en\/wp-json\/wp\/v2\/comments?post=7354"}],"version-history":[{"count":2,"href":"https:\/\/aboriginal-australia.art\/en\/wp-json\/wp\/v2\/product\/7354\/revisions"}],"predecessor-version":[{"id":7873,"href":"https:\/\/aboriginal-australia.art\/en\/wp-json\/wp\/v2\/product\/7354\/revisions\/7873"}],"wp:featuredmedia":[{"embeddable":true,"href":"https:\/\/aboriginal-australia.art\/en\/wp-json\/wp\/v2\/media\/7355"}],"wp:attachment":[{"href":"https:\/\/aboriginal-australia.art\/en\/wp-json\/wp\/v2\/media?parent=7354"}],"wp:term":[{"taxonomy":"product_brand","embeddable":true,"href":"https:\/\/aboriginal-australia.art\/en\/wp-json\/wp\/v2\/product_brand?post=7354"},{"taxonomy":"product_cat","embeddable":true,"href":"https:\/\/aboriginal-australia.art\/en\/wp-json\/wp\/v2\/product_cat?post=7354"},{"taxonomy":"product_tag","embeddable":true,"href":"https:\/\/aboriginal-australia.art\/en\/wp-json\/wp\/v2\/product_tag?post=7354"}],"curies":[{"name":"wp","href":"https:\/\/api.w.org\/{rel}","templated":true}]}}