{"id":7342,"date":"2026-01-14T14:04:35","date_gmt":"2026-01-14T13:04:35","guid":{"rendered":"https:\/\/aboriginal-australia.art\/?post_type=product&#038;p=7342"},"modified":"2026-01-19T18:42:31","modified_gmt":"2026-01-19T17:42:31","slug":"ceremonia-narodzin-opowiesc-o-jedzeniu-birth-ceremony-bush-tucker-dreaming","status":"publish","type":"product","link":"https:\/\/aboriginal-australia.art\/en\/p\/ceremonia-narodzin-opowiesc-o-jedzeniu-birth-ceremony-bush-tucker-dreaming\/","title":{"rendered":"Barbara Reid Nungurrayi &#8211; Ceremonia narodzin \u2013 opowie\u015b\u0107 o jedzeniu \/ Birth Ceremony \u2013 Bush Tucker Dreaming"},"content":{"rendered":"<p>W Czasie Stwarzania Przodkowie nauczyli lud Pintupi, jak zbiera\u0107 po\u017cywienie z buszu (<em>bush tucker<\/em>) i odprawia\u0107 ceremonie. W tej opowie\u015bci kobiety zbieraj\u0105 po\u017cywienie na ceremoni\u0119 okadzania nowo narodzonego dziecka. Do tego rytua\u0142u wykorzystuje si\u0119 dym i opary palonych, rodzimych ro\u015blin <em>arrata<\/em>. Ceremonia okadzania jest bardzo wa\u017cna dla zdrowia i bezpiecze\u0144stwa dziecka. Ma je chroni\u0107 przed z\u0142ymi duchami \u2013 gdyby jej zaniedba\u0107, dziecko zostanie przez nie ukradzione i nikt go wi\u0119cej nie zobaczy. Obrz\u0119d odbywa si\u0119 w nocy, podczas pe\u0142ni Ksi\u0119\u017cyca, kt\u00f3ry u\u015bmiecha si\u0119, patrz\u0105c na ta\u0144cz\u0105ce i \u015bpiewaj\u0105ce kobiety.<\/p>\n<p><strong>Barbara Reid Napangardi<\/strong>, kt\u00f3ra urodzi\u0142a si\u0119 w 1962 roku w osadzie Tjukurla na pustyni Gibsona, przedstawi\u0142a t\u0119 histori\u0119 przy u\u017cyciu tradycyjnych kolor\u00f3w i ikonografii szczepu Pintupi. W \u015brodku obrazu pokaza\u0142a wyd\u0142u\u017con\u0105 form\u0119, kt\u00f3ra symbolizuje s\u0142one jezioro znajduj\u0105ce si\u0119 w jej krainie. Powy\u017cej czerwone koncentryczne okr\u0105gi symbolizuj\u0105 miejsce ceremonii, a kszta\u0142ty \u201eu\u201d przedstawiaj\u0105 kobiety. Na dole autorka namalowa\u0142a fartuch z ludzkich w\u0142os\u00f3w (kszta\u0142t przypominaj\u0105cy liter\u0119 \u201eE\u201d), kt\u00f3rym kobiety zakrywaj\u0105 dolne partie cia\u0142a. Koncentryczne okr\u0119gi poni\u017cej oznaczaj\u0105 wrzeciono, kt\u00f3rego kobiety u\u017cywaj\u0105 do robienia sznurk\u00f3w z w\u0142os\u00f3w. P\u00f3\u0142kola po obu stronach tego obrazu symbolizuj\u0105 ska\u0142y lub pomalowane kobiece piersi. Owalne \u017c\u00f3\u0142te kszta\u0142ty oznaczaj\u0105 dzikie jab\u0142ka i po\u017cywienie z buszu. Artystka u\u017cywa jasnych kolor\u00f3w, stosuje grub\u0105 faktur\u0119. Jej prace znajduj\u0105 si\u0119 w kolekcjach australijskich i zagranicznych.<\/p>","protected":false},"excerpt":{"rendered":"<p>W Czasie Stwarzania Przodkowie nauczyli lud Pintupi, jak zbiera\u0107 po\u017cywienie z buszu (bush tucker) i odprawia\u0107 ceremonie. W tej opowie\u015bci kobiety zbieraj\u0105 po\u017cywienie na ceremoni\u0119 okadzania nowo narodzonego dziecka. Do tego rytua\u0142u wykorzystuje si\u0119 dym i opary palonych, rodzimych ro\u015blin arrata. Ceremonia okadzania jest bardzo wa\u017cna dla zdrowia i bezpiecze\u0144stwa dziecka. Ma je chroni\u0107 przed [&hellip;]<\/p>\n","protected":false},"featured_media":7344,"comment_status":"open","ping_status":"closed","template":"","meta":{"_acf_changed":false},"product_brand":[],"product_cat":[78],"product_tag":[101,100],"class_list":{"0":"post-7342","1":"product","2":"type-product","3":"status-publish","4":"has-post-thumbnail","6":"product_cat-barbara-reid-nungurrayi","7":"product_tag-87-x-141-cm","8":"product_tag-brn-060424","10":"first","11":"instock","12":"shipping-taxable","13":"purchasable","14":"product-type-simple"},"acf":[],"yoast_head":"<!-- This site is optimized with the Yoast SEO plugin v27.3 - https:\/\/yoast.com\/product\/yoast-seo-wordpress\/ -->\n<title>Barbara Reid Nungurrayi - Ceremonia narodzin \u2013 opowie\u015b\u0107 o jedzeniu \/ Birth Ceremony \u2013 Bush Tucker Dreaming - Aboriginal Australia<\/title>\n<meta name=\"robots\" content=\"index, follow, max-snippet:-1, max-image-preview:large, max-video-preview:-1\" \/>\n<link rel=\"canonical\" href=\"https:\/\/aboriginal-australia.art\/en\/p\/ceremonia-narodzin-opowiesc-o-jedzeniu-birth-ceremony-bush-tucker-dreaming\/\" \/>\n<meta property=\"og:locale\" content=\"en_US\" \/>\n<meta property=\"og:type\" content=\"article\" \/>\n<meta property=\"og:title\" content=\"Barbara Reid Nungurrayi - Ceremonia narodzin \u2013 opowie\u015b\u0107 o jedzeniu \/ Birth Ceremony \u2013 Bush Tucker Dreaming - Aboriginal Australia\" \/>\n<meta property=\"og:description\" content=\"W Czasie Stwarzania Przodkowie nauczyli lud Pintupi, jak zbiera\u0107 po\u017cywienie z buszu (bush tucker) i odprawia\u0107 ceremonie. W tej opowie\u015bci kobiety zbieraj\u0105 po\u017cywienie na ceremoni\u0119 okadzania nowo narodzonego dziecka. Do tego rytua\u0142u wykorzystuje si\u0119 dym i opary palonych, rodzimych ro\u015blin arrata. Ceremonia okadzania jest bardzo wa\u017cna dla zdrowia i bezpiecze\u0144stwa dziecka. Ma je chroni\u0107 przed [&hellip;]\" \/>\n<meta property=\"og:url\" content=\"https:\/\/aboriginal-australia.art\/en\/p\/ceremonia-narodzin-opowiesc-o-jedzeniu-birth-ceremony-bush-tucker-dreaming\/\" \/>\n<meta property=\"og:site_name\" content=\"Aboriginal Australia\" \/>\n<meta property=\"article:modified_time\" content=\"2026-01-19T17:42:31+00:00\" \/>\n<meta property=\"og:image\" content=\"https:\/\/aboriginal-australia.art\/wp-content\/uploads\/2026\/01\/BRN-060424-87x141-1.jpg\" \/>\n\t<meta property=\"og:image:width\" content=\"1264\" \/>\n\t<meta property=\"og:image:height\" content=\"2048\" \/>\n\t<meta property=\"og:image:type\" content=\"image\/jpeg\" \/>\n<script type=\"application\/ld+json\" class=\"yoast-schema-graph\">{\"@context\":\"https:\\\/\\\/schema.org\",\"@graph\":[{\"@type\":\"WebPage\",\"@id\":\"https:\\\/\\\/aboriginal-australia.art\\\/p\\\/ceremonia-narodzin-opowiesc-o-jedzeniu-birth-ceremony-bush-tucker-dreaming\\\/\",\"url\":\"https:\\\/\\\/aboriginal-australia.art\\\/p\\\/ceremonia-narodzin-opowiesc-o-jedzeniu-birth-ceremony-bush-tucker-dreaming\\\/\",\"name\":\"Barbara Reid Nungurrayi - Ceremonia narodzin \u2013 opowie\u015b\u0107 o jedzeniu \\\/ Birth Ceremony \u2013 Bush Tucker Dreaming - Aboriginal Australia\",\"isPartOf\":{\"@id\":\"https:\\\/\\\/aboriginal-australia.art\\\/#website\"},\"primaryImageOfPage\":{\"@id\":\"https:\\\/\\\/aboriginal-australia.art\\\/p\\\/ceremonia-narodzin-opowiesc-o-jedzeniu-birth-ceremony-bush-tucker-dreaming\\\/#primaryimage\"},\"image\":{\"@id\":\"https:\\\/\\\/aboriginal-australia.art\\\/p\\\/ceremonia-narodzin-opowiesc-o-jedzeniu-birth-ceremony-bush-tucker-dreaming\\\/#primaryimage\"},\"thumbnailUrl\":\"https:\\\/\\\/aboriginal-australia.art\\\/wp-content\\\/uploads\\\/2026\\\/01\\\/BRN-060424-87x141-1.jpg\",\"datePublished\":\"2026-01-14T13:04:35+00:00\",\"dateModified\":\"2026-01-19T17:42:31+00:00\",\"breadcrumb\":{\"@id\":\"https:\\\/\\\/aboriginal-australia.art\\\/p\\\/ceremonia-narodzin-opowiesc-o-jedzeniu-birth-ceremony-bush-tucker-dreaming\\\/#breadcrumb\"},\"inLanguage\":\"en-US\",\"potentialAction\":[{\"@type\":\"ReadAction\",\"target\":[\"https:\\\/\\\/aboriginal-australia.art\\\/p\\\/ceremonia-narodzin-opowiesc-o-jedzeniu-birth-ceremony-bush-tucker-dreaming\\\/\"]}]},{\"@type\":\"ImageObject\",\"inLanguage\":\"en-US\",\"@id\":\"https:\\\/\\\/aboriginal-australia.art\\\/p\\\/ceremonia-narodzin-opowiesc-o-jedzeniu-birth-ceremony-bush-tucker-dreaming\\\/#primaryimage\",\"url\":\"https:\\\/\\\/aboriginal-australia.art\\\/wp-content\\\/uploads\\\/2026\\\/01\\\/BRN-060424-87x141-1.jpg\",\"contentUrl\":\"https:\\\/\\\/aboriginal-australia.art\\\/wp-content\\\/uploads\\\/2026\\\/01\\\/BRN-060424-87x141-1.jpg\",\"width\":1264,\"height\":2048},{\"@type\":\"BreadcrumbList\",\"@id\":\"https:\\\/\\\/aboriginal-australia.art\\\/p\\\/ceremonia-narodzin-opowiesc-o-jedzeniu-birth-ceremony-bush-tucker-dreaming\\\/#breadcrumb\",\"itemListElement\":[{\"@type\":\"ListItem\",\"position\":1,\"name\":\"Strona g\u0142\u00f3wna\",\"item\":\"https:\\\/\\\/aboriginal-australia.art\\\/\"},{\"@type\":\"ListItem\",\"position\":2,\"name\":\"Products\",\"item\":\"https:\\\/\\\/aboriginal-australia.art\\\/en\\\/shop\\\/\"},{\"@type\":\"ListItem\",\"position\":3,\"name\":\"Barbara Reid Nungurrayi &#8211; Ceremonia narodzin \u2013 opowie\u015b\u0107 o jedzeniu \\\/ Birth Ceremony \u2013 Bush Tucker Dreaming\"}]},{\"@type\":\"WebSite\",\"@id\":\"https:\\\/\\\/aboriginal-australia.art\\\/#website\",\"url\":\"https:\\\/\\\/aboriginal-australia.art\\\/\",\"name\":\"Aboriginal Australia\",\"description\":\"\",\"potentialAction\":[{\"@type\":\"SearchAction\",\"target\":{\"@type\":\"EntryPoint\",\"urlTemplate\":\"https:\\\/\\\/aboriginal-australia.art\\\/?s={search_term_string}\"},\"query-input\":{\"@type\":\"PropertyValueSpecification\",\"valueRequired\":true,\"valueName\":\"search_term_string\"}}],\"inLanguage\":\"en-US\"}]}<\/script>\n<!-- \/ Yoast SEO plugin. -->","yoast_head_json":{"title":"Barbara Reid Nungurrayi - Ceremonia narodzin \u2013 opowie\u015b\u0107 o jedzeniu \/ Birth Ceremony \u2013 Bush Tucker Dreaming - Aboriginal Australia","robots":{"index":"index","follow":"follow","max-snippet":"max-snippet:-1","max-image-preview":"max-image-preview:large","max-video-preview":"max-video-preview:-1"},"canonical":"https:\/\/aboriginal-australia.art\/en\/p\/ceremonia-narodzin-opowiesc-o-jedzeniu-birth-ceremony-bush-tucker-dreaming\/","og_locale":"en_US","og_type":"article","og_title":"Barbara Reid Nungurrayi - Ceremonia narodzin \u2013 opowie\u015b\u0107 o jedzeniu \/ Birth Ceremony \u2013 Bush Tucker Dreaming - Aboriginal Australia","og_description":"W Czasie Stwarzania Przodkowie nauczyli lud Pintupi, jak zbiera\u0107 po\u017cywienie z buszu (bush tucker) i odprawia\u0107 ceremonie. W tej opowie\u015bci kobiety zbieraj\u0105 po\u017cywienie na ceremoni\u0119 okadzania nowo narodzonego dziecka. Do tego rytua\u0142u wykorzystuje si\u0119 dym i opary palonych, rodzimych ro\u015blin arrata. Ceremonia okadzania jest bardzo wa\u017cna dla zdrowia i bezpiecze\u0144stwa dziecka. Ma je chroni\u0107 przed [&hellip;]","og_url":"https:\/\/aboriginal-australia.art\/en\/p\/ceremonia-narodzin-opowiesc-o-jedzeniu-birth-ceremony-bush-tucker-dreaming\/","og_site_name":"Aboriginal Australia","article_modified_time":"2026-01-19T17:42:31+00:00","og_image":[{"width":1264,"height":2048,"url":"https:\/\/aboriginal-australia.art\/wp-content\/uploads\/2026\/01\/BRN-060424-87x141-1.jpg","type":"image\/jpeg"}],"schema":{"@context":"https:\/\/schema.org","@graph":[{"@type":"WebPage","@id":"https:\/\/aboriginal-australia.art\/p\/ceremonia-narodzin-opowiesc-o-jedzeniu-birth-ceremony-bush-tucker-dreaming\/","url":"https:\/\/aboriginal-australia.art\/p\/ceremonia-narodzin-opowiesc-o-jedzeniu-birth-ceremony-bush-tucker-dreaming\/","name":"Barbara Reid Nungurrayi - Ceremonia narodzin \u2013 opowie\u015b\u0107 o jedzeniu \/ Birth Ceremony \u2013 Bush Tucker Dreaming - Aboriginal Australia","isPartOf":{"@id":"https:\/\/aboriginal-australia.art\/#website"},"primaryImageOfPage":{"@id":"https:\/\/aboriginal-australia.art\/p\/ceremonia-narodzin-opowiesc-o-jedzeniu-birth-ceremony-bush-tucker-dreaming\/#primaryimage"},"image":{"@id":"https:\/\/aboriginal-australia.art\/p\/ceremonia-narodzin-opowiesc-o-jedzeniu-birth-ceremony-bush-tucker-dreaming\/#primaryimage"},"thumbnailUrl":"https:\/\/aboriginal-australia.art\/wp-content\/uploads\/2026\/01\/BRN-060424-87x141-1.jpg","datePublished":"2026-01-14T13:04:35+00:00","dateModified":"2026-01-19T17:42:31+00:00","breadcrumb":{"@id":"https:\/\/aboriginal-australia.art\/p\/ceremonia-narodzin-opowiesc-o-jedzeniu-birth-ceremony-bush-tucker-dreaming\/#breadcrumb"},"inLanguage":"en-US","potentialAction":[{"@type":"ReadAction","target":["https:\/\/aboriginal-australia.art\/p\/ceremonia-narodzin-opowiesc-o-jedzeniu-birth-ceremony-bush-tucker-dreaming\/"]}]},{"@type":"ImageObject","inLanguage":"en-US","@id":"https:\/\/aboriginal-australia.art\/p\/ceremonia-narodzin-opowiesc-o-jedzeniu-birth-ceremony-bush-tucker-dreaming\/#primaryimage","url":"https:\/\/aboriginal-australia.art\/wp-content\/uploads\/2026\/01\/BRN-060424-87x141-1.jpg","contentUrl":"https:\/\/aboriginal-australia.art\/wp-content\/uploads\/2026\/01\/BRN-060424-87x141-1.jpg","width":1264,"height":2048},{"@type":"BreadcrumbList","@id":"https:\/\/aboriginal-australia.art\/p\/ceremonia-narodzin-opowiesc-o-jedzeniu-birth-ceremony-bush-tucker-dreaming\/#breadcrumb","itemListElement":[{"@type":"ListItem","position":1,"name":"Strona g\u0142\u00f3wna","item":"https:\/\/aboriginal-australia.art\/"},{"@type":"ListItem","position":2,"name":"Products","item":"https:\/\/aboriginal-australia.art\/en\/shop\/"},{"@type":"ListItem","position":3,"name":"Barbara Reid Nungurrayi &#8211; Ceremonia narodzin \u2013 opowie\u015b\u0107 o jedzeniu \/ Birth Ceremony \u2013 Bush Tucker Dreaming"}]},{"@type":"WebSite","@id":"https:\/\/aboriginal-australia.art\/#website","url":"https:\/\/aboriginal-australia.art\/","name":"Aboriginal Australia","description":"","potentialAction":[{"@type":"SearchAction","target":{"@type":"EntryPoint","urlTemplate":"https:\/\/aboriginal-australia.art\/?s={search_term_string}"},"query-input":{"@type":"PropertyValueSpecification","valueRequired":true,"valueName":"search_term_string"}}],"inLanguage":"en-US"}]}},"_links":{"self":[{"href":"https:\/\/aboriginal-australia.art\/en\/wp-json\/wp\/v2\/product\/7342","targetHints":{"allow":["GET"]}}],"collection":[{"href":"https:\/\/aboriginal-australia.art\/en\/wp-json\/wp\/v2\/product"}],"about":[{"href":"https:\/\/aboriginal-australia.art\/en\/wp-json\/wp\/v2\/types\/product"}],"replies":[{"embeddable":true,"href":"https:\/\/aboriginal-australia.art\/en\/wp-json\/wp\/v2\/comments?post=7342"}],"version-history":[{"count":3,"href":"https:\/\/aboriginal-australia.art\/en\/wp-json\/wp\/v2\/product\/7342\/revisions"}],"predecessor-version":[{"id":7877,"href":"https:\/\/aboriginal-australia.art\/en\/wp-json\/wp\/v2\/product\/7342\/revisions\/7877"}],"wp:featuredmedia":[{"embeddable":true,"href":"https:\/\/aboriginal-australia.art\/en\/wp-json\/wp\/v2\/media\/7344"}],"wp:attachment":[{"href":"https:\/\/aboriginal-australia.art\/en\/wp-json\/wp\/v2\/media?parent=7342"}],"wp:term":[{"taxonomy":"product_brand","embeddable":true,"href":"https:\/\/aboriginal-australia.art\/en\/wp-json\/wp\/v2\/product_brand?post=7342"},{"taxonomy":"product_cat","embeddable":true,"href":"https:\/\/aboriginal-australia.art\/en\/wp-json\/wp\/v2\/product_cat?post=7342"},{"taxonomy":"product_tag","embeddable":true,"href":"https:\/\/aboriginal-australia.art\/en\/wp-json\/wp\/v2\/product_tag?post=7342"}],"curies":[{"name":"wp","href":"https:\/\/api.w.org\/{rel}","templated":true}]}}