{"id":7339,"date":"2026-01-14T13:49:47","date_gmt":"2026-01-14T12:49:47","guid":{"rendered":"https:\/\/aboriginal-australia.art\/?post_type=product&#038;p=7339"},"modified":"2026-02-19T21:26:56","modified_gmt":"2026-02-19T20:26:56","slug":"dzikie-nasiona-ngulu-bush-seeds-ngulu","status":"publish","type":"product","link":"https:\/\/aboriginal-australia.art\/en\/p\/dzikie-nasiona-ngulu-bush-seeds-ngulu\/","title":{"rendered":"Marshall Robertson Jangala &#8211; Dzikie Nasiona Ngulu \/Bush Seeds &#8211; Ngulu"},"content":{"rendered":"<p>Obraz przedstawia nasiona krzew\u00f3w. W Czasie Kreacji (Dreamtime) Przodkowie uczyli lud Warpiri jak zbiera\u0107 jedzenie i odprawia\u0107 ceremonie. W tej historii m\u0119\u017cczy\u017ani i kobiety zbieraj\u0105 jedzenie w buszu. Przodkowie, podr\u00f3\u017cuj\u0105c przez Kraj Marshalla (region Lajamanu, N.T.), stworzyli wiele \u015bwi\u0119tych i wa\u017cnych miejsc, takich jak wodne otwory, formacje skalne i ro\u015bliny. Latem m\u0119\u017cczy\u017ani i kobiety, w towarzystwie dzieci, zbieraj\u0105 nasiona krzew\u00f3w, jagody i ma\u0142e zwierz\u0119ta, wykonuj\u0105c ceremonie: \u015bpiewaj\u0105c, ta\u0144cz\u0105c i maluj\u0105c swoje cia\u0142a.<\/p>\n<p>Marshall urodzi\u0142 si\u0119 w 1974 roku i jest jednym z g\u0142\u00f3wnych opiekun\u00f3w tego mitu Dreaming. Przedstawi\u0142 t\u0119 histori\u0119 w tradycyjnych kolorach Warpiri i ikonografii. Ludzie zbieraj\u0105 mr\u00f3wki miodowe, larwy witchetty, jaszczurki, jagody i nasiona. Piek\u0105 chleb (dumper) w \u017carze popio\u0142u. Faliste linie symbolizuj\u0105 wod\u0119 lub trasy podr\u00f3\u017cne, a w tle kropki \u2013 ro\u015blinno\u015b\u0107. Marshall jest utalentowanym malarzem, jego styl jest minimalistyczny i liryczny. Dzie\u0142a Marshalla znajduj\u0105 si\u0119 w kolekcjach australijskich i zagranicznych.<\/p>","protected":false},"excerpt":{"rendered":"<p>Obraz przedstawia nasiona krzew\u00f3w. W Czasie Kreacji (Dreamtime) Przodkowie uczyli lud Warpiri jak zbiera\u0107 jedzenie i odprawia\u0107 ceremonie. W tej historii m\u0119\u017cczy\u017ani i kobiety zbieraj\u0105 jedzenie w buszu. Przodkowie, podr\u00f3\u017cuj\u0105c przez Kraj Marshalla (region Lajamanu, N.T.), stworzyli wiele \u015bwi\u0119tych i wa\u017cnych miejsc, takich jak wodne otwory, formacje skalne i ro\u015bliny. Latem m\u0119\u017cczy\u017ani i kobiety, w [&hellip;]<\/p>\n","protected":false},"featured_media":7340,"comment_status":"open","ping_status":"closed","template":"","meta":{"_acf_changed":false},"product_brand":[],"product_cat":[97],"product_tag":[99,98],"class_list":{"0":"post-7339","1":"product","2":"type-product","3":"status-publish","4":"has-post-thumbnail","6":"product_cat-marshall-robertson-jangala","7":"product_tag-95x-109-cm","8":"product_tag-mrj-010523","10":"first","11":"outofstock","12":"shipping-taxable","13":"purchasable","14":"product-type-simple"},"acf":[],"yoast_head":"<!-- This site is optimized with the Yoast SEO plugin v27.3 - https:\/\/yoast.com\/product\/yoast-seo-wordpress\/ -->\n<title>Marshall Robertson Jangala - Dzikie Nasiona Ngulu \/Bush Seeds - Ngulu - Aboriginal Australia<\/title>\n<meta name=\"robots\" content=\"index, follow, max-snippet:-1, max-image-preview:large, max-video-preview:-1\" \/>\n<link rel=\"canonical\" href=\"https:\/\/aboriginal-australia.art\/en\/p\/dzikie-nasiona-ngulu-bush-seeds-ngulu\/\" \/>\n<meta property=\"og:locale\" content=\"en_US\" \/>\n<meta property=\"og:type\" content=\"article\" \/>\n<meta property=\"og:title\" content=\"Marshall Robertson Jangala - Dzikie Nasiona Ngulu \/Bush Seeds - Ngulu - Aboriginal Australia\" \/>\n<meta property=\"og:description\" content=\"Obraz przedstawia nasiona krzew\u00f3w. W Czasie Kreacji (Dreamtime) Przodkowie uczyli lud Warpiri jak zbiera\u0107 jedzenie i odprawia\u0107 ceremonie. W tej historii m\u0119\u017cczy\u017ani i kobiety zbieraj\u0105 jedzenie w buszu. Przodkowie, podr\u00f3\u017cuj\u0105c przez Kraj Marshalla (region Lajamanu, N.T.), stworzyli wiele \u015bwi\u0119tych i wa\u017cnych miejsc, takich jak wodne otwory, formacje skalne i ro\u015bliny. Latem m\u0119\u017cczy\u017ani i kobiety, w [&hellip;]\" \/>\n<meta property=\"og:url\" content=\"https:\/\/aboriginal-australia.art\/en\/p\/dzikie-nasiona-ngulu-bush-seeds-ngulu\/\" \/>\n<meta property=\"og:site_name\" content=\"Aboriginal Australia\" \/>\n<meta property=\"article:modified_time\" content=\"2026-02-19T20:26:56+00:00\" \/>\n<meta property=\"og:image\" content=\"https:\/\/aboriginal-australia.art\/wp-content\/uploads\/2026\/01\/MRJ-010523-95x109-1-891x1024.jpg\" \/>\n\t<meta property=\"og:image:width\" content=\"891\" \/>\n\t<meta property=\"og:image:height\" content=\"1024\" \/>\n\t<meta property=\"og:image:type\" content=\"image\/jpeg\" \/>\n<script type=\"application\/ld+json\" class=\"yoast-schema-graph\">{\"@context\":\"https:\\\/\\\/schema.org\",\"@graph\":[{\"@type\":\"WebPage\",\"@id\":\"https:\\\/\\\/aboriginal-australia.art\\\/p\\\/dzikie-nasiona-ngulu-bush-seeds-ngulu\\\/\",\"url\":\"https:\\\/\\\/aboriginal-australia.art\\\/p\\\/dzikie-nasiona-ngulu-bush-seeds-ngulu\\\/\",\"name\":\"Marshall Robertson Jangala - Dzikie Nasiona Ngulu \\\/Bush Seeds - Ngulu - Aboriginal Australia\",\"isPartOf\":{\"@id\":\"https:\\\/\\\/aboriginal-australia.art\\\/#website\"},\"primaryImageOfPage\":{\"@id\":\"https:\\\/\\\/aboriginal-australia.art\\\/p\\\/dzikie-nasiona-ngulu-bush-seeds-ngulu\\\/#primaryimage\"},\"image\":{\"@id\":\"https:\\\/\\\/aboriginal-australia.art\\\/p\\\/dzikie-nasiona-ngulu-bush-seeds-ngulu\\\/#primaryimage\"},\"thumbnailUrl\":\"https:\\\/\\\/aboriginal-australia.art\\\/wp-content\\\/uploads\\\/2026\\\/01\\\/MRJ-010523-95x109-1.jpg\",\"datePublished\":\"2026-01-14T12:49:47+00:00\",\"dateModified\":\"2026-02-19T20:26:56+00:00\",\"breadcrumb\":{\"@id\":\"https:\\\/\\\/aboriginal-australia.art\\\/p\\\/dzikie-nasiona-ngulu-bush-seeds-ngulu\\\/#breadcrumb\"},\"inLanguage\":\"en-US\",\"potentialAction\":[{\"@type\":\"ReadAction\",\"target\":[\"https:\\\/\\\/aboriginal-australia.art\\\/p\\\/dzikie-nasiona-ngulu-bush-seeds-ngulu\\\/\"]}]},{\"@type\":\"ImageObject\",\"inLanguage\":\"en-US\",\"@id\":\"https:\\\/\\\/aboriginal-australia.art\\\/p\\\/dzikie-nasiona-ngulu-bush-seeds-ngulu\\\/#primaryimage\",\"url\":\"https:\\\/\\\/aboriginal-australia.art\\\/wp-content\\\/uploads\\\/2026\\\/01\\\/MRJ-010523-95x109-1.jpg\",\"contentUrl\":\"https:\\\/\\\/aboriginal-australia.art\\\/wp-content\\\/uploads\\\/2026\\\/01\\\/MRJ-010523-95x109-1.jpg\",\"width\":1781,\"height\":2048},{\"@type\":\"BreadcrumbList\",\"@id\":\"https:\\\/\\\/aboriginal-australia.art\\\/p\\\/dzikie-nasiona-ngulu-bush-seeds-ngulu\\\/#breadcrumb\",\"itemListElement\":[{\"@type\":\"ListItem\",\"position\":1,\"name\":\"Strona g\u0142\u00f3wna\",\"item\":\"https:\\\/\\\/aboriginal-australia.art\\\/\"},{\"@type\":\"ListItem\",\"position\":2,\"name\":\"Products\",\"item\":\"https:\\\/\\\/aboriginal-australia.art\\\/en\\\/shop\\\/\"},{\"@type\":\"ListItem\",\"position\":3,\"name\":\"Marshall Robertson Jangala &#8211; Dzikie Nasiona Ngulu \\\/Bush Seeds &#8211; Ngulu\"}]},{\"@type\":\"WebSite\",\"@id\":\"https:\\\/\\\/aboriginal-australia.art\\\/#website\",\"url\":\"https:\\\/\\\/aboriginal-australia.art\\\/\",\"name\":\"Aboriginal Australia\",\"description\":\"\",\"potentialAction\":[{\"@type\":\"SearchAction\",\"target\":{\"@type\":\"EntryPoint\",\"urlTemplate\":\"https:\\\/\\\/aboriginal-australia.art\\\/?s={search_term_string}\"},\"query-input\":{\"@type\":\"PropertyValueSpecification\",\"valueRequired\":true,\"valueName\":\"search_term_string\"}}],\"inLanguage\":\"en-US\"}]}<\/script>\n<!-- \/ Yoast SEO plugin. -->","yoast_head_json":{"title":"Marshall Robertson Jangala - Dzikie Nasiona Ngulu \/Bush Seeds - Ngulu - Aboriginal Australia","robots":{"index":"index","follow":"follow","max-snippet":"max-snippet:-1","max-image-preview":"max-image-preview:large","max-video-preview":"max-video-preview:-1"},"canonical":"https:\/\/aboriginal-australia.art\/en\/p\/dzikie-nasiona-ngulu-bush-seeds-ngulu\/","og_locale":"en_US","og_type":"article","og_title":"Marshall Robertson Jangala - Dzikie Nasiona Ngulu \/Bush Seeds - Ngulu - Aboriginal Australia","og_description":"Obraz przedstawia nasiona krzew\u00f3w. W Czasie Kreacji (Dreamtime) Przodkowie uczyli lud Warpiri jak zbiera\u0107 jedzenie i odprawia\u0107 ceremonie. W tej historii m\u0119\u017cczy\u017ani i kobiety zbieraj\u0105 jedzenie w buszu. Przodkowie, podr\u00f3\u017cuj\u0105c przez Kraj Marshalla (region Lajamanu, N.T.), stworzyli wiele \u015bwi\u0119tych i wa\u017cnych miejsc, takich jak wodne otwory, formacje skalne i ro\u015bliny. Latem m\u0119\u017cczy\u017ani i kobiety, w [&hellip;]","og_url":"https:\/\/aboriginal-australia.art\/en\/p\/dzikie-nasiona-ngulu-bush-seeds-ngulu\/","og_site_name":"Aboriginal Australia","article_modified_time":"2026-02-19T20:26:56+00:00","og_image":[{"width":891,"height":1024,"url":"https:\/\/aboriginal-australia.art\/wp-content\/uploads\/2026\/01\/MRJ-010523-95x109-1-891x1024.jpg","type":"image\/jpeg"}],"schema":{"@context":"https:\/\/schema.org","@graph":[{"@type":"WebPage","@id":"https:\/\/aboriginal-australia.art\/p\/dzikie-nasiona-ngulu-bush-seeds-ngulu\/","url":"https:\/\/aboriginal-australia.art\/p\/dzikie-nasiona-ngulu-bush-seeds-ngulu\/","name":"Marshall Robertson Jangala - Dzikie Nasiona Ngulu \/Bush Seeds - Ngulu - Aboriginal Australia","isPartOf":{"@id":"https:\/\/aboriginal-australia.art\/#website"},"primaryImageOfPage":{"@id":"https:\/\/aboriginal-australia.art\/p\/dzikie-nasiona-ngulu-bush-seeds-ngulu\/#primaryimage"},"image":{"@id":"https:\/\/aboriginal-australia.art\/p\/dzikie-nasiona-ngulu-bush-seeds-ngulu\/#primaryimage"},"thumbnailUrl":"https:\/\/aboriginal-australia.art\/wp-content\/uploads\/2026\/01\/MRJ-010523-95x109-1.jpg","datePublished":"2026-01-14T12:49:47+00:00","dateModified":"2026-02-19T20:26:56+00:00","breadcrumb":{"@id":"https:\/\/aboriginal-australia.art\/p\/dzikie-nasiona-ngulu-bush-seeds-ngulu\/#breadcrumb"},"inLanguage":"en-US","potentialAction":[{"@type":"ReadAction","target":["https:\/\/aboriginal-australia.art\/p\/dzikie-nasiona-ngulu-bush-seeds-ngulu\/"]}]},{"@type":"ImageObject","inLanguage":"en-US","@id":"https:\/\/aboriginal-australia.art\/p\/dzikie-nasiona-ngulu-bush-seeds-ngulu\/#primaryimage","url":"https:\/\/aboriginal-australia.art\/wp-content\/uploads\/2026\/01\/MRJ-010523-95x109-1.jpg","contentUrl":"https:\/\/aboriginal-australia.art\/wp-content\/uploads\/2026\/01\/MRJ-010523-95x109-1.jpg","width":1781,"height":2048},{"@type":"BreadcrumbList","@id":"https:\/\/aboriginal-australia.art\/p\/dzikie-nasiona-ngulu-bush-seeds-ngulu\/#breadcrumb","itemListElement":[{"@type":"ListItem","position":1,"name":"Strona g\u0142\u00f3wna","item":"https:\/\/aboriginal-australia.art\/"},{"@type":"ListItem","position":2,"name":"Products","item":"https:\/\/aboriginal-australia.art\/en\/shop\/"},{"@type":"ListItem","position":3,"name":"Marshall Robertson Jangala &#8211; Dzikie Nasiona Ngulu \/Bush Seeds &#8211; Ngulu"}]},{"@type":"WebSite","@id":"https:\/\/aboriginal-australia.art\/#website","url":"https:\/\/aboriginal-australia.art\/","name":"Aboriginal Australia","description":"","potentialAction":[{"@type":"SearchAction","target":{"@type":"EntryPoint","urlTemplate":"https:\/\/aboriginal-australia.art\/?s={search_term_string}"},"query-input":{"@type":"PropertyValueSpecification","valueRequired":true,"valueName":"search_term_string"}}],"inLanguage":"en-US"}]}},"_links":{"self":[{"href":"https:\/\/aboriginal-australia.art\/en\/wp-json\/wp\/v2\/product\/7339","targetHints":{"allow":["GET"]}}],"collection":[{"href":"https:\/\/aboriginal-australia.art\/en\/wp-json\/wp\/v2\/product"}],"about":[{"href":"https:\/\/aboriginal-australia.art\/en\/wp-json\/wp\/v2\/types\/product"}],"replies":[{"embeddable":true,"href":"https:\/\/aboriginal-australia.art\/en\/wp-json\/wp\/v2\/comments?post=7339"}],"version-history":[{"count":3,"href":"https:\/\/aboriginal-australia.art\/en\/wp-json\/wp\/v2\/product\/7339\/revisions"}],"predecessor-version":[{"id":7878,"href":"https:\/\/aboriginal-australia.art\/en\/wp-json\/wp\/v2\/product\/7339\/revisions\/7878"}],"wp:featuredmedia":[{"embeddable":true,"href":"https:\/\/aboriginal-australia.art\/en\/wp-json\/wp\/v2\/media\/7340"}],"wp:attachment":[{"href":"https:\/\/aboriginal-australia.art\/en\/wp-json\/wp\/v2\/media?parent=7339"}],"wp:term":[{"taxonomy":"product_brand","embeddable":true,"href":"https:\/\/aboriginal-australia.art\/en\/wp-json\/wp\/v2\/product_brand?post=7339"},{"taxonomy":"product_cat","embeddable":true,"href":"https:\/\/aboriginal-australia.art\/en\/wp-json\/wp\/v2\/product_cat?post=7339"},{"taxonomy":"product_tag","embeddable":true,"href":"https:\/\/aboriginal-australia.art\/en\/wp-json\/wp\/v2\/product_tag?post=7339"}],"curies":[{"name":"wp","href":"https:\/\/api.w.org\/{rel}","templated":true}]}}