{"id":7321,"date":"2026-01-14T12:55:08","date_gmt":"2026-01-14T11:55:08","guid":{"rendered":"https:\/\/aboriginal-australia.art\/?post_type=product&#038;p=7321"},"modified":"2026-01-19T18:44:56","modified_gmt":"2026-01-19T17:44:56","slug":"opowiesc-o-sznurkach-z-wlosow-hair-string-story","status":"publish","type":"product","link":"https:\/\/aboriginal-australia.art\/en\/p\/opowiesc-o-sznurkach-z-wlosow-hair-string-story\/","title":{"rendered":"Mary Dixon &#8211; Opowie\u015b\u0107 o sznurkach z w\u0142os\u00f3w \/ Hair String Story"},"content":{"rendered":"<p>W mitycznych czasach Przodkinie Kobiet w\u0119drowa\u0142y po terytorium zamieszkanym przez szczep Warlpiri. Podczas podr\u00f3\u017cy stworzy\u0142y w tej krainie wiele obiekt\u00f3w geograficznych, odprawia\u0142y tak\u017ce ceremonie (taniec, \u015bpiew i malowanie cia\u0142). Pokaza\u0142y ludziom, jak robi\u0107 sznurki z w\u0142os\u00f3w i u\u017cywa\u0107 ich do ceremonii i w \u017cyciu codziennym.<\/p>\n<p>Mary Dixon Nungurrayi by\u0142a starsz\u0105 opiekunk\u0105 tego mitu. Koncentryczne kr\u0119gi reprezentuj\u0105 miejsca ceremonii, a tak\u017ce formacje skalne i \u017ar\u00f3d\u0142a wody (ang. <em>waterholes<\/em>). Linia sinusoidalna symbolizuje sznurki z w\u0142os\u00f3w. Autorka by\u0142a znana ze stosowania misternych uk\u0142ad\u00f3w kropek i kolor\u00f3w ziemi. Jej prace znajduj\u0105 si\u0119 w kolekcjach australijskich i zagranicznych.<\/p>","protected":false},"excerpt":{"rendered":"<p>W mitycznych czasach Przodkinie Kobiet w\u0119drowa\u0142y po terytorium zamieszkanym przez szczep Warlpiri. Podczas podr\u00f3\u017cy stworzy\u0142y w tej krainie wiele obiekt\u00f3w geograficznych, odprawia\u0142y tak\u017ce ceremonie (taniec, \u015bpiew i malowanie cia\u0142). Pokaza\u0142y ludziom, jak robi\u0107 sznurki z w\u0142os\u00f3w i u\u017cywa\u0107 ich do ceremonii i w \u017cyciu codziennym. Mary Dixon Nungurrayi by\u0142a starsz\u0105 opiekunk\u0105 tego mitu. Koncentryczne kr\u0119gi [&hellip;]<\/p>\n","protected":false},"featured_media":7323,"comment_status":"open","ping_status":"closed","template":"","meta":{"_acf_changed":false},"product_brand":[],"product_cat":[72],"product_tag":[87,88],"class_list":{"0":"post-7321","1":"product","2":"type-product","3":"status-publish","4":"has-post-thumbnail","6":"product_cat-mary-dixon","7":"product_tag-95-x-104-cm","8":"product_tag-mdn-161007","10":"first","11":"instock","12":"shipping-taxable","13":"purchasable","14":"product-type-simple"},"acf":[],"yoast_head":"<!-- This site is optimized with the Yoast SEO plugin v27.3 - https:\/\/yoast.com\/product\/yoast-seo-wordpress\/ -->\n<title>Mary Dixon - Opowie\u015b\u0107 o sznurkach z w\u0142os\u00f3w \/ Hair String Story - Aboriginal Australia<\/title>\n<meta name=\"robots\" content=\"index, follow, max-snippet:-1, max-image-preview:large, max-video-preview:-1\" \/>\n<link rel=\"canonical\" href=\"https:\/\/aboriginal-australia.art\/en\/p\/opowiesc-o-sznurkach-z-wlosow-hair-string-story\/\" \/>\n<meta property=\"og:locale\" content=\"en_US\" \/>\n<meta property=\"og:type\" content=\"article\" \/>\n<meta property=\"og:title\" content=\"Mary Dixon - Opowie\u015b\u0107 o sznurkach z w\u0142os\u00f3w \/ Hair String Story - Aboriginal Australia\" \/>\n<meta property=\"og:description\" content=\"W mitycznych czasach Przodkinie Kobiet w\u0119drowa\u0142y po terytorium zamieszkanym przez szczep Warlpiri. Podczas podr\u00f3\u017cy stworzy\u0142y w tej krainie wiele obiekt\u00f3w geograficznych, odprawia\u0142y tak\u017ce ceremonie (taniec, \u015bpiew i malowanie cia\u0142). Pokaza\u0142y ludziom, jak robi\u0107 sznurki z w\u0142os\u00f3w i u\u017cywa\u0107 ich do ceremonii i w \u017cyciu codziennym. Mary Dixon Nungurrayi by\u0142a starsz\u0105 opiekunk\u0105 tego mitu. Koncentryczne kr\u0119gi [&hellip;]\" \/>\n<meta property=\"og:url\" content=\"https:\/\/aboriginal-australia.art\/en\/p\/opowiesc-o-sznurkach-z-wlosow-hair-string-story\/\" \/>\n<meta property=\"og:site_name\" content=\"Aboriginal Australia\" \/>\n<meta property=\"article:modified_time\" content=\"2026-01-19T17:44:56+00:00\" \/>\n<meta property=\"og:image\" content=\"https:\/\/aboriginal-australia.art\/wp-content\/uploads\/2026\/01\/MDN-161007-95x104-1.jpg\" \/>\n\t<meta property=\"og:image:width\" content=\"1906\" \/>\n\t<meta property=\"og:image:height\" content=\"2048\" \/>\n\t<meta property=\"og:image:type\" content=\"image\/jpeg\" \/>\n<script type=\"application\/ld+json\" class=\"yoast-schema-graph\">{\"@context\":\"https:\\\/\\\/schema.org\",\"@graph\":[{\"@type\":\"WebPage\",\"@id\":\"https:\\\/\\\/aboriginal-australia.art\\\/p\\\/opowiesc-o-sznurkach-z-wlosow-hair-string-story\\\/\",\"url\":\"https:\\\/\\\/aboriginal-australia.art\\\/p\\\/opowiesc-o-sznurkach-z-wlosow-hair-string-story\\\/\",\"name\":\"Mary Dixon - Opowie\u015b\u0107 o sznurkach z w\u0142os\u00f3w \\\/ Hair String Story - Aboriginal Australia\",\"isPartOf\":{\"@id\":\"https:\\\/\\\/aboriginal-australia.art\\\/#website\"},\"primaryImageOfPage\":{\"@id\":\"https:\\\/\\\/aboriginal-australia.art\\\/p\\\/opowiesc-o-sznurkach-z-wlosow-hair-string-story\\\/#primaryimage\"},\"image\":{\"@id\":\"https:\\\/\\\/aboriginal-australia.art\\\/p\\\/opowiesc-o-sznurkach-z-wlosow-hair-string-story\\\/#primaryimage\"},\"thumbnailUrl\":\"https:\\\/\\\/aboriginal-australia.art\\\/wp-content\\\/uploads\\\/2026\\\/01\\\/MDN-161007-95x104-1.jpg\",\"datePublished\":\"2026-01-14T11:55:08+00:00\",\"dateModified\":\"2026-01-19T17:44:56+00:00\",\"breadcrumb\":{\"@id\":\"https:\\\/\\\/aboriginal-australia.art\\\/p\\\/opowiesc-o-sznurkach-z-wlosow-hair-string-story\\\/#breadcrumb\"},\"inLanguage\":\"en-US\",\"potentialAction\":[{\"@type\":\"ReadAction\",\"target\":[\"https:\\\/\\\/aboriginal-australia.art\\\/p\\\/opowiesc-o-sznurkach-z-wlosow-hair-string-story\\\/\"]}]},{\"@type\":\"ImageObject\",\"inLanguage\":\"en-US\",\"@id\":\"https:\\\/\\\/aboriginal-australia.art\\\/p\\\/opowiesc-o-sznurkach-z-wlosow-hair-string-story\\\/#primaryimage\",\"url\":\"https:\\\/\\\/aboriginal-australia.art\\\/wp-content\\\/uploads\\\/2026\\\/01\\\/MDN-161007-95x104-1.jpg\",\"contentUrl\":\"https:\\\/\\\/aboriginal-australia.art\\\/wp-content\\\/uploads\\\/2026\\\/01\\\/MDN-161007-95x104-1.jpg\",\"width\":1906,\"height\":2048},{\"@type\":\"BreadcrumbList\",\"@id\":\"https:\\\/\\\/aboriginal-australia.art\\\/p\\\/opowiesc-o-sznurkach-z-wlosow-hair-string-story\\\/#breadcrumb\",\"itemListElement\":[{\"@type\":\"ListItem\",\"position\":1,\"name\":\"Strona g\u0142\u00f3wna\",\"item\":\"https:\\\/\\\/aboriginal-australia.art\\\/\"},{\"@type\":\"ListItem\",\"position\":2,\"name\":\"Products\",\"item\":\"https:\\\/\\\/aboriginal-australia.art\\\/en\\\/shop\\\/\"},{\"@type\":\"ListItem\",\"position\":3,\"name\":\"Mary Dixon &#8211; Opowie\u015b\u0107 o sznurkach z w\u0142os\u00f3w \\\/ Hair String Story\"}]},{\"@type\":\"WebSite\",\"@id\":\"https:\\\/\\\/aboriginal-australia.art\\\/#website\",\"url\":\"https:\\\/\\\/aboriginal-australia.art\\\/\",\"name\":\"Aboriginal Australia\",\"description\":\"\",\"potentialAction\":[{\"@type\":\"SearchAction\",\"target\":{\"@type\":\"EntryPoint\",\"urlTemplate\":\"https:\\\/\\\/aboriginal-australia.art\\\/?s={search_term_string}\"},\"query-input\":{\"@type\":\"PropertyValueSpecification\",\"valueRequired\":true,\"valueName\":\"search_term_string\"}}],\"inLanguage\":\"en-US\"}]}<\/script>\n<!-- \/ Yoast SEO plugin. -->","yoast_head_json":{"title":"Mary Dixon - Opowie\u015b\u0107 o sznurkach z w\u0142os\u00f3w \/ Hair String Story - Aboriginal Australia","robots":{"index":"index","follow":"follow","max-snippet":"max-snippet:-1","max-image-preview":"max-image-preview:large","max-video-preview":"max-video-preview:-1"},"canonical":"https:\/\/aboriginal-australia.art\/en\/p\/opowiesc-o-sznurkach-z-wlosow-hair-string-story\/","og_locale":"en_US","og_type":"article","og_title":"Mary Dixon - Opowie\u015b\u0107 o sznurkach z w\u0142os\u00f3w \/ Hair String Story - Aboriginal Australia","og_description":"W mitycznych czasach Przodkinie Kobiet w\u0119drowa\u0142y po terytorium zamieszkanym przez szczep Warlpiri. Podczas podr\u00f3\u017cy stworzy\u0142y w tej krainie wiele obiekt\u00f3w geograficznych, odprawia\u0142y tak\u017ce ceremonie (taniec, \u015bpiew i malowanie cia\u0142). Pokaza\u0142y ludziom, jak robi\u0107 sznurki z w\u0142os\u00f3w i u\u017cywa\u0107 ich do ceremonii i w \u017cyciu codziennym. Mary Dixon Nungurrayi by\u0142a starsz\u0105 opiekunk\u0105 tego mitu. Koncentryczne kr\u0119gi [&hellip;]","og_url":"https:\/\/aboriginal-australia.art\/en\/p\/opowiesc-o-sznurkach-z-wlosow-hair-string-story\/","og_site_name":"Aboriginal Australia","article_modified_time":"2026-01-19T17:44:56+00:00","og_image":[{"width":1906,"height":2048,"url":"https:\/\/aboriginal-australia.art\/wp-content\/uploads\/2026\/01\/MDN-161007-95x104-1.jpg","type":"image\/jpeg"}],"schema":{"@context":"https:\/\/schema.org","@graph":[{"@type":"WebPage","@id":"https:\/\/aboriginal-australia.art\/p\/opowiesc-o-sznurkach-z-wlosow-hair-string-story\/","url":"https:\/\/aboriginal-australia.art\/p\/opowiesc-o-sznurkach-z-wlosow-hair-string-story\/","name":"Mary Dixon - Opowie\u015b\u0107 o sznurkach z w\u0142os\u00f3w \/ Hair String Story - Aboriginal Australia","isPartOf":{"@id":"https:\/\/aboriginal-australia.art\/#website"},"primaryImageOfPage":{"@id":"https:\/\/aboriginal-australia.art\/p\/opowiesc-o-sznurkach-z-wlosow-hair-string-story\/#primaryimage"},"image":{"@id":"https:\/\/aboriginal-australia.art\/p\/opowiesc-o-sznurkach-z-wlosow-hair-string-story\/#primaryimage"},"thumbnailUrl":"https:\/\/aboriginal-australia.art\/wp-content\/uploads\/2026\/01\/MDN-161007-95x104-1.jpg","datePublished":"2026-01-14T11:55:08+00:00","dateModified":"2026-01-19T17:44:56+00:00","breadcrumb":{"@id":"https:\/\/aboriginal-australia.art\/p\/opowiesc-o-sznurkach-z-wlosow-hair-string-story\/#breadcrumb"},"inLanguage":"en-US","potentialAction":[{"@type":"ReadAction","target":["https:\/\/aboriginal-australia.art\/p\/opowiesc-o-sznurkach-z-wlosow-hair-string-story\/"]}]},{"@type":"ImageObject","inLanguage":"en-US","@id":"https:\/\/aboriginal-australia.art\/p\/opowiesc-o-sznurkach-z-wlosow-hair-string-story\/#primaryimage","url":"https:\/\/aboriginal-australia.art\/wp-content\/uploads\/2026\/01\/MDN-161007-95x104-1.jpg","contentUrl":"https:\/\/aboriginal-australia.art\/wp-content\/uploads\/2026\/01\/MDN-161007-95x104-1.jpg","width":1906,"height":2048},{"@type":"BreadcrumbList","@id":"https:\/\/aboriginal-australia.art\/p\/opowiesc-o-sznurkach-z-wlosow-hair-string-story\/#breadcrumb","itemListElement":[{"@type":"ListItem","position":1,"name":"Strona g\u0142\u00f3wna","item":"https:\/\/aboriginal-australia.art\/"},{"@type":"ListItem","position":2,"name":"Products","item":"https:\/\/aboriginal-australia.art\/en\/shop\/"},{"@type":"ListItem","position":3,"name":"Mary Dixon &#8211; Opowie\u015b\u0107 o sznurkach z w\u0142os\u00f3w \/ Hair String Story"}]},{"@type":"WebSite","@id":"https:\/\/aboriginal-australia.art\/#website","url":"https:\/\/aboriginal-australia.art\/","name":"Aboriginal Australia","description":"","potentialAction":[{"@type":"SearchAction","target":{"@type":"EntryPoint","urlTemplate":"https:\/\/aboriginal-australia.art\/?s={search_term_string}"},"query-input":{"@type":"PropertyValueSpecification","valueRequired":true,"valueName":"search_term_string"}}],"inLanguage":"en-US"}]}},"_links":{"self":[{"href":"https:\/\/aboriginal-australia.art\/en\/wp-json\/wp\/v2\/product\/7321","targetHints":{"allow":["GET"]}}],"collection":[{"href":"https:\/\/aboriginal-australia.art\/en\/wp-json\/wp\/v2\/product"}],"about":[{"href":"https:\/\/aboriginal-australia.art\/en\/wp-json\/wp\/v2\/types\/product"}],"replies":[{"embeddable":true,"href":"https:\/\/aboriginal-australia.art\/en\/wp-json\/wp\/v2\/comments?post=7321"}],"version-history":[{"count":2,"href":"https:\/\/aboriginal-australia.art\/en\/wp-json\/wp\/v2\/product\/7321\/revisions"}],"predecessor-version":[{"id":7883,"href":"https:\/\/aboriginal-australia.art\/en\/wp-json\/wp\/v2\/product\/7321\/revisions\/7883"}],"wp:featuredmedia":[{"embeddable":true,"href":"https:\/\/aboriginal-australia.art\/en\/wp-json\/wp\/v2\/media\/7323"}],"wp:attachment":[{"href":"https:\/\/aboriginal-australia.art\/en\/wp-json\/wp\/v2\/media?parent=7321"}],"wp:term":[{"taxonomy":"product_brand","embeddable":true,"href":"https:\/\/aboriginal-australia.art\/en\/wp-json\/wp\/v2\/product_brand?post=7321"},{"taxonomy":"product_cat","embeddable":true,"href":"https:\/\/aboriginal-australia.art\/en\/wp-json\/wp\/v2\/product_cat?post=7321"},{"taxonomy":"product_tag","embeddable":true,"href":"https:\/\/aboriginal-australia.art\/en\/wp-json\/wp\/v2\/product_tag?post=7321"}],"curies":[{"name":"wp","href":"https:\/\/api.w.org\/{rel}","templated":true}]}}