{"id":7318,"date":"2026-01-14T12:19:34","date_gmt":"2026-01-14T11:19:34","guid":{"rendered":"https:\/\/aboriginal-australia.art\/?post_type=product&#038;p=7318"},"modified":"2026-01-19T18:45:26","modified_gmt":"2026-01-19T17:45:26","slug":"opowiesc-o-dzikim-ziemniaku-yam-yarla-jukurrpa-yam-dreaming","status":"publish","type":"product","link":"https:\/\/aboriginal-australia.art\/en\/p\/opowiesc-o-dzikim-ziemniaku-yam-yarla-jukurrpa-yam-dreaming\/","title":{"rendered":"Bessie Sims Nakamarra &#8211; Opowie\u015b\u0107 o Dzikim Ziemniaku Yam \/ Yarla Jukurrpa (Yam Dreaming)"},"content":{"rendered":"<p>Obraz przedstawia Histori\u0119 Dzikiego Ziemniaka zwanego Yam, kt\u00f3ra nale\u017cy do m\u0119\u017cczyzn z podgrupy etnicznej Jakamarra\/Jupurrula i do kobiet z podgrupy Napurrula\/ Nakamarra. Yarla, Przodek Dzikiego Ziemniaka walczy\u0142 w Czasie Stwarzania z Ngarlayi \u2013 Przodkiem Dzikiej Marchwi, ale przegra\u0142 bitw\u0119 w miejscu zwanym Jumurrpa, na zach\u00f3d od Yuendumu. Nast\u0119pnie Przodek Dzikiego Ziemniaka zszed\u0142 pod ziemi\u0119 i zmieni\u0142 si\u0119 w jadalne warzywo z gatunku Ipomoea costata. Warzywa te, okre\u015blane jako dzikie ziemniaki Yam, to w\u0142\u00f3kniste bulwy roz\u0142o\u017cystych ro\u015blin, wyst\u0119puj\u0105cych w pobli\u017cu \u017ar\u00f3de\u0142 wody (ang. waterholes) i koryt wyschni\u0119tych rzek. Nadaj\u0105 si\u0119 do jedzenia, a po upieczeniu s\u0105 mi\u0119kkie i smaczne.<\/p>\n<p><strong>Bessie Sims Nakamarra (1930\u20132012)<\/strong> przedstawi\u0142a t\u0119 histori\u0119 przy u\u017cyciu tradycyjnej ikonografii i kolor\u00f3w Warlpiri. Zakrzywione linie reprezentuj\u0105 korzenie dzikich ziemniak\u00f3w, ale tak\u017ce ceremonialne wzory (kuruwarri) kobiet Napurrula i Nakamarra. Koncentryczne okr\u0119gi mi\u0119dzy liniami symbolizuj\u0105 dzikie ziemniaki yamsa, podczas gdy inne okr\u0119gi maj\u0105 wiele znacze\u0144 i mog\u0105 reprezentowa\u0107 \u017ar\u00f3d\u0142a wody, kwiaty lub miejsca ceremonii. Kropki w tle oznaczaj\u0105 ro\u015blinno\u015b\u0107 i ukszta\u0142towanie terenu w danym obszarze.<\/p>\n<p><strong>Bessie Sims Nakamarra<\/strong> (\u017cona uznanego artysty Paddy\u2019ego Simsa Nakamarry) by\u0142a szanowana w szczepie Warlpiri ze wzgl\u0119du na sw\u0105 tradycyjn\u0105 wiedz\u0119 i tw\u00f3rczo\u015b\u0107 artystyczn\u0105. Jej prace znajduj\u0105 si\u0119 w kolekcjach australijskich i zagranicznych.<\/p>","protected":false},"excerpt":{"rendered":"<p>Obraz przedstawia Histori\u0119 Dzikiego Ziemniaka zwanego Yam, kt\u00f3ra nale\u017cy do m\u0119\u017cczyzn z podgrupy etnicznej Jakamarra\/Jupurrula i do kobiet z podgrupy Napurrula\/ Nakamarra. Yarla, Przodek Dzikiego Ziemniaka walczy\u0142 w Czasie Stwarzania z Ngarlayi \u2013 Przodkiem Dzikiej Marchwi, ale przegra\u0142 bitw\u0119 w miejscu zwanym Jumurrpa, na zach\u00f3d od Yuendumu. Nast\u0119pnie Przodek Dzikiego Ziemniaka zszed\u0142 pod ziemi\u0119 i [&hellip;]<\/p>\n","protected":false},"featured_media":7319,"comment_status":"open","ping_status":"closed","template":"","meta":{"_acf_changed":false},"product_brand":[],"product_cat":[55],"product_tag":[87,86],"class_list":{"0":"post-7318","1":"product","2":"type-product","3":"status-publish","4":"has-post-thumbnail","6":"product_cat-bessie-sims-nakamarra","7":"product_tag-95-x-104-cm","8":"product_tag-bsn-200210","10":"first","11":"instock","12":"shipping-taxable","13":"purchasable","14":"product-type-simple"},"acf":[],"yoast_head":"<!-- This site is optimized with the Yoast SEO plugin v27.3 - https:\/\/yoast.com\/product\/yoast-seo-wordpress\/ -->\n<title>Bessie Sims Nakamarra - Opowie\u015b\u0107 o Dzikim Ziemniaku Yam \/ Yarla Jukurrpa (Yam Dreaming) - Aboriginal Australia<\/title>\n<meta name=\"robots\" content=\"index, follow, max-snippet:-1, max-image-preview:large, max-video-preview:-1\" \/>\n<link rel=\"canonical\" href=\"https:\/\/aboriginal-australia.art\/en\/p\/opowiesc-o-dzikim-ziemniaku-yam-yarla-jukurrpa-yam-dreaming\/\" \/>\n<meta property=\"og:locale\" content=\"en_US\" \/>\n<meta property=\"og:type\" content=\"article\" \/>\n<meta property=\"og:title\" content=\"Bessie Sims Nakamarra - Opowie\u015b\u0107 o Dzikim Ziemniaku Yam \/ Yarla Jukurrpa (Yam Dreaming) - Aboriginal Australia\" \/>\n<meta property=\"og:description\" content=\"Obraz przedstawia Histori\u0119 Dzikiego Ziemniaka zwanego Yam, kt\u00f3ra nale\u017cy do m\u0119\u017cczyzn z podgrupy etnicznej Jakamarra\/Jupurrula i do kobiet z podgrupy Napurrula\/ Nakamarra. Yarla, Przodek Dzikiego Ziemniaka walczy\u0142 w Czasie Stwarzania z Ngarlayi \u2013 Przodkiem Dzikiej Marchwi, ale przegra\u0142 bitw\u0119 w miejscu zwanym Jumurrpa, na zach\u00f3d od Yuendumu. Nast\u0119pnie Przodek Dzikiego Ziemniaka zszed\u0142 pod ziemi\u0119 i [&hellip;]\" \/>\n<meta property=\"og:url\" content=\"https:\/\/aboriginal-australia.art\/en\/p\/opowiesc-o-dzikim-ziemniaku-yam-yarla-jukurrpa-yam-dreaming\/\" \/>\n<meta property=\"og:site_name\" content=\"Aboriginal Australia\" \/>\n<meta property=\"article:modified_time\" content=\"2026-01-19T17:45:26+00:00\" \/>\n<meta property=\"og:image\" content=\"https:\/\/aboriginal-australia.art\/wp-content\/uploads\/2026\/01\/BSN-200210-70x130-Pozn.jpg\" \/>\n\t<meta property=\"og:image:width\" content=\"1063\" \/>\n\t<meta property=\"og:image:height\" content=\"2001\" \/>\n\t<meta property=\"og:image:type\" content=\"image\/jpeg\" \/>\n<script type=\"application\/ld+json\" class=\"yoast-schema-graph\">{\"@context\":\"https:\\\/\\\/schema.org\",\"@graph\":[{\"@type\":\"WebPage\",\"@id\":\"https:\\\/\\\/aboriginal-australia.art\\\/p\\\/opowiesc-o-dzikim-ziemniaku-yam-yarla-jukurrpa-yam-dreaming\\\/\",\"url\":\"https:\\\/\\\/aboriginal-australia.art\\\/p\\\/opowiesc-o-dzikim-ziemniaku-yam-yarla-jukurrpa-yam-dreaming\\\/\",\"name\":\"Bessie Sims Nakamarra - Opowie\u015b\u0107 o Dzikim Ziemniaku Yam \\\/ Yarla Jukurrpa (Yam Dreaming) - Aboriginal Australia\",\"isPartOf\":{\"@id\":\"https:\\\/\\\/aboriginal-australia.art\\\/#website\"},\"primaryImageOfPage\":{\"@id\":\"https:\\\/\\\/aboriginal-australia.art\\\/p\\\/opowiesc-o-dzikim-ziemniaku-yam-yarla-jukurrpa-yam-dreaming\\\/#primaryimage\"},\"image\":{\"@id\":\"https:\\\/\\\/aboriginal-australia.art\\\/p\\\/opowiesc-o-dzikim-ziemniaku-yam-yarla-jukurrpa-yam-dreaming\\\/#primaryimage\"},\"thumbnailUrl\":\"https:\\\/\\\/aboriginal-australia.art\\\/wp-content\\\/uploads\\\/2026\\\/01\\\/BSN-200210-70x130-Pozn.jpg\",\"datePublished\":\"2026-01-14T11:19:34+00:00\",\"dateModified\":\"2026-01-19T17:45:26+00:00\",\"breadcrumb\":{\"@id\":\"https:\\\/\\\/aboriginal-australia.art\\\/p\\\/opowiesc-o-dzikim-ziemniaku-yam-yarla-jukurrpa-yam-dreaming\\\/#breadcrumb\"},\"inLanguage\":\"en-US\",\"potentialAction\":[{\"@type\":\"ReadAction\",\"target\":[\"https:\\\/\\\/aboriginal-australia.art\\\/p\\\/opowiesc-o-dzikim-ziemniaku-yam-yarla-jukurrpa-yam-dreaming\\\/\"]}]},{\"@type\":\"ImageObject\",\"inLanguage\":\"en-US\",\"@id\":\"https:\\\/\\\/aboriginal-australia.art\\\/p\\\/opowiesc-o-dzikim-ziemniaku-yam-yarla-jukurrpa-yam-dreaming\\\/#primaryimage\",\"url\":\"https:\\\/\\\/aboriginal-australia.art\\\/wp-content\\\/uploads\\\/2026\\\/01\\\/BSN-200210-70x130-Pozn.jpg\",\"contentUrl\":\"https:\\\/\\\/aboriginal-australia.art\\\/wp-content\\\/uploads\\\/2026\\\/01\\\/BSN-200210-70x130-Pozn.jpg\",\"width\":1063,\"height\":2001},{\"@type\":\"BreadcrumbList\",\"@id\":\"https:\\\/\\\/aboriginal-australia.art\\\/p\\\/opowiesc-o-dzikim-ziemniaku-yam-yarla-jukurrpa-yam-dreaming\\\/#breadcrumb\",\"itemListElement\":[{\"@type\":\"ListItem\",\"position\":1,\"name\":\"Strona g\u0142\u00f3wna\",\"item\":\"https:\\\/\\\/aboriginal-australia.art\\\/\"},{\"@type\":\"ListItem\",\"position\":2,\"name\":\"Products\",\"item\":\"https:\\\/\\\/aboriginal-australia.art\\\/en\\\/shop\\\/\"},{\"@type\":\"ListItem\",\"position\":3,\"name\":\"Bessie Sims Nakamarra &#8211; Opowie\u015b\u0107 o Dzikim Ziemniaku Yam \\\/ Yarla Jukurrpa (Yam Dreaming)\"}]},{\"@type\":\"WebSite\",\"@id\":\"https:\\\/\\\/aboriginal-australia.art\\\/#website\",\"url\":\"https:\\\/\\\/aboriginal-australia.art\\\/\",\"name\":\"Aboriginal Australia\",\"description\":\"\",\"potentialAction\":[{\"@type\":\"SearchAction\",\"target\":{\"@type\":\"EntryPoint\",\"urlTemplate\":\"https:\\\/\\\/aboriginal-australia.art\\\/?s={search_term_string}\"},\"query-input\":{\"@type\":\"PropertyValueSpecification\",\"valueRequired\":true,\"valueName\":\"search_term_string\"}}],\"inLanguage\":\"en-US\"}]}<\/script>\n<!-- \/ Yoast SEO plugin. -->","yoast_head_json":{"title":"Bessie Sims Nakamarra - Opowie\u015b\u0107 o Dzikim Ziemniaku Yam \/ Yarla Jukurrpa (Yam Dreaming) - Aboriginal Australia","robots":{"index":"index","follow":"follow","max-snippet":"max-snippet:-1","max-image-preview":"max-image-preview:large","max-video-preview":"max-video-preview:-1"},"canonical":"https:\/\/aboriginal-australia.art\/en\/p\/opowiesc-o-dzikim-ziemniaku-yam-yarla-jukurrpa-yam-dreaming\/","og_locale":"en_US","og_type":"article","og_title":"Bessie Sims Nakamarra - Opowie\u015b\u0107 o Dzikim Ziemniaku Yam \/ Yarla Jukurrpa (Yam Dreaming) - Aboriginal Australia","og_description":"Obraz przedstawia Histori\u0119 Dzikiego Ziemniaka zwanego Yam, kt\u00f3ra nale\u017cy do m\u0119\u017cczyzn z podgrupy etnicznej Jakamarra\/Jupurrula i do kobiet z podgrupy Napurrula\/ Nakamarra. Yarla, Przodek Dzikiego Ziemniaka walczy\u0142 w Czasie Stwarzania z Ngarlayi \u2013 Przodkiem Dzikiej Marchwi, ale przegra\u0142 bitw\u0119 w miejscu zwanym Jumurrpa, na zach\u00f3d od Yuendumu. Nast\u0119pnie Przodek Dzikiego Ziemniaka zszed\u0142 pod ziemi\u0119 i [&hellip;]","og_url":"https:\/\/aboriginal-australia.art\/en\/p\/opowiesc-o-dzikim-ziemniaku-yam-yarla-jukurrpa-yam-dreaming\/","og_site_name":"Aboriginal Australia","article_modified_time":"2026-01-19T17:45:26+00:00","og_image":[{"width":1063,"height":2001,"url":"https:\/\/aboriginal-australia.art\/wp-content\/uploads\/2026\/01\/BSN-200210-70x130-Pozn.jpg","type":"image\/jpeg"}],"schema":{"@context":"https:\/\/schema.org","@graph":[{"@type":"WebPage","@id":"https:\/\/aboriginal-australia.art\/p\/opowiesc-o-dzikim-ziemniaku-yam-yarla-jukurrpa-yam-dreaming\/","url":"https:\/\/aboriginal-australia.art\/p\/opowiesc-o-dzikim-ziemniaku-yam-yarla-jukurrpa-yam-dreaming\/","name":"Bessie Sims Nakamarra - Opowie\u015b\u0107 o Dzikim Ziemniaku Yam \/ Yarla Jukurrpa (Yam Dreaming) - Aboriginal Australia","isPartOf":{"@id":"https:\/\/aboriginal-australia.art\/#website"},"primaryImageOfPage":{"@id":"https:\/\/aboriginal-australia.art\/p\/opowiesc-o-dzikim-ziemniaku-yam-yarla-jukurrpa-yam-dreaming\/#primaryimage"},"image":{"@id":"https:\/\/aboriginal-australia.art\/p\/opowiesc-o-dzikim-ziemniaku-yam-yarla-jukurrpa-yam-dreaming\/#primaryimage"},"thumbnailUrl":"https:\/\/aboriginal-australia.art\/wp-content\/uploads\/2026\/01\/BSN-200210-70x130-Pozn.jpg","datePublished":"2026-01-14T11:19:34+00:00","dateModified":"2026-01-19T17:45:26+00:00","breadcrumb":{"@id":"https:\/\/aboriginal-australia.art\/p\/opowiesc-o-dzikim-ziemniaku-yam-yarla-jukurrpa-yam-dreaming\/#breadcrumb"},"inLanguage":"en-US","potentialAction":[{"@type":"ReadAction","target":["https:\/\/aboriginal-australia.art\/p\/opowiesc-o-dzikim-ziemniaku-yam-yarla-jukurrpa-yam-dreaming\/"]}]},{"@type":"ImageObject","inLanguage":"en-US","@id":"https:\/\/aboriginal-australia.art\/p\/opowiesc-o-dzikim-ziemniaku-yam-yarla-jukurrpa-yam-dreaming\/#primaryimage","url":"https:\/\/aboriginal-australia.art\/wp-content\/uploads\/2026\/01\/BSN-200210-70x130-Pozn.jpg","contentUrl":"https:\/\/aboriginal-australia.art\/wp-content\/uploads\/2026\/01\/BSN-200210-70x130-Pozn.jpg","width":1063,"height":2001},{"@type":"BreadcrumbList","@id":"https:\/\/aboriginal-australia.art\/p\/opowiesc-o-dzikim-ziemniaku-yam-yarla-jukurrpa-yam-dreaming\/#breadcrumb","itemListElement":[{"@type":"ListItem","position":1,"name":"Strona g\u0142\u00f3wna","item":"https:\/\/aboriginal-australia.art\/"},{"@type":"ListItem","position":2,"name":"Products","item":"https:\/\/aboriginal-australia.art\/en\/shop\/"},{"@type":"ListItem","position":3,"name":"Bessie Sims Nakamarra &#8211; Opowie\u015b\u0107 o Dzikim Ziemniaku Yam \/ Yarla Jukurrpa (Yam Dreaming)"}]},{"@type":"WebSite","@id":"https:\/\/aboriginal-australia.art\/#website","url":"https:\/\/aboriginal-australia.art\/","name":"Aboriginal Australia","description":"","potentialAction":[{"@type":"SearchAction","target":{"@type":"EntryPoint","urlTemplate":"https:\/\/aboriginal-australia.art\/?s={search_term_string}"},"query-input":{"@type":"PropertyValueSpecification","valueRequired":true,"valueName":"search_term_string"}}],"inLanguage":"en-US"}]}},"_links":{"self":[{"href":"https:\/\/aboriginal-australia.art\/en\/wp-json\/wp\/v2\/product\/7318","targetHints":{"allow":["GET"]}}],"collection":[{"href":"https:\/\/aboriginal-australia.art\/en\/wp-json\/wp\/v2\/product"}],"about":[{"href":"https:\/\/aboriginal-australia.art\/en\/wp-json\/wp\/v2\/types\/product"}],"replies":[{"embeddable":true,"href":"https:\/\/aboriginal-australia.art\/en\/wp-json\/wp\/v2\/comments?post=7318"}],"version-history":[{"count":3,"href":"https:\/\/aboriginal-australia.art\/en\/wp-json\/wp\/v2\/product\/7318\/revisions"}],"predecessor-version":[{"id":7884,"href":"https:\/\/aboriginal-australia.art\/en\/wp-json\/wp\/v2\/product\/7318\/revisions\/7884"}],"wp:featuredmedia":[{"embeddable":true,"href":"https:\/\/aboriginal-australia.art\/en\/wp-json\/wp\/v2\/media\/7319"}],"wp:attachment":[{"href":"https:\/\/aboriginal-australia.art\/en\/wp-json\/wp\/v2\/media?parent=7318"}],"wp:term":[{"taxonomy":"product_brand","embeddable":true,"href":"https:\/\/aboriginal-australia.art\/en\/wp-json\/wp\/v2\/product_brand?post=7318"},{"taxonomy":"product_cat","embeddable":true,"href":"https:\/\/aboriginal-australia.art\/en\/wp-json\/wp\/v2\/product_cat?post=7318"},{"taxonomy":"product_tag","embeddable":true,"href":"https:\/\/aboriginal-australia.art\/en\/wp-json\/wp\/v2\/product_tag?post=7318"}],"curies":[{"name":"wp","href":"https:\/\/api.w.org\/{rel}","templated":true}]}}