{"id":5019,"date":"2023-12-03T10:06:45","date_gmt":"2023-12-03T09:06:45","guid":{"rendered":"https:\/\/aboriginal-australia.art.semfactory.cfolks.pl\/?post_type=product&#038;p=5019"},"modified":"2026-01-19T18:47:06","modified_gmt":"2026-01-19T17:47:06","slug":"honey-ants-dreaming","status":"publish","type":"product","link":"https:\/\/aboriginal-australia.art\/en\/p\/honey-ants-dreaming\/","title":{"rendered":"Kathleen Martin &#8211; Possum Dreaming"},"content":{"rendered":"<div data-elementor-type=\"wp-post\" data-elementor-id=\"5019\" class=\"elementor elementor-5019\" data-elementor-post-type=\"product\">\n\t\t\t\t<div class=\"elementor-element elementor-element-6483e06 e-flex e-con-boxed e-con e-parent\" data-id=\"6483e06\" data-element_type=\"container\" data-e-type=\"container\">\n\t\t\t\t\t<div class=\"e-con-inner\">\n\t\t\t\t<div class=\"elementor-element elementor-element-3a777e1 elementor-widget elementor-widget-text-editor\" data-id=\"3a777e1\" data-element_type=\"widget\" data-e-type=\"widget\" data-widget_type=\"text-editor.default\">\n\t\t\t\t<div class=\"elementor-widget-container\">\n\t\t\t\t\t\t\t\t\t<p class=\" translation-block\">The painting depicts the Story of the Possum (Jangangpa). In mythical times, the Ancestors of the Janganpa Men wandered through the land inhabited by the Warlpiri people. Janganpa men carried their hunting weapons (boomerangs and spears). Their lower parts of their bodies were covered during the ceremony with majardi - aprons made of human hair. As they traveled, they created many geographic features in the area; they also performed ceremonies (dancing, singing and body painting). Then they turned into possums.<\/p>\n<p class=\" translation-block\">The owner of this Story was Wilfred Nelson Jupurrula, husband of Kathleen Martin Nungurrayi, who received permission from him to present it. In the painting, the ceremony sites are represented by concentric circles. Wavy vertical lines symbolize the trails traveled by the Ancestors. The \"E\" shapes represent possums, or more precisely, the traces of these animals left in the sand. The wavy lines on either side of this image represent the hair strings that are used to make majardi aprons for this ceremony.<\/p>\n<p class=\" translation-block\">Kathleen Martin Nungurrayi (1974\u20132021) was considered an extremely talented artist. Her intricate dotting and the mixture of different shades of yellow make her paintings very characteristic. The artist's works can be found in Australian and foreign collections.<\/p>\t\t\t\t\t\t\t\t<\/div>\n\t\t\t\t<\/div>\n\t\t\t\t\t<\/div>\n\t\t\t\t<\/div>\n\t\t\t\t<\/div>","protected":false},"excerpt":{"rendered":"<p>Obraz przedstawia Histori\u0119 Oposa (Janganpa). W mitycznych czasach Przodkowie M\u0119\u017cczyzn Janganpa w\u0119drowali&nbsp;przez krain\u0119 zamieszkan\u0105 przez lud Warlpiri. M\u0119\u017cczy\u017ani&nbsp;Janganpa nosili swoj\u0105 bro\u0144 my\u015bliwsk\u0105 (bumerangi&nbsp;i w\u0142\u00f3cznie). Ich dolne cz\u0119\u015bci cia\u0142 podczas ceremonii zakrywa\u0142y majardi \u2013 fartuszki wykonane z ludzkich w\u0142os\u00f3w.&nbsp;Podr\u00f3\u017cuj\u0105c, stworzyli wiele obiekt\u00f3w geograficznych na tym obszarze; odprawiali r\u00f3wnie\u017c ceremonie (ta\u0144cz\u0105c, \u015bpiewaj\u0105c i maluj\u0105c cia\u0142a). Nast\u0119pnie zmienili [&hellip;]<\/p>\n","protected":false},"featured_media":4930,"comment_status":"open","ping_status":"closed","template":"","meta":{"_acf_changed":false},"product_brand":[],"product_cat":[79,68],"product_tag":[],"class_list":{"0":"post-5019","1":"product","2":"type-product","3":"status-publish","4":"has-post-thumbnail","6":"product_cat-in-stock","7":"product_cat-kathleen-martin","9":"first","10":"instock","11":"shipping-taxable","12":"purchasable","13":"product-type-simple"},"acf":[],"yoast_head":"<!-- This site is optimized with the Yoast SEO plugin v27.3 - https:\/\/yoast.com\/product\/yoast-seo-wordpress\/ -->\n<title>Kathleen Martin - Possum Dreaming - Aboriginal Australia<\/title>\n<meta name=\"robots\" content=\"index, follow, max-snippet:-1, max-image-preview:large, max-video-preview:-1\" \/>\n<link rel=\"canonical\" href=\"https:\/\/aboriginal-australia.art\/en\/p\/honey-ants-dreaming\/\" \/>\n<meta property=\"og:locale\" content=\"en_US\" \/>\n<meta property=\"og:type\" content=\"article\" \/>\n<meta property=\"og:title\" content=\"Kathleen Martin - Possum Dreaming - Aboriginal Australia\" \/>\n<meta property=\"og:description\" content=\"Obraz przedstawia Histori\u0119 Oposa (Janganpa). W mitycznych czasach Przodkowie M\u0119\u017cczyzn Janganpa w\u0119drowali&nbsp;przez krain\u0119 zamieszkan\u0105 przez lud Warlpiri. M\u0119\u017cczy\u017ani&nbsp;Janganpa nosili swoj\u0105 bro\u0144 my\u015bliwsk\u0105 (bumerangi&nbsp;i w\u0142\u00f3cznie). Ich dolne cz\u0119\u015bci cia\u0142 podczas ceremonii zakrywa\u0142y majardi \u2013 fartuszki wykonane z ludzkich w\u0142os\u00f3w.&nbsp;Podr\u00f3\u017cuj\u0105c, stworzyli wiele obiekt\u00f3w geograficznych na tym obszarze; odprawiali r\u00f3wnie\u017c ceremonie (ta\u0144cz\u0105c, \u015bpiewaj\u0105c i maluj\u0105c cia\u0142a). Nast\u0119pnie zmienili [&hellip;]\" \/>\n<meta property=\"og:url\" content=\"https:\/\/aboriginal-australia.art\/en\/p\/honey-ants-dreaming\/\" \/>\n<meta property=\"og:site_name\" content=\"Aboriginal Australia\" \/>\n<meta property=\"article:modified_time\" content=\"2026-01-19T17:47:06+00:00\" \/>\n<meta property=\"og:image\" content=\"https:\/\/aboriginal-australia.art\/wp-content\/uploads\/2023\/12\/Kathleen-Martin-KMN-II-6-0607-Honey-Ant-Dreaming-43-x-74-cm.jpg\" \/>\n\t<meta property=\"og:image:width\" content=\"2048\" \/>\n\t<meta property=\"og:image:height\" content=\"1185\" \/>\n\t<meta property=\"og:image:type\" content=\"image\/jpeg\" \/>\n<script type=\"application\/ld+json\" class=\"yoast-schema-graph\">{\"@context\":\"https:\\\/\\\/schema.org\",\"@graph\":[{\"@type\":\"WebPage\",\"@id\":\"https:\\\/\\\/aboriginal-australia.art\\\/p\\\/honey-ants-dreaming\\\/\",\"url\":\"https:\\\/\\\/aboriginal-australia.art\\\/p\\\/honey-ants-dreaming\\\/\",\"name\":\"Kathleen Martin - Possum Dreaming - Aboriginal Australia\",\"isPartOf\":{\"@id\":\"https:\\\/\\\/aboriginal-australia.art\\\/#website\"},\"primaryImageOfPage\":{\"@id\":\"https:\\\/\\\/aboriginal-australia.art\\\/p\\\/honey-ants-dreaming\\\/#primaryimage\"},\"image\":{\"@id\":\"https:\\\/\\\/aboriginal-australia.art\\\/p\\\/honey-ants-dreaming\\\/#primaryimage\"},\"thumbnailUrl\":\"https:\\\/\\\/aboriginal-australia.art\\\/wp-content\\\/uploads\\\/2023\\\/12\\\/Kathleen-Martin-KMN-II-6-0607-Honey-Ant-Dreaming-43-x-74-cm.jpg\",\"datePublished\":\"2023-12-03T09:06:45+00:00\",\"dateModified\":\"2026-01-19T17:47:06+00:00\",\"breadcrumb\":{\"@id\":\"https:\\\/\\\/aboriginal-australia.art\\\/p\\\/honey-ants-dreaming\\\/#breadcrumb\"},\"inLanguage\":\"en-US\",\"potentialAction\":[{\"@type\":\"ReadAction\",\"target\":[\"https:\\\/\\\/aboriginal-australia.art\\\/p\\\/honey-ants-dreaming\\\/\"]}]},{\"@type\":\"ImageObject\",\"inLanguage\":\"en-US\",\"@id\":\"https:\\\/\\\/aboriginal-australia.art\\\/p\\\/honey-ants-dreaming\\\/#primaryimage\",\"url\":\"https:\\\/\\\/aboriginal-australia.art\\\/wp-content\\\/uploads\\\/2023\\\/12\\\/Kathleen-Martin-KMN-II-6-0607-Honey-Ant-Dreaming-43-x-74-cm.jpg\",\"contentUrl\":\"https:\\\/\\\/aboriginal-australia.art\\\/wp-content\\\/uploads\\\/2023\\\/12\\\/Kathleen-Martin-KMN-II-6-0607-Honey-Ant-Dreaming-43-x-74-cm.jpg\",\"width\":2048,\"height\":1185,\"caption\":\"Kathleen Martin \u2013 Honey Ant Dreaming \u2013 MALA ART GALLERY\"},{\"@type\":\"BreadcrumbList\",\"@id\":\"https:\\\/\\\/aboriginal-australia.art\\\/p\\\/honey-ants-dreaming\\\/#breadcrumb\",\"itemListElement\":[{\"@type\":\"ListItem\",\"position\":1,\"name\":\"Strona g\u0142\u00f3wna\",\"item\":\"https:\\\/\\\/aboriginal-australia.art\\\/\"},{\"@type\":\"ListItem\",\"position\":2,\"name\":\"Products\",\"item\":\"https:\\\/\\\/aboriginal-australia.art\\\/en\\\/shop\\\/\"},{\"@type\":\"ListItem\",\"position\":3,\"name\":\"Kathleen Martin &#8211; Possum Dreaming\"}]},{\"@type\":\"WebSite\",\"@id\":\"https:\\\/\\\/aboriginal-australia.art\\\/#website\",\"url\":\"https:\\\/\\\/aboriginal-australia.art\\\/\",\"name\":\"Aboriginal Australia\",\"description\":\"\",\"potentialAction\":[{\"@type\":\"SearchAction\",\"target\":{\"@type\":\"EntryPoint\",\"urlTemplate\":\"https:\\\/\\\/aboriginal-australia.art\\\/?s={search_term_string}\"},\"query-input\":{\"@type\":\"PropertyValueSpecification\",\"valueRequired\":true,\"valueName\":\"search_term_string\"}}],\"inLanguage\":\"en-US\"}]}<\/script>\n<!-- \/ Yoast SEO plugin. -->","yoast_head_json":{"title":"Kathleen Martin - Possum Dreaming - Aboriginal Australia","robots":{"index":"index","follow":"follow","max-snippet":"max-snippet:-1","max-image-preview":"max-image-preview:large","max-video-preview":"max-video-preview:-1"},"canonical":"https:\/\/aboriginal-australia.art\/en\/p\/honey-ants-dreaming\/","og_locale":"en_US","og_type":"article","og_title":"Kathleen Martin - Possum Dreaming - Aboriginal Australia","og_description":"Obraz przedstawia Histori\u0119 Oposa (Janganpa). W mitycznych czasach Przodkowie M\u0119\u017cczyzn Janganpa w\u0119drowali&nbsp;przez krain\u0119 zamieszkan\u0105 przez lud Warlpiri. M\u0119\u017cczy\u017ani&nbsp;Janganpa nosili swoj\u0105 bro\u0144 my\u015bliwsk\u0105 (bumerangi&nbsp;i w\u0142\u00f3cznie). Ich dolne cz\u0119\u015bci cia\u0142 podczas ceremonii zakrywa\u0142y majardi \u2013 fartuszki wykonane z ludzkich w\u0142os\u00f3w.&nbsp;Podr\u00f3\u017cuj\u0105c, stworzyli wiele obiekt\u00f3w geograficznych na tym obszarze; odprawiali r\u00f3wnie\u017c ceremonie (ta\u0144cz\u0105c, \u015bpiewaj\u0105c i maluj\u0105c cia\u0142a). Nast\u0119pnie zmienili [&hellip;]","og_url":"https:\/\/aboriginal-australia.art\/en\/p\/honey-ants-dreaming\/","og_site_name":"Aboriginal Australia","article_modified_time":"2026-01-19T17:47:06+00:00","og_image":[{"width":2048,"height":1185,"url":"https:\/\/aboriginal-australia.art\/wp-content\/uploads\/2023\/12\/Kathleen-Martin-KMN-II-6-0607-Honey-Ant-Dreaming-43-x-74-cm.jpg","type":"image\/jpeg"}],"schema":{"@context":"https:\/\/schema.org","@graph":[{"@type":"WebPage","@id":"https:\/\/aboriginal-australia.art\/p\/honey-ants-dreaming\/","url":"https:\/\/aboriginal-australia.art\/p\/honey-ants-dreaming\/","name":"Kathleen Martin - Possum Dreaming - Aboriginal Australia","isPartOf":{"@id":"https:\/\/aboriginal-australia.art\/#website"},"primaryImageOfPage":{"@id":"https:\/\/aboriginal-australia.art\/p\/honey-ants-dreaming\/#primaryimage"},"image":{"@id":"https:\/\/aboriginal-australia.art\/p\/honey-ants-dreaming\/#primaryimage"},"thumbnailUrl":"https:\/\/aboriginal-australia.art\/wp-content\/uploads\/2023\/12\/Kathleen-Martin-KMN-II-6-0607-Honey-Ant-Dreaming-43-x-74-cm.jpg","datePublished":"2023-12-03T09:06:45+00:00","dateModified":"2026-01-19T17:47:06+00:00","breadcrumb":{"@id":"https:\/\/aboriginal-australia.art\/p\/honey-ants-dreaming\/#breadcrumb"},"inLanguage":"en-US","potentialAction":[{"@type":"ReadAction","target":["https:\/\/aboriginal-australia.art\/p\/honey-ants-dreaming\/"]}]},{"@type":"ImageObject","inLanguage":"en-US","@id":"https:\/\/aboriginal-australia.art\/p\/honey-ants-dreaming\/#primaryimage","url":"https:\/\/aboriginal-australia.art\/wp-content\/uploads\/2023\/12\/Kathleen-Martin-KMN-II-6-0607-Honey-Ant-Dreaming-43-x-74-cm.jpg","contentUrl":"https:\/\/aboriginal-australia.art\/wp-content\/uploads\/2023\/12\/Kathleen-Martin-KMN-II-6-0607-Honey-Ant-Dreaming-43-x-74-cm.jpg","width":2048,"height":1185,"caption":"Kathleen Martin \u2013 Honey Ant Dreaming \u2013 MALA ART GALLERY"},{"@type":"BreadcrumbList","@id":"https:\/\/aboriginal-australia.art\/p\/honey-ants-dreaming\/#breadcrumb","itemListElement":[{"@type":"ListItem","position":1,"name":"Strona g\u0142\u00f3wna","item":"https:\/\/aboriginal-australia.art\/"},{"@type":"ListItem","position":2,"name":"Products","item":"https:\/\/aboriginal-australia.art\/en\/shop\/"},{"@type":"ListItem","position":3,"name":"Kathleen Martin &#8211; Possum Dreaming"}]},{"@type":"WebSite","@id":"https:\/\/aboriginal-australia.art\/#website","url":"https:\/\/aboriginal-australia.art\/","name":"Aboriginal Australia","description":"","potentialAction":[{"@type":"SearchAction","target":{"@type":"EntryPoint","urlTemplate":"https:\/\/aboriginal-australia.art\/?s={search_term_string}"},"query-input":{"@type":"PropertyValueSpecification","valueRequired":true,"valueName":"search_term_string"}}],"inLanguage":"en-US"}]}},"_links":{"self":[{"href":"https:\/\/aboriginal-australia.art\/en\/wp-json\/wp\/v2\/product\/5019","targetHints":{"allow":["GET"]}}],"collection":[{"href":"https:\/\/aboriginal-australia.art\/en\/wp-json\/wp\/v2\/product"}],"about":[{"href":"https:\/\/aboriginal-australia.art\/en\/wp-json\/wp\/v2\/types\/product"}],"replies":[{"embeddable":true,"href":"https:\/\/aboriginal-australia.art\/en\/wp-json\/wp\/v2\/comments?post=5019"}],"version-history":[{"count":25,"href":"https:\/\/aboriginal-australia.art\/en\/wp-json\/wp\/v2\/product\/5019\/revisions"}],"predecessor-version":[{"id":7887,"href":"https:\/\/aboriginal-australia.art\/en\/wp-json\/wp\/v2\/product\/5019\/revisions\/7887"}],"wp:featuredmedia":[{"embeddable":true,"href":"https:\/\/aboriginal-australia.art\/en\/wp-json\/wp\/v2\/media\/4930"}],"wp:attachment":[{"href":"https:\/\/aboriginal-australia.art\/en\/wp-json\/wp\/v2\/media?parent=5019"}],"wp:term":[{"taxonomy":"product_brand","embeddable":true,"href":"https:\/\/aboriginal-australia.art\/en\/wp-json\/wp\/v2\/product_brand?post=5019"},{"taxonomy":"product_cat","embeddable":true,"href":"https:\/\/aboriginal-australia.art\/en\/wp-json\/wp\/v2\/product_cat?post=5019"},{"taxonomy":"product_tag","embeddable":true,"href":"https:\/\/aboriginal-australia.art\/en\/wp-json\/wp\/v2\/product_tag?post=5019"}],"curies":[{"name":"wp","href":"https:\/\/api.w.org\/{rel}","templated":true}]}}