{"id":5011,"date":"2023-12-03T10:00:41","date_gmt":"2023-12-03T09:00:41","guid":{"rendered":"https:\/\/aboriginal-australia.art.semfactory.cfolks.pl\/?post_type=product&#038;p=5011"},"modified":"2026-01-19T19:17:00","modified_gmt":"2026-01-19T18:17:00","slug":"birth-ceremony-bush-tucker","status":"publish","type":"product","link":"https:\/\/aboriginal-australia.art\/en\/p\/birth-ceremony-bush-tucker\/","title":{"rendered":"Barbara Reid- Birth Ceremony &#8211; Bush Tucker"},"content":{"rendered":"<div data-elementor-type=\"wp-post\" data-elementor-id=\"5011\" class=\"elementor elementor-5011\" data-elementor-post-type=\"product\">\n\t\t\t\t<div class=\"elementor-element elementor-element-7d12b14 e-flex e-con-boxed e-con e-parent\" data-id=\"7d12b14\" data-element_type=\"container\" data-e-type=\"container\">\n\t\t\t\t\t<div class=\"e-con-inner\">\n\t\t\t\t<div class=\"elementor-element elementor-element-42eed31 elementor-widget elementor-widget-text-editor\" data-id=\"42eed31\" data-element_type=\"widget\" data-e-type=\"widget\" data-widget_type=\"text-editor.default\">\n\t\t\t\t<div class=\"elementor-widget-container\">\n\t\t\t\t\t\t\t\t\t<p>During the Time of Creation, the Ancestors taught the Pintupi People how to gather wild food (bush tucker) and perform ceremonies. In this visual story, women collect food for a birth ceremony during which the child is \"bathed\" in smoke. For this ritual, smoke from burnt native plants is used. The smoking ceremony is to protect the newborn from evil spirits \u2013 lest it result in the child being stolen, never to be seen again. The ritual takes place at night, during the full moon, where the smiling women dancing and singing can be seen in the moonlight.\n\nBarbara Reid Napangarrdi, born in the Gibson Desert, portrayed this story using traditional colours and iconography of the Pintupi People. In the centre of the painting, she depicts an elongated form symbolising a local salt lake. Above are red concentric circles representing the ceremony site and the \"u\" shapes represent women. At the bottom, the artist depicts an apron made of human hair (resembling the letter \"E\"), used by women to cover their lower bodies. Concentric circles below denote a spindle used by women to craft hair into strings. Semi-circles on both sides of the painting symbolise rocks or painted female breasts. Oval yellow shapes represent bush apples and other food. The artist uses bright colours, applying paint in thick layers. Her works are part of Australian and international collections.<\/p><p>Barbara Reid Napangarrdi, born in the Gibson Desert, portrayed this story using traditional colours and iconography of the Pintupi People. In the centre of the painting, she depicts an elongated form symbolising a local salt lake. Above are red concentric circles representing the ceremony site and the \"u\" shapes represent women. At the bottom, the artist depicts an apron made of human hair (resembling the letter \"E\"), used by women to cover their lower bodies. Concentric circles below denote a spindle used by women to craft hair into strings. Semi-circles on both sides of the painting symbolise rocks or painted female breasts. Oval yellow shapes represent bush apples and other food. The artist uses bright colours, applying paint in thick layers. Her works are part of Australian and international collections<\/p><p>The artist uses bright colours, applying paint in thick layers. Her works are part of Australian and international collections.<\/p>\t\t\t\t\t\t\t\t<\/div>\n\t\t\t\t<\/div>\n\t\t\t\t\t<\/div>\n\t\t\t\t<\/div>\n\t\t\t\t<\/div>","protected":false},"excerpt":{"rendered":"<p>W Czasie Stworzenia Przodkowie nauczyli lud Pintupi, jak zbiera\u0107 dziko rosn\u0105c\u0105 \u017cywno\u015b\u0107 (bush tucker) i odprawia\u0107 ceremonie. W tej opowie\u015bci kobiety zbieraj\u0105 po\u017cywienie na ceremoni\u0119 narodzin, w czasie kt\u00f3rej dziecko \u201ek\u0105pane\u201d jest w dymie z ogniska. Do tego rytua\u0142u wykorzystuje si\u0119 dym ze spalonych, rodzimych ro\u015blin arrata. Ceremonia odymiania jest bardzo wa\u017cna, a zarazem przera\u017caj\u0105ca. [&hellip;]<\/p>\n","protected":false},"featured_media":5030,"comment_status":"open","ping_status":"closed","template":"","meta":{"_acf_changed":false},"product_brand":[],"product_cat":[78,79],"product_tag":[],"class_list":{"0":"post-5011","1":"product","2":"type-product","3":"status-publish","4":"has-post-thumbnail","6":"product_cat-barbara-reid-nungurrayi","7":"product_cat-in-stock","9":"first","10":"outofstock","11":"shipping-taxable","12":"purchasable","13":"product-type-simple"},"acf":[],"yoast_head":"<!-- This site is optimized with the Yoast SEO plugin v27.5 - https:\/\/yoast.com\/product\/yoast-seo-wordpress\/ -->\n<title>Barbara Reid- Birth Ceremony - Bush Tucker - Aboriginal Australia<\/title>\n<meta name=\"robots\" content=\"index, follow, max-snippet:-1, max-image-preview:large, max-video-preview:-1\" \/>\n<link rel=\"canonical\" href=\"https:\/\/aboriginal-australia.art\/en\/p\/birth-ceremony-bush-tucker\/\" \/>\n<meta property=\"og:locale\" content=\"en_US\" \/>\n<meta property=\"og:type\" content=\"article\" \/>\n<meta property=\"og:title\" content=\"Barbara Reid- Birth Ceremony - Bush Tucker - Aboriginal Australia\" \/>\n<meta property=\"og:description\" content=\"W Czasie Stworzenia Przodkowie nauczyli lud Pintupi, jak zbiera\u0107 dziko rosn\u0105c\u0105 \u017cywno\u015b\u0107 (bush tucker) i odprawia\u0107 ceremonie. W tej opowie\u015bci kobiety zbieraj\u0105 po\u017cywienie na ceremoni\u0119 narodzin, w czasie kt\u00f3rej dziecko \u201ek\u0105pane\u201d jest w dymie z ogniska. Do tego rytua\u0142u wykorzystuje si\u0119 dym ze spalonych, rodzimych ro\u015blin arrata. Ceremonia odymiania jest bardzo wa\u017cna, a zarazem przera\u017caj\u0105ca. [&hellip;]\" \/>\n<meta property=\"og:url\" content=\"https:\/\/aboriginal-australia.art\/en\/p\/birth-ceremony-bush-tucker\/\" \/>\n<meta property=\"og:site_name\" content=\"Aboriginal Australia\" \/>\n<meta property=\"article:modified_time\" content=\"2026-01-19T18:17:00+00:00\" \/>\n<meta property=\"og:image\" content=\"https:\/\/aboriginal-australia.art\/wp-content\/uploads\/2023\/12\/Barbara-Reid-Napangarrdi-BRN-010623-Birth-Ceremony-Bush-Tucker-70-x-151-cm-e1704628238401.jpg\" \/>\n\t<meta property=\"og:image:width\" content=\"967\" \/>\n\t<meta property=\"og:image:height\" content=\"2048\" \/>\n\t<meta property=\"og:image:type\" content=\"image\/jpeg\" \/>\n<script type=\"application\/ld+json\" class=\"yoast-schema-graph\">{\"@context\":\"https:\\\/\\\/schema.org\",\"@graph\":[{\"@type\":\"WebPage\",\"@id\":\"https:\\\/\\\/aboriginal-australia.art\\\/p\\\/birth-ceremony-bush-tucker\\\/\",\"url\":\"https:\\\/\\\/aboriginal-australia.art\\\/p\\\/birth-ceremony-bush-tucker\\\/\",\"name\":\"Barbara Reid- Birth Ceremony - Bush Tucker - Aboriginal Australia\",\"isPartOf\":{\"@id\":\"https:\\\/\\\/aboriginal-australia.art\\\/#website\"},\"primaryImageOfPage\":{\"@id\":\"https:\\\/\\\/aboriginal-australia.art\\\/p\\\/birth-ceremony-bush-tucker\\\/#primaryimage\"},\"image\":{\"@id\":\"https:\\\/\\\/aboriginal-australia.art\\\/p\\\/birth-ceremony-bush-tucker\\\/#primaryimage\"},\"thumbnailUrl\":\"https:\\\/\\\/aboriginal-australia.art\\\/wp-content\\\/uploads\\\/2023\\\/12\\\/Barbara-Reid-Napangarrdi-BRN-010623-Birth-Ceremony-Bush-Tucker-70-x-151-cm-e1704628238401.jpg\",\"datePublished\":\"2023-12-03T09:00:41+00:00\",\"dateModified\":\"2026-01-19T18:17:00+00:00\",\"breadcrumb\":{\"@id\":\"https:\\\/\\\/aboriginal-australia.art\\\/p\\\/birth-ceremony-bush-tucker\\\/#breadcrumb\"},\"inLanguage\":\"en-US\",\"potentialAction\":[{\"@type\":\"ReadAction\",\"target\":[\"https:\\\/\\\/aboriginal-australia.art\\\/p\\\/birth-ceremony-bush-tucker\\\/\"]}]},{\"@type\":\"ImageObject\",\"inLanguage\":\"en-US\",\"@id\":\"https:\\\/\\\/aboriginal-australia.art\\\/p\\\/birth-ceremony-bush-tucker\\\/#primaryimage\",\"url\":\"https:\\\/\\\/aboriginal-australia.art\\\/wp-content\\\/uploads\\\/2023\\\/12\\\/Barbara-Reid-Napangarrdi-BRN-010623-Birth-Ceremony-Bush-Tucker-70-x-151-cm-e1704628238401.jpg\",\"contentUrl\":\"https:\\\/\\\/aboriginal-australia.art\\\/wp-content\\\/uploads\\\/2023\\\/12\\\/Barbara-Reid-Napangarrdi-BRN-010623-Birth-Ceremony-Bush-Tucker-70-x-151-cm-e1704628238401.jpg\",\"width\":967,\"height\":2048,\"caption\":\"Barbara Reid Nungurrayi \u2013 Birth Ceremony - Bush Tucker \u2013 MALA ART GALLERY\"},{\"@type\":\"BreadcrumbList\",\"@id\":\"https:\\\/\\\/aboriginal-australia.art\\\/p\\\/birth-ceremony-bush-tucker\\\/#breadcrumb\",\"itemListElement\":[{\"@type\":\"ListItem\",\"position\":1,\"name\":\"Strona g\u0142\u00f3wna\",\"item\":\"https:\\\/\\\/aboriginal-australia.art\\\/\"},{\"@type\":\"ListItem\",\"position\":2,\"name\":\"Products\",\"item\":\"https:\\\/\\\/aboriginal-australia.art\\\/en\\\/shop\\\/\"},{\"@type\":\"ListItem\",\"position\":3,\"name\":\"Barbara Reid- Birth Ceremony &#8211; Bush Tucker\"}]},{\"@type\":\"WebSite\",\"@id\":\"https:\\\/\\\/aboriginal-australia.art\\\/#website\",\"url\":\"https:\\\/\\\/aboriginal-australia.art\\\/\",\"name\":\"Aboriginal Australia\",\"description\":\"\",\"potentialAction\":[{\"@type\":\"SearchAction\",\"target\":{\"@type\":\"EntryPoint\",\"urlTemplate\":\"https:\\\/\\\/aboriginal-australia.art\\\/?s={search_term_string}\"},\"query-input\":{\"@type\":\"PropertyValueSpecification\",\"valueRequired\":true,\"valueName\":\"search_term_string\"}}],\"inLanguage\":\"en-US\"}]}<\/script>\n<!-- \/ Yoast SEO plugin. -->","yoast_head_json":{"title":"Barbara Reid- Birth Ceremony - Bush Tucker - Aboriginal Australia","robots":{"index":"index","follow":"follow","max-snippet":"max-snippet:-1","max-image-preview":"max-image-preview:large","max-video-preview":"max-video-preview:-1"},"canonical":"https:\/\/aboriginal-australia.art\/en\/p\/birth-ceremony-bush-tucker\/","og_locale":"en_US","og_type":"article","og_title":"Barbara Reid- Birth Ceremony - Bush Tucker - Aboriginal Australia","og_description":"W Czasie Stworzenia Przodkowie nauczyli lud Pintupi, jak zbiera\u0107 dziko rosn\u0105c\u0105 \u017cywno\u015b\u0107 (bush tucker) i odprawia\u0107 ceremonie. W tej opowie\u015bci kobiety zbieraj\u0105 po\u017cywienie na ceremoni\u0119 narodzin, w czasie kt\u00f3rej dziecko \u201ek\u0105pane\u201d jest w dymie z ogniska. Do tego rytua\u0142u wykorzystuje si\u0119 dym ze spalonych, rodzimych ro\u015blin arrata. Ceremonia odymiania jest bardzo wa\u017cna, a zarazem przera\u017caj\u0105ca. [&hellip;]","og_url":"https:\/\/aboriginal-australia.art\/en\/p\/birth-ceremony-bush-tucker\/","og_site_name":"Aboriginal Australia","article_modified_time":"2026-01-19T18:17:00+00:00","og_image":[{"width":967,"height":2048,"url":"https:\/\/aboriginal-australia.art\/wp-content\/uploads\/2023\/12\/Barbara-Reid-Napangarrdi-BRN-010623-Birth-Ceremony-Bush-Tucker-70-x-151-cm-e1704628238401.jpg","type":"image\/jpeg"}],"schema":{"@context":"https:\/\/schema.org","@graph":[{"@type":"WebPage","@id":"https:\/\/aboriginal-australia.art\/p\/birth-ceremony-bush-tucker\/","url":"https:\/\/aboriginal-australia.art\/p\/birth-ceremony-bush-tucker\/","name":"Barbara Reid- Birth Ceremony - Bush Tucker - Aboriginal Australia","isPartOf":{"@id":"https:\/\/aboriginal-australia.art\/#website"},"primaryImageOfPage":{"@id":"https:\/\/aboriginal-australia.art\/p\/birth-ceremony-bush-tucker\/#primaryimage"},"image":{"@id":"https:\/\/aboriginal-australia.art\/p\/birth-ceremony-bush-tucker\/#primaryimage"},"thumbnailUrl":"https:\/\/aboriginal-australia.art\/wp-content\/uploads\/2023\/12\/Barbara-Reid-Napangarrdi-BRN-010623-Birth-Ceremony-Bush-Tucker-70-x-151-cm-e1704628238401.jpg","datePublished":"2023-12-03T09:00:41+00:00","dateModified":"2026-01-19T18:17:00+00:00","breadcrumb":{"@id":"https:\/\/aboriginal-australia.art\/p\/birth-ceremony-bush-tucker\/#breadcrumb"},"inLanguage":"en-US","potentialAction":[{"@type":"ReadAction","target":["https:\/\/aboriginal-australia.art\/p\/birth-ceremony-bush-tucker\/"]}]},{"@type":"ImageObject","inLanguage":"en-US","@id":"https:\/\/aboriginal-australia.art\/p\/birth-ceremony-bush-tucker\/#primaryimage","url":"https:\/\/aboriginal-australia.art\/wp-content\/uploads\/2023\/12\/Barbara-Reid-Napangarrdi-BRN-010623-Birth-Ceremony-Bush-Tucker-70-x-151-cm-e1704628238401.jpg","contentUrl":"https:\/\/aboriginal-australia.art\/wp-content\/uploads\/2023\/12\/Barbara-Reid-Napangarrdi-BRN-010623-Birth-Ceremony-Bush-Tucker-70-x-151-cm-e1704628238401.jpg","width":967,"height":2048,"caption":"Barbara Reid Nungurrayi \u2013 Birth Ceremony - Bush Tucker \u2013 MALA ART GALLERY"},{"@type":"BreadcrumbList","@id":"https:\/\/aboriginal-australia.art\/p\/birth-ceremony-bush-tucker\/#breadcrumb","itemListElement":[{"@type":"ListItem","position":1,"name":"Strona g\u0142\u00f3wna","item":"https:\/\/aboriginal-australia.art\/"},{"@type":"ListItem","position":2,"name":"Products","item":"https:\/\/aboriginal-australia.art\/en\/shop\/"},{"@type":"ListItem","position":3,"name":"Barbara Reid- Birth Ceremony &#8211; Bush Tucker"}]},{"@type":"WebSite","@id":"https:\/\/aboriginal-australia.art\/#website","url":"https:\/\/aboriginal-australia.art\/","name":"Aboriginal Australia","description":"","potentialAction":[{"@type":"SearchAction","target":{"@type":"EntryPoint","urlTemplate":"https:\/\/aboriginal-australia.art\/?s={search_term_string}"},"query-input":{"@type":"PropertyValueSpecification","valueRequired":true,"valueName":"search_term_string"}}],"inLanguage":"en-US"}]}},"_links":{"self":[{"href":"https:\/\/aboriginal-australia.art\/en\/wp-json\/wp\/v2\/product\/5011","targetHints":{"allow":["GET"]}}],"collection":[{"href":"https:\/\/aboriginal-australia.art\/en\/wp-json\/wp\/v2\/product"}],"about":[{"href":"https:\/\/aboriginal-australia.art\/en\/wp-json\/wp\/v2\/types\/product"}],"replies":[{"embeddable":true,"href":"https:\/\/aboriginal-australia.art\/en\/wp-json\/wp\/v2\/comments?post=5011"}],"version-history":[{"count":18,"href":"https:\/\/aboriginal-australia.art\/en\/wp-json\/wp\/v2\/product\/5011\/revisions"}],"predecessor-version":[{"id":7914,"href":"https:\/\/aboriginal-australia.art\/en\/wp-json\/wp\/v2\/product\/5011\/revisions\/7914"}],"wp:featuredmedia":[{"embeddable":true,"href":"https:\/\/aboriginal-australia.art\/en\/wp-json\/wp\/v2\/media\/5030"}],"wp:attachment":[{"href":"https:\/\/aboriginal-australia.art\/en\/wp-json\/wp\/v2\/media?parent=5011"}],"wp:term":[{"taxonomy":"product_brand","embeddable":true,"href":"https:\/\/aboriginal-australia.art\/en\/wp-json\/wp\/v2\/product_brand?post=5011"},{"taxonomy":"product_cat","embeddable":true,"href":"https:\/\/aboriginal-australia.art\/en\/wp-json\/wp\/v2\/product_cat?post=5011"},{"taxonomy":"product_tag","embeddable":true,"href":"https:\/\/aboriginal-australia.art\/en\/wp-json\/wp\/v2\/product_tag?post=5011"}],"curies":[{"name":"wp","href":"https:\/\/api.w.org\/{rel}","templated":true}]}}