{"id":5007,"date":"2023-12-03T09:58:27","date_gmt":"2023-12-03T08:58:27","guid":{"rendered":"https:\/\/aboriginal-australia.art.semfactory.cfolks.pl\/?post_type=product&#038;p=5007"},"modified":"2026-01-19T18:47:57","modified_gmt":"2026-01-19T17:47:57","slug":"yarla-jukurrpa-yam-dreaming","status":"publish","type":"product","link":"https:\/\/aboriginal-australia.art\/en\/p\/yarla-jukurrpa-yam-dreaming\/","title":{"rendered":"Bessie Sims Nakamarra &#8211; Yarla Jukurrpa (Yam Dreaming)"},"content":{"rendered":"<div data-elementor-type=\"wp-post\" data-elementor-id=\"5007\" class=\"elementor elementor-5007\" data-elementor-post-type=\"product\">\n\t\t\t\t<div class=\"elementor-element elementor-element-3babfe9 e-flex e-con-boxed e-con e-parent\" data-id=\"3babfe9\" data-element_type=\"container\" data-e-type=\"container\">\n\t\t\t\t\t<div class=\"e-con-inner\">\n\t\t\t\t<div class=\"elementor-element elementor-element-9100133 elementor-widget elementor-widget-text-editor\" data-id=\"9100133\" data-element_type=\"widget\" data-e-type=\"widget\" data-widget_type=\"text-editor.default\">\n\t\t\t\t<div class=\"elementor-widget-container\">\n\t\t\t\t\t\t\t\t\t<p class=\" translation-block\">The painting tells the story of the Yam Dreaming, belonging to the Jakamarra\/Jupurrula men and Napurrula\/Nakamarra women. Yarla, the Ancestor of the Bush Yam, battled the Ancestor of the Wild Carrot during the Time of Creation but lost the battle at a place called Jumurrpa, west of Yuendumu.<\/p>\n<p class=\" translation-block\">The Ancestor of the Bush Yam then went underground and transformed into the edible vegetable known as Ipomoea costata, also known as bush potato. These fibrous tubers are found near waterholes and dry riverbeds. They are a staple bush food, soft and tasty when cooked.<\/p>\n<p class=\" translation-block\">Bessie Sims Nakamarra depicts this legend using traditional Warlpiri iconography and colours. Curved lines represent the roots of bush yams but can also be associated with the ceremonial patterns (Kuruwarri) of Naparrula and Nakamarra women. Concentric circles between the lines represent bush yams, while other circles have multiple meanings and may represent waterholes, wildflowers, or ceremonial sites. Dots in the background signify vegetation and the topography of the area.<\/p>\n<p class=\" translation-block\">Bessie Sims Nakamarra was respected among the Warlpiri People for her traditional knowledge and artistic creativity.<\/p>\n<p class=\" translation-block\">Her works are part of Australian and international collections.<\/p>\n<div><br><\/div>\t\t\t\t\t\t\t\t<\/div>\n\t\t\t\t<\/div>\n\t\t\t\t\t<\/div>\n\t\t\t\t<\/div>\n\t\t\t\t<\/div>","protected":false},"excerpt":{"rendered":"<p>Obraz przedstawia Histori\u0119 Dzikiego Ziemniaka&nbsp;zwanego Yam, kt\u00f3ra nale\u017cy do m\u0119\u017cczyzn z podgrupy&nbsp;etnicznej Jakamarra\/Jupurrula i do kobiet z podgrupy&nbsp;Napurrula\/Nakamarra. Yarla, Przodek Dzikiego Ziemniaka&nbsp;walczy\u0142 w Czasie Stwarzania z Ngarlayi \u2013 Przodkiem Dzikiej Marchwi,&nbsp;ale przegra\u0142 bitw\u0119 w miejscu zwanym Jumurrpa, na zach\u00f3d od Yuendumu. Nast\u0119pnie Przodek Dzikiego Ziemniaka zszed\u0142 pod ziemi\u0119 i zmieni\u0142 si\u0119&nbsp;w jadalne warzywo z gatunku [&hellip;]<\/p>\n","protected":false},"featured_media":4918,"comment_status":"open","ping_status":"closed","template":"","meta":{"_acf_changed":false},"product_brand":[],"product_cat":[55,79],"product_tag":[],"class_list":{"0":"post-5007","1":"product","2":"type-product","3":"status-publish","4":"has-post-thumbnail","6":"product_cat-bessie-sims-nakamarra","7":"product_cat-in-stock","9":"first","10":"instock","11":"shipping-taxable","12":"purchasable","13":"product-type-simple"},"acf":[],"yoast_head":"<!-- This site is optimized with the Yoast SEO plugin v27.5 - https:\/\/yoast.com\/product\/yoast-seo-wordpress\/ -->\n<title>Bessie Sims Nakamarra - Yarla Jukurrpa (Yam Dreaming) - Aboriginal Australia<\/title>\n<meta name=\"robots\" content=\"index, follow, max-snippet:-1, max-image-preview:large, max-video-preview:-1\" \/>\n<link rel=\"canonical\" href=\"https:\/\/aboriginal-australia.art\/en\/p\/yarla-jukurrpa-yam-dreaming\/\" \/>\n<meta property=\"og:locale\" content=\"en_US\" \/>\n<meta property=\"og:type\" content=\"article\" \/>\n<meta property=\"og:title\" content=\"Bessie Sims Nakamarra - Yarla Jukurrpa (Yam Dreaming) - Aboriginal Australia\" \/>\n<meta property=\"og:description\" content=\"Obraz przedstawia Histori\u0119 Dzikiego Ziemniaka&nbsp;zwanego Yam, kt\u00f3ra nale\u017cy do m\u0119\u017cczyzn z podgrupy&nbsp;etnicznej Jakamarra\/Jupurrula i do kobiet z podgrupy&nbsp;Napurrula\/Nakamarra. Yarla, Przodek Dzikiego Ziemniaka&nbsp;walczy\u0142 w Czasie Stwarzania z Ngarlayi \u2013 Przodkiem Dzikiej Marchwi,&nbsp;ale przegra\u0142 bitw\u0119 w miejscu zwanym Jumurrpa, na zach\u00f3d od Yuendumu. Nast\u0119pnie Przodek Dzikiego Ziemniaka zszed\u0142 pod ziemi\u0119 i zmieni\u0142 si\u0119&nbsp;w jadalne warzywo z gatunku [&hellip;]\" \/>\n<meta property=\"og:url\" content=\"https:\/\/aboriginal-australia.art\/en\/p\/yarla-jukurrpa-yam-dreaming\/\" \/>\n<meta property=\"og:site_name\" content=\"Aboriginal Australia\" \/>\n<meta property=\"article:modified_time\" content=\"2026-01-19T17:47:57+00:00\" \/>\n<meta property=\"og:image\" content=\"https:\/\/aboriginal-australia.art\/wp-content\/uploads\/2023\/12\/Bessie-Sims-Nakamarra-BSN-210410-Yarla-Jukurrpa-Yam-Dreaming-64-x-92-cm-1024x712.jpg\" \/>\n\t<meta property=\"og:image:width\" content=\"1024\" \/>\n\t<meta property=\"og:image:height\" content=\"712\" \/>\n\t<meta property=\"og:image:type\" content=\"image\/jpeg\" \/>\n<script type=\"application\/ld+json\" class=\"yoast-schema-graph\">{\"@context\":\"https:\\\/\\\/schema.org\",\"@graph\":[{\"@type\":\"WebPage\",\"@id\":\"https:\\\/\\\/aboriginal-australia.art\\\/p\\\/yarla-jukurrpa-yam-dreaming\\\/\",\"url\":\"https:\\\/\\\/aboriginal-australia.art\\\/p\\\/yarla-jukurrpa-yam-dreaming\\\/\",\"name\":\"Bessie Sims Nakamarra - Yarla Jukurrpa (Yam Dreaming) - Aboriginal Australia\",\"isPartOf\":{\"@id\":\"https:\\\/\\\/aboriginal-australia.art\\\/#website\"},\"primaryImageOfPage\":{\"@id\":\"https:\\\/\\\/aboriginal-australia.art\\\/p\\\/yarla-jukurrpa-yam-dreaming\\\/#primaryimage\"},\"image\":{\"@id\":\"https:\\\/\\\/aboriginal-australia.art\\\/p\\\/yarla-jukurrpa-yam-dreaming\\\/#primaryimage\"},\"thumbnailUrl\":\"https:\\\/\\\/aboriginal-australia.art\\\/wp-content\\\/uploads\\\/2023\\\/12\\\/Bessie-Sims-Nakamarra-BSN-210410-Yarla-Jukurrpa-Yam-Dreaming-64-x-92-cm.jpg\",\"datePublished\":\"2023-12-03T08:58:27+00:00\",\"dateModified\":\"2026-01-19T17:47:57+00:00\",\"breadcrumb\":{\"@id\":\"https:\\\/\\\/aboriginal-australia.art\\\/p\\\/yarla-jukurrpa-yam-dreaming\\\/#breadcrumb\"},\"inLanguage\":\"en-US\",\"potentialAction\":[{\"@type\":\"ReadAction\",\"target\":[\"https:\\\/\\\/aboriginal-australia.art\\\/p\\\/yarla-jukurrpa-yam-dreaming\\\/\"]}]},{\"@type\":\"ImageObject\",\"inLanguage\":\"en-US\",\"@id\":\"https:\\\/\\\/aboriginal-australia.art\\\/p\\\/yarla-jukurrpa-yam-dreaming\\\/#primaryimage\",\"url\":\"https:\\\/\\\/aboriginal-australia.art\\\/wp-content\\\/uploads\\\/2023\\\/12\\\/Bessie-Sims-Nakamarra-BSN-210410-Yarla-Jukurrpa-Yam-Dreaming-64-x-92-cm.jpg\",\"contentUrl\":\"https:\\\/\\\/aboriginal-australia.art\\\/wp-content\\\/uploads\\\/2023\\\/12\\\/Bessie-Sims-Nakamarra-BSN-210410-Yarla-Jukurrpa-Yam-Dreaming-64-x-92-cm.jpg\",\"width\":2048,\"height\":1423,\"caption\":\"Bessie Sims Nakamarra \u2013 Yarla Jukurrpa (Yam Dreaming) \u2013 MALA ART GALLERY\"},{\"@type\":\"BreadcrumbList\",\"@id\":\"https:\\\/\\\/aboriginal-australia.art\\\/p\\\/yarla-jukurrpa-yam-dreaming\\\/#breadcrumb\",\"itemListElement\":[{\"@type\":\"ListItem\",\"position\":1,\"name\":\"Strona g\u0142\u00f3wna\",\"item\":\"https:\\\/\\\/aboriginal-australia.art\\\/\"},{\"@type\":\"ListItem\",\"position\":2,\"name\":\"Products\",\"item\":\"https:\\\/\\\/aboriginal-australia.art\\\/en\\\/shop\\\/\"},{\"@type\":\"ListItem\",\"position\":3,\"name\":\"Bessie Sims Nakamarra &#8211; Yarla Jukurrpa (Yam Dreaming)\"}]},{\"@type\":\"WebSite\",\"@id\":\"https:\\\/\\\/aboriginal-australia.art\\\/#website\",\"url\":\"https:\\\/\\\/aboriginal-australia.art\\\/\",\"name\":\"Aboriginal Australia\",\"description\":\"\",\"potentialAction\":[{\"@type\":\"SearchAction\",\"target\":{\"@type\":\"EntryPoint\",\"urlTemplate\":\"https:\\\/\\\/aboriginal-australia.art\\\/?s={search_term_string}\"},\"query-input\":{\"@type\":\"PropertyValueSpecification\",\"valueRequired\":true,\"valueName\":\"search_term_string\"}}],\"inLanguage\":\"en-US\"}]}<\/script>\n<!-- \/ Yoast SEO plugin. -->","yoast_head_json":{"title":"Bessie Sims Nakamarra - Yarla Jukurrpa (Yam Dreaming) - Aboriginal Australia","robots":{"index":"index","follow":"follow","max-snippet":"max-snippet:-1","max-image-preview":"max-image-preview:large","max-video-preview":"max-video-preview:-1"},"canonical":"https:\/\/aboriginal-australia.art\/en\/p\/yarla-jukurrpa-yam-dreaming\/","og_locale":"en_US","og_type":"article","og_title":"Bessie Sims Nakamarra - Yarla Jukurrpa (Yam Dreaming) - Aboriginal Australia","og_description":"Obraz przedstawia Histori\u0119 Dzikiego Ziemniaka&nbsp;zwanego Yam, kt\u00f3ra nale\u017cy do m\u0119\u017cczyzn z podgrupy&nbsp;etnicznej Jakamarra\/Jupurrula i do kobiet z podgrupy&nbsp;Napurrula\/Nakamarra. Yarla, Przodek Dzikiego Ziemniaka&nbsp;walczy\u0142 w Czasie Stwarzania z Ngarlayi \u2013 Przodkiem Dzikiej Marchwi,&nbsp;ale przegra\u0142 bitw\u0119 w miejscu zwanym Jumurrpa, na zach\u00f3d od Yuendumu. Nast\u0119pnie Przodek Dzikiego Ziemniaka zszed\u0142 pod ziemi\u0119 i zmieni\u0142 si\u0119&nbsp;w jadalne warzywo z gatunku [&hellip;]","og_url":"https:\/\/aboriginal-australia.art\/en\/p\/yarla-jukurrpa-yam-dreaming\/","og_site_name":"Aboriginal Australia","article_modified_time":"2026-01-19T17:47:57+00:00","og_image":[{"width":1024,"height":712,"url":"https:\/\/aboriginal-australia.art\/wp-content\/uploads\/2023\/12\/Bessie-Sims-Nakamarra-BSN-210410-Yarla-Jukurrpa-Yam-Dreaming-64-x-92-cm-1024x712.jpg","type":"image\/jpeg"}],"schema":{"@context":"https:\/\/schema.org","@graph":[{"@type":"WebPage","@id":"https:\/\/aboriginal-australia.art\/p\/yarla-jukurrpa-yam-dreaming\/","url":"https:\/\/aboriginal-australia.art\/p\/yarla-jukurrpa-yam-dreaming\/","name":"Bessie Sims Nakamarra - Yarla Jukurrpa (Yam Dreaming) - Aboriginal Australia","isPartOf":{"@id":"https:\/\/aboriginal-australia.art\/#website"},"primaryImageOfPage":{"@id":"https:\/\/aboriginal-australia.art\/p\/yarla-jukurrpa-yam-dreaming\/#primaryimage"},"image":{"@id":"https:\/\/aboriginal-australia.art\/p\/yarla-jukurrpa-yam-dreaming\/#primaryimage"},"thumbnailUrl":"https:\/\/aboriginal-australia.art\/wp-content\/uploads\/2023\/12\/Bessie-Sims-Nakamarra-BSN-210410-Yarla-Jukurrpa-Yam-Dreaming-64-x-92-cm.jpg","datePublished":"2023-12-03T08:58:27+00:00","dateModified":"2026-01-19T17:47:57+00:00","breadcrumb":{"@id":"https:\/\/aboriginal-australia.art\/p\/yarla-jukurrpa-yam-dreaming\/#breadcrumb"},"inLanguage":"en-US","potentialAction":[{"@type":"ReadAction","target":["https:\/\/aboriginal-australia.art\/p\/yarla-jukurrpa-yam-dreaming\/"]}]},{"@type":"ImageObject","inLanguage":"en-US","@id":"https:\/\/aboriginal-australia.art\/p\/yarla-jukurrpa-yam-dreaming\/#primaryimage","url":"https:\/\/aboriginal-australia.art\/wp-content\/uploads\/2023\/12\/Bessie-Sims-Nakamarra-BSN-210410-Yarla-Jukurrpa-Yam-Dreaming-64-x-92-cm.jpg","contentUrl":"https:\/\/aboriginal-australia.art\/wp-content\/uploads\/2023\/12\/Bessie-Sims-Nakamarra-BSN-210410-Yarla-Jukurrpa-Yam-Dreaming-64-x-92-cm.jpg","width":2048,"height":1423,"caption":"Bessie Sims Nakamarra \u2013 Yarla Jukurrpa (Yam Dreaming) \u2013 MALA ART GALLERY"},{"@type":"BreadcrumbList","@id":"https:\/\/aboriginal-australia.art\/p\/yarla-jukurrpa-yam-dreaming\/#breadcrumb","itemListElement":[{"@type":"ListItem","position":1,"name":"Strona g\u0142\u00f3wna","item":"https:\/\/aboriginal-australia.art\/"},{"@type":"ListItem","position":2,"name":"Products","item":"https:\/\/aboriginal-australia.art\/en\/shop\/"},{"@type":"ListItem","position":3,"name":"Bessie Sims Nakamarra &#8211; Yarla Jukurrpa (Yam Dreaming)"}]},{"@type":"WebSite","@id":"https:\/\/aboriginal-australia.art\/#website","url":"https:\/\/aboriginal-australia.art\/","name":"Aboriginal Australia","description":"","potentialAction":[{"@type":"SearchAction","target":{"@type":"EntryPoint","urlTemplate":"https:\/\/aboriginal-australia.art\/?s={search_term_string}"},"query-input":{"@type":"PropertyValueSpecification","valueRequired":true,"valueName":"search_term_string"}}],"inLanguage":"en-US"}]}},"_links":{"self":[{"href":"https:\/\/aboriginal-australia.art\/en\/wp-json\/wp\/v2\/product\/5007","targetHints":{"allow":["GET"]}}],"collection":[{"href":"https:\/\/aboriginal-australia.art\/en\/wp-json\/wp\/v2\/product"}],"about":[{"href":"https:\/\/aboriginal-australia.art\/en\/wp-json\/wp\/v2\/types\/product"}],"replies":[{"embeddable":true,"href":"https:\/\/aboriginal-australia.art\/en\/wp-json\/wp\/v2\/comments?post=5007"}],"version-history":[{"count":12,"href":"https:\/\/aboriginal-australia.art\/en\/wp-json\/wp\/v2\/product\/5007\/revisions"}],"predecessor-version":[{"id":7889,"href":"https:\/\/aboriginal-australia.art\/en\/wp-json\/wp\/v2\/product\/5007\/revisions\/7889"}],"wp:featuredmedia":[{"embeddable":true,"href":"https:\/\/aboriginal-australia.art\/en\/wp-json\/wp\/v2\/media\/4918"}],"wp:attachment":[{"href":"https:\/\/aboriginal-australia.art\/en\/wp-json\/wp\/v2\/media?parent=5007"}],"wp:term":[{"taxonomy":"product_brand","embeddable":true,"href":"https:\/\/aboriginal-australia.art\/en\/wp-json\/wp\/v2\/product_brand?post=5007"},{"taxonomy":"product_cat","embeddable":true,"href":"https:\/\/aboriginal-australia.art\/en\/wp-json\/wp\/v2\/product_cat?post=5007"},{"taxonomy":"product_tag","embeddable":true,"href":"https:\/\/aboriginal-australia.art\/en\/wp-json\/wp\/v2\/product_tag?post=5007"}],"curies":[{"name":"wp","href":"https:\/\/api.w.org\/{rel}","templated":true}]}}