{"id":5002,"date":"2023-12-03T09:55:16","date_gmt":"2023-12-03T08:55:16","guid":{"rendered":"https:\/\/aboriginal-australia.art.semfactory.cfolks.pl\/?post_type=product&#038;p=5002"},"modified":"2026-01-30T11:47:26","modified_gmt":"2026-01-30T10:47:26","slug":"dreaming-sisters-2","status":"publish","type":"product","link":"https:\/\/aboriginal-australia.art\/en\/p\/dreaming-sisters-2\/","title":{"rendered":"Cindi Wallace Nungarrayi &#8211; Dreaming Sisters"},"content":{"rendered":"<div data-elementor-type=\"wp-post\" data-elementor-id=\"5002\" class=\"elementor elementor-5002\" data-elementor-post-type=\"product\">\n\t\t\t\t<div class=\"elementor-element elementor-element-c5cc1f9 e-flex e-con-boxed e-con e-parent\" data-id=\"c5cc1f9\" data-element_type=\"container\" data-e-type=\"container\">\n\t\t\t\t\t<div class=\"e-con-inner\">\n\t\t\t\t<div class=\"elementor-element elementor-element-0afd28a elementor-widget elementor-widget-text-editor\" data-id=\"0afd28a\" data-element_type=\"widget\" data-e-type=\"widget\" data-widget_type=\"text-editor.default\">\n\t\t\t\t<div class=\"elementor-widget-container\">\n\t\t\t\t\t\t\t\t\t<p class=\" translation-block\">The painting narrates the story of the Seven Sisters and Antangker \u2013 Cindy Wallace Nungarrayi's ancestral land is located in the Utopia region, about 250 km north-east of Alice Springs. The Sisters, spiritual beings of the Ancestors, descended from the sky during the Time of Creation. They taught people how to gather and prepare food and conduct ceremonies. Anmatyerre women, accompanied by children, gather food in the summer and perform ceremonies to renew their history and strengthen their connection to the land. They paint their bodies with Awelye patterns, sing, and dance.<\/p><p class=\" translation-block\">Cindy Wallace Nungarrayi is one of the senior custodians of this Dreaming. She employs a technique of delicate dotting and colour variations. Three circles at the top of the painting represent stars, and connecting lines denote the Milky Way. Small circles between the lines represent bush yams, while other circles may represent waterholes, flowers, or ceremonial sites. Dots in the background signify vegetation and the terrain in that area.<\/p><p>Cindy Wallace's style is minimalist and lyrical. Her works are featured in Australian and international collections.<\/p>\t\t\t\t\t\t\t\t<\/div>\n\t\t\t\t<\/div>\n\t\t\t\t\t<\/div>\n\t\t\t\t<\/div>\n\t\t\t\t<\/div>","protected":false},"excerpt":{"rendered":"<p>Obraz przedstawia opowie\u015b\u0107 o Siedmiu Siostrach oraz&nbsp;Antangker \u2013 rodzinn\u0105 okolic\u0119 Cindy Wallace Nungurrayi,&nbsp;po\u0142o\u017con\u0105 w regionie Utopia, oko\u0142o 250 km na p\u00f3\u0142nocny&nbsp;wsch\u00f3d od Alice Springs. Siostry, duchowe istoty Przodk\u00f3w, przyby\u0142y z nieba w Czasie Stwarzania. Nauczy\u0142y ludzi zbiera\u0107 i przygotowywa\u0107 po\u017cywienie, a tak\u017ce przeprowadza\u0107 ceremonie. Obecnie kobiety&nbsp;ze szczepu Anmatyerre w towarzystwie dzieci zbieraj\u0105 latem \u017cywno\u015b\u0107&nbsp;i odprawiaj\u0105 [&hellip;]<\/p>\n","protected":false},"featured_media":4921,"comment_status":"open","ping_status":"closed","template":"","meta":{"_acf_changed":false},"product_brand":[],"product_cat":[56,79],"product_tag":[],"class_list":{"0":"post-5002","1":"product","2":"type-product","3":"status-publish","4":"has-post-thumbnail","6":"product_cat-cindi-wallace-nungarrayi","7":"product_cat-in-stock","9":"first","10":"outofstock","11":"shipping-taxable","12":"purchasable","13":"product-type-simple"},"acf":[],"yoast_head":"<!-- This site is optimized with the Yoast SEO plugin v27.3 - https:\/\/yoast.com\/product\/yoast-seo-wordpress\/ -->\n<title>Cindi Wallace Nungarrayi - Dreaming Sisters - Aboriginal Australia<\/title>\n<meta name=\"robots\" content=\"index, follow, max-snippet:-1, max-image-preview:large, max-video-preview:-1\" \/>\n<link rel=\"canonical\" href=\"https:\/\/aboriginal-australia.art\/en\/p\/dreaming-sisters-2\/\" \/>\n<meta property=\"og:locale\" content=\"en_US\" \/>\n<meta property=\"og:type\" content=\"article\" \/>\n<meta property=\"og:title\" content=\"Cindi Wallace Nungarrayi - Dreaming Sisters - Aboriginal Australia\" \/>\n<meta property=\"og:description\" content=\"Obraz przedstawia opowie\u015b\u0107 o Siedmiu Siostrach oraz&nbsp;Antangker \u2013 rodzinn\u0105 okolic\u0119 Cindy Wallace Nungurrayi,&nbsp;po\u0142o\u017con\u0105 w regionie Utopia, oko\u0142o 250 km na p\u00f3\u0142nocny&nbsp;wsch\u00f3d od Alice Springs. Siostry, duchowe istoty Przodk\u00f3w, przyby\u0142y z nieba w Czasie Stwarzania. Nauczy\u0142y ludzi zbiera\u0107 i przygotowywa\u0107 po\u017cywienie, a tak\u017ce przeprowadza\u0107 ceremonie. Obecnie kobiety&nbsp;ze szczepu Anmatyerre w towarzystwie dzieci zbieraj\u0105 latem \u017cywno\u015b\u0107&nbsp;i odprawiaj\u0105 [&hellip;]\" \/>\n<meta property=\"og:url\" content=\"https:\/\/aboriginal-australia.art\/en\/p\/dreaming-sisters-2\/\" \/>\n<meta property=\"og:site_name\" content=\"Aboriginal Australia\" \/>\n<meta property=\"article:modified_time\" content=\"2026-01-30T10:47:26+00:00\" \/>\n<meta property=\"og:image\" content=\"https:\/\/aboriginal-australia.art\/wp-content\/uploads\/2023\/12\/Cindi-Wallace-CWN-350423-Dreaming-Sisters-86-x-142-cm.jpg\" \/>\n\t<meta property=\"og:image:width\" content=\"1250\" \/>\n\t<meta property=\"og:image:height\" content=\"2048\" \/>\n\t<meta property=\"og:image:type\" content=\"image\/jpeg\" \/>\n<script type=\"application\/ld+json\" class=\"yoast-schema-graph\">{\"@context\":\"https:\\\/\\\/schema.org\",\"@graph\":[{\"@type\":\"WebPage\",\"@id\":\"https:\\\/\\\/aboriginal-australia.art\\\/p\\\/dreaming-sisters-2\\\/\",\"url\":\"https:\\\/\\\/aboriginal-australia.art\\\/p\\\/dreaming-sisters-2\\\/\",\"name\":\"Cindi Wallace Nungarrayi - Dreaming Sisters - Aboriginal Australia\",\"isPartOf\":{\"@id\":\"https:\\\/\\\/aboriginal-australia.art\\\/#website\"},\"primaryImageOfPage\":{\"@id\":\"https:\\\/\\\/aboriginal-australia.art\\\/p\\\/dreaming-sisters-2\\\/#primaryimage\"},\"image\":{\"@id\":\"https:\\\/\\\/aboriginal-australia.art\\\/p\\\/dreaming-sisters-2\\\/#primaryimage\"},\"thumbnailUrl\":\"https:\\\/\\\/aboriginal-australia.art\\\/wp-content\\\/uploads\\\/2023\\\/12\\\/Cindi-Wallace-CWN-350423-Dreaming-Sisters-86-x-142-cm.jpg\",\"datePublished\":\"2023-12-03T08:55:16+00:00\",\"dateModified\":\"2026-01-30T10:47:26+00:00\",\"breadcrumb\":{\"@id\":\"https:\\\/\\\/aboriginal-australia.art\\\/p\\\/dreaming-sisters-2\\\/#breadcrumb\"},\"inLanguage\":\"en-US\",\"potentialAction\":[{\"@type\":\"ReadAction\",\"target\":[\"https:\\\/\\\/aboriginal-australia.art\\\/p\\\/dreaming-sisters-2\\\/\"]}]},{\"@type\":\"ImageObject\",\"inLanguage\":\"en-US\",\"@id\":\"https:\\\/\\\/aboriginal-australia.art\\\/p\\\/dreaming-sisters-2\\\/#primaryimage\",\"url\":\"https:\\\/\\\/aboriginal-australia.art\\\/wp-content\\\/uploads\\\/2023\\\/12\\\/Cindi-Wallace-CWN-350423-Dreaming-Sisters-86-x-142-cm.jpg\",\"contentUrl\":\"https:\\\/\\\/aboriginal-australia.art\\\/wp-content\\\/uploads\\\/2023\\\/12\\\/Cindi-Wallace-CWN-350423-Dreaming-Sisters-86-x-142-cm.jpg\",\"width\":1250,\"height\":2048,\"caption\":\"Cindi Wallace Nungarrayi \u2013 Dreaming Sisters \u2013 MALA ART GALLERY\"},{\"@type\":\"BreadcrumbList\",\"@id\":\"https:\\\/\\\/aboriginal-australia.art\\\/p\\\/dreaming-sisters-2\\\/#breadcrumb\",\"itemListElement\":[{\"@type\":\"ListItem\",\"position\":1,\"name\":\"Strona g\u0142\u00f3wna\",\"item\":\"https:\\\/\\\/aboriginal-australia.art\\\/\"},{\"@type\":\"ListItem\",\"position\":2,\"name\":\"Products\",\"item\":\"https:\\\/\\\/aboriginal-australia.art\\\/en\\\/shop\\\/\"},{\"@type\":\"ListItem\",\"position\":3,\"name\":\"Cindi Wallace Nungarrayi &#8211; Dreaming Sisters\"}]},{\"@type\":\"WebSite\",\"@id\":\"https:\\\/\\\/aboriginal-australia.art\\\/#website\",\"url\":\"https:\\\/\\\/aboriginal-australia.art\\\/\",\"name\":\"Aboriginal Australia\",\"description\":\"\",\"potentialAction\":[{\"@type\":\"SearchAction\",\"target\":{\"@type\":\"EntryPoint\",\"urlTemplate\":\"https:\\\/\\\/aboriginal-australia.art\\\/?s={search_term_string}\"},\"query-input\":{\"@type\":\"PropertyValueSpecification\",\"valueRequired\":true,\"valueName\":\"search_term_string\"}}],\"inLanguage\":\"en-US\"}]}<\/script>\n<!-- \/ Yoast SEO plugin. -->","yoast_head_json":{"title":"Cindi Wallace Nungarrayi - Dreaming Sisters - Aboriginal Australia","robots":{"index":"index","follow":"follow","max-snippet":"max-snippet:-1","max-image-preview":"max-image-preview:large","max-video-preview":"max-video-preview:-1"},"canonical":"https:\/\/aboriginal-australia.art\/en\/p\/dreaming-sisters-2\/","og_locale":"en_US","og_type":"article","og_title":"Cindi Wallace Nungarrayi - Dreaming Sisters - Aboriginal Australia","og_description":"Obraz przedstawia opowie\u015b\u0107 o Siedmiu Siostrach oraz&nbsp;Antangker \u2013 rodzinn\u0105 okolic\u0119 Cindy Wallace Nungurrayi,&nbsp;po\u0142o\u017con\u0105 w regionie Utopia, oko\u0142o 250 km na p\u00f3\u0142nocny&nbsp;wsch\u00f3d od Alice Springs. Siostry, duchowe istoty Przodk\u00f3w, przyby\u0142y z nieba w Czasie Stwarzania. Nauczy\u0142y ludzi zbiera\u0107 i przygotowywa\u0107 po\u017cywienie, a tak\u017ce przeprowadza\u0107 ceremonie. Obecnie kobiety&nbsp;ze szczepu Anmatyerre w towarzystwie dzieci zbieraj\u0105 latem \u017cywno\u015b\u0107&nbsp;i odprawiaj\u0105 [&hellip;]","og_url":"https:\/\/aboriginal-australia.art\/en\/p\/dreaming-sisters-2\/","og_site_name":"Aboriginal Australia","article_modified_time":"2026-01-30T10:47:26+00:00","og_image":[{"width":1250,"height":2048,"url":"https:\/\/aboriginal-australia.art\/wp-content\/uploads\/2023\/12\/Cindi-Wallace-CWN-350423-Dreaming-Sisters-86-x-142-cm.jpg","type":"image\/jpeg"}],"schema":{"@context":"https:\/\/schema.org","@graph":[{"@type":"WebPage","@id":"https:\/\/aboriginal-australia.art\/p\/dreaming-sisters-2\/","url":"https:\/\/aboriginal-australia.art\/p\/dreaming-sisters-2\/","name":"Cindi Wallace Nungarrayi - Dreaming Sisters - Aboriginal Australia","isPartOf":{"@id":"https:\/\/aboriginal-australia.art\/#website"},"primaryImageOfPage":{"@id":"https:\/\/aboriginal-australia.art\/p\/dreaming-sisters-2\/#primaryimage"},"image":{"@id":"https:\/\/aboriginal-australia.art\/p\/dreaming-sisters-2\/#primaryimage"},"thumbnailUrl":"https:\/\/aboriginal-australia.art\/wp-content\/uploads\/2023\/12\/Cindi-Wallace-CWN-350423-Dreaming-Sisters-86-x-142-cm.jpg","datePublished":"2023-12-03T08:55:16+00:00","dateModified":"2026-01-30T10:47:26+00:00","breadcrumb":{"@id":"https:\/\/aboriginal-australia.art\/p\/dreaming-sisters-2\/#breadcrumb"},"inLanguage":"en-US","potentialAction":[{"@type":"ReadAction","target":["https:\/\/aboriginal-australia.art\/p\/dreaming-sisters-2\/"]}]},{"@type":"ImageObject","inLanguage":"en-US","@id":"https:\/\/aboriginal-australia.art\/p\/dreaming-sisters-2\/#primaryimage","url":"https:\/\/aboriginal-australia.art\/wp-content\/uploads\/2023\/12\/Cindi-Wallace-CWN-350423-Dreaming-Sisters-86-x-142-cm.jpg","contentUrl":"https:\/\/aboriginal-australia.art\/wp-content\/uploads\/2023\/12\/Cindi-Wallace-CWN-350423-Dreaming-Sisters-86-x-142-cm.jpg","width":1250,"height":2048,"caption":"Cindi Wallace Nungarrayi \u2013 Dreaming Sisters \u2013 MALA ART GALLERY"},{"@type":"BreadcrumbList","@id":"https:\/\/aboriginal-australia.art\/p\/dreaming-sisters-2\/#breadcrumb","itemListElement":[{"@type":"ListItem","position":1,"name":"Strona g\u0142\u00f3wna","item":"https:\/\/aboriginal-australia.art\/"},{"@type":"ListItem","position":2,"name":"Products","item":"https:\/\/aboriginal-australia.art\/en\/shop\/"},{"@type":"ListItem","position":3,"name":"Cindi Wallace Nungarrayi &#8211; Dreaming Sisters"}]},{"@type":"WebSite","@id":"https:\/\/aboriginal-australia.art\/#website","url":"https:\/\/aboriginal-australia.art\/","name":"Aboriginal Australia","description":"","potentialAction":[{"@type":"SearchAction","target":{"@type":"EntryPoint","urlTemplate":"https:\/\/aboriginal-australia.art\/?s={search_term_string}"},"query-input":{"@type":"PropertyValueSpecification","valueRequired":true,"valueName":"search_term_string"}}],"inLanguage":"en-US"}]}},"_links":{"self":[{"href":"https:\/\/aboriginal-australia.art\/en\/wp-json\/wp\/v2\/product\/5002","targetHints":{"allow":["GET"]}}],"collection":[{"href":"https:\/\/aboriginal-australia.art\/en\/wp-json\/wp\/v2\/product"}],"about":[{"href":"https:\/\/aboriginal-australia.art\/en\/wp-json\/wp\/v2\/types\/product"}],"replies":[{"embeddable":true,"href":"https:\/\/aboriginal-australia.art\/en\/wp-json\/wp\/v2\/comments?post=5002"}],"version-history":[{"count":12,"href":"https:\/\/aboriginal-australia.art\/en\/wp-json\/wp\/v2\/product\/5002\/revisions"}],"predecessor-version":[{"id":7890,"href":"https:\/\/aboriginal-australia.art\/en\/wp-json\/wp\/v2\/product\/5002\/revisions\/7890"}],"wp:featuredmedia":[{"embeddable":true,"href":"https:\/\/aboriginal-australia.art\/en\/wp-json\/wp\/v2\/media\/4921"}],"wp:attachment":[{"href":"https:\/\/aboriginal-australia.art\/en\/wp-json\/wp\/v2\/media?parent=5002"}],"wp:term":[{"taxonomy":"product_brand","embeddable":true,"href":"https:\/\/aboriginal-australia.art\/en\/wp-json\/wp\/v2\/product_brand?post=5002"},{"taxonomy":"product_cat","embeddable":true,"href":"https:\/\/aboriginal-australia.art\/en\/wp-json\/wp\/v2\/product_cat?post=5002"},{"taxonomy":"product_tag","embeddable":true,"href":"https:\/\/aboriginal-australia.art\/en\/wp-json\/wp\/v2\/product_tag?post=5002"}],"curies":[{"name":"wp","href":"https:\/\/api.w.org\/{rel}","templated":true}]}}