{"id":5001,"date":"2023-12-03T09:55:15","date_gmt":"2023-12-03T08:55:15","guid":{"rendered":"https:\/\/aboriginal-australia.art.semfactory.cfolks.pl\/?post_type=product&#038;p=5001"},"modified":"2026-01-19T19:17:51","modified_gmt":"2026-01-19T18:17:51","slug":"dreaming-sisters-3","status":"publish","type":"product","link":"https:\/\/aboriginal-australia.art\/en\/p\/dreaming-sisters-3\/","title":{"rendered":"Cindi Wallace &#8211; Dreaming Sisters"},"content":{"rendered":"<div data-elementor-type=\"wp-post\" data-elementor-id=\"5001\" class=\"elementor elementor-5001\" data-elementor-post-type=\"product\">\n\t\t\t\t<div class=\"elementor-element elementor-element-3e7c974 e-flex e-con-boxed e-con e-parent\" data-id=\"3e7c974\" data-element_type=\"container\" data-e-type=\"container\">\n\t\t\t\t\t<div class=\"e-con-inner\">\n\t\t\t\t<div class=\"elementor-element elementor-element-0178020 elementor-widget elementor-widget-text-editor\" data-id=\"0178020\" data-element_type=\"widget\" data-e-type=\"widget\" data-widget_type=\"text-editor.default\">\n\t\t\t\t<div class=\"elementor-widget-container\">\n\t\t\t\t\t\t\t\t\t<p>The painting narrates the story of the Seven Sisters and Antangker \u2013 Cindy Wallace Nungarrayi's ancestral land is located in the Utopia region, about 250 km north-east of Alice Springs. The Sisters, spiritual beings of the Ancestors, descended from the sky during the Time of Creation. They taught people how to gather and prepare food and conduct ceremonies. Anmatyerre women, accompanied by children, gather food in the summer and perform ceremonies to renew their history and strengthen their connection to the land. They paint their bodies with Awelye patterns, sing, and dance.|<\/p>\n<p>Cindy Wallace Nungarrayi is one of the senior custodians of this Dreaming. She employs a technique of delicate dotting and colour variations. Three circles at the top of the painting represent stars, and connecting lines denote the Milky Way. Small circles between the lines represent bush yams, while other circles may represent waterholes, flowers, or ceremonial sites. Dots in the background signify vegetation and the terrain in that area.<\/p>\n<p>Cindy Wallace's style is minimalist and lyrical. Her works are featured in Australian and international collections.<\/p>\t\t\t\t\t\t\t\t<\/div>\n\t\t\t\t<\/div>\n\t\t\t\t\t<\/div>\n\t\t\t\t<\/div>\n\t\t\t\t<\/div>","protected":false},"excerpt":{"rendered":"<p>Obraz przedstawia \u015ani\u0105ce Siostry i miejsca w kraju Cindy (Antangker), po\u0142o\u017cone w Regionie Utopia, oko\u0142o 250 km na p\u00f3\u0142nocny wsch\u00f3d od Alice Springs. Siostry by\u0142y Istotami Duch\u00f3w Przodk\u00f3w, kt\u00f3re przyby\u0142y z nieba na Ziemi\u0119 w Czasie Stworzenia. Instruowali ludzi, jak zbiera\u0107 i przygotowywa\u0107 \u017cywno\u015b\u0107, a tak\u017ce jak przeprowadza\u0107 ceremonie. Obecnie latem kobiety z Anmatyerre w [&hellip;]<\/p>\n","protected":false},"featured_media":4920,"comment_status":"open","ping_status":"closed","template":"","meta":{"_acf_changed":false},"product_brand":[],"product_cat":[56,79],"product_tag":[],"class_list":{"0":"post-5001","1":"product","2":"type-product","3":"status-publish","4":"has-post-thumbnail","6":"product_cat-cindi-wallace-nungarrayi","7":"product_cat-in-stock","9":"first","10":"outofstock","11":"shipping-taxable","12":"purchasable","13":"product-type-simple"},"acf":[],"yoast_head":"<!-- This site is optimized with the Yoast SEO plugin v27.3 - https:\/\/yoast.com\/product\/yoast-seo-wordpress\/ -->\n<title>Cindi Wallace - Dreaming Sisters - Aboriginal Australia<\/title>\n<meta name=\"robots\" content=\"index, follow, max-snippet:-1, max-image-preview:large, max-video-preview:-1\" \/>\n<link rel=\"canonical\" href=\"https:\/\/aboriginal-australia.art\/en\/p\/dreaming-sisters-3\/\" \/>\n<meta property=\"og:locale\" content=\"en_US\" \/>\n<meta property=\"og:type\" content=\"article\" \/>\n<meta property=\"og:title\" content=\"Cindi Wallace - Dreaming Sisters - Aboriginal Australia\" \/>\n<meta property=\"og:description\" content=\"Obraz przedstawia \u015ani\u0105ce Siostry i miejsca w kraju Cindy (Antangker), po\u0142o\u017cone w Regionie Utopia, oko\u0142o 250 km na p\u00f3\u0142nocny wsch\u00f3d od Alice Springs. Siostry by\u0142y Istotami Duch\u00f3w Przodk\u00f3w, kt\u00f3re przyby\u0142y z nieba na Ziemi\u0119 w Czasie Stworzenia. Instruowali ludzi, jak zbiera\u0107 i przygotowywa\u0107 \u017cywno\u015b\u0107, a tak\u017ce jak przeprowadza\u0107 ceremonie. Obecnie latem kobiety z Anmatyerre w [&hellip;]\" \/>\n<meta property=\"og:url\" content=\"https:\/\/aboriginal-australia.art\/en\/p\/dreaming-sisters-3\/\" \/>\n<meta property=\"og:site_name\" content=\"Aboriginal Australia\" \/>\n<meta property=\"article:modified_time\" content=\"2026-01-19T18:17:51+00:00\" \/>\n<meta property=\"og:image\" content=\"https:\/\/aboriginal-australia.art\/wp-content\/uploads\/2023\/12\/Cindy-Wallace-Nungarrayi-CWN-360323-Dream-Time-Sisters-1-88-x96-cm-959x1024.jpg\" \/>\n\t<meta property=\"og:image:width\" content=\"959\" \/>\n\t<meta property=\"og:image:height\" content=\"1024\" \/>\n\t<meta property=\"og:image:type\" content=\"image\/jpeg\" \/>\n<script type=\"application\/ld+json\" class=\"yoast-schema-graph\">{\"@context\":\"https:\\\/\\\/schema.org\",\"@graph\":[{\"@type\":\"WebPage\",\"@id\":\"https:\\\/\\\/aboriginal-australia.art\\\/p\\\/dreaming-sisters-3\\\/\",\"url\":\"https:\\\/\\\/aboriginal-australia.art\\\/p\\\/dreaming-sisters-3\\\/\",\"name\":\"Cindi Wallace - Dreaming Sisters - Aboriginal Australia\",\"isPartOf\":{\"@id\":\"https:\\\/\\\/aboriginal-australia.art\\\/#website\"},\"primaryImageOfPage\":{\"@id\":\"https:\\\/\\\/aboriginal-australia.art\\\/p\\\/dreaming-sisters-3\\\/#primaryimage\"},\"image\":{\"@id\":\"https:\\\/\\\/aboriginal-australia.art\\\/p\\\/dreaming-sisters-3\\\/#primaryimage\"},\"thumbnailUrl\":\"https:\\\/\\\/aboriginal-australia.art\\\/wp-content\\\/uploads\\\/2023\\\/12\\\/Cindy-Wallace-Nungarrayi-CWN-360323-Dream-Time-Sisters-1-88-x96-cm.jpg\",\"datePublished\":\"2023-12-03T08:55:15+00:00\",\"dateModified\":\"2026-01-19T18:17:51+00:00\",\"breadcrumb\":{\"@id\":\"https:\\\/\\\/aboriginal-australia.art\\\/p\\\/dreaming-sisters-3\\\/#breadcrumb\"},\"inLanguage\":\"en-US\",\"potentialAction\":[{\"@type\":\"ReadAction\",\"target\":[\"https:\\\/\\\/aboriginal-australia.art\\\/p\\\/dreaming-sisters-3\\\/\"]}]},{\"@type\":\"ImageObject\",\"inLanguage\":\"en-US\",\"@id\":\"https:\\\/\\\/aboriginal-australia.art\\\/p\\\/dreaming-sisters-3\\\/#primaryimage\",\"url\":\"https:\\\/\\\/aboriginal-australia.art\\\/wp-content\\\/uploads\\\/2023\\\/12\\\/Cindy-Wallace-Nungarrayi-CWN-360323-Dream-Time-Sisters-1-88-x96-cm.jpg\",\"contentUrl\":\"https:\\\/\\\/aboriginal-australia.art\\\/wp-content\\\/uploads\\\/2023\\\/12\\\/Cindy-Wallace-Nungarrayi-CWN-360323-Dream-Time-Sisters-1-88-x96-cm.jpg\",\"width\":1917,\"height\":2048,\"caption\":\"Cindi Wallace Nungarrayi \u2013 Dream Time Sisters \u2013 MALA ART GALLERY\"},{\"@type\":\"BreadcrumbList\",\"@id\":\"https:\\\/\\\/aboriginal-australia.art\\\/p\\\/dreaming-sisters-3\\\/#breadcrumb\",\"itemListElement\":[{\"@type\":\"ListItem\",\"position\":1,\"name\":\"Strona g\u0142\u00f3wna\",\"item\":\"https:\\\/\\\/aboriginal-australia.art\\\/\"},{\"@type\":\"ListItem\",\"position\":2,\"name\":\"Products\",\"item\":\"https:\\\/\\\/aboriginal-australia.art\\\/en\\\/shop\\\/\"},{\"@type\":\"ListItem\",\"position\":3,\"name\":\"Cindi Wallace &#8211; Dreaming Sisters\"}]},{\"@type\":\"WebSite\",\"@id\":\"https:\\\/\\\/aboriginal-australia.art\\\/#website\",\"url\":\"https:\\\/\\\/aboriginal-australia.art\\\/\",\"name\":\"Aboriginal Australia\",\"description\":\"\",\"potentialAction\":[{\"@type\":\"SearchAction\",\"target\":{\"@type\":\"EntryPoint\",\"urlTemplate\":\"https:\\\/\\\/aboriginal-australia.art\\\/?s={search_term_string}\"},\"query-input\":{\"@type\":\"PropertyValueSpecification\",\"valueRequired\":true,\"valueName\":\"search_term_string\"}}],\"inLanguage\":\"en-US\"}]}<\/script>\n<!-- \/ Yoast SEO plugin. -->","yoast_head_json":{"title":"Cindi Wallace - Dreaming Sisters - Aboriginal Australia","robots":{"index":"index","follow":"follow","max-snippet":"max-snippet:-1","max-image-preview":"max-image-preview:large","max-video-preview":"max-video-preview:-1"},"canonical":"https:\/\/aboriginal-australia.art\/en\/p\/dreaming-sisters-3\/","og_locale":"en_US","og_type":"article","og_title":"Cindi Wallace - Dreaming Sisters - Aboriginal Australia","og_description":"Obraz przedstawia \u015ani\u0105ce Siostry i miejsca w kraju Cindy (Antangker), po\u0142o\u017cone w Regionie Utopia, oko\u0142o 250 km na p\u00f3\u0142nocny wsch\u00f3d od Alice Springs. Siostry by\u0142y Istotami Duch\u00f3w Przodk\u00f3w, kt\u00f3re przyby\u0142y z nieba na Ziemi\u0119 w Czasie Stworzenia. Instruowali ludzi, jak zbiera\u0107 i przygotowywa\u0107 \u017cywno\u015b\u0107, a tak\u017ce jak przeprowadza\u0107 ceremonie. Obecnie latem kobiety z Anmatyerre w [&hellip;]","og_url":"https:\/\/aboriginal-australia.art\/en\/p\/dreaming-sisters-3\/","og_site_name":"Aboriginal Australia","article_modified_time":"2026-01-19T18:17:51+00:00","og_image":[{"width":959,"height":1024,"url":"https:\/\/aboriginal-australia.art\/wp-content\/uploads\/2023\/12\/Cindy-Wallace-Nungarrayi-CWN-360323-Dream-Time-Sisters-1-88-x96-cm-959x1024.jpg","type":"image\/jpeg"}],"schema":{"@context":"https:\/\/schema.org","@graph":[{"@type":"WebPage","@id":"https:\/\/aboriginal-australia.art\/p\/dreaming-sisters-3\/","url":"https:\/\/aboriginal-australia.art\/p\/dreaming-sisters-3\/","name":"Cindi Wallace - Dreaming Sisters - Aboriginal Australia","isPartOf":{"@id":"https:\/\/aboriginal-australia.art\/#website"},"primaryImageOfPage":{"@id":"https:\/\/aboriginal-australia.art\/p\/dreaming-sisters-3\/#primaryimage"},"image":{"@id":"https:\/\/aboriginal-australia.art\/p\/dreaming-sisters-3\/#primaryimage"},"thumbnailUrl":"https:\/\/aboriginal-australia.art\/wp-content\/uploads\/2023\/12\/Cindy-Wallace-Nungarrayi-CWN-360323-Dream-Time-Sisters-1-88-x96-cm.jpg","datePublished":"2023-12-03T08:55:15+00:00","dateModified":"2026-01-19T18:17:51+00:00","breadcrumb":{"@id":"https:\/\/aboriginal-australia.art\/p\/dreaming-sisters-3\/#breadcrumb"},"inLanguage":"en-US","potentialAction":[{"@type":"ReadAction","target":["https:\/\/aboriginal-australia.art\/p\/dreaming-sisters-3\/"]}]},{"@type":"ImageObject","inLanguage":"en-US","@id":"https:\/\/aboriginal-australia.art\/p\/dreaming-sisters-3\/#primaryimage","url":"https:\/\/aboriginal-australia.art\/wp-content\/uploads\/2023\/12\/Cindy-Wallace-Nungarrayi-CWN-360323-Dream-Time-Sisters-1-88-x96-cm.jpg","contentUrl":"https:\/\/aboriginal-australia.art\/wp-content\/uploads\/2023\/12\/Cindy-Wallace-Nungarrayi-CWN-360323-Dream-Time-Sisters-1-88-x96-cm.jpg","width":1917,"height":2048,"caption":"Cindi Wallace Nungarrayi \u2013 Dream Time Sisters \u2013 MALA ART GALLERY"},{"@type":"BreadcrumbList","@id":"https:\/\/aboriginal-australia.art\/p\/dreaming-sisters-3\/#breadcrumb","itemListElement":[{"@type":"ListItem","position":1,"name":"Strona g\u0142\u00f3wna","item":"https:\/\/aboriginal-australia.art\/"},{"@type":"ListItem","position":2,"name":"Products","item":"https:\/\/aboriginal-australia.art\/en\/shop\/"},{"@type":"ListItem","position":3,"name":"Cindi Wallace &#8211; Dreaming Sisters"}]},{"@type":"WebSite","@id":"https:\/\/aboriginal-australia.art\/#website","url":"https:\/\/aboriginal-australia.art\/","name":"Aboriginal Australia","description":"","potentialAction":[{"@type":"SearchAction","target":{"@type":"EntryPoint","urlTemplate":"https:\/\/aboriginal-australia.art\/?s={search_term_string}"},"query-input":{"@type":"PropertyValueSpecification","valueRequired":true,"valueName":"search_term_string"}}],"inLanguage":"en-US"}]}},"_links":{"self":[{"href":"https:\/\/aboriginal-australia.art\/en\/wp-json\/wp\/v2\/product\/5001","targetHints":{"allow":["GET"]}}],"collection":[{"href":"https:\/\/aboriginal-australia.art\/en\/wp-json\/wp\/v2\/product"}],"about":[{"href":"https:\/\/aboriginal-australia.art\/en\/wp-json\/wp\/v2\/types\/product"}],"replies":[{"embeddable":true,"href":"https:\/\/aboriginal-australia.art\/en\/wp-json\/wp\/v2\/comments?post=5001"}],"version-history":[{"count":10,"href":"https:\/\/aboriginal-australia.art\/en\/wp-json\/wp\/v2\/product\/5001\/revisions"}],"predecessor-version":[{"id":7916,"href":"https:\/\/aboriginal-australia.art\/en\/wp-json\/wp\/v2\/product\/5001\/revisions\/7916"}],"wp:featuredmedia":[{"embeddable":true,"href":"https:\/\/aboriginal-australia.art\/en\/wp-json\/wp\/v2\/media\/4920"}],"wp:attachment":[{"href":"https:\/\/aboriginal-australia.art\/en\/wp-json\/wp\/v2\/media?parent=5001"}],"wp:term":[{"taxonomy":"product_brand","embeddable":true,"href":"https:\/\/aboriginal-australia.art\/en\/wp-json\/wp\/v2\/product_brand?post=5001"},{"taxonomy":"product_cat","embeddable":true,"href":"https:\/\/aboriginal-australia.art\/en\/wp-json\/wp\/v2\/product_cat?post=5001"},{"taxonomy":"product_tag","embeddable":true,"href":"https:\/\/aboriginal-australia.art\/en\/wp-json\/wp\/v2\/product_tag?post=5001"}],"curies":[{"name":"wp","href":"https:\/\/api.w.org\/{rel}","templated":true}]}}