{"id":4993,"date":"2023-12-03T09:50:01","date_gmt":"2023-12-03T08:50:01","guid":{"rendered":"https:\/\/aboriginal-australia.art.semfactory.cfolks.pl\/?post_type=product&#038;p=4993"},"modified":"2026-01-19T18:49:20","modified_gmt":"2026-01-19T17:49:20","slug":"bush-plum-9","status":"publish","type":"product","link":"https:\/\/aboriginal-australia.art\/en\/p\/bush-plum-9\/","title":{"rendered":"Gracie Morton &#8211; Bush Plum"},"content":{"rendered":"<div data-elementor-type=\"wp-post\" data-elementor-id=\"4993\" class=\"elementor elementor-4993\" data-elementor-post-type=\"product\">\n\t\t\t\t<div class=\"elementor-element elementor-element-2f5ceba e-flex e-con-boxed e-con e-parent\" data-id=\"2f5ceba\" data-element_type=\"container\" data-e-type=\"container\">\n\t\t\t\t\t<div class=\"e-con-inner\">\n\t\t\t\t<div class=\"elementor-element elementor-element-8c44990 elementor-widget elementor-widget-text-editor\" data-id=\"8c44990\" data-element_type=\"widget\" data-e-type=\"widget\" data-widget_type=\"text-editor.default\">\n\t\t\t\t<div class=\"elementor-widget-container\">\n\t\t\t\t\t\t\t\t\t<p class=\" translation-block\">The content of the painting is Dreaming of the Wild Plum and the land of Antangker - the country of Gracie Morton Pwerle located in the Utopia region, approximately 250 km northeast of Alice Springs.\n\nBush plums are very nutritious and rich in vitamin C. They are important for Alyawarre women who, together with their children, also collect bush onions (yalka) in the summer and celebrate ceremonies. They then paint symbols of Amweketa (bush plum) on their bodies, sing and dance.<\/p><p class=\" translation-block\">Gracie Morton Pwerle, one of the senior custodians of this Dreaming, presents the story using a technique of delicate dotting and colour variations. The bird's eye view shows the changing seasons of the land, with very fine and colourful dots representing bush plums at various stages of growth. Small white brushstrokes indicate the bush onions.<\/p><p class=\" translation-block\">The artist's style is minimalist and lyrical, and her works are featured in Australian and international collections.<\/p>\t\t\t\t\t\t\t\t<\/div>\n\t\t\t\t<\/div>\n\t\t\t\t\t<\/div>\n\t\t\t\t<\/div>\n\t\t\t\t<\/div>","protected":false},"excerpt":{"rendered":"<p>Obraz przedstawia Histori\u0119 Dzikiej \u015aliwki oraz Antangker\u00a0\u2013 rodzinn\u0105 krain\u0119 autorki, po\u0142o\u017con\u0105 w regionie Utopia, oko\u0142o250 km na p\u00f3\u0142nocny wsch\u00f3d od Alice Springs.\u00a0Dzikie \u015bliwki (owoce Santalum lanceolatum, prawdziwego\u00a0drzewa sanda\u0142owego), czarne i ma\u0142e, s\u0105 bardzo po\u017cywne i bogate w witamin\u0119 C.\u00a0Maj\u0105 wa\u017cne znaczenie dla kobiet ze szczepu Alyawarre, kt\u00f3re wraz\u00a0z dzie\u0107mi w okresie letnim zbieraj\u0105 r\u00f3wnie\u017c dzik\u0105 [&hellip;]<\/p>\n","protected":false},"featured_media":4927,"comment_status":"open","ping_status":"closed","template":"","meta":{"_acf_changed":false},"product_brand":[],"product_cat":[27,79],"product_tag":[],"class_list":{"0":"post-4993","1":"product","2":"type-product","3":"status-publish","4":"has-post-thumbnail","6":"product_cat-gracie-morton","7":"product_cat-in-stock","9":"first","10":"instock","11":"shipping-taxable","12":"purchasable","13":"product-type-simple"},"acf":[],"yoast_head":"<!-- This site is optimized with the Yoast SEO plugin v27.4 - https:\/\/yoast.com\/product\/yoast-seo-wordpress\/ -->\n<title>Gracie Morton - Bush Plum - Aboriginal Australia<\/title>\n<meta name=\"robots\" content=\"index, follow, max-snippet:-1, max-image-preview:large, max-video-preview:-1\" \/>\n<link rel=\"canonical\" href=\"https:\/\/aboriginal-australia.art\/en\/p\/bush-plum-9\/\" \/>\n<meta property=\"og:locale\" content=\"en_US\" \/>\n<meta property=\"og:type\" content=\"article\" \/>\n<meta property=\"og:title\" content=\"Gracie Morton - Bush Plum - Aboriginal Australia\" \/>\n<meta property=\"og:description\" content=\"Obraz przedstawia Histori\u0119 Dzikiej \u015aliwki oraz Antangker\u00a0\u2013 rodzinn\u0105 krain\u0119 autorki, po\u0142o\u017con\u0105 w regionie Utopia, oko\u0142o250 km na p\u00f3\u0142nocny wsch\u00f3d od Alice Springs.\u00a0Dzikie \u015bliwki (owoce Santalum lanceolatum, prawdziwego\u00a0drzewa sanda\u0142owego), czarne i ma\u0142e, s\u0105 bardzo po\u017cywne i bogate w witamin\u0119 C.\u00a0Maj\u0105 wa\u017cne znaczenie dla kobiet ze szczepu Alyawarre, kt\u00f3re wraz\u00a0z dzie\u0107mi w okresie letnim zbieraj\u0105 r\u00f3wnie\u017c dzik\u0105 [&hellip;]\" \/>\n<meta property=\"og:url\" content=\"https:\/\/aboriginal-australia.art\/en\/p\/bush-plum-9\/\" \/>\n<meta property=\"og:site_name\" content=\"Aboriginal Australia\" \/>\n<meta property=\"article:modified_time\" content=\"2026-01-19T17:49:20+00:00\" \/>\n<meta property=\"og:image\" content=\"https:\/\/aboriginal-australia.art\/wp-content\/uploads\/2023\/12\/Gracie-Morton-Pwerle-GMP-480509-Bush-Plum-96-x-131-cm-1024x743.jpg\" \/>\n\t<meta property=\"og:image:width\" content=\"1024\" \/>\n\t<meta property=\"og:image:height\" content=\"743\" \/>\n\t<meta property=\"og:image:type\" content=\"image\/jpeg\" \/>\n<script type=\"application\/ld+json\" class=\"yoast-schema-graph\">{\"@context\":\"https:\\\/\\\/schema.org\",\"@graph\":[{\"@type\":\"WebPage\",\"@id\":\"https:\\\/\\\/aboriginal-australia.art\\\/p\\\/bush-plum-9\\\/\",\"url\":\"https:\\\/\\\/aboriginal-australia.art\\\/p\\\/bush-plum-9\\\/\",\"name\":\"Gracie Morton - Bush Plum - Aboriginal Australia\",\"isPartOf\":{\"@id\":\"https:\\\/\\\/aboriginal-australia.art\\\/#website\"},\"primaryImageOfPage\":{\"@id\":\"https:\\\/\\\/aboriginal-australia.art\\\/p\\\/bush-plum-9\\\/#primaryimage\"},\"image\":{\"@id\":\"https:\\\/\\\/aboriginal-australia.art\\\/p\\\/bush-plum-9\\\/#primaryimage\"},\"thumbnailUrl\":\"https:\\\/\\\/aboriginal-australia.art\\\/wp-content\\\/uploads\\\/2023\\\/12\\\/Gracie-Morton-Pwerle-GMP-480509-Bush-Plum-96-x-131-cm.jpg\",\"datePublished\":\"2023-12-03T08:50:01+00:00\",\"dateModified\":\"2026-01-19T17:49:20+00:00\",\"breadcrumb\":{\"@id\":\"https:\\\/\\\/aboriginal-australia.art\\\/p\\\/bush-plum-9\\\/#breadcrumb\"},\"inLanguage\":\"en-US\",\"potentialAction\":[{\"@type\":\"ReadAction\",\"target\":[\"https:\\\/\\\/aboriginal-australia.art\\\/p\\\/bush-plum-9\\\/\"]}]},{\"@type\":\"ImageObject\",\"inLanguage\":\"en-US\",\"@id\":\"https:\\\/\\\/aboriginal-australia.art\\\/p\\\/bush-plum-9\\\/#primaryimage\",\"url\":\"https:\\\/\\\/aboriginal-australia.art\\\/wp-content\\\/uploads\\\/2023\\\/12\\\/Gracie-Morton-Pwerle-GMP-480509-Bush-Plum-96-x-131-cm.jpg\",\"contentUrl\":\"https:\\\/\\\/aboriginal-australia.art\\\/wp-content\\\/uploads\\\/2023\\\/12\\\/Gracie-Morton-Pwerle-GMP-480509-Bush-Plum-96-x-131-cm.jpg\",\"width\":2048,\"height\":1486,\"caption\":\"Gracie Morton Pwerle \u2013 Bush Plum \u2013 MALA ART GALLERY\"},{\"@type\":\"BreadcrumbList\",\"@id\":\"https:\\\/\\\/aboriginal-australia.art\\\/p\\\/bush-plum-9\\\/#breadcrumb\",\"itemListElement\":[{\"@type\":\"ListItem\",\"position\":1,\"name\":\"Strona g\u0142\u00f3wna\",\"item\":\"https:\\\/\\\/aboriginal-australia.art\\\/\"},{\"@type\":\"ListItem\",\"position\":2,\"name\":\"Products\",\"item\":\"https:\\\/\\\/aboriginal-australia.art\\\/en\\\/shop\\\/\"},{\"@type\":\"ListItem\",\"position\":3,\"name\":\"Gracie Morton &#8211; Bush Plum\"}]},{\"@type\":\"WebSite\",\"@id\":\"https:\\\/\\\/aboriginal-australia.art\\\/#website\",\"url\":\"https:\\\/\\\/aboriginal-australia.art\\\/\",\"name\":\"Aboriginal Australia\",\"description\":\"\",\"potentialAction\":[{\"@type\":\"SearchAction\",\"target\":{\"@type\":\"EntryPoint\",\"urlTemplate\":\"https:\\\/\\\/aboriginal-australia.art\\\/?s={search_term_string}\"},\"query-input\":{\"@type\":\"PropertyValueSpecification\",\"valueRequired\":true,\"valueName\":\"search_term_string\"}}],\"inLanguage\":\"en-US\"}]}<\/script>\n<!-- \/ Yoast SEO plugin. -->","yoast_head_json":{"title":"Gracie Morton - Bush Plum - Aboriginal Australia","robots":{"index":"index","follow":"follow","max-snippet":"max-snippet:-1","max-image-preview":"max-image-preview:large","max-video-preview":"max-video-preview:-1"},"canonical":"https:\/\/aboriginal-australia.art\/en\/p\/bush-plum-9\/","og_locale":"en_US","og_type":"article","og_title":"Gracie Morton - Bush Plum - Aboriginal Australia","og_description":"Obraz przedstawia Histori\u0119 Dzikiej \u015aliwki oraz Antangker\u00a0\u2013 rodzinn\u0105 krain\u0119 autorki, po\u0142o\u017con\u0105 w regionie Utopia, oko\u0142o250 km na p\u00f3\u0142nocny wsch\u00f3d od Alice Springs.\u00a0Dzikie \u015bliwki (owoce Santalum lanceolatum, prawdziwego\u00a0drzewa sanda\u0142owego), czarne i ma\u0142e, s\u0105 bardzo po\u017cywne i bogate w witamin\u0119 C.\u00a0Maj\u0105 wa\u017cne znaczenie dla kobiet ze szczepu Alyawarre, kt\u00f3re wraz\u00a0z dzie\u0107mi w okresie letnim zbieraj\u0105 r\u00f3wnie\u017c dzik\u0105 [&hellip;]","og_url":"https:\/\/aboriginal-australia.art\/en\/p\/bush-plum-9\/","og_site_name":"Aboriginal Australia","article_modified_time":"2026-01-19T17:49:20+00:00","og_image":[{"width":1024,"height":743,"url":"https:\/\/aboriginal-australia.art\/wp-content\/uploads\/2023\/12\/Gracie-Morton-Pwerle-GMP-480509-Bush-Plum-96-x-131-cm-1024x743.jpg","type":"image\/jpeg"}],"schema":{"@context":"https:\/\/schema.org","@graph":[{"@type":"WebPage","@id":"https:\/\/aboriginal-australia.art\/p\/bush-plum-9\/","url":"https:\/\/aboriginal-australia.art\/p\/bush-plum-9\/","name":"Gracie Morton - Bush Plum - Aboriginal Australia","isPartOf":{"@id":"https:\/\/aboriginal-australia.art\/#website"},"primaryImageOfPage":{"@id":"https:\/\/aboriginal-australia.art\/p\/bush-plum-9\/#primaryimage"},"image":{"@id":"https:\/\/aboriginal-australia.art\/p\/bush-plum-9\/#primaryimage"},"thumbnailUrl":"https:\/\/aboriginal-australia.art\/wp-content\/uploads\/2023\/12\/Gracie-Morton-Pwerle-GMP-480509-Bush-Plum-96-x-131-cm.jpg","datePublished":"2023-12-03T08:50:01+00:00","dateModified":"2026-01-19T17:49:20+00:00","breadcrumb":{"@id":"https:\/\/aboriginal-australia.art\/p\/bush-plum-9\/#breadcrumb"},"inLanguage":"en-US","potentialAction":[{"@type":"ReadAction","target":["https:\/\/aboriginal-australia.art\/p\/bush-plum-9\/"]}]},{"@type":"ImageObject","inLanguage":"en-US","@id":"https:\/\/aboriginal-australia.art\/p\/bush-plum-9\/#primaryimage","url":"https:\/\/aboriginal-australia.art\/wp-content\/uploads\/2023\/12\/Gracie-Morton-Pwerle-GMP-480509-Bush-Plum-96-x-131-cm.jpg","contentUrl":"https:\/\/aboriginal-australia.art\/wp-content\/uploads\/2023\/12\/Gracie-Morton-Pwerle-GMP-480509-Bush-Plum-96-x-131-cm.jpg","width":2048,"height":1486,"caption":"Gracie Morton Pwerle \u2013 Bush Plum \u2013 MALA ART GALLERY"},{"@type":"BreadcrumbList","@id":"https:\/\/aboriginal-australia.art\/p\/bush-plum-9\/#breadcrumb","itemListElement":[{"@type":"ListItem","position":1,"name":"Strona g\u0142\u00f3wna","item":"https:\/\/aboriginal-australia.art\/"},{"@type":"ListItem","position":2,"name":"Products","item":"https:\/\/aboriginal-australia.art\/en\/shop\/"},{"@type":"ListItem","position":3,"name":"Gracie Morton &#8211; Bush Plum"}]},{"@type":"WebSite","@id":"https:\/\/aboriginal-australia.art\/#website","url":"https:\/\/aboriginal-australia.art\/","name":"Aboriginal Australia","description":"","potentialAction":[{"@type":"SearchAction","target":{"@type":"EntryPoint","urlTemplate":"https:\/\/aboriginal-australia.art\/?s={search_term_string}"},"query-input":{"@type":"PropertyValueSpecification","valueRequired":true,"valueName":"search_term_string"}}],"inLanguage":"en-US"}]}},"_links":{"self":[{"href":"https:\/\/aboriginal-australia.art\/en\/wp-json\/wp\/v2\/product\/4993","targetHints":{"allow":["GET"]}}],"collection":[{"href":"https:\/\/aboriginal-australia.art\/en\/wp-json\/wp\/v2\/product"}],"about":[{"href":"https:\/\/aboriginal-australia.art\/en\/wp-json\/wp\/v2\/types\/product"}],"replies":[{"embeddable":true,"href":"https:\/\/aboriginal-australia.art\/en\/wp-json\/wp\/v2\/comments?post=4993"}],"version-history":[{"count":12,"href":"https:\/\/aboriginal-australia.art\/en\/wp-json\/wp\/v2\/product\/4993\/revisions"}],"predecessor-version":[{"id":7892,"href":"https:\/\/aboriginal-australia.art\/en\/wp-json\/wp\/v2\/product\/4993\/revisions\/7892"}],"wp:featuredmedia":[{"embeddable":true,"href":"https:\/\/aboriginal-australia.art\/en\/wp-json\/wp\/v2\/media\/4927"}],"wp:attachment":[{"href":"https:\/\/aboriginal-australia.art\/en\/wp-json\/wp\/v2\/media?parent=4993"}],"wp:term":[{"taxonomy":"product_brand","embeddable":true,"href":"https:\/\/aboriginal-australia.art\/en\/wp-json\/wp\/v2\/product_brand?post=4993"},{"taxonomy":"product_cat","embeddable":true,"href":"https:\/\/aboriginal-australia.art\/en\/wp-json\/wp\/v2\/product_cat?post=4993"},{"taxonomy":"product_tag","embeddable":true,"href":"https:\/\/aboriginal-australia.art\/en\/wp-json\/wp\/v2\/product_tag?post=4993"}],"curies":[{"name":"wp","href":"https:\/\/api.w.org\/{rel}","templated":true}]}}