{"id":4992,"date":"2023-12-03T09:49:52","date_gmt":"2023-12-03T08:49:52","guid":{"rendered":"https:\/\/aboriginal-australia.art.semfactory.cfolks.pl\/?post_type=product&#038;p=4992"},"modified":"2026-01-19T18:49:38","modified_gmt":"2026-01-19T17:49:38","slug":"bush-plum-8","status":"publish","type":"product","link":"https:\/\/aboriginal-australia.art\/en\/p\/bush-plum-8\/","title":{"rendered":"Gracie Morton &#8211; Bush Plum"},"content":{"rendered":"<div data-elementor-type=\"wp-post\" data-elementor-id=\"4992\" class=\"elementor elementor-4992\" data-elementor-post-type=\"product\">\n\t\t\t\t<div class=\"elementor-element elementor-element-e354192 e-flex e-con-boxed e-con e-parent\" data-id=\"e354192\" data-element_type=\"container\" data-e-type=\"container\">\n\t\t\t\t\t<div class=\"e-con-inner\">\n\t\t\t\t<div class=\"elementor-element elementor-element-5acdd69 elementor-widget elementor-widget-text-editor\" data-id=\"5acdd69\" data-element_type=\"widget\" data-e-type=\"widget\" data-widget_type=\"text-editor.default\">\n\t\t\t\t<div class=\"elementor-widget-container\">\n\t\t\t\t\t\t\t\t\t<p>Obraz przedstawia Histori\u0119 Dzikiej \u015aliwki oraz Antangker&nbsp;<span style=\"letter-spacing: 0.4px; text-align: var(--text-align);\">\u2013 rodzinn\u0105 krain\u0119 autorki, po\u0142o\u017con\u0105 w regionie Utopia, oko\u0142o<\/span><span style=\"letter-spacing: 0.4px; text-align: var(--text-align);\">250 km na p\u00f3\u0142nocny wsch\u00f3d od Alice Springs.&nbsp;<\/span><span style=\"letter-spacing: 0.4px; text-align: var(--text-align);\">Dzikie \u015bliwki (owoce Santalum lanceolatum, prawdziwego&nbsp;<\/span><span style=\"letter-spacing: 0.4px; text-align: var(--text-align);\">drzewa sanda\u0142owego), czarne i ma\u0142e, s\u0105 bardzo po\u017cywne i bogate w witamin\u0119 C.&nbsp;<\/span><span style=\"letter-spacing: 0.4px; text-align: var(--text-align);\">Maj\u0105 wa\u017cne znaczenie dla kobiet ze szczepu Alyawarre, kt\u00f3re wraz&nbsp;<\/span><span style=\"letter-spacing: 0.4px; text-align: var(--text-align);\">z dzie\u0107mi w okresie letnim zbieraj\u0105 r\u00f3wnie\u017c dzik\u0105 cebul\u0119 (yelka) i odprawiaj\u0105&nbsp;<\/span><span style=\"letter-spacing: 0.4px; text-align: var(--text-align);\">ceremonie. Maluj\u0105 w\u00f3wczas na swoich cia\u0142ach symbole Amwekety (dzikiej&nbsp;<\/span><span style=\"letter-spacing: 0.4px; text-align: var(--text-align);\">The painting depicts the Dreaming of the Bush Plum and Antangker \u2013 the artist's ancestral land in the Utopia region, about 250 km northeast of Alice Springs. Bush plums (fruits of Santalum lanceolatum tree) are small and black, highly nutritious, and rich in vitamin C. They hold significant importance for Alyawarre women, who, along with children, gather bush onions (yalka) in the summer and conduct ceremonies. During this time, they paint symbols of Amwekety (bush plum) on their bodies, sing, and dance.<\/span><\/p><p class=\" translation-block\">Gracie Morton Pwerle, one of the senior custodians of this Dreaming, presents the story using a technique of delicate dotting and colour variations. The bird's eye view shows the changing seasons of the land, with very fine and colourful dots representing bush plums at various stages of growth. Small white brushstrokes indicate the bush onions.<\/p><p class=\" translation-block\">The artist's style is minimalist and lyrical, and her works are featured in Australian and international collections.<\/p>\t\t\t\t\t\t\t\t<\/div>\n\t\t\t\t<\/div>\n\t\t\t\t\t<\/div>\n\t\t\t\t<\/div>\n\t\t\t\t<\/div>","protected":false},"excerpt":{"rendered":"<p>Obraz przedstawia Histori\u0119 Dzikiej \u015aliwki oraz Antangker&nbsp;\u2013 rodzinn\u0105 krain\u0119 autorki, po\u0142o\u017con\u0105 w regionie Utopia, oko\u0142o250 km na p\u00f3\u0142nocny wsch\u00f3d od Alice Springs.&nbsp;Dzikie \u015bliwki (owoce Santalum lanceolatum, prawdziwego&nbsp;drzewa sanda\u0142owego), czarne i ma\u0142e, s\u0105 bardzo po\u017cywne i bogate w witamin\u0119 C.&nbsp;Maj\u0105 wa\u017cne znaczenie dla kobiet ze szczepu Alyawarre, kt\u00f3re wraz&nbsp;z dzie\u0107mi w okresie letnim zbieraj\u0105 r\u00f3wnie\u017c dzik\u0105 [&hellip;]<\/p>\n","protected":false},"featured_media":4926,"comment_status":"open","ping_status":"closed","template":"","meta":{"_acf_changed":false},"product_brand":[],"product_cat":[27,79],"product_tag":[],"class_list":{"0":"post-4992","1":"product","2":"type-product","3":"status-publish","4":"has-post-thumbnail","6":"product_cat-gracie-morton","7":"product_cat-in-stock","9":"first","10":"instock","11":"shipping-taxable","12":"purchasable","13":"product-type-simple"},"acf":[],"yoast_head":"<!-- This site is optimized with the Yoast SEO plugin v27.3 - https:\/\/yoast.com\/product\/yoast-seo-wordpress\/ -->\n<title>Gracie Morton - Bush Plum - Aboriginal Australia<\/title>\n<meta name=\"robots\" content=\"index, follow, max-snippet:-1, max-image-preview:large, max-video-preview:-1\" \/>\n<link rel=\"canonical\" href=\"https:\/\/aboriginal-australia.art\/en\/p\/bush-plum-8\/\" \/>\n<meta property=\"og:locale\" content=\"en_US\" \/>\n<meta property=\"og:type\" content=\"article\" \/>\n<meta property=\"og:title\" content=\"Gracie Morton - Bush Plum - Aboriginal Australia\" \/>\n<meta property=\"og:description\" content=\"Obraz przedstawia Histori\u0119 Dzikiej \u015aliwki oraz Antangker&nbsp;\u2013 rodzinn\u0105 krain\u0119 autorki, po\u0142o\u017con\u0105 w regionie Utopia, oko\u0142o250 km na p\u00f3\u0142nocny wsch\u00f3d od Alice Springs.&nbsp;Dzikie \u015bliwki (owoce Santalum lanceolatum, prawdziwego&nbsp;drzewa sanda\u0142owego), czarne i ma\u0142e, s\u0105 bardzo po\u017cywne i bogate w witamin\u0119 C.&nbsp;Maj\u0105 wa\u017cne znaczenie dla kobiet ze szczepu Alyawarre, kt\u00f3re wraz&nbsp;z dzie\u0107mi w okresie letnim zbieraj\u0105 r\u00f3wnie\u017c dzik\u0105 [&hellip;]\" \/>\n<meta property=\"og:url\" content=\"https:\/\/aboriginal-australia.art\/en\/p\/bush-plum-8\/\" \/>\n<meta property=\"og:site_name\" content=\"Aboriginal Australia\" \/>\n<meta property=\"article:modified_time\" content=\"2026-01-19T17:49:38+00:00\" \/>\n<meta property=\"og:image\" content=\"https:\/\/aboriginal-australia.art\/wp-content\/uploads\/2023\/12\/Gracie-Morton-Pwerle-GMP-911115-Bush-Plum-61-x-151-cm.jpg\" \/>\n\t<meta property=\"og:image:width\" content=\"2048\" \/>\n\t<meta property=\"og:image:height\" content=\"814\" \/>\n\t<meta property=\"og:image:type\" content=\"image\/jpeg\" \/>\n<script type=\"application\/ld+json\" class=\"yoast-schema-graph\">{\"@context\":\"https:\\\/\\\/schema.org\",\"@graph\":[{\"@type\":\"WebPage\",\"@id\":\"https:\\\/\\\/aboriginal-australia.art\\\/p\\\/bush-plum-8\\\/\",\"url\":\"https:\\\/\\\/aboriginal-australia.art\\\/p\\\/bush-plum-8\\\/\",\"name\":\"Gracie Morton - Bush Plum - Aboriginal Australia\",\"isPartOf\":{\"@id\":\"https:\\\/\\\/aboriginal-australia.art\\\/#website\"},\"primaryImageOfPage\":{\"@id\":\"https:\\\/\\\/aboriginal-australia.art\\\/p\\\/bush-plum-8\\\/#primaryimage\"},\"image\":{\"@id\":\"https:\\\/\\\/aboriginal-australia.art\\\/p\\\/bush-plum-8\\\/#primaryimage\"},\"thumbnailUrl\":\"https:\\\/\\\/aboriginal-australia.art\\\/wp-content\\\/uploads\\\/2023\\\/12\\\/Gracie-Morton-Pwerle-GMP-911115-Bush-Plum-61-x-151-cm.jpg\",\"datePublished\":\"2023-12-03T08:49:52+00:00\",\"dateModified\":\"2026-01-19T17:49:38+00:00\",\"breadcrumb\":{\"@id\":\"https:\\\/\\\/aboriginal-australia.art\\\/p\\\/bush-plum-8\\\/#breadcrumb\"},\"inLanguage\":\"en-US\",\"potentialAction\":[{\"@type\":\"ReadAction\",\"target\":[\"https:\\\/\\\/aboriginal-australia.art\\\/p\\\/bush-plum-8\\\/\"]}]},{\"@type\":\"ImageObject\",\"inLanguage\":\"en-US\",\"@id\":\"https:\\\/\\\/aboriginal-australia.art\\\/p\\\/bush-plum-8\\\/#primaryimage\",\"url\":\"https:\\\/\\\/aboriginal-australia.art\\\/wp-content\\\/uploads\\\/2023\\\/12\\\/Gracie-Morton-Pwerle-GMP-911115-Bush-Plum-61-x-151-cm.jpg\",\"contentUrl\":\"https:\\\/\\\/aboriginal-australia.art\\\/wp-content\\\/uploads\\\/2023\\\/12\\\/Gracie-Morton-Pwerle-GMP-911115-Bush-Plum-61-x-151-cm.jpg\",\"width\":2048,\"height\":814,\"caption\":\"Gracie Morton Pwerle \u2013 Bush Plum \u2013 MALA ART GALLERY\"},{\"@type\":\"BreadcrumbList\",\"@id\":\"https:\\\/\\\/aboriginal-australia.art\\\/p\\\/bush-plum-8\\\/#breadcrumb\",\"itemListElement\":[{\"@type\":\"ListItem\",\"position\":1,\"name\":\"Strona g\u0142\u00f3wna\",\"item\":\"https:\\\/\\\/aboriginal-australia.art\\\/\"},{\"@type\":\"ListItem\",\"position\":2,\"name\":\"Products\",\"item\":\"https:\\\/\\\/aboriginal-australia.art\\\/en\\\/shop\\\/\"},{\"@type\":\"ListItem\",\"position\":3,\"name\":\"Gracie Morton &#8211; Bush Plum\"}]},{\"@type\":\"WebSite\",\"@id\":\"https:\\\/\\\/aboriginal-australia.art\\\/#website\",\"url\":\"https:\\\/\\\/aboriginal-australia.art\\\/\",\"name\":\"Aboriginal Australia\",\"description\":\"\",\"potentialAction\":[{\"@type\":\"SearchAction\",\"target\":{\"@type\":\"EntryPoint\",\"urlTemplate\":\"https:\\\/\\\/aboriginal-australia.art\\\/?s={search_term_string}\"},\"query-input\":{\"@type\":\"PropertyValueSpecification\",\"valueRequired\":true,\"valueName\":\"search_term_string\"}}],\"inLanguage\":\"en-US\"}]}<\/script>\n<!-- \/ Yoast SEO plugin. -->","yoast_head_json":{"title":"Gracie Morton - Bush Plum - Aboriginal Australia","robots":{"index":"index","follow":"follow","max-snippet":"max-snippet:-1","max-image-preview":"max-image-preview:large","max-video-preview":"max-video-preview:-1"},"canonical":"https:\/\/aboriginal-australia.art\/en\/p\/bush-plum-8\/","og_locale":"en_US","og_type":"article","og_title":"Gracie Morton - Bush Plum - Aboriginal Australia","og_description":"Obraz przedstawia Histori\u0119 Dzikiej \u015aliwki oraz Antangker&nbsp;\u2013 rodzinn\u0105 krain\u0119 autorki, po\u0142o\u017con\u0105 w regionie Utopia, oko\u0142o250 km na p\u00f3\u0142nocny wsch\u00f3d od Alice Springs.&nbsp;Dzikie \u015bliwki (owoce Santalum lanceolatum, prawdziwego&nbsp;drzewa sanda\u0142owego), czarne i ma\u0142e, s\u0105 bardzo po\u017cywne i bogate w witamin\u0119 C.&nbsp;Maj\u0105 wa\u017cne znaczenie dla kobiet ze szczepu Alyawarre, kt\u00f3re wraz&nbsp;z dzie\u0107mi w okresie letnim zbieraj\u0105 r\u00f3wnie\u017c dzik\u0105 [&hellip;]","og_url":"https:\/\/aboriginal-australia.art\/en\/p\/bush-plum-8\/","og_site_name":"Aboriginal Australia","article_modified_time":"2026-01-19T17:49:38+00:00","og_image":[{"width":2048,"height":814,"url":"https:\/\/aboriginal-australia.art\/wp-content\/uploads\/2023\/12\/Gracie-Morton-Pwerle-GMP-911115-Bush-Plum-61-x-151-cm.jpg","type":"image\/jpeg"}],"schema":{"@context":"https:\/\/schema.org","@graph":[{"@type":"WebPage","@id":"https:\/\/aboriginal-australia.art\/p\/bush-plum-8\/","url":"https:\/\/aboriginal-australia.art\/p\/bush-plum-8\/","name":"Gracie Morton - Bush Plum - Aboriginal Australia","isPartOf":{"@id":"https:\/\/aboriginal-australia.art\/#website"},"primaryImageOfPage":{"@id":"https:\/\/aboriginal-australia.art\/p\/bush-plum-8\/#primaryimage"},"image":{"@id":"https:\/\/aboriginal-australia.art\/p\/bush-plum-8\/#primaryimage"},"thumbnailUrl":"https:\/\/aboriginal-australia.art\/wp-content\/uploads\/2023\/12\/Gracie-Morton-Pwerle-GMP-911115-Bush-Plum-61-x-151-cm.jpg","datePublished":"2023-12-03T08:49:52+00:00","dateModified":"2026-01-19T17:49:38+00:00","breadcrumb":{"@id":"https:\/\/aboriginal-australia.art\/p\/bush-plum-8\/#breadcrumb"},"inLanguage":"en-US","potentialAction":[{"@type":"ReadAction","target":["https:\/\/aboriginal-australia.art\/p\/bush-plum-8\/"]}]},{"@type":"ImageObject","inLanguage":"en-US","@id":"https:\/\/aboriginal-australia.art\/p\/bush-plum-8\/#primaryimage","url":"https:\/\/aboriginal-australia.art\/wp-content\/uploads\/2023\/12\/Gracie-Morton-Pwerle-GMP-911115-Bush-Plum-61-x-151-cm.jpg","contentUrl":"https:\/\/aboriginal-australia.art\/wp-content\/uploads\/2023\/12\/Gracie-Morton-Pwerle-GMP-911115-Bush-Plum-61-x-151-cm.jpg","width":2048,"height":814,"caption":"Gracie Morton Pwerle \u2013 Bush Plum \u2013 MALA ART GALLERY"},{"@type":"BreadcrumbList","@id":"https:\/\/aboriginal-australia.art\/p\/bush-plum-8\/#breadcrumb","itemListElement":[{"@type":"ListItem","position":1,"name":"Strona g\u0142\u00f3wna","item":"https:\/\/aboriginal-australia.art\/"},{"@type":"ListItem","position":2,"name":"Products","item":"https:\/\/aboriginal-australia.art\/en\/shop\/"},{"@type":"ListItem","position":3,"name":"Gracie Morton &#8211; Bush Plum"}]},{"@type":"WebSite","@id":"https:\/\/aboriginal-australia.art\/#website","url":"https:\/\/aboriginal-australia.art\/","name":"Aboriginal Australia","description":"","potentialAction":[{"@type":"SearchAction","target":{"@type":"EntryPoint","urlTemplate":"https:\/\/aboriginal-australia.art\/?s={search_term_string}"},"query-input":{"@type":"PropertyValueSpecification","valueRequired":true,"valueName":"search_term_string"}}],"inLanguage":"en-US"}]}},"_links":{"self":[{"href":"https:\/\/aboriginal-australia.art\/en\/wp-json\/wp\/v2\/product\/4992","targetHints":{"allow":["GET"]}}],"collection":[{"href":"https:\/\/aboriginal-australia.art\/en\/wp-json\/wp\/v2\/product"}],"about":[{"href":"https:\/\/aboriginal-australia.art\/en\/wp-json\/wp\/v2\/types\/product"}],"replies":[{"embeddable":true,"href":"https:\/\/aboriginal-australia.art\/en\/wp-json\/wp\/v2\/comments?post=4992"}],"version-history":[{"count":12,"href":"https:\/\/aboriginal-australia.art\/en\/wp-json\/wp\/v2\/product\/4992\/revisions"}],"predecessor-version":[{"id":7893,"href":"https:\/\/aboriginal-australia.art\/en\/wp-json\/wp\/v2\/product\/4992\/revisions\/7893"}],"wp:featuredmedia":[{"embeddable":true,"href":"https:\/\/aboriginal-australia.art\/en\/wp-json\/wp\/v2\/media\/4926"}],"wp:attachment":[{"href":"https:\/\/aboriginal-australia.art\/en\/wp-json\/wp\/v2\/media?parent=4992"}],"wp:term":[{"taxonomy":"product_brand","embeddable":true,"href":"https:\/\/aboriginal-australia.art\/en\/wp-json\/wp\/v2\/product_brand?post=4992"},{"taxonomy":"product_cat","embeddable":true,"href":"https:\/\/aboriginal-australia.art\/en\/wp-json\/wp\/v2\/product_cat?post=4992"},{"taxonomy":"product_tag","embeddable":true,"href":"https:\/\/aboriginal-australia.art\/en\/wp-json\/wp\/v2\/product_tag?post=4992"}],"curies":[{"name":"wp","href":"https:\/\/api.w.org\/{rel}","templated":true}]}}