{"id":4991,"date":"2023-12-03T09:49:43","date_gmt":"2023-12-03T08:49:43","guid":{"rendered":"https:\/\/aboriginal-australia.art.semfactory.cfolks.pl\/?post_type=product&#038;p=4991"},"modified":"2026-01-19T18:50:00","modified_gmt":"2026-01-19T17:50:00","slug":"bush-plum-7","status":"publish","type":"product","link":"https:\/\/aboriginal-australia.art\/en\/p\/bush-plum-7\/","title":{"rendered":"Gracie Morton &#8211; Bush Plum"},"content":{"rendered":"<div data-elementor-type=\"wp-post\" data-elementor-id=\"4991\" class=\"elementor elementor-4991\" data-elementor-post-type=\"product\">\n\t\t\t\t<div class=\"elementor-element elementor-element-c939e54 e-flex e-con-boxed e-con e-parent\" data-id=\"c939e54\" data-element_type=\"container\" data-e-type=\"container\">\n\t\t\t\t\t<div class=\"e-con-inner\">\n\t\t\t\t<div class=\"elementor-element elementor-element-d0f5ab6 elementor-widget elementor-widget-text-editor\" data-id=\"d0f5ab6\" data-element_type=\"widget\" data-e-type=\"widget\" data-widget_type=\"text-editor.default\">\n\t\t\t\t<div class=\"elementor-widget-container\">\n\t\t\t\t\t\t\t\t\t<p>The painting depicts the Dreaming of the Bush Plum and Antangker \u2013 the artist's ancestral land in the Utopia region, about 250 km northeast of Alice Springs.<\/p>\n<p><span style=\"letter-spacing: 0.4px; text-align: var(--text-align);\">Bush plums (fruits of Santalum lanceolatum tree) are small and black, highly nutritious, and rich in vitamin C. They hold significant importance for Alyawarre women, who, along with children, gather bush onions (yalka) in the summer and conduct ceremonies. During this time, they paint symbols of Amwekety (bush plum) on their bodies, sing, and dance.&nbsp;<\/span><\/p>\n<p><span style=\"letter-spacing: 0.4px; text-align: var(--text-align);\">I tutaj Gracie Morton Pwerle przedstawi\u0142a swoj\u0105 opowie\u015b\u0107 za pomoc\u0105 techniki delikatnego kropkowania i wariacji kolor\u00f3w. Teren widziany jest z lotu ptaka. Obraz prezentuje zmiany ro\u015bliny w zale\u017cno\u015bci od p\u00f3r roku. Bardzo drobne i wielokolorowe kropki w tle przedstawiaj\u0105 dzikie \u015bliwki w r\u00f3\u017cnych stadiach wzrostu. W tym obrazie pojawiaj\u0105 si\u0119 dodatkowo wyra\u017ane linie (pokazuj\u0105ce \u015blady kobiet zbieraj\u0105cych owoce) i p\u00f3\u0142okr\u0119gi (kojarz\u0105ce si\u0119 ze wzorami malowanymi na cia\u0142ach kobiet podczas ceremonii).<\/span><\/p>\n<p><span style=\"letter-spacing: 0.4px; text-align: var(--text-align);\">Gracie Morton Pwerle, one of the senior custodians of this Dreaming, presents the story using a technique of delicate dotting and colour variations. The bird's eye view shows the changing seasons of the land, with very fine and colourful dots representing bush plums at various stages of growth. Small white brushstrokes indicate the bush onions.<\/span><\/p>\n<p><span style=\"letter-spacing: 0.4px; text-align: var(--text-align);\">In this painting, delicate dots and distinct lines depict the tracks of women gathering fruit, and semicircles, associated with patterns painted on women's bodies during ceremonies, are also present.<\/span><\/p>\t\t\t\t\t\t\t\t<\/div>\n\t\t\t\t<\/div>\n\t\t\t\t\t<\/div>\n\t\t\t\t<\/div>\n\t\t\t\t<\/div>","protected":false},"excerpt":{"rendered":"<p>Obraz przedstawia Histori\u0119 Dzikiej \u015aliwki oraz Antangker \u2013 rodzinn\u0105 krain\u0119 autorki, po\u0142o\u017con\u0105 w regionie Utopia, oko\u0142o 250 km na p\u00f3\u0142nocny wsch\u00f3d od Alice Springs. Dzikie \u015bliwki (owoce Santalum lanceolatum, prawdziwego drzewa sanda\u0142owego), czarne i ma\u0142e, s\u0105 bardzo po\u017cywne i bogate w witamin\u0119 C. Maj\u0105 wa\u017cne znaczenie dla kobiet ze szczepu Alyawarre, kt\u00f3re wraz z dzie\u0107mi [&hellip;]<\/p>\n","protected":false},"featured_media":4925,"comment_status":"open","ping_status":"closed","template":"","meta":{"_acf_changed":false},"product_brand":[],"product_cat":[27,79],"product_tag":[],"class_list":{"0":"post-4991","1":"product","2":"type-product","3":"status-publish","4":"has-post-thumbnail","6":"product_cat-gracie-morton","7":"product_cat-in-stock","9":"first","10":"instock","11":"shipping-taxable","12":"purchasable","13":"product-type-simple"},"acf":[],"yoast_head":"<!-- This site is optimized with the Yoast SEO plugin v27.5 - https:\/\/yoast.com\/product\/yoast-seo-wordpress\/ -->\n<title>Gracie Morton - Bush Plum - Aboriginal Australia<\/title>\n<meta name=\"robots\" content=\"index, follow, max-snippet:-1, max-image-preview:large, max-video-preview:-1\" \/>\n<link rel=\"canonical\" href=\"https:\/\/aboriginal-australia.art\/en\/p\/bush-plum-7\/\" \/>\n<meta property=\"og:locale\" content=\"en_US\" \/>\n<meta property=\"og:type\" content=\"article\" \/>\n<meta property=\"og:title\" content=\"Gracie Morton - Bush Plum - Aboriginal Australia\" \/>\n<meta property=\"og:description\" content=\"Obraz przedstawia Histori\u0119 Dzikiej \u015aliwki oraz Antangker \u2013 rodzinn\u0105 krain\u0119 autorki, po\u0142o\u017con\u0105 w regionie Utopia, oko\u0142o 250 km na p\u00f3\u0142nocny wsch\u00f3d od Alice Springs. Dzikie \u015bliwki (owoce Santalum lanceolatum, prawdziwego drzewa sanda\u0142owego), czarne i ma\u0142e, s\u0105 bardzo po\u017cywne i bogate w witamin\u0119 C. Maj\u0105 wa\u017cne znaczenie dla kobiet ze szczepu Alyawarre, kt\u00f3re wraz z dzie\u0107mi [&hellip;]\" \/>\n<meta property=\"og:url\" content=\"https:\/\/aboriginal-australia.art\/en\/p\/bush-plum-7\/\" \/>\n<meta property=\"og:site_name\" content=\"Aboriginal Australia\" \/>\n<meta property=\"article:modified_time\" content=\"2026-01-19T17:50:00+00:00\" \/>\n<meta property=\"og:image\" content=\"https:\/\/aboriginal-australia.art\/wp-content\/uploads\/2023\/12\/Gracie-Morton-Pwerle-GMP-520723-Bush-Plum-50-x-93-cm.jpg\" \/>\n\t<meta property=\"og:image:width\" content=\"2048\" \/>\n\t<meta property=\"og:image:height\" content=\"1079\" \/>\n\t<meta property=\"og:image:type\" content=\"image\/jpeg\" \/>\n<script type=\"application\/ld+json\" class=\"yoast-schema-graph\">{\"@context\":\"https:\\\/\\\/schema.org\",\"@graph\":[{\"@type\":\"WebPage\",\"@id\":\"https:\\\/\\\/aboriginal-australia.art\\\/p\\\/bush-plum-7\\\/\",\"url\":\"https:\\\/\\\/aboriginal-australia.art\\\/p\\\/bush-plum-7\\\/\",\"name\":\"Gracie Morton - Bush Plum - Aboriginal Australia\",\"isPartOf\":{\"@id\":\"https:\\\/\\\/aboriginal-australia.art\\\/#website\"},\"primaryImageOfPage\":{\"@id\":\"https:\\\/\\\/aboriginal-australia.art\\\/p\\\/bush-plum-7\\\/#primaryimage\"},\"image\":{\"@id\":\"https:\\\/\\\/aboriginal-australia.art\\\/p\\\/bush-plum-7\\\/#primaryimage\"},\"thumbnailUrl\":\"https:\\\/\\\/aboriginal-australia.art\\\/wp-content\\\/uploads\\\/2023\\\/12\\\/Gracie-Morton-Pwerle-GMP-520723-Bush-Plum-50-x-93-cm.jpg\",\"datePublished\":\"2023-12-03T08:49:43+00:00\",\"dateModified\":\"2026-01-19T17:50:00+00:00\",\"breadcrumb\":{\"@id\":\"https:\\\/\\\/aboriginal-australia.art\\\/p\\\/bush-plum-7\\\/#breadcrumb\"},\"inLanguage\":\"en-US\",\"potentialAction\":[{\"@type\":\"ReadAction\",\"target\":[\"https:\\\/\\\/aboriginal-australia.art\\\/p\\\/bush-plum-7\\\/\"]}]},{\"@type\":\"ImageObject\",\"inLanguage\":\"en-US\",\"@id\":\"https:\\\/\\\/aboriginal-australia.art\\\/p\\\/bush-plum-7\\\/#primaryimage\",\"url\":\"https:\\\/\\\/aboriginal-australia.art\\\/wp-content\\\/uploads\\\/2023\\\/12\\\/Gracie-Morton-Pwerle-GMP-520723-Bush-Plum-50-x-93-cm.jpg\",\"contentUrl\":\"https:\\\/\\\/aboriginal-australia.art\\\/wp-content\\\/uploads\\\/2023\\\/12\\\/Gracie-Morton-Pwerle-GMP-520723-Bush-Plum-50-x-93-cm.jpg\",\"width\":2048,\"height\":1079,\"caption\":\"Gracie Morton Pwerle \u2013 Bush Plum \u2013 MALA ART GALLERY\"},{\"@type\":\"BreadcrumbList\",\"@id\":\"https:\\\/\\\/aboriginal-australia.art\\\/p\\\/bush-plum-7\\\/#breadcrumb\",\"itemListElement\":[{\"@type\":\"ListItem\",\"position\":1,\"name\":\"Strona g\u0142\u00f3wna\",\"item\":\"https:\\\/\\\/aboriginal-australia.art\\\/\"},{\"@type\":\"ListItem\",\"position\":2,\"name\":\"Products\",\"item\":\"https:\\\/\\\/aboriginal-australia.art\\\/en\\\/shop\\\/\"},{\"@type\":\"ListItem\",\"position\":3,\"name\":\"Gracie Morton &#8211; Bush Plum\"}]},{\"@type\":\"WebSite\",\"@id\":\"https:\\\/\\\/aboriginal-australia.art\\\/#website\",\"url\":\"https:\\\/\\\/aboriginal-australia.art\\\/\",\"name\":\"Aboriginal Australia\",\"description\":\"\",\"potentialAction\":[{\"@type\":\"SearchAction\",\"target\":{\"@type\":\"EntryPoint\",\"urlTemplate\":\"https:\\\/\\\/aboriginal-australia.art\\\/?s={search_term_string}\"},\"query-input\":{\"@type\":\"PropertyValueSpecification\",\"valueRequired\":true,\"valueName\":\"search_term_string\"}}],\"inLanguage\":\"en-US\"}]}<\/script>\n<!-- \/ Yoast SEO plugin. -->","yoast_head_json":{"title":"Gracie Morton - Bush Plum - Aboriginal Australia","robots":{"index":"index","follow":"follow","max-snippet":"max-snippet:-1","max-image-preview":"max-image-preview:large","max-video-preview":"max-video-preview:-1"},"canonical":"https:\/\/aboriginal-australia.art\/en\/p\/bush-plum-7\/","og_locale":"en_US","og_type":"article","og_title":"Gracie Morton - Bush Plum - Aboriginal Australia","og_description":"Obraz przedstawia Histori\u0119 Dzikiej \u015aliwki oraz Antangker \u2013 rodzinn\u0105 krain\u0119 autorki, po\u0142o\u017con\u0105 w regionie Utopia, oko\u0142o 250 km na p\u00f3\u0142nocny wsch\u00f3d od Alice Springs. Dzikie \u015bliwki (owoce Santalum lanceolatum, prawdziwego drzewa sanda\u0142owego), czarne i ma\u0142e, s\u0105 bardzo po\u017cywne i bogate w witamin\u0119 C. Maj\u0105 wa\u017cne znaczenie dla kobiet ze szczepu Alyawarre, kt\u00f3re wraz z dzie\u0107mi [&hellip;]","og_url":"https:\/\/aboriginal-australia.art\/en\/p\/bush-plum-7\/","og_site_name":"Aboriginal Australia","article_modified_time":"2026-01-19T17:50:00+00:00","og_image":[{"width":2048,"height":1079,"url":"https:\/\/aboriginal-australia.art\/wp-content\/uploads\/2023\/12\/Gracie-Morton-Pwerle-GMP-520723-Bush-Plum-50-x-93-cm.jpg","type":"image\/jpeg"}],"schema":{"@context":"https:\/\/schema.org","@graph":[{"@type":"WebPage","@id":"https:\/\/aboriginal-australia.art\/p\/bush-plum-7\/","url":"https:\/\/aboriginal-australia.art\/p\/bush-plum-7\/","name":"Gracie Morton - Bush Plum - Aboriginal Australia","isPartOf":{"@id":"https:\/\/aboriginal-australia.art\/#website"},"primaryImageOfPage":{"@id":"https:\/\/aboriginal-australia.art\/p\/bush-plum-7\/#primaryimage"},"image":{"@id":"https:\/\/aboriginal-australia.art\/p\/bush-plum-7\/#primaryimage"},"thumbnailUrl":"https:\/\/aboriginal-australia.art\/wp-content\/uploads\/2023\/12\/Gracie-Morton-Pwerle-GMP-520723-Bush-Plum-50-x-93-cm.jpg","datePublished":"2023-12-03T08:49:43+00:00","dateModified":"2026-01-19T17:50:00+00:00","breadcrumb":{"@id":"https:\/\/aboriginal-australia.art\/p\/bush-plum-7\/#breadcrumb"},"inLanguage":"en-US","potentialAction":[{"@type":"ReadAction","target":["https:\/\/aboriginal-australia.art\/p\/bush-plum-7\/"]}]},{"@type":"ImageObject","inLanguage":"en-US","@id":"https:\/\/aboriginal-australia.art\/p\/bush-plum-7\/#primaryimage","url":"https:\/\/aboriginal-australia.art\/wp-content\/uploads\/2023\/12\/Gracie-Morton-Pwerle-GMP-520723-Bush-Plum-50-x-93-cm.jpg","contentUrl":"https:\/\/aboriginal-australia.art\/wp-content\/uploads\/2023\/12\/Gracie-Morton-Pwerle-GMP-520723-Bush-Plum-50-x-93-cm.jpg","width":2048,"height":1079,"caption":"Gracie Morton Pwerle \u2013 Bush Plum \u2013 MALA ART GALLERY"},{"@type":"BreadcrumbList","@id":"https:\/\/aboriginal-australia.art\/p\/bush-plum-7\/#breadcrumb","itemListElement":[{"@type":"ListItem","position":1,"name":"Strona g\u0142\u00f3wna","item":"https:\/\/aboriginal-australia.art\/"},{"@type":"ListItem","position":2,"name":"Products","item":"https:\/\/aboriginal-australia.art\/en\/shop\/"},{"@type":"ListItem","position":3,"name":"Gracie Morton &#8211; Bush Plum"}]},{"@type":"WebSite","@id":"https:\/\/aboriginal-australia.art\/#website","url":"https:\/\/aboriginal-australia.art\/","name":"Aboriginal Australia","description":"","potentialAction":[{"@type":"SearchAction","target":{"@type":"EntryPoint","urlTemplate":"https:\/\/aboriginal-australia.art\/?s={search_term_string}"},"query-input":{"@type":"PropertyValueSpecification","valueRequired":true,"valueName":"search_term_string"}}],"inLanguage":"en-US"}]}},"_links":{"self":[{"href":"https:\/\/aboriginal-australia.art\/en\/wp-json\/wp\/v2\/product\/4991","targetHints":{"allow":["GET"]}}],"collection":[{"href":"https:\/\/aboriginal-australia.art\/en\/wp-json\/wp\/v2\/product"}],"about":[{"href":"https:\/\/aboriginal-australia.art\/en\/wp-json\/wp\/v2\/types\/product"}],"replies":[{"embeddable":true,"href":"https:\/\/aboriginal-australia.art\/en\/wp-json\/wp\/v2\/comments?post=4991"}],"version-history":[{"count":15,"href":"https:\/\/aboriginal-australia.art\/en\/wp-json\/wp\/v2\/product\/4991\/revisions"}],"predecessor-version":[{"id":7894,"href":"https:\/\/aboriginal-australia.art\/en\/wp-json\/wp\/v2\/product\/4991\/revisions\/7894"}],"wp:featuredmedia":[{"embeddable":true,"href":"https:\/\/aboriginal-australia.art\/en\/wp-json\/wp\/v2\/media\/4925"}],"wp:attachment":[{"href":"https:\/\/aboriginal-australia.art\/en\/wp-json\/wp\/v2\/media?parent=4991"}],"wp:term":[{"taxonomy":"product_brand","embeddable":true,"href":"https:\/\/aboriginal-australia.art\/en\/wp-json\/wp\/v2\/product_brand?post=4991"},{"taxonomy":"product_cat","embeddable":true,"href":"https:\/\/aboriginal-australia.art\/en\/wp-json\/wp\/v2\/product_cat?post=4991"},{"taxonomy":"product_tag","embeddable":true,"href":"https:\/\/aboriginal-australia.art\/en\/wp-json\/wp\/v2\/product_tag?post=4991"}],"curies":[{"name":"wp","href":"https:\/\/api.w.org\/{rel}","templated":true}]}}