{"id":4989,"date":"2023-12-03T09:49:40","date_gmt":"2023-12-03T08:49:40","guid":{"rendered":"https:\/\/aboriginal-australia.art.semfactory.cfolks.pl\/?post_type=product&#038;p=4989"},"modified":"2026-01-19T18:50:40","modified_gmt":"2026-01-19T17:50:40","slug":"bush-onion-2","status":"publish","type":"product","link":"https:\/\/aboriginal-australia.art\/en\/p\/bush-onion-2\/","title":{"rendered":"Gracie Morton &#8211; Bush Plum And Bush Onion"},"content":{"rendered":"<div data-elementor-type=\"wp-post\" data-elementor-id=\"4989\" class=\"elementor elementor-4989\" data-elementor-post-type=\"product\">\n\t\t\t\t<div class=\"elementor-element elementor-element-dba2d00 e-flex e-con-boxed e-con e-parent\" data-id=\"dba2d00\" data-element_type=\"container\" data-e-type=\"container\">\n\t\t\t\t\t<div class=\"e-con-inner\">\n\t\t\t\t<div class=\"elementor-element elementor-element-c156050 elementor-widget elementor-widget-text-editor\" data-id=\"c156050\" data-element_type=\"widget\" data-e-type=\"widget\" data-widget_type=\"text-editor.default\">\n\t\t\t\t<div class=\"elementor-widget-container\">\n\t\t\t\t\t\t\t\t\t<p class=\" translation-block\">The content of the painting is Dreaming of the Wild Plum and the land of Antangker - the country of Gracie Morton Pwerle located in the Utopia region, approximately 250 km northeast of Alice Springs.\n\nBush plums are very nutritious and rich in vitamin C. They are important for Alyawarre women who, together with their children, also collect bush onions (yalka) in the summer and celebrate ceremonies. They then paint symbols of Amweketa (bush plum) on their bodies, sing and dance.<\/p>\n<p class=\" translation-block\">Gracie Morton Pwerle is one of the senior caretakers of this Dreaming. She presented this story using the technique of delicate dotting and colour shadings. The land is shown from a bird's eye view, and the image shows the changes of the plant that produces bush plums depending on the seasons. The very fine multi-coloured dots in the background represent bush plums in various stages of growth. Small white brush strokes indicate bush onions.\n\nThe artist's style is minimalist and lyrical. Her works are included in Australian and international collections.<\/p>\t\t\t\t\t\t\t\t<\/div>\n\t\t\t\t<\/div>\n\t\t\t\t\t<\/div>\n\t\t\t\t<\/div>\n\t\t\t\t<\/div>","protected":false},"excerpt":{"rendered":"<p>Tre\u015bci\u0105 obrazu jest Historia Dzikiej \u015aliwki i Dzikiej Cebuli oraz kraina Antangker \u2013 rodzinna\u00a0okolica Gracie Morton Pwerle po\u0142o\u017cona w regionie Utopia, oko\u0142o 250 km\u00a0na p\u00f3\u0142nocny wsch\u00f3d od Alice Springs. Artystka przedstawi\u0142a t\u0119 histori\u0119 (zob. opis obrazu GMP 341122) za pomoc\u0105\u00a0techniki delikatnego kropkowania oraz wariacji kolor\u00f3w. Kraina pokazana jest\u00a0z lotu ptaka, a obraz przedstawia zmiany ro\u015bliny [&hellip;]<\/p>\n","protected":false},"featured_media":4923,"comment_status":"open","ping_status":"closed","template":"","meta":{"_acf_changed":false},"product_brand":[],"product_cat":[27,79],"product_tag":[],"class_list":{"0":"post-4989","1":"product","2":"type-product","3":"status-publish","4":"has-post-thumbnail","6":"product_cat-gracie-morton","7":"product_cat-in-stock","9":"first","10":"instock","11":"shipping-taxable","12":"purchasable","13":"product-type-simple"},"acf":[],"yoast_head":"<!-- This site is optimized with the Yoast SEO plugin v27.3 - https:\/\/yoast.com\/product\/yoast-seo-wordpress\/ -->\n<title>Gracie Morton - Bush Plum And Bush Onion - Aboriginal Australia<\/title>\n<meta name=\"robots\" content=\"index, follow, max-snippet:-1, max-image-preview:large, max-video-preview:-1\" \/>\n<link rel=\"canonical\" href=\"https:\/\/aboriginal-australia.art\/en\/p\/bush-onion-2\/\" \/>\n<meta property=\"og:locale\" content=\"en_US\" \/>\n<meta property=\"og:type\" content=\"article\" \/>\n<meta property=\"og:title\" content=\"Gracie Morton - Bush Plum And Bush Onion - Aboriginal Australia\" \/>\n<meta property=\"og:description\" content=\"Tre\u015bci\u0105 obrazu jest Historia Dzikiej \u015aliwki i Dzikiej Cebuli oraz kraina Antangker \u2013 rodzinna\u00a0okolica Gracie Morton Pwerle po\u0142o\u017cona w regionie Utopia, oko\u0142o 250 km\u00a0na p\u00f3\u0142nocny wsch\u00f3d od Alice Springs. Artystka przedstawi\u0142a t\u0119 histori\u0119 (zob. opis obrazu GMP 341122) za pomoc\u0105\u00a0techniki delikatnego kropkowania oraz wariacji kolor\u00f3w. Kraina pokazana jest\u00a0z lotu ptaka, a obraz przedstawia zmiany ro\u015bliny [&hellip;]\" \/>\n<meta property=\"og:url\" content=\"https:\/\/aboriginal-australia.art\/en\/p\/bush-onion-2\/\" \/>\n<meta property=\"og:site_name\" content=\"Aboriginal Australia\" \/>\n<meta property=\"article:modified_time\" content=\"2026-01-19T17:50:40+00:00\" \/>\n<meta property=\"og:image\" content=\"https:\/\/aboriginal-australia.art\/wp-content\/uploads\/2023\/12\/Gracie-Morton-Pwerle-GMP-381222-Bush-Onion-90-x-145-cm-1024x624.jpg\" \/>\n\t<meta property=\"og:image:width\" content=\"1024\" \/>\n\t<meta property=\"og:image:height\" content=\"624\" \/>\n\t<meta property=\"og:image:type\" content=\"image\/jpeg\" \/>\n<script type=\"application\/ld+json\" class=\"yoast-schema-graph\">{\"@context\":\"https:\\\/\\\/schema.org\",\"@graph\":[{\"@type\":\"WebPage\",\"@id\":\"https:\\\/\\\/aboriginal-australia.art\\\/p\\\/bush-onion-2\\\/\",\"url\":\"https:\\\/\\\/aboriginal-australia.art\\\/p\\\/bush-onion-2\\\/\",\"name\":\"Gracie Morton - Bush Plum And Bush Onion - Aboriginal Australia\",\"isPartOf\":{\"@id\":\"https:\\\/\\\/aboriginal-australia.art\\\/#website\"},\"primaryImageOfPage\":{\"@id\":\"https:\\\/\\\/aboriginal-australia.art\\\/p\\\/bush-onion-2\\\/#primaryimage\"},\"image\":{\"@id\":\"https:\\\/\\\/aboriginal-australia.art\\\/p\\\/bush-onion-2\\\/#primaryimage\"},\"thumbnailUrl\":\"https:\\\/\\\/aboriginal-australia.art\\\/wp-content\\\/uploads\\\/2023\\\/12\\\/Gracie-Morton-Pwerle-GMP-381222-Bush-Onion-90-x-145-cm.jpg\",\"datePublished\":\"2023-12-03T08:49:40+00:00\",\"dateModified\":\"2026-01-19T17:50:40+00:00\",\"breadcrumb\":{\"@id\":\"https:\\\/\\\/aboriginal-australia.art\\\/p\\\/bush-onion-2\\\/#breadcrumb\"},\"inLanguage\":\"en-US\",\"potentialAction\":[{\"@type\":\"ReadAction\",\"target\":[\"https:\\\/\\\/aboriginal-australia.art\\\/p\\\/bush-onion-2\\\/\"]}]},{\"@type\":\"ImageObject\",\"inLanguage\":\"en-US\",\"@id\":\"https:\\\/\\\/aboriginal-australia.art\\\/p\\\/bush-onion-2\\\/#primaryimage\",\"url\":\"https:\\\/\\\/aboriginal-australia.art\\\/wp-content\\\/uploads\\\/2023\\\/12\\\/Gracie-Morton-Pwerle-GMP-381222-Bush-Onion-90-x-145-cm.jpg\",\"contentUrl\":\"https:\\\/\\\/aboriginal-australia.art\\\/wp-content\\\/uploads\\\/2023\\\/12\\\/Gracie-Morton-Pwerle-GMP-381222-Bush-Onion-90-x-145-cm.jpg\",\"width\":2048,\"height\":1247,\"caption\":\"Gracie Morton Pwerle \u2013 Bush Onion \u2013 MALA ART GALLERY\"},{\"@type\":\"BreadcrumbList\",\"@id\":\"https:\\\/\\\/aboriginal-australia.art\\\/p\\\/bush-onion-2\\\/#breadcrumb\",\"itemListElement\":[{\"@type\":\"ListItem\",\"position\":1,\"name\":\"Strona g\u0142\u00f3wna\",\"item\":\"https:\\\/\\\/aboriginal-australia.art\\\/\"},{\"@type\":\"ListItem\",\"position\":2,\"name\":\"Products\",\"item\":\"https:\\\/\\\/aboriginal-australia.art\\\/en\\\/shop\\\/\"},{\"@type\":\"ListItem\",\"position\":3,\"name\":\"Gracie Morton &#8211; Bush Plum And Bush Onion\"}]},{\"@type\":\"WebSite\",\"@id\":\"https:\\\/\\\/aboriginal-australia.art\\\/#website\",\"url\":\"https:\\\/\\\/aboriginal-australia.art\\\/\",\"name\":\"Aboriginal Australia\",\"description\":\"\",\"potentialAction\":[{\"@type\":\"SearchAction\",\"target\":{\"@type\":\"EntryPoint\",\"urlTemplate\":\"https:\\\/\\\/aboriginal-australia.art\\\/?s={search_term_string}\"},\"query-input\":{\"@type\":\"PropertyValueSpecification\",\"valueRequired\":true,\"valueName\":\"search_term_string\"}}],\"inLanguage\":\"en-US\"}]}<\/script>\n<!-- \/ Yoast SEO plugin. -->","yoast_head_json":{"title":"Gracie Morton - Bush Plum And Bush Onion - Aboriginal Australia","robots":{"index":"index","follow":"follow","max-snippet":"max-snippet:-1","max-image-preview":"max-image-preview:large","max-video-preview":"max-video-preview:-1"},"canonical":"https:\/\/aboriginal-australia.art\/en\/p\/bush-onion-2\/","og_locale":"en_US","og_type":"article","og_title":"Gracie Morton - Bush Plum And Bush Onion - Aboriginal Australia","og_description":"Tre\u015bci\u0105 obrazu jest Historia Dzikiej \u015aliwki i Dzikiej Cebuli oraz kraina Antangker \u2013 rodzinna\u00a0okolica Gracie Morton Pwerle po\u0142o\u017cona w regionie Utopia, oko\u0142o 250 km\u00a0na p\u00f3\u0142nocny wsch\u00f3d od Alice Springs. Artystka przedstawi\u0142a t\u0119 histori\u0119 (zob. opis obrazu GMP 341122) za pomoc\u0105\u00a0techniki delikatnego kropkowania oraz wariacji kolor\u00f3w. Kraina pokazana jest\u00a0z lotu ptaka, a obraz przedstawia zmiany ro\u015bliny [&hellip;]","og_url":"https:\/\/aboriginal-australia.art\/en\/p\/bush-onion-2\/","og_site_name":"Aboriginal Australia","article_modified_time":"2026-01-19T17:50:40+00:00","og_image":[{"width":1024,"height":624,"url":"https:\/\/aboriginal-australia.art\/wp-content\/uploads\/2023\/12\/Gracie-Morton-Pwerle-GMP-381222-Bush-Onion-90-x-145-cm-1024x624.jpg","type":"image\/jpeg"}],"schema":{"@context":"https:\/\/schema.org","@graph":[{"@type":"WebPage","@id":"https:\/\/aboriginal-australia.art\/p\/bush-onion-2\/","url":"https:\/\/aboriginal-australia.art\/p\/bush-onion-2\/","name":"Gracie Morton - Bush Plum And Bush Onion - Aboriginal Australia","isPartOf":{"@id":"https:\/\/aboriginal-australia.art\/#website"},"primaryImageOfPage":{"@id":"https:\/\/aboriginal-australia.art\/p\/bush-onion-2\/#primaryimage"},"image":{"@id":"https:\/\/aboriginal-australia.art\/p\/bush-onion-2\/#primaryimage"},"thumbnailUrl":"https:\/\/aboriginal-australia.art\/wp-content\/uploads\/2023\/12\/Gracie-Morton-Pwerle-GMP-381222-Bush-Onion-90-x-145-cm.jpg","datePublished":"2023-12-03T08:49:40+00:00","dateModified":"2026-01-19T17:50:40+00:00","breadcrumb":{"@id":"https:\/\/aboriginal-australia.art\/p\/bush-onion-2\/#breadcrumb"},"inLanguage":"en-US","potentialAction":[{"@type":"ReadAction","target":["https:\/\/aboriginal-australia.art\/p\/bush-onion-2\/"]}]},{"@type":"ImageObject","inLanguage":"en-US","@id":"https:\/\/aboriginal-australia.art\/p\/bush-onion-2\/#primaryimage","url":"https:\/\/aboriginal-australia.art\/wp-content\/uploads\/2023\/12\/Gracie-Morton-Pwerle-GMP-381222-Bush-Onion-90-x-145-cm.jpg","contentUrl":"https:\/\/aboriginal-australia.art\/wp-content\/uploads\/2023\/12\/Gracie-Morton-Pwerle-GMP-381222-Bush-Onion-90-x-145-cm.jpg","width":2048,"height":1247,"caption":"Gracie Morton Pwerle \u2013 Bush Onion \u2013 MALA ART GALLERY"},{"@type":"BreadcrumbList","@id":"https:\/\/aboriginal-australia.art\/p\/bush-onion-2\/#breadcrumb","itemListElement":[{"@type":"ListItem","position":1,"name":"Strona g\u0142\u00f3wna","item":"https:\/\/aboriginal-australia.art\/"},{"@type":"ListItem","position":2,"name":"Products","item":"https:\/\/aboriginal-australia.art\/en\/shop\/"},{"@type":"ListItem","position":3,"name":"Gracie Morton &#8211; Bush Plum And Bush Onion"}]},{"@type":"WebSite","@id":"https:\/\/aboriginal-australia.art\/#website","url":"https:\/\/aboriginal-australia.art\/","name":"Aboriginal Australia","description":"","potentialAction":[{"@type":"SearchAction","target":{"@type":"EntryPoint","urlTemplate":"https:\/\/aboriginal-australia.art\/?s={search_term_string}"},"query-input":{"@type":"PropertyValueSpecification","valueRequired":true,"valueName":"search_term_string"}}],"inLanguage":"en-US"}]}},"_links":{"self":[{"href":"https:\/\/aboriginal-australia.art\/en\/wp-json\/wp\/v2\/product\/4989","targetHints":{"allow":["GET"]}}],"collection":[{"href":"https:\/\/aboriginal-australia.art\/en\/wp-json\/wp\/v2\/product"}],"about":[{"href":"https:\/\/aboriginal-australia.art\/en\/wp-json\/wp\/v2\/types\/product"}],"replies":[{"embeddable":true,"href":"https:\/\/aboriginal-australia.art\/en\/wp-json\/wp\/v2\/comments?post=4989"}],"version-history":[{"count":13,"href":"https:\/\/aboriginal-australia.art\/en\/wp-json\/wp\/v2\/product\/4989\/revisions"}],"predecessor-version":[{"id":7896,"href":"https:\/\/aboriginal-australia.art\/en\/wp-json\/wp\/v2\/product\/4989\/revisions\/7896"}],"wp:featuredmedia":[{"embeddable":true,"href":"https:\/\/aboriginal-australia.art\/en\/wp-json\/wp\/v2\/media\/4923"}],"wp:attachment":[{"href":"https:\/\/aboriginal-australia.art\/en\/wp-json\/wp\/v2\/media?parent=4989"}],"wp:term":[{"taxonomy":"product_brand","embeddable":true,"href":"https:\/\/aboriginal-australia.art\/en\/wp-json\/wp\/v2\/product_brand?post=4989"},{"taxonomy":"product_cat","embeddable":true,"href":"https:\/\/aboriginal-australia.art\/en\/wp-json\/wp\/v2\/product_cat?post=4989"},{"taxonomy":"product_tag","embeddable":true,"href":"https:\/\/aboriginal-australia.art\/en\/wp-json\/wp\/v2\/product_tag?post=4989"}],"curies":[{"name":"wp","href":"https:\/\/api.w.org\/{rel}","templated":true}]}}