{"id":4987,"date":"2023-12-03T09:48:29","date_gmt":"2023-12-03T08:48:29","guid":{"rendered":"https:\/\/aboriginal-australia.art.semfactory.cfolks.pl\/?post_type=product&#038;p=4987"},"modified":"2026-01-19T19:18:22","modified_gmt":"2026-01-19T18:18:22","slug":"bush-seeds-2","status":"publish","type":"product","link":"https:\/\/aboriginal-australia.art\/en\/p\/bush-seeds-2\/","title":{"rendered":"Helen Rubuntja &#8211; Bush Seeds"},"content":{"rendered":"<div data-elementor-type=\"wp-post\" data-elementor-id=\"4987\" class=\"elementor elementor-4987\" data-elementor-post-type=\"product\">\n\t\t\t\t<div class=\"elementor-element elementor-element-3276c95 e-flex e-con-boxed e-con e-parent\" data-id=\"3276c95\" data-element_type=\"container\" data-e-type=\"container\">\n\t\t\t\t\t<div class=\"e-con-inner\">\n\t\t\t\t<div class=\"elementor-element elementor-element-1cd8e18 elementor-widget elementor-widget-text-editor\" data-id=\"1cd8e18\" data-element_type=\"widget\" data-e-type=\"widget\" data-widget_type=\"text-editor.default\">\n\t\t\t\t<div class=\"elementor-widget-container\">\n\t\t\t\t\t\t\t\t\t<p class=\" translation-block\">The painting depicts Dreaming of collecting seeds and water and the country where Helen Rubuntja comes from, located in the Utopia region, 250 km northeast of Alice Springs.\n\nBush plum, bush melon and grass seeds have been the staple food of the Alyawarre people for centuries. For this reason, they are important to women of this tribe. The seeds were ground into flour from which bread called damper was baked. In summer, after the rain, women accompanied by children collect fruit and perform rituals through which they strengthen their connection with the country. They then paint their bodies in Amweketa patterns, sing and dance.<\/p>\n<p class=\" translation-block\">Helen Rubuntja, one of the senior traditional custodians of this Dreaming, presents it using the technique of delicate dotting and colour shadings. The country is in bird's eye view, showing changes in vegetation depending on the seasons. Fine, multi-coloured dots indicate plants in various stages of growth and flowing water.<\/p>\n<p class=\" translation-block\">The artist's style is minimalist and lyrical. Her works are included in Australian and international collections.<\/p>\t\t\t\t\t\t\t\t<\/div>\n\t\t\t\t<\/div>\n\t\t\t\t\t<\/div>\n\t\t\t\t<\/div>\n\t\t\t\t<\/div>","protected":false},"excerpt":{"rendered":"<p>Obraz przedstawia mit&nbsp;o zbieraniu nasion i o wodzie&nbsp;oraz krain\u0119, z kt\u00f3rej pochodzi Helen Rubuntja,&nbsp;po\u0142o\u017con\u0105 w regionie Utopia, 250 km&nbsp;na p\u00f3\u0142nocny wsch\u00f3d od Alice Springs.&nbsp;Dzikie \u015bliwki, melony oraz nasiona traw przez&nbsp;wieki stanowi\u0142y podstawowe po\u017cywienie&nbsp;ludu Alyawarre. Z tej przyczyny maj\u0105 wa\u017cne&nbsp;znaczenie dla kobiet z tego szczepu. Nasiona&nbsp;mielono na m\u0105k\u0119, z kt\u00f3rej wypiekano chleb&nbsp;zwany damper. Latem, po deszczu, [&hellip;]<\/p>\n","protected":false},"featured_media":4929,"comment_status":"open","ping_status":"closed","template":"","meta":{"_acf_changed":false},"product_brand":[],"product_cat":[60,79],"product_tag":[],"class_list":{"0":"post-4987","1":"product","2":"type-product","3":"status-publish","4":"has-post-thumbnail","6":"product_cat-helen-rubuntja","7":"product_cat-in-stock","9":"first","10":"outofstock","11":"shipping-taxable","12":"purchasable","13":"product-type-simple"},"acf":[],"yoast_head":"<!-- This site is optimized with the Yoast SEO plugin v27.3 - https:\/\/yoast.com\/product\/yoast-seo-wordpress\/ -->\n<title>Helen Rubuntja - Bush Seeds - Aboriginal Australia<\/title>\n<meta name=\"robots\" content=\"index, follow, max-snippet:-1, max-image-preview:large, max-video-preview:-1\" \/>\n<link rel=\"canonical\" href=\"https:\/\/aboriginal-australia.art\/en\/p\/bush-seeds-2\/\" \/>\n<meta property=\"og:locale\" content=\"en_US\" \/>\n<meta property=\"og:type\" content=\"article\" \/>\n<meta property=\"og:title\" content=\"Helen Rubuntja - Bush Seeds - Aboriginal Australia\" \/>\n<meta property=\"og:description\" content=\"Obraz przedstawia mit&nbsp;o zbieraniu nasion i o wodzie&nbsp;oraz krain\u0119, z kt\u00f3rej pochodzi Helen Rubuntja,&nbsp;po\u0142o\u017con\u0105 w regionie Utopia, 250 km&nbsp;na p\u00f3\u0142nocny wsch\u00f3d od Alice Springs.&nbsp;Dzikie \u015bliwki, melony oraz nasiona traw przez&nbsp;wieki stanowi\u0142y podstawowe po\u017cywienie&nbsp;ludu Alyawarre. Z tej przyczyny maj\u0105 wa\u017cne&nbsp;znaczenie dla kobiet z tego szczepu. Nasiona&nbsp;mielono na m\u0105k\u0119, z kt\u00f3rej wypiekano chleb&nbsp;zwany damper. Latem, po deszczu, [&hellip;]\" \/>\n<meta property=\"og:url\" content=\"https:\/\/aboriginal-australia.art\/en\/p\/bush-seeds-2\/\" \/>\n<meta property=\"og:site_name\" content=\"Aboriginal Australia\" \/>\n<meta property=\"article:modified_time\" content=\"2026-01-19T18:18:22+00:00\" \/>\n<meta property=\"og:image\" content=\"https:\/\/aboriginal-australia.art\/wp-content\/uploads\/2023\/12\/Helen-Rubuntja-HR-171220-Bush-Seeds-87-x-96-cm-1024x942.jpg\" \/>\n\t<meta property=\"og:image:width\" content=\"1024\" \/>\n\t<meta property=\"og:image:height\" content=\"942\" \/>\n\t<meta property=\"og:image:type\" content=\"image\/jpeg\" \/>\n<script type=\"application\/ld+json\" class=\"yoast-schema-graph\">{\"@context\":\"https:\\\/\\\/schema.org\",\"@graph\":[{\"@type\":\"WebPage\",\"@id\":\"https:\\\/\\\/aboriginal-australia.art\\\/p\\\/bush-seeds-2\\\/\",\"url\":\"https:\\\/\\\/aboriginal-australia.art\\\/p\\\/bush-seeds-2\\\/\",\"name\":\"Helen Rubuntja - Bush Seeds - Aboriginal Australia\",\"isPartOf\":{\"@id\":\"https:\\\/\\\/aboriginal-australia.art\\\/#website\"},\"primaryImageOfPage\":{\"@id\":\"https:\\\/\\\/aboriginal-australia.art\\\/p\\\/bush-seeds-2\\\/#primaryimage\"},\"image\":{\"@id\":\"https:\\\/\\\/aboriginal-australia.art\\\/p\\\/bush-seeds-2\\\/#primaryimage\"},\"thumbnailUrl\":\"https:\\\/\\\/aboriginal-australia.art\\\/wp-content\\\/uploads\\\/2023\\\/12\\\/Helen-Rubuntja-HR-171220-Bush-Seeds-87-x-96-cm.jpg\",\"datePublished\":\"2023-12-03T08:48:29+00:00\",\"dateModified\":\"2026-01-19T18:18:22+00:00\",\"breadcrumb\":{\"@id\":\"https:\\\/\\\/aboriginal-australia.art\\\/p\\\/bush-seeds-2\\\/#breadcrumb\"},\"inLanguage\":\"en-US\",\"potentialAction\":[{\"@type\":\"ReadAction\",\"target\":[\"https:\\\/\\\/aboriginal-australia.art\\\/p\\\/bush-seeds-2\\\/\"]}]},{\"@type\":\"ImageObject\",\"inLanguage\":\"en-US\",\"@id\":\"https:\\\/\\\/aboriginal-australia.art\\\/p\\\/bush-seeds-2\\\/#primaryimage\",\"url\":\"https:\\\/\\\/aboriginal-australia.art\\\/wp-content\\\/uploads\\\/2023\\\/12\\\/Helen-Rubuntja-HR-171220-Bush-Seeds-87-x-96-cm.jpg\",\"contentUrl\":\"https:\\\/\\\/aboriginal-australia.art\\\/wp-content\\\/uploads\\\/2023\\\/12\\\/Helen-Rubuntja-HR-171220-Bush-Seeds-87-x-96-cm.jpg\",\"width\":2048,\"height\":1883,\"caption\":\"Helen Rubuntja \u2013 Bush Seeds \u2013 MALA ART GALLERY\"},{\"@type\":\"BreadcrumbList\",\"@id\":\"https:\\\/\\\/aboriginal-australia.art\\\/p\\\/bush-seeds-2\\\/#breadcrumb\",\"itemListElement\":[{\"@type\":\"ListItem\",\"position\":1,\"name\":\"Strona g\u0142\u00f3wna\",\"item\":\"https:\\\/\\\/aboriginal-australia.art\\\/\"},{\"@type\":\"ListItem\",\"position\":2,\"name\":\"Products\",\"item\":\"https:\\\/\\\/aboriginal-australia.art\\\/en\\\/shop\\\/\"},{\"@type\":\"ListItem\",\"position\":3,\"name\":\"Helen Rubuntja &#8211; Bush Seeds\"}]},{\"@type\":\"WebSite\",\"@id\":\"https:\\\/\\\/aboriginal-australia.art\\\/#website\",\"url\":\"https:\\\/\\\/aboriginal-australia.art\\\/\",\"name\":\"Aboriginal Australia\",\"description\":\"\",\"potentialAction\":[{\"@type\":\"SearchAction\",\"target\":{\"@type\":\"EntryPoint\",\"urlTemplate\":\"https:\\\/\\\/aboriginal-australia.art\\\/?s={search_term_string}\"},\"query-input\":{\"@type\":\"PropertyValueSpecification\",\"valueRequired\":true,\"valueName\":\"search_term_string\"}}],\"inLanguage\":\"en-US\"}]}<\/script>\n<!-- \/ Yoast SEO plugin. -->","yoast_head_json":{"title":"Helen Rubuntja - Bush Seeds - Aboriginal Australia","robots":{"index":"index","follow":"follow","max-snippet":"max-snippet:-1","max-image-preview":"max-image-preview:large","max-video-preview":"max-video-preview:-1"},"canonical":"https:\/\/aboriginal-australia.art\/en\/p\/bush-seeds-2\/","og_locale":"en_US","og_type":"article","og_title":"Helen Rubuntja - Bush Seeds - Aboriginal Australia","og_description":"Obraz przedstawia mit&nbsp;o zbieraniu nasion i o wodzie&nbsp;oraz krain\u0119, z kt\u00f3rej pochodzi Helen Rubuntja,&nbsp;po\u0142o\u017con\u0105 w regionie Utopia, 250 km&nbsp;na p\u00f3\u0142nocny wsch\u00f3d od Alice Springs.&nbsp;Dzikie \u015bliwki, melony oraz nasiona traw przez&nbsp;wieki stanowi\u0142y podstawowe po\u017cywienie&nbsp;ludu Alyawarre. Z tej przyczyny maj\u0105 wa\u017cne&nbsp;znaczenie dla kobiet z tego szczepu. Nasiona&nbsp;mielono na m\u0105k\u0119, z kt\u00f3rej wypiekano chleb&nbsp;zwany damper. Latem, po deszczu, [&hellip;]","og_url":"https:\/\/aboriginal-australia.art\/en\/p\/bush-seeds-2\/","og_site_name":"Aboriginal Australia","article_modified_time":"2026-01-19T18:18:22+00:00","og_image":[{"width":1024,"height":942,"url":"https:\/\/aboriginal-australia.art\/wp-content\/uploads\/2023\/12\/Helen-Rubuntja-HR-171220-Bush-Seeds-87-x-96-cm-1024x942.jpg","type":"image\/jpeg"}],"schema":{"@context":"https:\/\/schema.org","@graph":[{"@type":"WebPage","@id":"https:\/\/aboriginal-australia.art\/p\/bush-seeds-2\/","url":"https:\/\/aboriginal-australia.art\/p\/bush-seeds-2\/","name":"Helen Rubuntja - Bush Seeds - Aboriginal Australia","isPartOf":{"@id":"https:\/\/aboriginal-australia.art\/#website"},"primaryImageOfPage":{"@id":"https:\/\/aboriginal-australia.art\/p\/bush-seeds-2\/#primaryimage"},"image":{"@id":"https:\/\/aboriginal-australia.art\/p\/bush-seeds-2\/#primaryimage"},"thumbnailUrl":"https:\/\/aboriginal-australia.art\/wp-content\/uploads\/2023\/12\/Helen-Rubuntja-HR-171220-Bush-Seeds-87-x-96-cm.jpg","datePublished":"2023-12-03T08:48:29+00:00","dateModified":"2026-01-19T18:18:22+00:00","breadcrumb":{"@id":"https:\/\/aboriginal-australia.art\/p\/bush-seeds-2\/#breadcrumb"},"inLanguage":"en-US","potentialAction":[{"@type":"ReadAction","target":["https:\/\/aboriginal-australia.art\/p\/bush-seeds-2\/"]}]},{"@type":"ImageObject","inLanguage":"en-US","@id":"https:\/\/aboriginal-australia.art\/p\/bush-seeds-2\/#primaryimage","url":"https:\/\/aboriginal-australia.art\/wp-content\/uploads\/2023\/12\/Helen-Rubuntja-HR-171220-Bush-Seeds-87-x-96-cm.jpg","contentUrl":"https:\/\/aboriginal-australia.art\/wp-content\/uploads\/2023\/12\/Helen-Rubuntja-HR-171220-Bush-Seeds-87-x-96-cm.jpg","width":2048,"height":1883,"caption":"Helen Rubuntja \u2013 Bush Seeds \u2013 MALA ART GALLERY"},{"@type":"BreadcrumbList","@id":"https:\/\/aboriginal-australia.art\/p\/bush-seeds-2\/#breadcrumb","itemListElement":[{"@type":"ListItem","position":1,"name":"Strona g\u0142\u00f3wna","item":"https:\/\/aboriginal-australia.art\/"},{"@type":"ListItem","position":2,"name":"Products","item":"https:\/\/aboriginal-australia.art\/en\/shop\/"},{"@type":"ListItem","position":3,"name":"Helen Rubuntja &#8211; Bush Seeds"}]},{"@type":"WebSite","@id":"https:\/\/aboriginal-australia.art\/#website","url":"https:\/\/aboriginal-australia.art\/","name":"Aboriginal Australia","description":"","potentialAction":[{"@type":"SearchAction","target":{"@type":"EntryPoint","urlTemplate":"https:\/\/aboriginal-australia.art\/?s={search_term_string}"},"query-input":{"@type":"PropertyValueSpecification","valueRequired":true,"valueName":"search_term_string"}}],"inLanguage":"en-US"}]}},"_links":{"self":[{"href":"https:\/\/aboriginal-australia.art\/en\/wp-json\/wp\/v2\/product\/4987","targetHints":{"allow":["GET"]}}],"collection":[{"href":"https:\/\/aboriginal-australia.art\/en\/wp-json\/wp\/v2\/product"}],"about":[{"href":"https:\/\/aboriginal-australia.art\/en\/wp-json\/wp\/v2\/types\/product"}],"replies":[{"embeddable":true,"href":"https:\/\/aboriginal-australia.art\/en\/wp-json\/wp\/v2\/comments?post=4987"}],"version-history":[{"count":15,"href":"https:\/\/aboriginal-australia.art\/en\/wp-json\/wp\/v2\/product\/4987\/revisions"}],"predecessor-version":[{"id":7917,"href":"https:\/\/aboriginal-australia.art\/en\/wp-json\/wp\/v2\/product\/4987\/revisions\/7917"}],"wp:featuredmedia":[{"embeddable":true,"href":"https:\/\/aboriginal-australia.art\/en\/wp-json\/wp\/v2\/media\/4929"}],"wp:attachment":[{"href":"https:\/\/aboriginal-australia.art\/en\/wp-json\/wp\/v2\/media?parent=4987"}],"wp:term":[{"taxonomy":"product_brand","embeddable":true,"href":"https:\/\/aboriginal-australia.art\/en\/wp-json\/wp\/v2\/product_brand?post=4987"},{"taxonomy":"product_cat","embeddable":true,"href":"https:\/\/aboriginal-australia.art\/en\/wp-json\/wp\/v2\/product_cat?post=4987"},{"taxonomy":"product_tag","embeddable":true,"href":"https:\/\/aboriginal-australia.art\/en\/wp-json\/wp\/v2\/product_tag?post=4987"}],"curies":[{"name":"wp","href":"https:\/\/api.w.org\/{rel}","templated":true}]}}