{"id":4984,"date":"2023-12-03T09:45:26","date_gmt":"2023-12-03T08:45:26","guid":{"rendered":"https:\/\/aboriginal-australia.art.semfactory.cfolks.pl\/?post_type=product&#038;p=4984"},"modified":"2026-01-19T18:55:53","modified_gmt":"2026-01-19T17:55:53","slug":"my-country-bush-seeds","status":"publish","type":"product","link":"https:\/\/aboriginal-australia.art\/en\/p\/my-country-bush-seeds\/","title":{"rendered":"Kathleen Petyarre &#8211; My Country &#8211; Bush Seeds"},"content":{"rendered":"<div data-elementor-type=\"wp-post\" data-elementor-id=\"4984\" class=\"elementor elementor-4984\" data-elementor-post-type=\"product\">\n\t\t\t\t<div class=\"elementor-element elementor-element-58bde8f e-flex e-con-boxed e-con e-parent\" data-id=\"58bde8f\" data-element_type=\"container\" data-e-type=\"container\">\n\t\t\t\t\t<div class=\"e-con-inner\">\n\t\t\t\t<div class=\"elementor-element elementor-element-d3126f4 elementor-widget elementor-widget-text-editor\" data-id=\"d3126f4\" data-element_type=\"widget\" data-e-type=\"widget\" data-widget_type=\"text-editor.default\">\n\t\t\t\t<div class=\"elementor-widget-container\">\n\t\t\t\t\t\t\t\t\t<p>&#8222;Moja Kraina &#8211; Nasiona z Buszu&#8221;<br>My Country \u2013 Bush Seeds&nbsp;<span style=\"letter-spacing: 0.4px; text-align: var(--text-align);\">\u2013 rodzinnej okolicy Kathleen Petyarre, po\u0142o\u017conej w regionie Utopia, oko\u0142o 250 km na p\u00f3\u0142nocny wsch\u00f3d od Alice&nbsp;<\/span><span style=\"letter-spacing: 0.4px; text-align: var(--text-align);\">Springs.&nbsp;<\/span><span style=\"letter-spacing: 0.4px; text-align: var(--text-align);\">To kraina piaszczystych r\u00f3wnin i skalistych wzg\u00f3rz, poro\u015bni\u0119ta kar\u0142owatymi&nbsp;<\/span><span style=\"letter-spacing: 0.4px; text-align: var(--text-align);\">drzewami, formacjami krzewiastymi i trawami spinifex (z endemicznego&nbsp;<\/span><span style=\"letter-spacing: 0.4px; text-align: var(--text-align);\">The painting depicts the landscapes and vegetation of Antangker \u2013 Kathleen Petyarre's ancestral land in the Utopia region, about 250 km northeast of Alice Springs. It is a land of sandy plains and rocky hills, dotted with dwarf trees, shrub formations, and spinifex. During the summer, women gather seeds and perform ceremonies, painting their bodies with Awelye patterns, singing, and dancing. The bush green pea seeds depicted in this painting are an important food source for the local population.&nbsp;<\/span><span style=\"letter-spacing: 0.4px; text-align: var(--text-align);\">ceremonie; maluj\u0105 swoje cia\u0142a wzorami Awelye, \u015bpiewaj\u0105 i ta\u0144cz\u0105.&nbsp;<\/span><\/p>\n<p class=\" translation-block\">The artist presents a bird's eye view of her country. Very fine, intricate and colourful dotting showcases the plants at various stages of growth. The palette is usually limited to four earth colours: black, white, yellow, and red-ochre. These colours are also present in another significant Dreaming, the Devil Mountain Lizard, associated with the seed-gathering narrative. Clear lines represent the tracks of lizards living in the region.<\/p>\n<p class=\" translation-block\">Kathleen Petyarre's elegant and lyrical compositions in a minimalist style have earned her international acclaim as one of Australia's foremost contemporary artists. She has received numerous awards, and her works are part of collections in Australia and abroad.<\/p>\t\t\t\t\t\t\t\t<\/div>\n\t\t\t\t<\/div>\n\t\t\t\t\t<\/div>\n\t\t\t\t<\/div>\n\t\t\t\t<\/div>","protected":false},"excerpt":{"rendered":"<p>&#8222;Moja Kraina &#8211; Nasiona z Buszu&#8221;Obraz przedstawia miejsca i ro\u015blinno\u015b\u0107 Antangker&nbsp;\u2013 rodzinnej okolicy Kathleen Petyarre, po\u0142o\u017conej w regionie Utopia, oko\u0142o 250 km na p\u00f3\u0142nocny wsch\u00f3d od Alice&nbsp;Springs.&nbsp;To kraina piaszczystych r\u00f3wnin i skalistych wzg\u00f3rz, poro\u015bni\u0119ta kar\u0142owatymi&nbsp;drzewami, formacjami krzewiastymi i trawami spinifex (z endemicznego&nbsp;dla Australii rodzaju Triodia). W lecie kobiety zbieraj\u0105 nasiona i odprawiaj\u0105&nbsp;ceremonie; maluj\u0105 swoje cia\u0142a [&hellip;]<\/p>\n","protected":false},"featured_media":4932,"comment_status":"open","ping_status":"closed","template":"","meta":{"_acf_changed":false},"product_brand":[],"product_cat":[79,69],"product_tag":[],"class_list":{"0":"post-4984","1":"product","2":"type-product","3":"status-publish","4":"has-post-thumbnail","6":"product_cat-in-stock","7":"product_cat-kathleen-petyarre","9":"first","10":"instock","11":"shipping-taxable","12":"purchasable","13":"product-type-simple"},"acf":[],"yoast_head":"<!-- This site is optimized with the Yoast SEO plugin v27.4 - https:\/\/yoast.com\/product\/yoast-seo-wordpress\/ -->\n<title>Kathleen Petyarre - My Country - Bush Seeds - Aboriginal Australia<\/title>\n<meta name=\"robots\" content=\"index, follow, max-snippet:-1, max-image-preview:large, max-video-preview:-1\" \/>\n<link rel=\"canonical\" href=\"https:\/\/aboriginal-australia.art\/en\/p\/my-country-bush-seeds\/\" \/>\n<meta property=\"og:locale\" content=\"en_US\" \/>\n<meta property=\"og:type\" content=\"article\" \/>\n<meta property=\"og:title\" content=\"Kathleen Petyarre - My Country - Bush Seeds - Aboriginal Australia\" \/>\n<meta property=\"og:description\" content=\"&#8222;Moja Kraina &#8211; Nasiona z Buszu&#8221;Obraz przedstawia miejsca i ro\u015blinno\u015b\u0107 Antangker&nbsp;\u2013 rodzinnej okolicy Kathleen Petyarre, po\u0142o\u017conej w regionie Utopia, oko\u0142o 250 km na p\u00f3\u0142nocny wsch\u00f3d od Alice&nbsp;Springs.&nbsp;To kraina piaszczystych r\u00f3wnin i skalistych wzg\u00f3rz, poro\u015bni\u0119ta kar\u0142owatymi&nbsp;drzewami, formacjami krzewiastymi i trawami spinifex (z endemicznego&nbsp;dla Australii rodzaju Triodia). W lecie kobiety zbieraj\u0105 nasiona i odprawiaj\u0105&nbsp;ceremonie; maluj\u0105 swoje cia\u0142a [&hellip;]\" \/>\n<meta property=\"og:url\" content=\"https:\/\/aboriginal-australia.art\/en\/p\/my-country-bush-seeds\/\" \/>\n<meta property=\"og:site_name\" content=\"Aboriginal Australia\" \/>\n<meta property=\"article:modified_time\" content=\"2026-01-19T17:55:53+00:00\" \/>\n<meta property=\"og:image\" content=\"https:\/\/aboriginal-australia.art\/wp-content\/uploads\/2023\/12\/Kathleen-Petyarre-KP-210110-Mountain-Devil-Lizard-89-x-150-cm-1024x603.jpg\" \/>\n\t<meta property=\"og:image:width\" content=\"1024\" \/>\n\t<meta property=\"og:image:height\" content=\"603\" \/>\n\t<meta property=\"og:image:type\" content=\"image\/jpeg\" \/>\n<script type=\"application\/ld+json\" class=\"yoast-schema-graph\">{\"@context\":\"https:\\\/\\\/schema.org\",\"@graph\":[{\"@type\":\"WebPage\",\"@id\":\"https:\\\/\\\/aboriginal-australia.art\\\/p\\\/my-country-bush-seeds\\\/\",\"url\":\"https:\\\/\\\/aboriginal-australia.art\\\/p\\\/my-country-bush-seeds\\\/\",\"name\":\"Kathleen Petyarre - My Country - Bush Seeds - Aboriginal Australia\",\"isPartOf\":{\"@id\":\"https:\\\/\\\/aboriginal-australia.art\\\/#website\"},\"primaryImageOfPage\":{\"@id\":\"https:\\\/\\\/aboriginal-australia.art\\\/p\\\/my-country-bush-seeds\\\/#primaryimage\"},\"image\":{\"@id\":\"https:\\\/\\\/aboriginal-australia.art\\\/p\\\/my-country-bush-seeds\\\/#primaryimage\"},\"thumbnailUrl\":\"https:\\\/\\\/aboriginal-australia.art\\\/wp-content\\\/uploads\\\/2023\\\/12\\\/Kathleen-Petyarre-KP-210110-Mountain-Devil-Lizard-89-x-150-cm.jpg\",\"datePublished\":\"2023-12-03T08:45:26+00:00\",\"dateModified\":\"2026-01-19T17:55:53+00:00\",\"breadcrumb\":{\"@id\":\"https:\\\/\\\/aboriginal-australia.art\\\/p\\\/my-country-bush-seeds\\\/#breadcrumb\"},\"inLanguage\":\"en-US\",\"potentialAction\":[{\"@type\":\"ReadAction\",\"target\":[\"https:\\\/\\\/aboriginal-australia.art\\\/p\\\/my-country-bush-seeds\\\/\"]}]},{\"@type\":\"ImageObject\",\"inLanguage\":\"en-US\",\"@id\":\"https:\\\/\\\/aboriginal-australia.art\\\/p\\\/my-country-bush-seeds\\\/#primaryimage\",\"url\":\"https:\\\/\\\/aboriginal-australia.art\\\/wp-content\\\/uploads\\\/2023\\\/12\\\/Kathleen-Petyarre-KP-210110-Mountain-Devil-Lizard-89-x-150-cm.jpg\",\"contentUrl\":\"https:\\\/\\\/aboriginal-australia.art\\\/wp-content\\\/uploads\\\/2023\\\/12\\\/Kathleen-Petyarre-KP-210110-Mountain-Devil-Lizard-89-x-150-cm.jpg\",\"width\":2048,\"height\":1205,\"caption\":\"Kathleen Petyarre \u2013 Mountain Devil Lizard \u2013 MALA ART GALLERY\"},{\"@type\":\"BreadcrumbList\",\"@id\":\"https:\\\/\\\/aboriginal-australia.art\\\/p\\\/my-country-bush-seeds\\\/#breadcrumb\",\"itemListElement\":[{\"@type\":\"ListItem\",\"position\":1,\"name\":\"Strona g\u0142\u00f3wna\",\"item\":\"https:\\\/\\\/aboriginal-australia.art\\\/\"},{\"@type\":\"ListItem\",\"position\":2,\"name\":\"Products\",\"item\":\"https:\\\/\\\/aboriginal-australia.art\\\/en\\\/shop\\\/\"},{\"@type\":\"ListItem\",\"position\":3,\"name\":\"Kathleen Petyarre &#8211; My Country &#8211; Bush Seeds\"}]},{\"@type\":\"WebSite\",\"@id\":\"https:\\\/\\\/aboriginal-australia.art\\\/#website\",\"url\":\"https:\\\/\\\/aboriginal-australia.art\\\/\",\"name\":\"Aboriginal Australia\",\"description\":\"\",\"potentialAction\":[{\"@type\":\"SearchAction\",\"target\":{\"@type\":\"EntryPoint\",\"urlTemplate\":\"https:\\\/\\\/aboriginal-australia.art\\\/?s={search_term_string}\"},\"query-input\":{\"@type\":\"PropertyValueSpecification\",\"valueRequired\":true,\"valueName\":\"search_term_string\"}}],\"inLanguage\":\"en-US\"}]}<\/script>\n<!-- \/ Yoast SEO plugin. -->","yoast_head_json":{"title":"Kathleen Petyarre - My Country - Bush Seeds - Aboriginal Australia","robots":{"index":"index","follow":"follow","max-snippet":"max-snippet:-1","max-image-preview":"max-image-preview:large","max-video-preview":"max-video-preview:-1"},"canonical":"https:\/\/aboriginal-australia.art\/en\/p\/my-country-bush-seeds\/","og_locale":"en_US","og_type":"article","og_title":"Kathleen Petyarre - My Country - Bush Seeds - Aboriginal Australia","og_description":"&#8222;Moja Kraina &#8211; Nasiona z Buszu&#8221;Obraz przedstawia miejsca i ro\u015blinno\u015b\u0107 Antangker&nbsp;\u2013 rodzinnej okolicy Kathleen Petyarre, po\u0142o\u017conej w regionie Utopia, oko\u0142o 250 km na p\u00f3\u0142nocny wsch\u00f3d od Alice&nbsp;Springs.&nbsp;To kraina piaszczystych r\u00f3wnin i skalistych wzg\u00f3rz, poro\u015bni\u0119ta kar\u0142owatymi&nbsp;drzewami, formacjami krzewiastymi i trawami spinifex (z endemicznego&nbsp;dla Australii rodzaju Triodia). W lecie kobiety zbieraj\u0105 nasiona i odprawiaj\u0105&nbsp;ceremonie; maluj\u0105 swoje cia\u0142a [&hellip;]","og_url":"https:\/\/aboriginal-australia.art\/en\/p\/my-country-bush-seeds\/","og_site_name":"Aboriginal Australia","article_modified_time":"2026-01-19T17:55:53+00:00","og_image":[{"width":1024,"height":603,"url":"https:\/\/aboriginal-australia.art\/wp-content\/uploads\/2023\/12\/Kathleen-Petyarre-KP-210110-Mountain-Devil-Lizard-89-x-150-cm-1024x603.jpg","type":"image\/jpeg"}],"schema":{"@context":"https:\/\/schema.org","@graph":[{"@type":"WebPage","@id":"https:\/\/aboriginal-australia.art\/p\/my-country-bush-seeds\/","url":"https:\/\/aboriginal-australia.art\/p\/my-country-bush-seeds\/","name":"Kathleen Petyarre - My Country - Bush Seeds - Aboriginal Australia","isPartOf":{"@id":"https:\/\/aboriginal-australia.art\/#website"},"primaryImageOfPage":{"@id":"https:\/\/aboriginal-australia.art\/p\/my-country-bush-seeds\/#primaryimage"},"image":{"@id":"https:\/\/aboriginal-australia.art\/p\/my-country-bush-seeds\/#primaryimage"},"thumbnailUrl":"https:\/\/aboriginal-australia.art\/wp-content\/uploads\/2023\/12\/Kathleen-Petyarre-KP-210110-Mountain-Devil-Lizard-89-x-150-cm.jpg","datePublished":"2023-12-03T08:45:26+00:00","dateModified":"2026-01-19T17:55:53+00:00","breadcrumb":{"@id":"https:\/\/aboriginal-australia.art\/p\/my-country-bush-seeds\/#breadcrumb"},"inLanguage":"en-US","potentialAction":[{"@type":"ReadAction","target":["https:\/\/aboriginal-australia.art\/p\/my-country-bush-seeds\/"]}]},{"@type":"ImageObject","inLanguage":"en-US","@id":"https:\/\/aboriginal-australia.art\/p\/my-country-bush-seeds\/#primaryimage","url":"https:\/\/aboriginal-australia.art\/wp-content\/uploads\/2023\/12\/Kathleen-Petyarre-KP-210110-Mountain-Devil-Lizard-89-x-150-cm.jpg","contentUrl":"https:\/\/aboriginal-australia.art\/wp-content\/uploads\/2023\/12\/Kathleen-Petyarre-KP-210110-Mountain-Devil-Lizard-89-x-150-cm.jpg","width":2048,"height":1205,"caption":"Kathleen Petyarre \u2013 Mountain Devil Lizard \u2013 MALA ART GALLERY"},{"@type":"BreadcrumbList","@id":"https:\/\/aboriginal-australia.art\/p\/my-country-bush-seeds\/#breadcrumb","itemListElement":[{"@type":"ListItem","position":1,"name":"Strona g\u0142\u00f3wna","item":"https:\/\/aboriginal-australia.art\/"},{"@type":"ListItem","position":2,"name":"Products","item":"https:\/\/aboriginal-australia.art\/en\/shop\/"},{"@type":"ListItem","position":3,"name":"Kathleen Petyarre &#8211; My Country &#8211; Bush Seeds"}]},{"@type":"WebSite","@id":"https:\/\/aboriginal-australia.art\/#website","url":"https:\/\/aboriginal-australia.art\/","name":"Aboriginal Australia","description":"","potentialAction":[{"@type":"SearchAction","target":{"@type":"EntryPoint","urlTemplate":"https:\/\/aboriginal-australia.art\/?s={search_term_string}"},"query-input":{"@type":"PropertyValueSpecification","valueRequired":true,"valueName":"search_term_string"}}],"inLanguage":"en-US"}]}},"_links":{"self":[{"href":"https:\/\/aboriginal-australia.art\/en\/wp-json\/wp\/v2\/product\/4984","targetHints":{"allow":["GET"]}}],"collection":[{"href":"https:\/\/aboriginal-australia.art\/en\/wp-json\/wp\/v2\/product"}],"about":[{"href":"https:\/\/aboriginal-australia.art\/en\/wp-json\/wp\/v2\/types\/product"}],"replies":[{"embeddable":true,"href":"https:\/\/aboriginal-australia.art\/en\/wp-json\/wp\/v2\/comments?post=4984"}],"version-history":[{"count":16,"href":"https:\/\/aboriginal-australia.art\/en\/wp-json\/wp\/v2\/product\/4984\/revisions"}],"predecessor-version":[{"id":7897,"href":"https:\/\/aboriginal-australia.art\/en\/wp-json\/wp\/v2\/product\/4984\/revisions\/7897"}],"wp:featuredmedia":[{"embeddable":true,"href":"https:\/\/aboriginal-australia.art\/en\/wp-json\/wp\/v2\/media\/4932"}],"wp:attachment":[{"href":"https:\/\/aboriginal-australia.art\/en\/wp-json\/wp\/v2\/media?parent=4984"}],"wp:term":[{"taxonomy":"product_brand","embeddable":true,"href":"https:\/\/aboriginal-australia.art\/en\/wp-json\/wp\/v2\/product_brand?post=4984"},{"taxonomy":"product_cat","embeddable":true,"href":"https:\/\/aboriginal-australia.art\/en\/wp-json\/wp\/v2\/product_cat?post=4984"},{"taxonomy":"product_tag","embeddable":true,"href":"https:\/\/aboriginal-australia.art\/en\/wp-json\/wp\/v2\/product_tag?post=4984"}],"curies":[{"name":"wp","href":"https:\/\/api.w.org\/{rel}","templated":true}]}}