{"id":4983,"date":"2023-12-03T09:45:24","date_gmt":"2023-12-03T08:45:24","guid":{"rendered":"https:\/\/aboriginal-australia.art.semfactory.cfolks.pl\/?post_type=product&#038;p=4983"},"modified":"2026-01-19T19:18:49","modified_gmt":"2026-01-19T18:18:49","slug":"mountain-devil-lizard","status":"publish","type":"product","link":"https:\/\/aboriginal-australia.art\/en\/p\/mountain-devil-lizard\/","title":{"rendered":"Kathleen Petyarre &#8211; Mountain Devil Lizard"},"content":{"rendered":"<div data-elementor-type=\"wp-post\" data-elementor-id=\"4983\" class=\"elementor elementor-4983\" data-elementor-post-type=\"product\">\n\t\t\t\t<div class=\"elementor-element elementor-element-f7716c3 e-flex e-con-boxed e-con e-parent\" data-id=\"f7716c3\" data-element_type=\"container\" data-e-type=\"container\">\n\t\t\t\t\t<div class=\"e-con-inner\">\n\t\t\t\t<div class=\"elementor-element elementor-element-33707e8 elementor-widget elementor-widget-text-editor\" data-id=\"33707e8\" data-element_type=\"widget\" data-e-type=\"widget\" data-widget_type=\"text-editor.default\">\n\t\t\t\t<div class=\"elementor-widget-container\">\n\t\t\t\t\t\t\t\t\t<p>The painting depicts Dreaming of the Mountain Devil Lizard and the land of Antangker - Kathleen Petyarre's country located in the Utopia region, approximately 250 km northeast of Alice Springs.\n\nIn the Dream Time, Arnkerrth - the Ancestor of the Old Woman - wandered the land with young maidens, shaping the landscape and creating sacred places. One day she left the girls alone and went to perform a ceremony. When she returned she discovered that the young women were not waiting for her. Angered, she killed them all. The event changed her utterly and from then on she began to rely on the cooperation of young and old people.<br><br><\/p>\n<p>Kathleen Petyarre presents a bird's eye view of her country. A very fine, intricate dotting technique shows the local vegetation. The clear lines represent the traces of a lizard living in this area called the mountain devil (the thorny devil). The elongated shape in the lower right corner of the painting represents the place where men and women meet ceremonially.\n\nElegant and lyrical compositions in a minimalist style have brought Kathleen Petyarre international recognition as one of the most important artists in contemporary Australia. She has won numerous awards and her work is included in Australian and international collections.<\/p>\t\t\t\t\t\t\t\t<\/div>\n\t\t\t\t<\/div>\n\t\t\t\t\t<\/div>\n\t\t\t\t<\/div>\n\t\t\t\t<\/div>","protected":false},"excerpt":{"rendered":"<p>Obraz przedstawia Histori\u0119 Jaszczurki Diabe\u0142 G\u00f3rski i krain\u0119 Antangker \u2013 rodzinn\u0105 okolic\u0119 Kathleen Petyarre po\u0142o\u017con\u0105 w regionie Utopia, oko\u0142o 250 km na p\u00f3\u0142nocny wsch\u00f3d od Alice Springs. W mitycznych czasach Arnkerrth \u2013 Przodkini Starej Kobiety \u2013 w\u0119drowa\u0142a po kraju z m\u0142odymi dziewcz\u0119tami, kszta\u0142tuj\u0105c krajobraz i tworz\u0105c \u015bwi\u0119te miejsca. Pewnego dnia zostawi\u0142a dziewcz\u0119ta same i posz\u0142a [&hellip;]<\/p>\n","protected":false},"featured_media":4931,"comment_status":"open","ping_status":"closed","template":"","meta":{"_acf_changed":false},"product_brand":[],"product_cat":[79,69],"product_tag":[],"class_list":{"0":"post-4983","1":"product","2":"type-product","3":"status-publish","4":"has-post-thumbnail","6":"product_cat-in-stock","7":"product_cat-kathleen-petyarre","9":"first","10":"outofstock","11":"shipping-taxable","12":"purchasable","13":"product-type-simple"},"acf":[],"yoast_head":"<!-- This site is optimized with the Yoast SEO plugin v27.3 - https:\/\/yoast.com\/product\/yoast-seo-wordpress\/ -->\n<title>Kathleen Petyarre - Mountain Devil Lizard - Aboriginal Australia<\/title>\n<meta name=\"robots\" content=\"index, follow, max-snippet:-1, max-image-preview:large, max-video-preview:-1\" \/>\n<link rel=\"canonical\" href=\"https:\/\/aboriginal-australia.art\/en\/p\/mountain-devil-lizard\/\" \/>\n<meta property=\"og:locale\" content=\"en_US\" \/>\n<meta property=\"og:type\" content=\"article\" \/>\n<meta property=\"og:title\" content=\"Kathleen Petyarre - Mountain Devil Lizard - Aboriginal Australia\" \/>\n<meta property=\"og:description\" content=\"Obraz przedstawia Histori\u0119 Jaszczurki Diabe\u0142 G\u00f3rski i krain\u0119 Antangker \u2013 rodzinn\u0105 okolic\u0119 Kathleen Petyarre po\u0142o\u017con\u0105 w regionie Utopia, oko\u0142o 250 km na p\u00f3\u0142nocny wsch\u00f3d od Alice Springs. W mitycznych czasach Arnkerrth \u2013 Przodkini Starej Kobiety \u2013 w\u0119drowa\u0142a po kraju z m\u0142odymi dziewcz\u0119tami, kszta\u0142tuj\u0105c krajobraz i tworz\u0105c \u015bwi\u0119te miejsca. Pewnego dnia zostawi\u0142a dziewcz\u0119ta same i posz\u0142a [&hellip;]\" \/>\n<meta property=\"og:url\" content=\"https:\/\/aboriginal-australia.art\/en\/p\/mountain-devil-lizard\/\" \/>\n<meta property=\"og:site_name\" content=\"Aboriginal Australia\" \/>\n<meta property=\"article:modified_time\" content=\"2026-01-19T18:18:49+00:00\" \/>\n<meta property=\"og:image\" content=\"https:\/\/aboriginal-australia.art\/wp-content\/uploads\/2023\/12\/Kathleen-Petyarre-KP-301210-Mountin-Devil-Lizard-95-x-95-cm-1024x1020.jpg\" \/>\n\t<meta property=\"og:image:width\" content=\"1024\" \/>\n\t<meta property=\"og:image:height\" content=\"1020\" \/>\n\t<meta property=\"og:image:type\" content=\"image\/jpeg\" \/>\n<script type=\"application\/ld+json\" class=\"yoast-schema-graph\">{\"@context\":\"https:\\\/\\\/schema.org\",\"@graph\":[{\"@type\":\"WebPage\",\"@id\":\"https:\\\/\\\/aboriginal-australia.art\\\/p\\\/mountain-devil-lizard\\\/\",\"url\":\"https:\\\/\\\/aboriginal-australia.art\\\/p\\\/mountain-devil-lizard\\\/\",\"name\":\"Kathleen Petyarre - Mountain Devil Lizard - Aboriginal Australia\",\"isPartOf\":{\"@id\":\"https:\\\/\\\/aboriginal-australia.art\\\/#website\"},\"primaryImageOfPage\":{\"@id\":\"https:\\\/\\\/aboriginal-australia.art\\\/p\\\/mountain-devil-lizard\\\/#primaryimage\"},\"image\":{\"@id\":\"https:\\\/\\\/aboriginal-australia.art\\\/p\\\/mountain-devil-lizard\\\/#primaryimage\"},\"thumbnailUrl\":\"https:\\\/\\\/aboriginal-australia.art\\\/wp-content\\\/uploads\\\/2023\\\/12\\\/Kathleen-Petyarre-KP-301210-Mountin-Devil-Lizard-95-x-95-cm.jpg\",\"datePublished\":\"2023-12-03T08:45:24+00:00\",\"dateModified\":\"2026-01-19T18:18:49+00:00\",\"breadcrumb\":{\"@id\":\"https:\\\/\\\/aboriginal-australia.art\\\/p\\\/mountain-devil-lizard\\\/#breadcrumb\"},\"inLanguage\":\"en-US\",\"potentialAction\":[{\"@type\":\"ReadAction\",\"target\":[\"https:\\\/\\\/aboriginal-australia.art\\\/p\\\/mountain-devil-lizard\\\/\"]}]},{\"@type\":\"ImageObject\",\"inLanguage\":\"en-US\",\"@id\":\"https:\\\/\\\/aboriginal-australia.art\\\/p\\\/mountain-devil-lizard\\\/#primaryimage\",\"url\":\"https:\\\/\\\/aboriginal-australia.art\\\/wp-content\\\/uploads\\\/2023\\\/12\\\/Kathleen-Petyarre-KP-301210-Mountin-Devil-Lizard-95-x-95-cm.jpg\",\"contentUrl\":\"https:\\\/\\\/aboriginal-australia.art\\\/wp-content\\\/uploads\\\/2023\\\/12\\\/Kathleen-Petyarre-KP-301210-Mountin-Devil-Lizard-95-x-95-cm.jpg\",\"width\":2048,\"height\":2040,\"caption\":\"Kathleen Petyarre \u2013 Mountin Devil Lizard \u2013 MALA ART GALLERY\"},{\"@type\":\"BreadcrumbList\",\"@id\":\"https:\\\/\\\/aboriginal-australia.art\\\/p\\\/mountain-devil-lizard\\\/#breadcrumb\",\"itemListElement\":[{\"@type\":\"ListItem\",\"position\":1,\"name\":\"Strona g\u0142\u00f3wna\",\"item\":\"https:\\\/\\\/aboriginal-australia.art\\\/\"},{\"@type\":\"ListItem\",\"position\":2,\"name\":\"Products\",\"item\":\"https:\\\/\\\/aboriginal-australia.art\\\/en\\\/shop\\\/\"},{\"@type\":\"ListItem\",\"position\":3,\"name\":\"Kathleen Petyarre &#8211; Mountain Devil Lizard\"}]},{\"@type\":\"WebSite\",\"@id\":\"https:\\\/\\\/aboriginal-australia.art\\\/#website\",\"url\":\"https:\\\/\\\/aboriginal-australia.art\\\/\",\"name\":\"Aboriginal Australia\",\"description\":\"\",\"potentialAction\":[{\"@type\":\"SearchAction\",\"target\":{\"@type\":\"EntryPoint\",\"urlTemplate\":\"https:\\\/\\\/aboriginal-australia.art\\\/?s={search_term_string}\"},\"query-input\":{\"@type\":\"PropertyValueSpecification\",\"valueRequired\":true,\"valueName\":\"search_term_string\"}}],\"inLanguage\":\"en-US\"}]}<\/script>\n<!-- \/ Yoast SEO plugin. -->","yoast_head_json":{"title":"Kathleen Petyarre - Mountain Devil Lizard - Aboriginal Australia","robots":{"index":"index","follow":"follow","max-snippet":"max-snippet:-1","max-image-preview":"max-image-preview:large","max-video-preview":"max-video-preview:-1"},"canonical":"https:\/\/aboriginal-australia.art\/en\/p\/mountain-devil-lizard\/","og_locale":"en_US","og_type":"article","og_title":"Kathleen Petyarre - Mountain Devil Lizard - Aboriginal Australia","og_description":"Obraz przedstawia Histori\u0119 Jaszczurki Diabe\u0142 G\u00f3rski i krain\u0119 Antangker \u2013 rodzinn\u0105 okolic\u0119 Kathleen Petyarre po\u0142o\u017con\u0105 w regionie Utopia, oko\u0142o 250 km na p\u00f3\u0142nocny wsch\u00f3d od Alice Springs. W mitycznych czasach Arnkerrth \u2013 Przodkini Starej Kobiety \u2013 w\u0119drowa\u0142a po kraju z m\u0142odymi dziewcz\u0119tami, kszta\u0142tuj\u0105c krajobraz i tworz\u0105c \u015bwi\u0119te miejsca. Pewnego dnia zostawi\u0142a dziewcz\u0119ta same i posz\u0142a [&hellip;]","og_url":"https:\/\/aboriginal-australia.art\/en\/p\/mountain-devil-lizard\/","og_site_name":"Aboriginal Australia","article_modified_time":"2026-01-19T18:18:49+00:00","og_image":[{"width":1024,"height":1020,"url":"https:\/\/aboriginal-australia.art\/wp-content\/uploads\/2023\/12\/Kathleen-Petyarre-KP-301210-Mountin-Devil-Lizard-95-x-95-cm-1024x1020.jpg","type":"image\/jpeg"}],"schema":{"@context":"https:\/\/schema.org","@graph":[{"@type":"WebPage","@id":"https:\/\/aboriginal-australia.art\/p\/mountain-devil-lizard\/","url":"https:\/\/aboriginal-australia.art\/p\/mountain-devil-lizard\/","name":"Kathleen Petyarre - Mountain Devil Lizard - Aboriginal Australia","isPartOf":{"@id":"https:\/\/aboriginal-australia.art\/#website"},"primaryImageOfPage":{"@id":"https:\/\/aboriginal-australia.art\/p\/mountain-devil-lizard\/#primaryimage"},"image":{"@id":"https:\/\/aboriginal-australia.art\/p\/mountain-devil-lizard\/#primaryimage"},"thumbnailUrl":"https:\/\/aboriginal-australia.art\/wp-content\/uploads\/2023\/12\/Kathleen-Petyarre-KP-301210-Mountin-Devil-Lizard-95-x-95-cm.jpg","datePublished":"2023-12-03T08:45:24+00:00","dateModified":"2026-01-19T18:18:49+00:00","breadcrumb":{"@id":"https:\/\/aboriginal-australia.art\/p\/mountain-devil-lizard\/#breadcrumb"},"inLanguage":"en-US","potentialAction":[{"@type":"ReadAction","target":["https:\/\/aboriginal-australia.art\/p\/mountain-devil-lizard\/"]}]},{"@type":"ImageObject","inLanguage":"en-US","@id":"https:\/\/aboriginal-australia.art\/p\/mountain-devil-lizard\/#primaryimage","url":"https:\/\/aboriginal-australia.art\/wp-content\/uploads\/2023\/12\/Kathleen-Petyarre-KP-301210-Mountin-Devil-Lizard-95-x-95-cm.jpg","contentUrl":"https:\/\/aboriginal-australia.art\/wp-content\/uploads\/2023\/12\/Kathleen-Petyarre-KP-301210-Mountin-Devil-Lizard-95-x-95-cm.jpg","width":2048,"height":2040,"caption":"Kathleen Petyarre \u2013 Mountin Devil Lizard \u2013 MALA ART GALLERY"},{"@type":"BreadcrumbList","@id":"https:\/\/aboriginal-australia.art\/p\/mountain-devil-lizard\/#breadcrumb","itemListElement":[{"@type":"ListItem","position":1,"name":"Strona g\u0142\u00f3wna","item":"https:\/\/aboriginal-australia.art\/"},{"@type":"ListItem","position":2,"name":"Products","item":"https:\/\/aboriginal-australia.art\/en\/shop\/"},{"@type":"ListItem","position":3,"name":"Kathleen Petyarre &#8211; Mountain Devil Lizard"}]},{"@type":"WebSite","@id":"https:\/\/aboriginal-australia.art\/#website","url":"https:\/\/aboriginal-australia.art\/","name":"Aboriginal Australia","description":"","potentialAction":[{"@type":"SearchAction","target":{"@type":"EntryPoint","urlTemplate":"https:\/\/aboriginal-australia.art\/?s={search_term_string}"},"query-input":{"@type":"PropertyValueSpecification","valueRequired":true,"valueName":"search_term_string"}}],"inLanguage":"en-US"}]}},"_links":{"self":[{"href":"https:\/\/aboriginal-australia.art\/en\/wp-json\/wp\/v2\/product\/4983","targetHints":{"allow":["GET"]}}],"collection":[{"href":"https:\/\/aboriginal-australia.art\/en\/wp-json\/wp\/v2\/product"}],"about":[{"href":"https:\/\/aboriginal-australia.art\/en\/wp-json\/wp\/v2\/types\/product"}],"replies":[{"embeddable":true,"href":"https:\/\/aboriginal-australia.art\/en\/wp-json\/wp\/v2\/comments?post=4983"}],"version-history":[{"count":16,"href":"https:\/\/aboriginal-australia.art\/en\/wp-json\/wp\/v2\/product\/4983\/revisions"}],"predecessor-version":[{"id":7918,"href":"https:\/\/aboriginal-australia.art\/en\/wp-json\/wp\/v2\/product\/4983\/revisions\/7918"}],"wp:featuredmedia":[{"embeddable":true,"href":"https:\/\/aboriginal-australia.art\/en\/wp-json\/wp\/v2\/media\/4931"}],"wp:attachment":[{"href":"https:\/\/aboriginal-australia.art\/en\/wp-json\/wp\/v2\/media?parent=4983"}],"wp:term":[{"taxonomy":"product_brand","embeddable":true,"href":"https:\/\/aboriginal-australia.art\/en\/wp-json\/wp\/v2\/product_brand?post=4983"},{"taxonomy":"product_cat","embeddable":true,"href":"https:\/\/aboriginal-australia.art\/en\/wp-json\/wp\/v2\/product_cat?post=4983"},{"taxonomy":"product_tag","embeddable":true,"href":"https:\/\/aboriginal-australia.art\/en\/wp-json\/wp\/v2\/product_tag?post=4983"}],"curies":[{"name":"wp","href":"https:\/\/api.w.org\/{rel}","templated":true}]}}