{"id":4979,"date":"2023-12-03T09:41:35","date_gmt":"2023-12-03T08:41:35","guid":{"rendered":"https:\/\/aboriginal-australia.art.semfactory.cfolks.pl\/?post_type=product&#038;p=4979"},"modified":"2026-01-19T19:19:41","modified_gmt":"2026-01-19T18:19:41","slug":"two-man-dreaming","status":"publish","type":"product","link":"https:\/\/aboriginal-australia.art\/en\/p\/two-man-dreaming\/","title":{"rendered":"Lynette Granites- Two Man Dreaming"},"content":{"rendered":"<div data-elementor-type=\"wp-post\" data-elementor-id=\"4979\" class=\"elementor elementor-4979\" data-elementor-post-type=\"product\">\n\t\t\t\t<div class=\"elementor-element elementor-element-86a3dcd e-flex e-con-boxed e-con e-parent\" data-id=\"86a3dcd\" data-element_type=\"container\" data-e-type=\"container\">\n\t\t\t\t\t<div class=\"e-con-inner\">\n\t\t\t\t<div class=\"elementor-element elementor-element-def538b elementor-widget elementor-widget-text-editor\" data-id=\"def538b\" data-element_type=\"widget\" data-e-type=\"widget\" data-widget_type=\"text-editor.default\">\n\t\t\t\t<div class=\"elementor-widget-container\">\n\t\t\t\t\t\t\t\t\t<p class=\" translation-block\">The painting depicts the Dreaming of Two Men with a graphic motifs related to this ceremony.<\/p><p class=\" translation-block\">At the Time of Creation, the Ancestors of the Two Men left their camp to hunt kangaroos and other animals. These ancestors were fully initiated men, carrying spears, boomerangs, clubs and ceremonial items. The Warlpiri People learnt their hunting skills, how to gather food, perform ceremonies, and make fire from them.<\/p><p class=\" translation-block\">Lynette Granites Nampitjinpa presents this story using traditional Warlpiri iconography. Ceremony locations are represented by concentric circles. The \"u\" shapes in the center of the image represent the men camping. Next to them are shown spears, a woomera (spear thrower) and a shield. Boomerangs, hair ropes used in ceremonies, spears and shields are graphically depicted in the upper and lower parts of this image. The dots in the background represent vegetation.<\/p><p class=\" translation-block\">The artist is an Aboriginal Elder who enjoys authority because of her traditional knowledge and artistic work. Her works are included in Australian and international collections.<\/p><div>\u00a0<\/div>\t\t\t\t\t\t\t\t<\/div>\n\t\t\t\t<\/div>\n\t\t\t\t\t<\/div>\n\t\t\t\t<\/div>\n\t\t\t\t<\/div>","protected":false},"excerpt":{"rendered":"<p>Obraz przedstawia Histori\u0119 Dw\u00f3ch M\u0119\u017cczyzn\u00a0i motywy graficzne zwi\u0105zane z t\u0105 ceremoni\u0105. W Czasie Stwarzania Przodkowie \u2013 Dw\u00f3ch\u00a0M\u0119\u017cczyzn \u2013 opuszczali sw\u00f3j ob\u00f3z, by polowa\u0107 na kangury i inne\u00a0zwierz\u0119ta. Przodkowie ci byli w pe\u0142ni wtajemniczonymi m\u0119\u017cczyznami, nosili ze sob\u0105 w\u0142\u00f3cznie, bumerangi, maczugi i przedmioty\u00a0ceremonialne. Od nich spo\u0142eczno\u015b\u0107 Warlpiri nauczy\u0142a si\u0119 polowa\u0107, zbiera\u0107 po\u017cywienie, odprawia\u0107 ceremonie i rozpala\u0107 [&hellip;]<\/p>\n","protected":false},"featured_media":4935,"comment_status":"open","ping_status":"closed","template":"","meta":{"_acf_changed":false},"product_brand":[],"product_cat":[79,34],"product_tag":[],"class_list":{"0":"post-4979","1":"product","2":"type-product","3":"status-publish","4":"has-post-thumbnail","6":"product_cat-in-stock","7":"product_cat-lynette-granites","9":"first","10":"outofstock","11":"shipping-taxable","12":"purchasable","13":"product-type-simple"},"acf":[],"yoast_head":"<!-- This site is optimized with the Yoast SEO plugin v27.3 - https:\/\/yoast.com\/product\/yoast-seo-wordpress\/ -->\n<title>Lynette Granites- Two Man Dreaming - Aboriginal Australia<\/title>\n<meta name=\"robots\" content=\"index, follow, max-snippet:-1, max-image-preview:large, max-video-preview:-1\" \/>\n<link rel=\"canonical\" href=\"https:\/\/aboriginal-australia.art\/en\/p\/two-man-dreaming\/\" \/>\n<meta property=\"og:locale\" content=\"en_US\" \/>\n<meta property=\"og:type\" content=\"article\" \/>\n<meta property=\"og:title\" content=\"Lynette Granites- Two Man Dreaming - Aboriginal Australia\" \/>\n<meta property=\"og:description\" content=\"Obraz przedstawia Histori\u0119 Dw\u00f3ch M\u0119\u017cczyzn\u00a0i motywy graficzne zwi\u0105zane z t\u0105 ceremoni\u0105. W Czasie Stwarzania Przodkowie \u2013 Dw\u00f3ch\u00a0M\u0119\u017cczyzn \u2013 opuszczali sw\u00f3j ob\u00f3z, by polowa\u0107 na kangury i inne\u00a0zwierz\u0119ta. Przodkowie ci byli w pe\u0142ni wtajemniczonymi m\u0119\u017cczyznami, nosili ze sob\u0105 w\u0142\u00f3cznie, bumerangi, maczugi i przedmioty\u00a0ceremonialne. Od nich spo\u0142eczno\u015b\u0107 Warlpiri nauczy\u0142a si\u0119 polowa\u0107, zbiera\u0107 po\u017cywienie, odprawia\u0107 ceremonie i rozpala\u0107 [&hellip;]\" \/>\n<meta property=\"og:url\" content=\"https:\/\/aboriginal-australia.art\/en\/p\/two-man-dreaming\/\" \/>\n<meta property=\"og:site_name\" content=\"Aboriginal Australia\" \/>\n<meta property=\"article:modified_time\" content=\"2026-01-19T18:19:41+00:00\" \/>\n<meta property=\"og:image\" content=\"https:\/\/aboriginal-australia.art\/wp-content\/uploads\/2023\/12\/Lynette-Granites-Nampitjinp-LGN-600622-Two-Man-Dreaming-90-x-98-cm-947x1024.jpg\" \/>\n\t<meta property=\"og:image:width\" content=\"947\" \/>\n\t<meta property=\"og:image:height\" content=\"1024\" \/>\n\t<meta property=\"og:image:type\" content=\"image\/jpeg\" \/>\n<script type=\"application\/ld+json\" class=\"yoast-schema-graph\">{\"@context\":\"https:\\\/\\\/schema.org\",\"@graph\":[{\"@type\":\"WebPage\",\"@id\":\"https:\\\/\\\/aboriginal-australia.art\\\/p\\\/two-man-dreaming\\\/\",\"url\":\"https:\\\/\\\/aboriginal-australia.art\\\/p\\\/two-man-dreaming\\\/\",\"name\":\"Lynette Granites- Two Man Dreaming - Aboriginal Australia\",\"isPartOf\":{\"@id\":\"https:\\\/\\\/aboriginal-australia.art\\\/#website\"},\"primaryImageOfPage\":{\"@id\":\"https:\\\/\\\/aboriginal-australia.art\\\/p\\\/two-man-dreaming\\\/#primaryimage\"},\"image\":{\"@id\":\"https:\\\/\\\/aboriginal-australia.art\\\/p\\\/two-man-dreaming\\\/#primaryimage\"},\"thumbnailUrl\":\"https:\\\/\\\/aboriginal-australia.art\\\/wp-content\\\/uploads\\\/2023\\\/12\\\/Lynette-Granites-Nampitjinp-LGN-600622-Two-Man-Dreaming-90-x-98-cm.jpg\",\"datePublished\":\"2023-12-03T08:41:35+00:00\",\"dateModified\":\"2026-01-19T18:19:41+00:00\",\"breadcrumb\":{\"@id\":\"https:\\\/\\\/aboriginal-australia.art\\\/p\\\/two-man-dreaming\\\/#breadcrumb\"},\"inLanguage\":\"en-US\",\"potentialAction\":[{\"@type\":\"ReadAction\",\"target\":[\"https:\\\/\\\/aboriginal-australia.art\\\/p\\\/two-man-dreaming\\\/\"]}]},{\"@type\":\"ImageObject\",\"inLanguage\":\"en-US\",\"@id\":\"https:\\\/\\\/aboriginal-australia.art\\\/p\\\/two-man-dreaming\\\/#primaryimage\",\"url\":\"https:\\\/\\\/aboriginal-australia.art\\\/wp-content\\\/uploads\\\/2023\\\/12\\\/Lynette-Granites-Nampitjinp-LGN-600622-Two-Man-Dreaming-90-x-98-cm.jpg\",\"contentUrl\":\"https:\\\/\\\/aboriginal-australia.art\\\/wp-content\\\/uploads\\\/2023\\\/12\\\/Lynette-Granites-Nampitjinp-LGN-600622-Two-Man-Dreaming-90-x-98-cm.jpg\",\"width\":1894,\"height\":2048,\"caption\":\"Lynette Granites Nampitjinp \u2013 Two Man Dreaming \u2013 MALA ART GALLERY\"},{\"@type\":\"BreadcrumbList\",\"@id\":\"https:\\\/\\\/aboriginal-australia.art\\\/p\\\/two-man-dreaming\\\/#breadcrumb\",\"itemListElement\":[{\"@type\":\"ListItem\",\"position\":1,\"name\":\"Strona g\u0142\u00f3wna\",\"item\":\"https:\\\/\\\/aboriginal-australia.art\\\/\"},{\"@type\":\"ListItem\",\"position\":2,\"name\":\"Products\",\"item\":\"https:\\\/\\\/aboriginal-australia.art\\\/en\\\/shop\\\/\"},{\"@type\":\"ListItem\",\"position\":3,\"name\":\"Lynette Granites- Two Man Dreaming\"}]},{\"@type\":\"WebSite\",\"@id\":\"https:\\\/\\\/aboriginal-australia.art\\\/#website\",\"url\":\"https:\\\/\\\/aboriginal-australia.art\\\/\",\"name\":\"Aboriginal Australia\",\"description\":\"\",\"potentialAction\":[{\"@type\":\"SearchAction\",\"target\":{\"@type\":\"EntryPoint\",\"urlTemplate\":\"https:\\\/\\\/aboriginal-australia.art\\\/?s={search_term_string}\"},\"query-input\":{\"@type\":\"PropertyValueSpecification\",\"valueRequired\":true,\"valueName\":\"search_term_string\"}}],\"inLanguage\":\"en-US\"}]}<\/script>\n<!-- \/ Yoast SEO plugin. -->","yoast_head_json":{"title":"Lynette Granites- Two Man Dreaming - Aboriginal Australia","robots":{"index":"index","follow":"follow","max-snippet":"max-snippet:-1","max-image-preview":"max-image-preview:large","max-video-preview":"max-video-preview:-1"},"canonical":"https:\/\/aboriginal-australia.art\/en\/p\/two-man-dreaming\/","og_locale":"en_US","og_type":"article","og_title":"Lynette Granites- Two Man Dreaming - Aboriginal Australia","og_description":"Obraz przedstawia Histori\u0119 Dw\u00f3ch M\u0119\u017cczyzn\u00a0i motywy graficzne zwi\u0105zane z t\u0105 ceremoni\u0105. W Czasie Stwarzania Przodkowie \u2013 Dw\u00f3ch\u00a0M\u0119\u017cczyzn \u2013 opuszczali sw\u00f3j ob\u00f3z, by polowa\u0107 na kangury i inne\u00a0zwierz\u0119ta. Przodkowie ci byli w pe\u0142ni wtajemniczonymi m\u0119\u017cczyznami, nosili ze sob\u0105 w\u0142\u00f3cznie, bumerangi, maczugi i przedmioty\u00a0ceremonialne. Od nich spo\u0142eczno\u015b\u0107 Warlpiri nauczy\u0142a si\u0119 polowa\u0107, zbiera\u0107 po\u017cywienie, odprawia\u0107 ceremonie i rozpala\u0107 [&hellip;]","og_url":"https:\/\/aboriginal-australia.art\/en\/p\/two-man-dreaming\/","og_site_name":"Aboriginal Australia","article_modified_time":"2026-01-19T18:19:41+00:00","og_image":[{"width":947,"height":1024,"url":"https:\/\/aboriginal-australia.art\/wp-content\/uploads\/2023\/12\/Lynette-Granites-Nampitjinp-LGN-600622-Two-Man-Dreaming-90-x-98-cm-947x1024.jpg","type":"image\/jpeg"}],"schema":{"@context":"https:\/\/schema.org","@graph":[{"@type":"WebPage","@id":"https:\/\/aboriginal-australia.art\/p\/two-man-dreaming\/","url":"https:\/\/aboriginal-australia.art\/p\/two-man-dreaming\/","name":"Lynette Granites- Two Man Dreaming - Aboriginal Australia","isPartOf":{"@id":"https:\/\/aboriginal-australia.art\/#website"},"primaryImageOfPage":{"@id":"https:\/\/aboriginal-australia.art\/p\/two-man-dreaming\/#primaryimage"},"image":{"@id":"https:\/\/aboriginal-australia.art\/p\/two-man-dreaming\/#primaryimage"},"thumbnailUrl":"https:\/\/aboriginal-australia.art\/wp-content\/uploads\/2023\/12\/Lynette-Granites-Nampitjinp-LGN-600622-Two-Man-Dreaming-90-x-98-cm.jpg","datePublished":"2023-12-03T08:41:35+00:00","dateModified":"2026-01-19T18:19:41+00:00","breadcrumb":{"@id":"https:\/\/aboriginal-australia.art\/p\/two-man-dreaming\/#breadcrumb"},"inLanguage":"en-US","potentialAction":[{"@type":"ReadAction","target":["https:\/\/aboriginal-australia.art\/p\/two-man-dreaming\/"]}]},{"@type":"ImageObject","inLanguage":"en-US","@id":"https:\/\/aboriginal-australia.art\/p\/two-man-dreaming\/#primaryimage","url":"https:\/\/aboriginal-australia.art\/wp-content\/uploads\/2023\/12\/Lynette-Granites-Nampitjinp-LGN-600622-Two-Man-Dreaming-90-x-98-cm.jpg","contentUrl":"https:\/\/aboriginal-australia.art\/wp-content\/uploads\/2023\/12\/Lynette-Granites-Nampitjinp-LGN-600622-Two-Man-Dreaming-90-x-98-cm.jpg","width":1894,"height":2048,"caption":"Lynette Granites Nampitjinp \u2013 Two Man Dreaming \u2013 MALA ART GALLERY"},{"@type":"BreadcrumbList","@id":"https:\/\/aboriginal-australia.art\/p\/two-man-dreaming\/#breadcrumb","itemListElement":[{"@type":"ListItem","position":1,"name":"Strona g\u0142\u00f3wna","item":"https:\/\/aboriginal-australia.art\/"},{"@type":"ListItem","position":2,"name":"Products","item":"https:\/\/aboriginal-australia.art\/en\/shop\/"},{"@type":"ListItem","position":3,"name":"Lynette Granites- Two Man Dreaming"}]},{"@type":"WebSite","@id":"https:\/\/aboriginal-australia.art\/#website","url":"https:\/\/aboriginal-australia.art\/","name":"Aboriginal Australia","description":"","potentialAction":[{"@type":"SearchAction","target":{"@type":"EntryPoint","urlTemplate":"https:\/\/aboriginal-australia.art\/?s={search_term_string}"},"query-input":{"@type":"PropertyValueSpecification","valueRequired":true,"valueName":"search_term_string"}}],"inLanguage":"en-US"}]}},"_links":{"self":[{"href":"https:\/\/aboriginal-australia.art\/en\/wp-json\/wp\/v2\/product\/4979","targetHints":{"allow":["GET"]}}],"collection":[{"href":"https:\/\/aboriginal-australia.art\/en\/wp-json\/wp\/v2\/product"}],"about":[{"href":"https:\/\/aboriginal-australia.art\/en\/wp-json\/wp\/v2\/types\/product"}],"replies":[{"embeddable":true,"href":"https:\/\/aboriginal-australia.art\/en\/wp-json\/wp\/v2\/comments?post=4979"}],"version-history":[{"count":16,"href":"https:\/\/aboriginal-australia.art\/en\/wp-json\/wp\/v2\/product\/4979\/revisions"}],"predecessor-version":[{"id":7919,"href":"https:\/\/aboriginal-australia.art\/en\/wp-json\/wp\/v2\/product\/4979\/revisions\/7919"}],"wp:featuredmedia":[{"embeddable":true,"href":"https:\/\/aboriginal-australia.art\/en\/wp-json\/wp\/v2\/media\/4935"}],"wp:attachment":[{"href":"https:\/\/aboriginal-australia.art\/en\/wp-json\/wp\/v2\/media?parent=4979"}],"wp:term":[{"taxonomy":"product_brand","embeddable":true,"href":"https:\/\/aboriginal-australia.art\/en\/wp-json\/wp\/v2\/product_brand?post=4979"},{"taxonomy":"product_cat","embeddable":true,"href":"https:\/\/aboriginal-australia.art\/en\/wp-json\/wp\/v2\/product_cat?post=4979"},{"taxonomy":"product_tag","embeddable":true,"href":"https:\/\/aboriginal-australia.art\/en\/wp-json\/wp\/v2\/product_tag?post=4979"}],"curies":[{"name":"wp","href":"https:\/\/api.w.org\/{rel}","templated":true}]}}