{"id":4978,"date":"2023-12-03T09:41:32","date_gmt":"2023-12-03T08:41:32","guid":{"rendered":"https:\/\/aboriginal-australia.art.semfactory.cfolks.pl\/?post_type=product&#038;p=4978"},"modified":"2026-01-19T18:56:38","modified_gmt":"2026-01-19T17:56:38","slug":"two-man-and-bush-yam-dreaming","status":"publish","type":"product","link":"https:\/\/aboriginal-australia.art\/en\/p\/two-man-and-bush-yam-dreaming\/","title":{"rendered":"Lynette Granites &#8211; Two Man and Bush Yam Dreaming"},"content":{"rendered":"<div data-elementor-type=\"wp-post\" data-elementor-id=\"4978\" class=\"elementor elementor-4978\" data-elementor-post-type=\"product\">\n\t\t\t\t<div class=\"elementor-element elementor-element-e298151 e-flex e-con-boxed e-con e-parent\" data-id=\"e298151\" data-element_type=\"container\" data-e-type=\"container\">\n\t\t\t\t\t<div class=\"e-con-inner\">\n\t\t\t\t<div class=\"elementor-element elementor-element-1bbb7f0 elementor-widget elementor-widget-text-editor\" data-id=\"1bbb7f0\" data-element_type=\"widget\" data-e-type=\"widget\" data-widget_type=\"text-editor.default\">\n\t\t\t\t<div class=\"elementor-widget-container\">\n\t\t\t\t\t\t\t\t\t<p class=\" translation-block\">The painting shows the Dreaming of Two Men and the Wild Potato Yam and motifs associated with this tradition. In the mythical era of the Time of Creation, the Ancestors of the Two Men left their camp to hunt kangaroos and other animals. These ancestors were fully initiated men, carrying spears, boomerangs, clubs and ceremonial items. From them, the Warlpiri community learned to hunt, gather food, perform ceremonies, and make fire.\n\nLynette Granites Nampitjinpa presents this story using the traditional iconography of her tribe. Ceremonial places are represented by concentric circles. In the centre of the image, \"u\" shapes represent the encamped Men. Next to them are shown spears, woomeras (spear throwers) and shields. At the top and bottom, camping women are depicted with digging sticks and coolamons (vessels traditionally used by Aboriginal women to carry water, fruit, nuts, as well as to cradle babies). They cook yams. The dots in the background indicate vegetation.<\/p>\t\t\t\t\t\t\t\t<\/div>\n\t\t\t\t<\/div>\n\t\t\t\t\t<\/div>\n\t\t\t\t<\/div>\n\t\t\t\t<\/div>","protected":false},"excerpt":{"rendered":"<p>Obraz przedstawia Histori\u0119 Dw\u00f3ch M\u0119\u017cczyzn i Dzikiego Ziemniaka Yam oraz motywy zwi\u0105zane z t\u0105 tradycj\u0105. W mitycznej epoce Czasu Stwarzania Przodkowie \u2013 Dw\u00f3ch M\u0119\u017cczyzn \u2013 opuszczali sw\u00f3j ob\u00f3z, by polowa\u0107 na kangury i inne zwierz\u0119ta. Przodkowie ci byli w pe\u0142ni wtajemniczonymi m\u0119\u017cczyznami, nosili ze sob\u0105 w\u0142\u00f3cznie, bumerangi, maczugi i przedmioty ceremonialne.Od nich spo\u0142eczno\u015b\u0107 Warlpiri nauczy\u0142a [&hellip;]<\/p>\n","protected":false},"featured_media":4934,"comment_status":"open","ping_status":"closed","template":"","meta":{"_acf_changed":false},"product_brand":[],"product_cat":[79,34],"product_tag":[],"class_list":{"0":"post-4978","1":"product","2":"type-product","3":"status-publish","4":"has-post-thumbnail","6":"product_cat-in-stock","7":"product_cat-lynette-granites","9":"first","10":"instock","11":"shipping-taxable","12":"purchasable","13":"product-type-simple"},"acf":[],"yoast_head":"<!-- This site is optimized with the Yoast SEO plugin v27.3 - https:\/\/yoast.com\/product\/yoast-seo-wordpress\/ -->\n<title>Lynette Granites - Two Man and Bush Yam Dreaming - Aboriginal Australia<\/title>\n<meta name=\"robots\" content=\"index, follow, max-snippet:-1, max-image-preview:large, max-video-preview:-1\" \/>\n<link rel=\"canonical\" href=\"https:\/\/aboriginal-australia.art\/en\/p\/two-man-and-bush-yam-dreaming\/\" \/>\n<meta property=\"og:locale\" content=\"en_US\" \/>\n<meta property=\"og:type\" content=\"article\" \/>\n<meta property=\"og:title\" content=\"Lynette Granites - Two Man and Bush Yam Dreaming - Aboriginal Australia\" \/>\n<meta property=\"og:description\" content=\"Obraz przedstawia Histori\u0119 Dw\u00f3ch M\u0119\u017cczyzn i Dzikiego Ziemniaka Yam oraz motywy zwi\u0105zane z t\u0105 tradycj\u0105. W mitycznej epoce Czasu Stwarzania Przodkowie \u2013 Dw\u00f3ch M\u0119\u017cczyzn \u2013 opuszczali sw\u00f3j ob\u00f3z, by polowa\u0107 na kangury i inne zwierz\u0119ta. Przodkowie ci byli w pe\u0142ni wtajemniczonymi m\u0119\u017cczyznami, nosili ze sob\u0105 w\u0142\u00f3cznie, bumerangi, maczugi i przedmioty ceremonialne.Od nich spo\u0142eczno\u015b\u0107 Warlpiri nauczy\u0142a [&hellip;]\" \/>\n<meta property=\"og:url\" content=\"https:\/\/aboriginal-australia.art\/en\/p\/two-man-and-bush-yam-dreaming\/\" \/>\n<meta property=\"og:site_name\" content=\"Aboriginal Australia\" \/>\n<meta property=\"article:modified_time\" content=\"2026-01-19T17:56:38+00:00\" \/>\n<meta property=\"og:image\" content=\"https:\/\/aboriginal-australia.art\/wp-content\/uploads\/2023\/12\/Lynette-Granites-Nampitjinp-LGN-571221-Two-Man-and-Bush-Yam-Dreaming-50-x-95-cm.jpg\" \/>\n\t<meta property=\"og:image:width\" content=\"1089\" \/>\n\t<meta property=\"og:image:height\" content=\"2048\" \/>\n\t<meta property=\"og:image:type\" content=\"image\/jpeg\" \/>\n<script type=\"application\/ld+json\" class=\"yoast-schema-graph\">{\"@context\":\"https:\\\/\\\/schema.org\",\"@graph\":[{\"@type\":\"WebPage\",\"@id\":\"https:\\\/\\\/aboriginal-australia.art\\\/p\\\/two-man-and-bush-yam-dreaming\\\/\",\"url\":\"https:\\\/\\\/aboriginal-australia.art\\\/p\\\/two-man-and-bush-yam-dreaming\\\/\",\"name\":\"Lynette Granites - Two Man and Bush Yam Dreaming - Aboriginal Australia\",\"isPartOf\":{\"@id\":\"https:\\\/\\\/aboriginal-australia.art\\\/#website\"},\"primaryImageOfPage\":{\"@id\":\"https:\\\/\\\/aboriginal-australia.art\\\/p\\\/two-man-and-bush-yam-dreaming\\\/#primaryimage\"},\"image\":{\"@id\":\"https:\\\/\\\/aboriginal-australia.art\\\/p\\\/two-man-and-bush-yam-dreaming\\\/#primaryimage\"},\"thumbnailUrl\":\"https:\\\/\\\/aboriginal-australia.art\\\/wp-content\\\/uploads\\\/2023\\\/12\\\/Lynette-Granites-Nampitjinp-LGN-571221-Two-Man-and-Bush-Yam-Dreaming-50-x-95-cm.jpg\",\"datePublished\":\"2023-12-03T08:41:32+00:00\",\"dateModified\":\"2026-01-19T17:56:38+00:00\",\"breadcrumb\":{\"@id\":\"https:\\\/\\\/aboriginal-australia.art\\\/p\\\/two-man-and-bush-yam-dreaming\\\/#breadcrumb\"},\"inLanguage\":\"en-US\",\"potentialAction\":[{\"@type\":\"ReadAction\",\"target\":[\"https:\\\/\\\/aboriginal-australia.art\\\/p\\\/two-man-and-bush-yam-dreaming\\\/\"]}]},{\"@type\":\"ImageObject\",\"inLanguage\":\"en-US\",\"@id\":\"https:\\\/\\\/aboriginal-australia.art\\\/p\\\/two-man-and-bush-yam-dreaming\\\/#primaryimage\",\"url\":\"https:\\\/\\\/aboriginal-australia.art\\\/wp-content\\\/uploads\\\/2023\\\/12\\\/Lynette-Granites-Nampitjinp-LGN-571221-Two-Man-and-Bush-Yam-Dreaming-50-x-95-cm.jpg\",\"contentUrl\":\"https:\\\/\\\/aboriginal-australia.art\\\/wp-content\\\/uploads\\\/2023\\\/12\\\/Lynette-Granites-Nampitjinp-LGN-571221-Two-Man-and-Bush-Yam-Dreaming-50-x-95-cm.jpg\",\"width\":1089,\"height\":2048,\"caption\":\"Lynette Granites Nampitjinp \u2013 Two Man and Bush Yam Dreaming \u2013 MALA ART GALLERY\"},{\"@type\":\"BreadcrumbList\",\"@id\":\"https:\\\/\\\/aboriginal-australia.art\\\/p\\\/two-man-and-bush-yam-dreaming\\\/#breadcrumb\",\"itemListElement\":[{\"@type\":\"ListItem\",\"position\":1,\"name\":\"Strona g\u0142\u00f3wna\",\"item\":\"https:\\\/\\\/aboriginal-australia.art\\\/\"},{\"@type\":\"ListItem\",\"position\":2,\"name\":\"Products\",\"item\":\"https:\\\/\\\/aboriginal-australia.art\\\/en\\\/shop\\\/\"},{\"@type\":\"ListItem\",\"position\":3,\"name\":\"Lynette Granites &#8211; Two Man and Bush Yam Dreaming\"}]},{\"@type\":\"WebSite\",\"@id\":\"https:\\\/\\\/aboriginal-australia.art\\\/#website\",\"url\":\"https:\\\/\\\/aboriginal-australia.art\\\/\",\"name\":\"Aboriginal Australia\",\"description\":\"\",\"potentialAction\":[{\"@type\":\"SearchAction\",\"target\":{\"@type\":\"EntryPoint\",\"urlTemplate\":\"https:\\\/\\\/aboriginal-australia.art\\\/?s={search_term_string}\"},\"query-input\":{\"@type\":\"PropertyValueSpecification\",\"valueRequired\":true,\"valueName\":\"search_term_string\"}}],\"inLanguage\":\"en-US\"}]}<\/script>\n<!-- \/ Yoast SEO plugin. -->","yoast_head_json":{"title":"Lynette Granites - Two Man and Bush Yam Dreaming - Aboriginal Australia","robots":{"index":"index","follow":"follow","max-snippet":"max-snippet:-1","max-image-preview":"max-image-preview:large","max-video-preview":"max-video-preview:-1"},"canonical":"https:\/\/aboriginal-australia.art\/en\/p\/two-man-and-bush-yam-dreaming\/","og_locale":"en_US","og_type":"article","og_title":"Lynette Granites - Two Man and Bush Yam Dreaming - Aboriginal Australia","og_description":"Obraz przedstawia Histori\u0119 Dw\u00f3ch M\u0119\u017cczyzn i Dzikiego Ziemniaka Yam oraz motywy zwi\u0105zane z t\u0105 tradycj\u0105. W mitycznej epoce Czasu Stwarzania Przodkowie \u2013 Dw\u00f3ch M\u0119\u017cczyzn \u2013 opuszczali sw\u00f3j ob\u00f3z, by polowa\u0107 na kangury i inne zwierz\u0119ta. Przodkowie ci byli w pe\u0142ni wtajemniczonymi m\u0119\u017cczyznami, nosili ze sob\u0105 w\u0142\u00f3cznie, bumerangi, maczugi i przedmioty ceremonialne.Od nich spo\u0142eczno\u015b\u0107 Warlpiri nauczy\u0142a [&hellip;]","og_url":"https:\/\/aboriginal-australia.art\/en\/p\/two-man-and-bush-yam-dreaming\/","og_site_name":"Aboriginal Australia","article_modified_time":"2026-01-19T17:56:38+00:00","og_image":[{"width":1089,"height":2048,"url":"https:\/\/aboriginal-australia.art\/wp-content\/uploads\/2023\/12\/Lynette-Granites-Nampitjinp-LGN-571221-Two-Man-and-Bush-Yam-Dreaming-50-x-95-cm.jpg","type":"image\/jpeg"}],"schema":{"@context":"https:\/\/schema.org","@graph":[{"@type":"WebPage","@id":"https:\/\/aboriginal-australia.art\/p\/two-man-and-bush-yam-dreaming\/","url":"https:\/\/aboriginal-australia.art\/p\/two-man-and-bush-yam-dreaming\/","name":"Lynette Granites - Two Man and Bush Yam Dreaming - Aboriginal Australia","isPartOf":{"@id":"https:\/\/aboriginal-australia.art\/#website"},"primaryImageOfPage":{"@id":"https:\/\/aboriginal-australia.art\/p\/two-man-and-bush-yam-dreaming\/#primaryimage"},"image":{"@id":"https:\/\/aboriginal-australia.art\/p\/two-man-and-bush-yam-dreaming\/#primaryimage"},"thumbnailUrl":"https:\/\/aboriginal-australia.art\/wp-content\/uploads\/2023\/12\/Lynette-Granites-Nampitjinp-LGN-571221-Two-Man-and-Bush-Yam-Dreaming-50-x-95-cm.jpg","datePublished":"2023-12-03T08:41:32+00:00","dateModified":"2026-01-19T17:56:38+00:00","breadcrumb":{"@id":"https:\/\/aboriginal-australia.art\/p\/two-man-and-bush-yam-dreaming\/#breadcrumb"},"inLanguage":"en-US","potentialAction":[{"@type":"ReadAction","target":["https:\/\/aboriginal-australia.art\/p\/two-man-and-bush-yam-dreaming\/"]}]},{"@type":"ImageObject","inLanguage":"en-US","@id":"https:\/\/aboriginal-australia.art\/p\/two-man-and-bush-yam-dreaming\/#primaryimage","url":"https:\/\/aboriginal-australia.art\/wp-content\/uploads\/2023\/12\/Lynette-Granites-Nampitjinp-LGN-571221-Two-Man-and-Bush-Yam-Dreaming-50-x-95-cm.jpg","contentUrl":"https:\/\/aboriginal-australia.art\/wp-content\/uploads\/2023\/12\/Lynette-Granites-Nampitjinp-LGN-571221-Two-Man-and-Bush-Yam-Dreaming-50-x-95-cm.jpg","width":1089,"height":2048,"caption":"Lynette Granites Nampitjinp \u2013 Two Man and Bush Yam Dreaming \u2013 MALA ART GALLERY"},{"@type":"BreadcrumbList","@id":"https:\/\/aboriginal-australia.art\/p\/two-man-and-bush-yam-dreaming\/#breadcrumb","itemListElement":[{"@type":"ListItem","position":1,"name":"Strona g\u0142\u00f3wna","item":"https:\/\/aboriginal-australia.art\/"},{"@type":"ListItem","position":2,"name":"Products","item":"https:\/\/aboriginal-australia.art\/en\/shop\/"},{"@type":"ListItem","position":3,"name":"Lynette Granites &#8211; Two Man and Bush Yam Dreaming"}]},{"@type":"WebSite","@id":"https:\/\/aboriginal-australia.art\/#website","url":"https:\/\/aboriginal-australia.art\/","name":"Aboriginal Australia","description":"","potentialAction":[{"@type":"SearchAction","target":{"@type":"EntryPoint","urlTemplate":"https:\/\/aboriginal-australia.art\/?s={search_term_string}"},"query-input":{"@type":"PropertyValueSpecification","valueRequired":true,"valueName":"search_term_string"}}],"inLanguage":"en-US"}]}},"_links":{"self":[{"href":"https:\/\/aboriginal-australia.art\/en\/wp-json\/wp\/v2\/product\/4978","targetHints":{"allow":["GET"]}}],"collection":[{"href":"https:\/\/aboriginal-australia.art\/en\/wp-json\/wp\/v2\/product"}],"about":[{"href":"https:\/\/aboriginal-australia.art\/en\/wp-json\/wp\/v2\/types\/product"}],"replies":[{"embeddable":true,"href":"https:\/\/aboriginal-australia.art\/en\/wp-json\/wp\/v2\/comments?post=4978"}],"version-history":[{"count":15,"href":"https:\/\/aboriginal-australia.art\/en\/wp-json\/wp\/v2\/product\/4978\/revisions"}],"predecessor-version":[{"id":7898,"href":"https:\/\/aboriginal-australia.art\/en\/wp-json\/wp\/v2\/product\/4978\/revisions\/7898"}],"wp:featuredmedia":[{"embeddable":true,"href":"https:\/\/aboriginal-australia.art\/en\/wp-json\/wp\/v2\/media\/4934"}],"wp:attachment":[{"href":"https:\/\/aboriginal-australia.art\/en\/wp-json\/wp\/v2\/media?parent=4978"}],"wp:term":[{"taxonomy":"product_brand","embeddable":true,"href":"https:\/\/aboriginal-australia.art\/en\/wp-json\/wp\/v2\/product_brand?post=4978"},{"taxonomy":"product_cat","embeddable":true,"href":"https:\/\/aboriginal-australia.art\/en\/wp-json\/wp\/v2\/product_cat?post=4978"},{"taxonomy":"product_tag","embeddable":true,"href":"https:\/\/aboriginal-australia.art\/en\/wp-json\/wp\/v2\/product_tag?post=4978"}],"curies":[{"name":"wp","href":"https:\/\/api.w.org\/{rel}","templated":true}]}}