{"id":4977,"date":"2023-12-03T09:41:30","date_gmt":"2023-12-03T08:41:30","guid":{"rendered":"https:\/\/aboriginal-australia.art.semfactory.cfolks.pl\/?post_type=product&#038;p=4977"},"modified":"2026-01-19T18:57:01","modified_gmt":"2026-01-19T17:57:01","slug":"flying-ants-dreaming","status":"publish","type":"product","link":"https:\/\/aboriginal-australia.art\/en\/p\/flying-ants-dreaming\/","title":{"rendered":"Lynette Granites &#8211; Flying Ants Dreaming"},"content":{"rendered":"<div data-elementor-type=\"wp-post\" data-elementor-id=\"4977\" class=\"elementor elementor-4977\" data-elementor-post-type=\"product\">\n\t\t\t\t<div class=\"elementor-element elementor-element-5561a4b e-flex e-con-boxed e-con e-parent\" data-id=\"5561a4b\" data-element_type=\"container\" data-e-type=\"container\">\n\t\t\t\t\t<div class=\"e-con-inner\">\n\t\t\t\t<div class=\"elementor-element elementor-element-f93a304 elementor-widget elementor-widget-text-editor\" data-id=\"f93a304\" data-element_type=\"widget\" data-e-type=\"widget\" data-widget_type=\"text-editor.default\">\n\t\t\t\t<div class=\"elementor-widget-container\">\n\t\t\t\t\t\t\t\t\t<p class=\" translation-block\">The painting depicts the Dreaming of Flying Ants and the motifs associated with this tradition. During the mythical Time of Creation, the Two Ancestors of Men wandered around Yuendumu. During their journey, they hunted and performed ceremonies - they danced, sang and painted their bodies. They then went underground and turned into flying ants (termites).<\/p><p class=\" translation-block\">Lynette Granites Nampitjinpa rendered this legend using traditional Warlpiri iconography. Concentric circles represent the ceremony sites as well as the sand hills. The wavy lines represent the Ancestors' migration routes and the underground ant tunnels. Oval shapes outside the wavy lines and circles represent ants. The \"u\" shapes represent the encamped Men; next to them are shown spears, a shield and a woomera (spear thrower). The dots in the background indicate vegetation.\n\nThe artist is an Aboriginal Elder who enjoys authority because of her traditional knowledge and artistic work. Her works are included in Australian and international collections.<\/p>\t\t\t\t\t\t\t\t<\/div>\n\t\t\t\t<\/div>\n\t\t\t\t\t<\/div>\n\t\t\t\t<\/div>\n\t\t\t\t<\/div>","protected":false},"excerpt":{"rendered":"<p>Obraz przedstawia Histori\u0119 Lataj\u0105cych Mr\u00f3wek i motywy zwi\u0105zane z t\u0105 tradycj\u0105. W mitycznym Czasie Stwarzania po okolicach Yuendumu w\u0119drowa\u0142o&nbsp;Dw\u00f3ch M\u0119\u017cczyzn. Polowali i odprawiali ceremonie \u2013 ta\u0144czyli, \u015bpiewali oraz&nbsp;malowali cia\u0142a. Nast\u0119pnie zeszli pod ziemi\u0119 i zmienili si\u0119 w lataj\u0105ce mr\u00f3wki&nbsp;(termity). Lynette Granites Nampijinpa przedstawi\u0142a t\u0119 histori\u0119 za pomoc\u0105 tradycyjnej&nbsp;ikonografii szczepu Warlpiri. Koncentryczne okr\u0119gi symbolizuj\u0105 miejsca ceremonii, [&hellip;]<\/p>\n","protected":false},"featured_media":4933,"comment_status":"open","ping_status":"closed","template":"","meta":{"_acf_changed":false},"product_brand":[],"product_cat":[79,34],"product_tag":[],"class_list":{"0":"post-4977","1":"product","2":"type-product","3":"status-publish","4":"has-post-thumbnail","6":"product_cat-in-stock","7":"product_cat-lynette-granites","9":"first","10":"instock","11":"shipping-taxable","12":"purchasable","13":"product-type-simple"},"acf":[],"yoast_head":"<!-- This site is optimized with the Yoast SEO plugin v27.3 - https:\/\/yoast.com\/product\/yoast-seo-wordpress\/ -->\n<title>Lynette Granites - Flying Ants Dreaming - Aboriginal Australia<\/title>\n<meta name=\"robots\" content=\"index, follow, max-snippet:-1, max-image-preview:large, max-video-preview:-1\" \/>\n<link rel=\"canonical\" href=\"https:\/\/aboriginal-australia.art\/en\/p\/flying-ants-dreaming\/\" \/>\n<meta property=\"og:locale\" content=\"en_US\" \/>\n<meta property=\"og:type\" content=\"article\" \/>\n<meta property=\"og:title\" content=\"Lynette Granites - Flying Ants Dreaming - Aboriginal Australia\" \/>\n<meta property=\"og:description\" content=\"Obraz przedstawia Histori\u0119 Lataj\u0105cych Mr\u00f3wek i motywy zwi\u0105zane z t\u0105 tradycj\u0105. W mitycznym Czasie Stwarzania po okolicach Yuendumu w\u0119drowa\u0142o&nbsp;Dw\u00f3ch M\u0119\u017cczyzn. Polowali i odprawiali ceremonie \u2013 ta\u0144czyli, \u015bpiewali oraz&nbsp;malowali cia\u0142a. Nast\u0119pnie zeszli pod ziemi\u0119 i zmienili si\u0119 w lataj\u0105ce mr\u00f3wki&nbsp;(termity). Lynette Granites Nampijinpa przedstawi\u0142a t\u0119 histori\u0119 za pomoc\u0105 tradycyjnej&nbsp;ikonografii szczepu Warlpiri. Koncentryczne okr\u0119gi symbolizuj\u0105 miejsca ceremonii, [&hellip;]\" \/>\n<meta property=\"og:url\" content=\"https:\/\/aboriginal-australia.art\/en\/p\/flying-ants-dreaming\/\" \/>\n<meta property=\"og:site_name\" content=\"Aboriginal Australia\" \/>\n<meta property=\"article:modified_time\" content=\"2026-01-19T17:57:01+00:00\" \/>\n<meta property=\"og:image\" content=\"https:\/\/aboriginal-australia.art\/wp-content\/uploads\/2023\/12\/Lynette-Granites-Nampitjinp-LGN-540118-Flying-Ants-Dreaming-60-x-96-cm.jpg\" \/>\n\t<meta property=\"og:image:width\" content=\"1315\" \/>\n\t<meta property=\"og:image:height\" content=\"2048\" \/>\n\t<meta property=\"og:image:type\" content=\"image\/jpeg\" \/>\n<script type=\"application\/ld+json\" class=\"yoast-schema-graph\">{\"@context\":\"https:\\\/\\\/schema.org\",\"@graph\":[{\"@type\":\"WebPage\",\"@id\":\"https:\\\/\\\/aboriginal-australia.art\\\/p\\\/flying-ants-dreaming\\\/\",\"url\":\"https:\\\/\\\/aboriginal-australia.art\\\/p\\\/flying-ants-dreaming\\\/\",\"name\":\"Lynette Granites - Flying Ants Dreaming - Aboriginal Australia\",\"isPartOf\":{\"@id\":\"https:\\\/\\\/aboriginal-australia.art\\\/#website\"},\"primaryImageOfPage\":{\"@id\":\"https:\\\/\\\/aboriginal-australia.art\\\/p\\\/flying-ants-dreaming\\\/#primaryimage\"},\"image\":{\"@id\":\"https:\\\/\\\/aboriginal-australia.art\\\/p\\\/flying-ants-dreaming\\\/#primaryimage\"},\"thumbnailUrl\":\"https:\\\/\\\/aboriginal-australia.art\\\/wp-content\\\/uploads\\\/2023\\\/12\\\/Lynette-Granites-Nampitjinp-LGN-540118-Flying-Ants-Dreaming-60-x-96-cm.jpg\",\"datePublished\":\"2023-12-03T08:41:30+00:00\",\"dateModified\":\"2026-01-19T17:57:01+00:00\",\"breadcrumb\":{\"@id\":\"https:\\\/\\\/aboriginal-australia.art\\\/p\\\/flying-ants-dreaming\\\/#breadcrumb\"},\"inLanguage\":\"en-US\",\"potentialAction\":[{\"@type\":\"ReadAction\",\"target\":[\"https:\\\/\\\/aboriginal-australia.art\\\/p\\\/flying-ants-dreaming\\\/\"]}]},{\"@type\":\"ImageObject\",\"inLanguage\":\"en-US\",\"@id\":\"https:\\\/\\\/aboriginal-australia.art\\\/p\\\/flying-ants-dreaming\\\/#primaryimage\",\"url\":\"https:\\\/\\\/aboriginal-australia.art\\\/wp-content\\\/uploads\\\/2023\\\/12\\\/Lynette-Granites-Nampitjinp-LGN-540118-Flying-Ants-Dreaming-60-x-96-cm.jpg\",\"contentUrl\":\"https:\\\/\\\/aboriginal-australia.art\\\/wp-content\\\/uploads\\\/2023\\\/12\\\/Lynette-Granites-Nampitjinp-LGN-540118-Flying-Ants-Dreaming-60-x-96-cm.jpg\",\"width\":1315,\"height\":2048,\"caption\":\"Lynette Granites Nampitjinp \u2013 Flying Ants Dreaming \u2013 MALA ART GALLERY\"},{\"@type\":\"BreadcrumbList\",\"@id\":\"https:\\\/\\\/aboriginal-australia.art\\\/p\\\/flying-ants-dreaming\\\/#breadcrumb\",\"itemListElement\":[{\"@type\":\"ListItem\",\"position\":1,\"name\":\"Strona g\u0142\u00f3wna\",\"item\":\"https:\\\/\\\/aboriginal-australia.art\\\/\"},{\"@type\":\"ListItem\",\"position\":2,\"name\":\"Products\",\"item\":\"https:\\\/\\\/aboriginal-australia.art\\\/en\\\/shop\\\/\"},{\"@type\":\"ListItem\",\"position\":3,\"name\":\"Lynette Granites &#8211; Flying Ants Dreaming\"}]},{\"@type\":\"WebSite\",\"@id\":\"https:\\\/\\\/aboriginal-australia.art\\\/#website\",\"url\":\"https:\\\/\\\/aboriginal-australia.art\\\/\",\"name\":\"Aboriginal Australia\",\"description\":\"\",\"potentialAction\":[{\"@type\":\"SearchAction\",\"target\":{\"@type\":\"EntryPoint\",\"urlTemplate\":\"https:\\\/\\\/aboriginal-australia.art\\\/?s={search_term_string}\"},\"query-input\":{\"@type\":\"PropertyValueSpecification\",\"valueRequired\":true,\"valueName\":\"search_term_string\"}}],\"inLanguage\":\"en-US\"}]}<\/script>\n<!-- \/ Yoast SEO plugin. -->","yoast_head_json":{"title":"Lynette Granites - Flying Ants Dreaming - Aboriginal Australia","robots":{"index":"index","follow":"follow","max-snippet":"max-snippet:-1","max-image-preview":"max-image-preview:large","max-video-preview":"max-video-preview:-1"},"canonical":"https:\/\/aboriginal-australia.art\/en\/p\/flying-ants-dreaming\/","og_locale":"en_US","og_type":"article","og_title":"Lynette Granites - Flying Ants Dreaming - Aboriginal Australia","og_description":"Obraz przedstawia Histori\u0119 Lataj\u0105cych Mr\u00f3wek i motywy zwi\u0105zane z t\u0105 tradycj\u0105. W mitycznym Czasie Stwarzania po okolicach Yuendumu w\u0119drowa\u0142o&nbsp;Dw\u00f3ch M\u0119\u017cczyzn. Polowali i odprawiali ceremonie \u2013 ta\u0144czyli, \u015bpiewali oraz&nbsp;malowali cia\u0142a. Nast\u0119pnie zeszli pod ziemi\u0119 i zmienili si\u0119 w lataj\u0105ce mr\u00f3wki&nbsp;(termity). Lynette Granites Nampijinpa przedstawi\u0142a t\u0119 histori\u0119 za pomoc\u0105 tradycyjnej&nbsp;ikonografii szczepu Warlpiri. Koncentryczne okr\u0119gi symbolizuj\u0105 miejsca ceremonii, [&hellip;]","og_url":"https:\/\/aboriginal-australia.art\/en\/p\/flying-ants-dreaming\/","og_site_name":"Aboriginal Australia","article_modified_time":"2026-01-19T17:57:01+00:00","og_image":[{"width":1315,"height":2048,"url":"https:\/\/aboriginal-australia.art\/wp-content\/uploads\/2023\/12\/Lynette-Granites-Nampitjinp-LGN-540118-Flying-Ants-Dreaming-60-x-96-cm.jpg","type":"image\/jpeg"}],"schema":{"@context":"https:\/\/schema.org","@graph":[{"@type":"WebPage","@id":"https:\/\/aboriginal-australia.art\/p\/flying-ants-dreaming\/","url":"https:\/\/aboriginal-australia.art\/p\/flying-ants-dreaming\/","name":"Lynette Granites - Flying Ants Dreaming - Aboriginal Australia","isPartOf":{"@id":"https:\/\/aboriginal-australia.art\/#website"},"primaryImageOfPage":{"@id":"https:\/\/aboriginal-australia.art\/p\/flying-ants-dreaming\/#primaryimage"},"image":{"@id":"https:\/\/aboriginal-australia.art\/p\/flying-ants-dreaming\/#primaryimage"},"thumbnailUrl":"https:\/\/aboriginal-australia.art\/wp-content\/uploads\/2023\/12\/Lynette-Granites-Nampitjinp-LGN-540118-Flying-Ants-Dreaming-60-x-96-cm.jpg","datePublished":"2023-12-03T08:41:30+00:00","dateModified":"2026-01-19T17:57:01+00:00","breadcrumb":{"@id":"https:\/\/aboriginal-australia.art\/p\/flying-ants-dreaming\/#breadcrumb"},"inLanguage":"en-US","potentialAction":[{"@type":"ReadAction","target":["https:\/\/aboriginal-australia.art\/p\/flying-ants-dreaming\/"]}]},{"@type":"ImageObject","inLanguage":"en-US","@id":"https:\/\/aboriginal-australia.art\/p\/flying-ants-dreaming\/#primaryimage","url":"https:\/\/aboriginal-australia.art\/wp-content\/uploads\/2023\/12\/Lynette-Granites-Nampitjinp-LGN-540118-Flying-Ants-Dreaming-60-x-96-cm.jpg","contentUrl":"https:\/\/aboriginal-australia.art\/wp-content\/uploads\/2023\/12\/Lynette-Granites-Nampitjinp-LGN-540118-Flying-Ants-Dreaming-60-x-96-cm.jpg","width":1315,"height":2048,"caption":"Lynette Granites Nampitjinp \u2013 Flying Ants Dreaming \u2013 MALA ART GALLERY"},{"@type":"BreadcrumbList","@id":"https:\/\/aboriginal-australia.art\/p\/flying-ants-dreaming\/#breadcrumb","itemListElement":[{"@type":"ListItem","position":1,"name":"Strona g\u0142\u00f3wna","item":"https:\/\/aboriginal-australia.art\/"},{"@type":"ListItem","position":2,"name":"Products","item":"https:\/\/aboriginal-australia.art\/en\/shop\/"},{"@type":"ListItem","position":3,"name":"Lynette Granites &#8211; Flying Ants Dreaming"}]},{"@type":"WebSite","@id":"https:\/\/aboriginal-australia.art\/#website","url":"https:\/\/aboriginal-australia.art\/","name":"Aboriginal Australia","description":"","potentialAction":[{"@type":"SearchAction","target":{"@type":"EntryPoint","urlTemplate":"https:\/\/aboriginal-australia.art\/?s={search_term_string}"},"query-input":{"@type":"PropertyValueSpecification","valueRequired":true,"valueName":"search_term_string"}}],"inLanguage":"en-US"}]}},"_links":{"self":[{"href":"https:\/\/aboriginal-australia.art\/en\/wp-json\/wp\/v2\/product\/4977","targetHints":{"allow":["GET"]}}],"collection":[{"href":"https:\/\/aboriginal-australia.art\/en\/wp-json\/wp\/v2\/product"}],"about":[{"href":"https:\/\/aboriginal-australia.art\/en\/wp-json\/wp\/v2\/types\/product"}],"replies":[{"embeddable":true,"href":"https:\/\/aboriginal-australia.art\/en\/wp-json\/wp\/v2\/comments?post=4977"}],"version-history":[{"count":9,"href":"https:\/\/aboriginal-australia.art\/en\/wp-json\/wp\/v2\/product\/4977\/revisions"}],"predecessor-version":[{"id":7899,"href":"https:\/\/aboriginal-australia.art\/en\/wp-json\/wp\/v2\/product\/4977\/revisions\/7899"}],"wp:featuredmedia":[{"embeddable":true,"href":"https:\/\/aboriginal-australia.art\/en\/wp-json\/wp\/v2\/media\/4933"}],"wp:attachment":[{"href":"https:\/\/aboriginal-australia.art\/en\/wp-json\/wp\/v2\/media?parent=4977"}],"wp:term":[{"taxonomy":"product_brand","embeddable":true,"href":"https:\/\/aboriginal-australia.art\/en\/wp-json\/wp\/v2\/product_brand?post=4977"},{"taxonomy":"product_cat","embeddable":true,"href":"https:\/\/aboriginal-australia.art\/en\/wp-json\/wp\/v2\/product_cat?post=4977"},{"taxonomy":"product_tag","embeddable":true,"href":"https:\/\/aboriginal-australia.art\/en\/wp-json\/wp\/v2\/product_tag?post=4977"}],"curies":[{"name":"wp","href":"https:\/\/api.w.org\/{rel}","templated":true}]}}