{"id":4974,"date":"2023-12-03T09:38:10","date_gmt":"2023-12-03T08:38:10","guid":{"rendered":"https:\/\/aboriginal-australia.art.semfactory.cfolks.pl\/?post_type=product&#038;p=4974"},"modified":"2026-01-19T18:57:31","modified_gmt":"2026-01-19T17:57:31","slug":"woman-body-painting","status":"publish","type":"product","link":"https:\/\/aboriginal-australia.art\/en\/p\/woman-body-painting\/","title":{"rendered":"Mary Dixon &#8211; Woman Body Painting"},"content":{"rendered":"<div data-elementor-type=\"wp-post\" data-elementor-id=\"4974\" class=\"elementor elementor-4974\" data-elementor-post-type=\"product\">\n\t\t\t\t<div class=\"elementor-element elementor-element-1367ff2 e-flex e-con-boxed e-con e-parent\" data-id=\"1367ff2\" data-element_type=\"container\" data-e-type=\"container\">\n\t\t\t\t\t<div class=\"e-con-inner\">\n\t\t\t\t<div class=\"elementor-element elementor-element-fd66da9 elementor-widget elementor-widget-text-editor\" data-id=\"fd66da9\" data-element_type=\"widget\" data-e-type=\"widget\" data-widget_type=\"text-editor.default\">\n\t\t\t\t<div class=\"elementor-widget-container\">\n\t\t\t\t\t\t\t\t\t<p>The painting represents female body painting.<\/p><p class=\" translation-block\">In mythical times, the Ancestor Women wandered the territory inhabited by the Warlpiri People. During their journey, they created many geographical objects in this land and also performed ceremonies (dancing, singing and body painting). From them, the Walpiri community learnt how to gather and prepare food.<\/p><p class=\" translation-block\">Mary Dixon Nungurrayi is the senior guardian of this Dreaming. The concentric circles in the center of the image represent the ceremony site. The \"u\" shapes around it represent seated women. The semi-circles represent patterns painted on women's bodies during the ceremony.<\/p><p><span style=\"letter-spacing: 0.4px; text-align: var(--text-align);\">The author is known for using intricate patterns of dots and earth colours. Her works are included in Australian and international collections.<\/span><\/p>\t\t\t\t\t\t\t\t<\/div>\n\t\t\t\t<\/div>\n\t\t\t\t\t<\/div>\n\t\t\t\t<\/div>\n\t\t\t\t<\/div>","protected":false},"excerpt":{"rendered":"<p>Obraz przedstawia histori\u0119 malowania cia\u0142a kobiety. W mitycznych czasach Przodkinie Kobiet w\u0119drowa\u0142y&nbsp;po terytorium zamieszka\u0142ym przez szczep Warlpiri. Podczas podr\u00f3\u017cy stworzy\u0142y w tej krainie wiele obiekt\u00f3w geograficznych, odprawia\u0142y tak\u017ce ceremonie (taniec, \u015bpiew&nbsp;i malowanie cia\u0142). Od nich spo\u0142eczno\u015b\u0107 Warlpiri nauczy\u0142a si\u0119 zbiera\u0107 i przygotowywa\u0107 \u017cywno\u015b\u0107. Mary Dixon Nungurrayi (ok. 1942\u20132020) by\u0142a starsz\u0105 opiekunk\u0105 tego mitu.&nbsp;Koncentryczne okr\u0119gi w [&hellip;]<\/p>\n","protected":false},"featured_media":4937,"comment_status":"open","ping_status":"closed","template":"","meta":{"_acf_changed":false},"product_brand":[],"product_cat":[79,72],"product_tag":[],"class_list":{"0":"post-4974","1":"product","2":"type-product","3":"status-publish","4":"has-post-thumbnail","6":"product_cat-in-stock","7":"product_cat-mary-dixon","9":"first","10":"instock","11":"shipping-taxable","12":"purchasable","13":"product-type-simple"},"acf":[],"yoast_head":"<!-- This site is optimized with the Yoast SEO plugin v27.4 - https:\/\/yoast.com\/product\/yoast-seo-wordpress\/ -->\n<title>Mary Dixon - Woman Body Painting - Aboriginal Australia<\/title>\n<meta name=\"robots\" content=\"index, follow, max-snippet:-1, max-image-preview:large, max-video-preview:-1\" \/>\n<link rel=\"canonical\" href=\"https:\/\/aboriginal-australia.art\/en\/p\/woman-body-painting\/\" \/>\n<meta property=\"og:locale\" content=\"en_US\" \/>\n<meta property=\"og:type\" content=\"article\" \/>\n<meta property=\"og:title\" content=\"Mary Dixon - Woman Body Painting - Aboriginal Australia\" \/>\n<meta property=\"og:description\" content=\"Obraz przedstawia histori\u0119 malowania cia\u0142a kobiety. W mitycznych czasach Przodkinie Kobiet w\u0119drowa\u0142y&nbsp;po terytorium zamieszka\u0142ym przez szczep Warlpiri. Podczas podr\u00f3\u017cy stworzy\u0142y w tej krainie wiele obiekt\u00f3w geograficznych, odprawia\u0142y tak\u017ce ceremonie (taniec, \u015bpiew&nbsp;i malowanie cia\u0142). Od nich spo\u0142eczno\u015b\u0107 Warlpiri nauczy\u0142a si\u0119 zbiera\u0107 i przygotowywa\u0107 \u017cywno\u015b\u0107. Mary Dixon Nungurrayi (ok. 1942\u20132020) by\u0142a starsz\u0105 opiekunk\u0105 tego mitu.&nbsp;Koncentryczne okr\u0119gi w [&hellip;]\" \/>\n<meta property=\"og:url\" content=\"https:\/\/aboriginal-australia.art\/en\/p\/woman-body-painting\/\" \/>\n<meta property=\"og:site_name\" content=\"Aboriginal Australia\" \/>\n<meta property=\"article:modified_time\" content=\"2026-01-19T17:57:31+00:00\" \/>\n<meta property=\"og:image\" content=\"https:\/\/aboriginal-australia.art\/wp-content\/uploads\/2023\/12\/Mary-Dixon-Nungarrayi-MDN-090207-Woman-Body-Painting-89-x-150-cm.jpg\" \/>\n\t<meta property=\"og:image:width\" content=\"1221\" \/>\n\t<meta property=\"og:image:height\" content=\"2048\" \/>\n\t<meta property=\"og:image:type\" content=\"image\/jpeg\" \/>\n<script type=\"application\/ld+json\" class=\"yoast-schema-graph\">{\"@context\":\"https:\\\/\\\/schema.org\",\"@graph\":[{\"@type\":\"WebPage\",\"@id\":\"https:\\\/\\\/aboriginal-australia.art\\\/p\\\/woman-body-painting\\\/\",\"url\":\"https:\\\/\\\/aboriginal-australia.art\\\/p\\\/woman-body-painting\\\/\",\"name\":\"Mary Dixon - Woman Body Painting - Aboriginal Australia\",\"isPartOf\":{\"@id\":\"https:\\\/\\\/aboriginal-australia.art\\\/#website\"},\"primaryImageOfPage\":{\"@id\":\"https:\\\/\\\/aboriginal-australia.art\\\/p\\\/woman-body-painting\\\/#primaryimage\"},\"image\":{\"@id\":\"https:\\\/\\\/aboriginal-australia.art\\\/p\\\/woman-body-painting\\\/#primaryimage\"},\"thumbnailUrl\":\"https:\\\/\\\/aboriginal-australia.art\\\/wp-content\\\/uploads\\\/2023\\\/12\\\/Mary-Dixon-Nungarrayi-MDN-090207-Woman-Body-Painting-89-x-150-cm.jpg\",\"datePublished\":\"2023-12-03T08:38:10+00:00\",\"dateModified\":\"2026-01-19T17:57:31+00:00\",\"breadcrumb\":{\"@id\":\"https:\\\/\\\/aboriginal-australia.art\\\/p\\\/woman-body-painting\\\/#breadcrumb\"},\"inLanguage\":\"en-US\",\"potentialAction\":[{\"@type\":\"ReadAction\",\"target\":[\"https:\\\/\\\/aboriginal-australia.art\\\/p\\\/woman-body-painting\\\/\"]}]},{\"@type\":\"ImageObject\",\"inLanguage\":\"en-US\",\"@id\":\"https:\\\/\\\/aboriginal-australia.art\\\/p\\\/woman-body-painting\\\/#primaryimage\",\"url\":\"https:\\\/\\\/aboriginal-australia.art\\\/wp-content\\\/uploads\\\/2023\\\/12\\\/Mary-Dixon-Nungarrayi-MDN-090207-Woman-Body-Painting-89-x-150-cm.jpg\",\"contentUrl\":\"https:\\\/\\\/aboriginal-australia.art\\\/wp-content\\\/uploads\\\/2023\\\/12\\\/Mary-Dixon-Nungarrayi-MDN-090207-Woman-Body-Painting-89-x-150-cm.jpg\",\"width\":1221,\"height\":2048,\"caption\":\"Mary Dixon Nungarrayi \u2013 Woman Body Painting \u2013 MALA ART GALLERY\"},{\"@type\":\"BreadcrumbList\",\"@id\":\"https:\\\/\\\/aboriginal-australia.art\\\/p\\\/woman-body-painting\\\/#breadcrumb\",\"itemListElement\":[{\"@type\":\"ListItem\",\"position\":1,\"name\":\"Strona g\u0142\u00f3wna\",\"item\":\"https:\\\/\\\/aboriginal-australia.art\\\/\"},{\"@type\":\"ListItem\",\"position\":2,\"name\":\"Products\",\"item\":\"https:\\\/\\\/aboriginal-australia.art\\\/en\\\/shop\\\/\"},{\"@type\":\"ListItem\",\"position\":3,\"name\":\"Mary Dixon &#8211; Woman Body Painting\"}]},{\"@type\":\"WebSite\",\"@id\":\"https:\\\/\\\/aboriginal-australia.art\\\/#website\",\"url\":\"https:\\\/\\\/aboriginal-australia.art\\\/\",\"name\":\"Aboriginal Australia\",\"description\":\"\",\"potentialAction\":[{\"@type\":\"SearchAction\",\"target\":{\"@type\":\"EntryPoint\",\"urlTemplate\":\"https:\\\/\\\/aboriginal-australia.art\\\/?s={search_term_string}\"},\"query-input\":{\"@type\":\"PropertyValueSpecification\",\"valueRequired\":true,\"valueName\":\"search_term_string\"}}],\"inLanguage\":\"en-US\"}]}<\/script>\n<!-- \/ Yoast SEO plugin. -->","yoast_head_json":{"title":"Mary Dixon - Woman Body Painting - Aboriginal Australia","robots":{"index":"index","follow":"follow","max-snippet":"max-snippet:-1","max-image-preview":"max-image-preview:large","max-video-preview":"max-video-preview:-1"},"canonical":"https:\/\/aboriginal-australia.art\/en\/p\/woman-body-painting\/","og_locale":"en_US","og_type":"article","og_title":"Mary Dixon - Woman Body Painting - Aboriginal Australia","og_description":"Obraz przedstawia histori\u0119 malowania cia\u0142a kobiety. W mitycznych czasach Przodkinie Kobiet w\u0119drowa\u0142y&nbsp;po terytorium zamieszka\u0142ym przez szczep Warlpiri. Podczas podr\u00f3\u017cy stworzy\u0142y w tej krainie wiele obiekt\u00f3w geograficznych, odprawia\u0142y tak\u017ce ceremonie (taniec, \u015bpiew&nbsp;i malowanie cia\u0142). Od nich spo\u0142eczno\u015b\u0107 Warlpiri nauczy\u0142a si\u0119 zbiera\u0107 i przygotowywa\u0107 \u017cywno\u015b\u0107. Mary Dixon Nungurrayi (ok. 1942\u20132020) by\u0142a starsz\u0105 opiekunk\u0105 tego mitu.&nbsp;Koncentryczne okr\u0119gi w [&hellip;]","og_url":"https:\/\/aboriginal-australia.art\/en\/p\/woman-body-painting\/","og_site_name":"Aboriginal Australia","article_modified_time":"2026-01-19T17:57:31+00:00","og_image":[{"width":1221,"height":2048,"url":"https:\/\/aboriginal-australia.art\/wp-content\/uploads\/2023\/12\/Mary-Dixon-Nungarrayi-MDN-090207-Woman-Body-Painting-89-x-150-cm.jpg","type":"image\/jpeg"}],"schema":{"@context":"https:\/\/schema.org","@graph":[{"@type":"WebPage","@id":"https:\/\/aboriginal-australia.art\/p\/woman-body-painting\/","url":"https:\/\/aboriginal-australia.art\/p\/woman-body-painting\/","name":"Mary Dixon - Woman Body Painting - Aboriginal Australia","isPartOf":{"@id":"https:\/\/aboriginal-australia.art\/#website"},"primaryImageOfPage":{"@id":"https:\/\/aboriginal-australia.art\/p\/woman-body-painting\/#primaryimage"},"image":{"@id":"https:\/\/aboriginal-australia.art\/p\/woman-body-painting\/#primaryimage"},"thumbnailUrl":"https:\/\/aboriginal-australia.art\/wp-content\/uploads\/2023\/12\/Mary-Dixon-Nungarrayi-MDN-090207-Woman-Body-Painting-89-x-150-cm.jpg","datePublished":"2023-12-03T08:38:10+00:00","dateModified":"2026-01-19T17:57:31+00:00","breadcrumb":{"@id":"https:\/\/aboriginal-australia.art\/p\/woman-body-painting\/#breadcrumb"},"inLanguage":"en-US","potentialAction":[{"@type":"ReadAction","target":["https:\/\/aboriginal-australia.art\/p\/woman-body-painting\/"]}]},{"@type":"ImageObject","inLanguage":"en-US","@id":"https:\/\/aboriginal-australia.art\/p\/woman-body-painting\/#primaryimage","url":"https:\/\/aboriginal-australia.art\/wp-content\/uploads\/2023\/12\/Mary-Dixon-Nungarrayi-MDN-090207-Woman-Body-Painting-89-x-150-cm.jpg","contentUrl":"https:\/\/aboriginal-australia.art\/wp-content\/uploads\/2023\/12\/Mary-Dixon-Nungarrayi-MDN-090207-Woman-Body-Painting-89-x-150-cm.jpg","width":1221,"height":2048,"caption":"Mary Dixon Nungarrayi \u2013 Woman Body Painting \u2013 MALA ART GALLERY"},{"@type":"BreadcrumbList","@id":"https:\/\/aboriginal-australia.art\/p\/woman-body-painting\/#breadcrumb","itemListElement":[{"@type":"ListItem","position":1,"name":"Strona g\u0142\u00f3wna","item":"https:\/\/aboriginal-australia.art\/"},{"@type":"ListItem","position":2,"name":"Products","item":"https:\/\/aboriginal-australia.art\/en\/shop\/"},{"@type":"ListItem","position":3,"name":"Mary Dixon &#8211; Woman Body Painting"}]},{"@type":"WebSite","@id":"https:\/\/aboriginal-australia.art\/#website","url":"https:\/\/aboriginal-australia.art\/","name":"Aboriginal Australia","description":"","potentialAction":[{"@type":"SearchAction","target":{"@type":"EntryPoint","urlTemplate":"https:\/\/aboriginal-australia.art\/?s={search_term_string}"},"query-input":{"@type":"PropertyValueSpecification","valueRequired":true,"valueName":"search_term_string"}}],"inLanguage":"en-US"}]}},"_links":{"self":[{"href":"https:\/\/aboriginal-australia.art\/en\/wp-json\/wp\/v2\/product\/4974","targetHints":{"allow":["GET"]}}],"collection":[{"href":"https:\/\/aboriginal-australia.art\/en\/wp-json\/wp\/v2\/product"}],"about":[{"href":"https:\/\/aboriginal-australia.art\/en\/wp-json\/wp\/v2\/types\/product"}],"replies":[{"embeddable":true,"href":"https:\/\/aboriginal-australia.art\/en\/wp-json\/wp\/v2\/comments?post=4974"}],"version-history":[{"count":9,"href":"https:\/\/aboriginal-australia.art\/en\/wp-json\/wp\/v2\/product\/4974\/revisions"}],"predecessor-version":[{"id":7900,"href":"https:\/\/aboriginal-australia.art\/en\/wp-json\/wp\/v2\/product\/4974\/revisions\/7900"}],"wp:featuredmedia":[{"embeddable":true,"href":"https:\/\/aboriginal-australia.art\/en\/wp-json\/wp\/v2\/media\/4937"}],"wp:attachment":[{"href":"https:\/\/aboriginal-australia.art\/en\/wp-json\/wp\/v2\/media?parent=4974"}],"wp:term":[{"taxonomy":"product_brand","embeddable":true,"href":"https:\/\/aboriginal-australia.art\/en\/wp-json\/wp\/v2\/product_brand?post=4974"},{"taxonomy":"product_cat","embeddable":true,"href":"https:\/\/aboriginal-australia.art\/en\/wp-json\/wp\/v2\/product_cat?post=4974"},{"taxonomy":"product_tag","embeddable":true,"href":"https:\/\/aboriginal-australia.art\/en\/wp-json\/wp\/v2\/product_tag?post=4974"}],"curies":[{"name":"wp","href":"https:\/\/api.w.org\/{rel}","templated":true}]}}