{"id":4973,"date":"2023-12-03T09:38:07","date_gmt":"2023-12-03T08:38:07","guid":{"rendered":"https:\/\/aboriginal-australia.art.semfactory.cfolks.pl\/?post_type=product&#038;p=4973"},"modified":"2026-01-19T19:20:55","modified_gmt":"2026-01-19T18:20:55","slug":"hair-string-story-2","status":"publish","type":"product","link":"https:\/\/aboriginal-australia.art\/en\/p\/hair-string-story-2\/","title":{"rendered":"Mary Dixon &#8211; Hair String Story"},"content":{"rendered":"<div data-elementor-type=\"wp-post\" data-elementor-id=\"4973\" class=\"elementor elementor-4973\" data-elementor-post-type=\"product\">\n\t\t\t\t<div class=\"elementor-element elementor-element-717e3e5 e-flex e-con-boxed e-con e-parent\" data-id=\"717e3e5\" data-element_type=\"container\" data-e-type=\"container\">\n\t\t\t\t\t<div class=\"e-con-inner\">\n\t\t\t\t<div class=\"elementor-element elementor-element-75913f1 elementor-widget elementor-widget-text-editor\" data-id=\"75913f1\" data-element_type=\"widget\" data-e-type=\"widget\" data-widget_type=\"text-editor.default\">\n\t\t\t\t<div class=\"elementor-widget-container\">\n\t\t\t\t\t\t\t\t\t<p class=\" translation-block\">In mythical times, the Ancestor Women wandered the territory inhabited by the Warlpiri People. During their journey, they created many geographical objects in this land and also performed ceremonies (dancing, singing and body painting). They showed people how to make hair strings and use them for ceremonies and in everyday life.<\/p>\n<p class=\" translation-block\">Mary Dixon Nungarrayi is the senior guardian of this Dreaming. \nConcentric circles represent ceremony sites, as well as rock formations and waterholes. The sinusoidal line represents a strand of hair.\n\nThe author is known for her intricate patterns of dots and earth colours. Her works are included in Australian and international collections.<\/p>\t\t\t\t\t\t\t\t<\/div>\n\t\t\t\t<\/div>\n\t\t\t\t\t<\/div>\n\t\t\t\t<\/div>\n\t\t\t\t<\/div>","protected":false},"excerpt":{"rendered":"<p>W mitycznych czasach Przodkinie Kobiet w\u0119drowa\u0142y po terytorium zamieszkanym przez szczep Warlpiri. Podczas podr\u00f3\u017cy stworzy\u0142y w tej krainie wiele&nbsp;obiekt\u00f3w geograficznych, odprawia\u0142y tak\u017ce ceremonie (taniec, \u015bpiew i malowanie cia\u0142). Pokaza\u0142y ludziom, jak robi\u0107 sznurki z w\u0142os\u00f3w i u\u017cywa\u0107 je do ceremonii i w \u017cyciu codziennym. Mary Dixon Nungurrayi by\u0142a starsz\u0105 opiekunk\u0105 tego mitu. Koncentryczne&nbsp;kr\u0119gi reprezentuj\u0105 miejsca [&hellip;]<\/p>\n","protected":false},"featured_media":4936,"comment_status":"open","ping_status":"closed","template":"","meta":{"_acf_changed":false},"product_brand":[],"product_cat":[79,72],"product_tag":[],"class_list":{"0":"post-4973","1":"product","2":"type-product","3":"status-publish","4":"has-post-thumbnail","6":"product_cat-in-stock","7":"product_cat-mary-dixon","9":"first","10":"outofstock","11":"shipping-taxable","12":"purchasable","13":"product-type-simple"},"acf":[],"yoast_head":"<!-- This site is optimized with the Yoast SEO plugin v27.4 - https:\/\/yoast.com\/product\/yoast-seo-wordpress\/ -->\n<title>Mary Dixon - Hair String Story - Aboriginal Australia<\/title>\n<meta name=\"robots\" content=\"index, follow, max-snippet:-1, max-image-preview:large, max-video-preview:-1\" \/>\n<link rel=\"canonical\" href=\"https:\/\/aboriginal-australia.art\/en\/p\/hair-string-story-2\/\" \/>\n<meta property=\"og:locale\" content=\"en_US\" \/>\n<meta property=\"og:type\" content=\"article\" \/>\n<meta property=\"og:title\" content=\"Mary Dixon - Hair String Story - Aboriginal Australia\" \/>\n<meta property=\"og:description\" content=\"W mitycznych czasach Przodkinie Kobiet w\u0119drowa\u0142y po terytorium zamieszkanym przez szczep Warlpiri. Podczas podr\u00f3\u017cy stworzy\u0142y w tej krainie wiele&nbsp;obiekt\u00f3w geograficznych, odprawia\u0142y tak\u017ce ceremonie (taniec, \u015bpiew i malowanie cia\u0142). Pokaza\u0142y ludziom, jak robi\u0107 sznurki z w\u0142os\u00f3w i u\u017cywa\u0107 je do ceremonii i w \u017cyciu codziennym. Mary Dixon Nungurrayi by\u0142a starsz\u0105 opiekunk\u0105 tego mitu. Koncentryczne&nbsp;kr\u0119gi reprezentuj\u0105 miejsca [&hellip;]\" \/>\n<meta property=\"og:url\" content=\"https:\/\/aboriginal-australia.art\/en\/p\/hair-string-story-2\/\" \/>\n<meta property=\"og:site_name\" content=\"Aboriginal Australia\" \/>\n<meta property=\"article:modified_time\" content=\"2026-01-19T18:20:55+00:00\" \/>\n<meta property=\"og:image\" content=\"https:\/\/aboriginal-australia.art\/wp-content\/uploads\/2023\/12\/Mary-Dixon-Nungarrayi-MDN-330616-Hair-String-Story-38-x-89-cm.jpg\" \/>\n\t<meta property=\"og:image:width\" content=\"2048\" \/>\n\t<meta property=\"og:image:height\" content=\"857\" \/>\n\t<meta property=\"og:image:type\" content=\"image\/jpeg\" \/>\n<script type=\"application\/ld+json\" class=\"yoast-schema-graph\">{\"@context\":\"https:\\\/\\\/schema.org\",\"@graph\":[{\"@type\":\"WebPage\",\"@id\":\"https:\\\/\\\/aboriginal-australia.art\\\/p\\\/hair-string-story-2\\\/\",\"url\":\"https:\\\/\\\/aboriginal-australia.art\\\/p\\\/hair-string-story-2\\\/\",\"name\":\"Mary Dixon - Hair String Story - Aboriginal Australia\",\"isPartOf\":{\"@id\":\"https:\\\/\\\/aboriginal-australia.art\\\/#website\"},\"primaryImageOfPage\":{\"@id\":\"https:\\\/\\\/aboriginal-australia.art\\\/p\\\/hair-string-story-2\\\/#primaryimage\"},\"image\":{\"@id\":\"https:\\\/\\\/aboriginal-australia.art\\\/p\\\/hair-string-story-2\\\/#primaryimage\"},\"thumbnailUrl\":\"https:\\\/\\\/aboriginal-australia.art\\\/wp-content\\\/uploads\\\/2023\\\/12\\\/Mary-Dixon-Nungarrayi-MDN-330616-Hair-String-Story-38-x-89-cm.jpg\",\"datePublished\":\"2023-12-03T08:38:07+00:00\",\"dateModified\":\"2026-01-19T18:20:55+00:00\",\"breadcrumb\":{\"@id\":\"https:\\\/\\\/aboriginal-australia.art\\\/p\\\/hair-string-story-2\\\/#breadcrumb\"},\"inLanguage\":\"en-US\",\"potentialAction\":[{\"@type\":\"ReadAction\",\"target\":[\"https:\\\/\\\/aboriginal-australia.art\\\/p\\\/hair-string-story-2\\\/\"]}]},{\"@type\":\"ImageObject\",\"inLanguage\":\"en-US\",\"@id\":\"https:\\\/\\\/aboriginal-australia.art\\\/p\\\/hair-string-story-2\\\/#primaryimage\",\"url\":\"https:\\\/\\\/aboriginal-australia.art\\\/wp-content\\\/uploads\\\/2023\\\/12\\\/Mary-Dixon-Nungarrayi-MDN-330616-Hair-String-Story-38-x-89-cm.jpg\",\"contentUrl\":\"https:\\\/\\\/aboriginal-australia.art\\\/wp-content\\\/uploads\\\/2023\\\/12\\\/Mary-Dixon-Nungarrayi-MDN-330616-Hair-String-Story-38-x-89-cm.jpg\",\"width\":2048,\"height\":857,\"caption\":\"Mary Dixon Nungarrayi \u2013 Hair String Story \u2013 MALA ART GALLERY\"},{\"@type\":\"BreadcrumbList\",\"@id\":\"https:\\\/\\\/aboriginal-australia.art\\\/p\\\/hair-string-story-2\\\/#breadcrumb\",\"itemListElement\":[{\"@type\":\"ListItem\",\"position\":1,\"name\":\"Strona g\u0142\u00f3wna\",\"item\":\"https:\\\/\\\/aboriginal-australia.art\\\/\"},{\"@type\":\"ListItem\",\"position\":2,\"name\":\"Products\",\"item\":\"https:\\\/\\\/aboriginal-australia.art\\\/en\\\/shop\\\/\"},{\"@type\":\"ListItem\",\"position\":3,\"name\":\"Mary Dixon &#8211; Hair String Story\"}]},{\"@type\":\"WebSite\",\"@id\":\"https:\\\/\\\/aboriginal-australia.art\\\/#website\",\"url\":\"https:\\\/\\\/aboriginal-australia.art\\\/\",\"name\":\"Aboriginal Australia\",\"description\":\"\",\"potentialAction\":[{\"@type\":\"SearchAction\",\"target\":{\"@type\":\"EntryPoint\",\"urlTemplate\":\"https:\\\/\\\/aboriginal-australia.art\\\/?s={search_term_string}\"},\"query-input\":{\"@type\":\"PropertyValueSpecification\",\"valueRequired\":true,\"valueName\":\"search_term_string\"}}],\"inLanguage\":\"en-US\"}]}<\/script>\n<!-- \/ Yoast SEO plugin. -->","yoast_head_json":{"title":"Mary Dixon - Hair String Story - Aboriginal Australia","robots":{"index":"index","follow":"follow","max-snippet":"max-snippet:-1","max-image-preview":"max-image-preview:large","max-video-preview":"max-video-preview:-1"},"canonical":"https:\/\/aboriginal-australia.art\/en\/p\/hair-string-story-2\/","og_locale":"en_US","og_type":"article","og_title":"Mary Dixon - Hair String Story - Aboriginal Australia","og_description":"W mitycznych czasach Przodkinie Kobiet w\u0119drowa\u0142y po terytorium zamieszkanym przez szczep Warlpiri. Podczas podr\u00f3\u017cy stworzy\u0142y w tej krainie wiele&nbsp;obiekt\u00f3w geograficznych, odprawia\u0142y tak\u017ce ceremonie (taniec, \u015bpiew i malowanie cia\u0142). Pokaza\u0142y ludziom, jak robi\u0107 sznurki z w\u0142os\u00f3w i u\u017cywa\u0107 je do ceremonii i w \u017cyciu codziennym. Mary Dixon Nungurrayi by\u0142a starsz\u0105 opiekunk\u0105 tego mitu. Koncentryczne&nbsp;kr\u0119gi reprezentuj\u0105 miejsca [&hellip;]","og_url":"https:\/\/aboriginal-australia.art\/en\/p\/hair-string-story-2\/","og_site_name":"Aboriginal Australia","article_modified_time":"2026-01-19T18:20:55+00:00","og_image":[{"width":2048,"height":857,"url":"https:\/\/aboriginal-australia.art\/wp-content\/uploads\/2023\/12\/Mary-Dixon-Nungarrayi-MDN-330616-Hair-String-Story-38-x-89-cm.jpg","type":"image\/jpeg"}],"schema":{"@context":"https:\/\/schema.org","@graph":[{"@type":"WebPage","@id":"https:\/\/aboriginal-australia.art\/p\/hair-string-story-2\/","url":"https:\/\/aboriginal-australia.art\/p\/hair-string-story-2\/","name":"Mary Dixon - Hair String Story - Aboriginal Australia","isPartOf":{"@id":"https:\/\/aboriginal-australia.art\/#website"},"primaryImageOfPage":{"@id":"https:\/\/aboriginal-australia.art\/p\/hair-string-story-2\/#primaryimage"},"image":{"@id":"https:\/\/aboriginal-australia.art\/p\/hair-string-story-2\/#primaryimage"},"thumbnailUrl":"https:\/\/aboriginal-australia.art\/wp-content\/uploads\/2023\/12\/Mary-Dixon-Nungarrayi-MDN-330616-Hair-String-Story-38-x-89-cm.jpg","datePublished":"2023-12-03T08:38:07+00:00","dateModified":"2026-01-19T18:20:55+00:00","breadcrumb":{"@id":"https:\/\/aboriginal-australia.art\/p\/hair-string-story-2\/#breadcrumb"},"inLanguage":"en-US","potentialAction":[{"@type":"ReadAction","target":["https:\/\/aboriginal-australia.art\/p\/hair-string-story-2\/"]}]},{"@type":"ImageObject","inLanguage":"en-US","@id":"https:\/\/aboriginal-australia.art\/p\/hair-string-story-2\/#primaryimage","url":"https:\/\/aboriginal-australia.art\/wp-content\/uploads\/2023\/12\/Mary-Dixon-Nungarrayi-MDN-330616-Hair-String-Story-38-x-89-cm.jpg","contentUrl":"https:\/\/aboriginal-australia.art\/wp-content\/uploads\/2023\/12\/Mary-Dixon-Nungarrayi-MDN-330616-Hair-String-Story-38-x-89-cm.jpg","width":2048,"height":857,"caption":"Mary Dixon Nungarrayi \u2013 Hair String Story \u2013 MALA ART GALLERY"},{"@type":"BreadcrumbList","@id":"https:\/\/aboriginal-australia.art\/p\/hair-string-story-2\/#breadcrumb","itemListElement":[{"@type":"ListItem","position":1,"name":"Strona g\u0142\u00f3wna","item":"https:\/\/aboriginal-australia.art\/"},{"@type":"ListItem","position":2,"name":"Products","item":"https:\/\/aboriginal-australia.art\/en\/shop\/"},{"@type":"ListItem","position":3,"name":"Mary Dixon &#8211; Hair String Story"}]},{"@type":"WebSite","@id":"https:\/\/aboriginal-australia.art\/#website","url":"https:\/\/aboriginal-australia.art\/","name":"Aboriginal Australia","description":"","potentialAction":[{"@type":"SearchAction","target":{"@type":"EntryPoint","urlTemplate":"https:\/\/aboriginal-australia.art\/?s={search_term_string}"},"query-input":{"@type":"PropertyValueSpecification","valueRequired":true,"valueName":"search_term_string"}}],"inLanguage":"en-US"}]}},"_links":{"self":[{"href":"https:\/\/aboriginal-australia.art\/en\/wp-json\/wp\/v2\/product\/4973","targetHints":{"allow":["GET"]}}],"collection":[{"href":"https:\/\/aboriginal-australia.art\/en\/wp-json\/wp\/v2\/product"}],"about":[{"href":"https:\/\/aboriginal-australia.art\/en\/wp-json\/wp\/v2\/types\/product"}],"replies":[{"embeddable":true,"href":"https:\/\/aboriginal-australia.art\/en\/wp-json\/wp\/v2\/comments?post=4973"}],"version-history":[{"count":12,"href":"https:\/\/aboriginal-australia.art\/en\/wp-json\/wp\/v2\/product\/4973\/revisions"}],"predecessor-version":[{"id":7920,"href":"https:\/\/aboriginal-australia.art\/en\/wp-json\/wp\/v2\/product\/4973\/revisions\/7920"}],"wp:featuredmedia":[{"embeddable":true,"href":"https:\/\/aboriginal-australia.art\/en\/wp-json\/wp\/v2\/media\/4936"}],"wp:attachment":[{"href":"https:\/\/aboriginal-australia.art\/en\/wp-json\/wp\/v2\/media?parent=4973"}],"wp:term":[{"taxonomy":"product_brand","embeddable":true,"href":"https:\/\/aboriginal-australia.art\/en\/wp-json\/wp\/v2\/product_brand?post=4973"},{"taxonomy":"product_cat","embeddable":true,"href":"https:\/\/aboriginal-australia.art\/en\/wp-json\/wp\/v2\/product_cat?post=4973"},{"taxonomy":"product_tag","embeddable":true,"href":"https:\/\/aboriginal-australia.art\/en\/wp-json\/wp\/v2\/product_tag?post=4973"}],"curies":[{"name":"wp","href":"https:\/\/api.w.org\/{rel}","templated":true}]}}