{"id":4969,"date":"2023-12-03T09:26:29","date_gmt":"2023-12-03T08:26:29","guid":{"rendered":"https:\/\/aboriginal-australia.art.semfactory.cfolks.pl\/?post_type=product&#038;p=4969"},"modified":"2026-01-19T18:58:25","modified_gmt":"2026-01-19T17:58:25","slug":"warlu-jukurpa-fire-dreaming","status":"publish","type":"product","link":"https:\/\/aboriginal-australia.art\/en\/p\/warlu-jukurpa-fire-dreaming\/","title":{"rendered":"Paddy Sims Japaljarri &#8211; Warlu Jukurpa (Fire Dreaming)"},"content":{"rendered":"<div data-elementor-type=\"wp-post\" data-elementor-id=\"4969\" class=\"elementor elementor-4969\" data-elementor-post-type=\"product\">\n\t\t\t\t<div class=\"elementor-element elementor-element-e2f9099 e-flex e-con-boxed e-con e-parent\" data-id=\"e2f9099\" data-element_type=\"container\" data-e-type=\"container\">\n\t\t\t\t\t<div class=\"e-con-inner\">\n\t\t\t\t<div class=\"elementor-element elementor-element-f7a3e6a elementor-widget elementor-widget-text-editor\" data-id=\"f7a3e6a\" data-element_type=\"widget\" data-e-type=\"widget\" data-widget_type=\"text-editor.default\">\n\t\t\t\t<div class=\"elementor-widget-container\">\n\t\t\t\t\t\t\t\t\t<p>The content of the painting is Dreaming of Fire (<em>Warlu<\/em>) and motifs relate to this tradition.<\/p><p class=\" translation-block\">During the mythical Time of Creation, the Ancestors - Japaljarri and Jungurrayi - traveled throughout the entire land of the Warlipiri tribe on a long journey and created many geographical features, such as waterholes and rocks. They then lit small fires to light the bush and taught the people how and why to do it. After burning the bush, it is easier to catch lizards and other small animals, and the ash has a beneficial effect on the regrowth of various plants. Today, the Warlpiri perform ceremonies that continue this tradition.<\/p><p class=\" translation-block\">Paddy Sims Japaljarri presented the story using traditional Warlpiri iconography. Concentric circles mark ceremonial sites and other important places in the land where mythical events took place. The black squiggly lines represent Warlu (Fire) and flames spreading across the area. The dots in the background symbolize vegetation.<\/p>\t\t\t\t\t\t\t\t<\/div>\n\t\t\t\t<\/div>\n\t\t\t\t\t<\/div>\n\t\t\t\t<\/div>\n\t\t\t\t<\/div>","protected":false},"excerpt":{"rendered":"<p>Tre\u015bci\u0105 obrazu jest Historia Ognia (Warlu) i motywy zwi\u0105zane z t\u0105 tradycj\u0105. Podczas mitycznego Czasu Stwarzania Przodkowie \u2013 Japaljarri i Jungurrayi\u00a0\u2013 przemierzyli w d\u0142ugiej w\u0119dr\u00f3wce ca\u0142\u0105 krain\u0119 szczepu Warlipiri i stworzyli\u00a0wiele obiekt\u00f3w geograficznych, takich jak \u017ar\u00f3d\u0142a wody (waterholes) i ska\u0142y.\u00a0Nast\u0119pnie wzniecali ma\u0142e ogniska, by podpali\u0107 busz i nauczyli ludzi, jak i po\u00a0co to robi\u0107. Po [&hellip;]<\/p>\n","protected":false},"featured_media":4939,"comment_status":"open","ping_status":"closed","template":"","meta":{"_acf_changed":false},"product_brand":[],"product_cat":[79,74],"product_tag":[],"class_list":{"0":"post-4969","1":"product","2":"type-product","3":"status-publish","4":"has-post-thumbnail","6":"product_cat-in-stock","7":"product_cat-paddy-sims-japaljarri","9":"first","10":"instock","11":"shipping-taxable","12":"purchasable","13":"product-type-simple"},"acf":[],"yoast_head":"<!-- This site is optimized with the Yoast SEO plugin v27.3 - https:\/\/yoast.com\/product\/yoast-seo-wordpress\/ -->\n<title>Paddy Sims Japaljarri - Warlu Jukurpa (Fire Dreaming) - Aboriginal Australia<\/title>\n<meta name=\"robots\" content=\"index, follow, max-snippet:-1, max-image-preview:large, max-video-preview:-1\" \/>\n<link rel=\"canonical\" href=\"https:\/\/aboriginal-australia.art\/en\/p\/warlu-jukurpa-fire-dreaming\/\" \/>\n<meta property=\"og:locale\" content=\"en_US\" \/>\n<meta property=\"og:type\" content=\"article\" \/>\n<meta property=\"og:title\" content=\"Paddy Sims Japaljarri - Warlu Jukurpa (Fire Dreaming) - Aboriginal Australia\" \/>\n<meta property=\"og:description\" content=\"Tre\u015bci\u0105 obrazu jest Historia Ognia (Warlu) i motywy zwi\u0105zane z t\u0105 tradycj\u0105. Podczas mitycznego Czasu Stwarzania Przodkowie \u2013 Japaljarri i Jungurrayi\u00a0\u2013 przemierzyli w d\u0142ugiej w\u0119dr\u00f3wce ca\u0142\u0105 krain\u0119 szczepu Warlipiri i stworzyli\u00a0wiele obiekt\u00f3w geograficznych, takich jak \u017ar\u00f3d\u0142a wody (waterholes) i ska\u0142y.\u00a0Nast\u0119pnie wzniecali ma\u0142e ogniska, by podpali\u0107 busz i nauczyli ludzi, jak i po\u00a0co to robi\u0107. Po [&hellip;]\" \/>\n<meta property=\"og:url\" content=\"https:\/\/aboriginal-australia.art\/en\/p\/warlu-jukurpa-fire-dreaming\/\" \/>\n<meta property=\"og:site_name\" content=\"Aboriginal Australia\" \/>\n<meta property=\"article:modified_time\" content=\"2026-01-19T17:58:25+00:00\" \/>\n<meta property=\"og:image\" content=\"https:\/\/aboriginal-australia.art\/wp-content\/uploads\/2023\/12\/Paddy-Sims-Japaljarri-PSJ-241209-63-x-92-cm.jpg\" \/>\n\t<meta property=\"og:image:width\" content=\"2048\" \/>\n\t<meta property=\"og:image:height\" content=\"1394\" \/>\n\t<meta property=\"og:image:type\" content=\"image\/jpeg\" \/>\n<script type=\"application\/ld+json\" class=\"yoast-schema-graph\">{\"@context\":\"https:\\\/\\\/schema.org\",\"@graph\":[{\"@type\":\"WebPage\",\"@id\":\"https:\\\/\\\/aboriginal-australia.art\\\/p\\\/warlu-jukurpa-fire-dreaming\\\/\",\"url\":\"https:\\\/\\\/aboriginal-australia.art\\\/p\\\/warlu-jukurpa-fire-dreaming\\\/\",\"name\":\"Paddy Sims Japaljarri - Warlu Jukurpa (Fire Dreaming) - Aboriginal Australia\",\"isPartOf\":{\"@id\":\"https:\\\/\\\/aboriginal-australia.art\\\/#website\"},\"primaryImageOfPage\":{\"@id\":\"https:\\\/\\\/aboriginal-australia.art\\\/p\\\/warlu-jukurpa-fire-dreaming\\\/#primaryimage\"},\"image\":{\"@id\":\"https:\\\/\\\/aboriginal-australia.art\\\/p\\\/warlu-jukurpa-fire-dreaming\\\/#primaryimage\"},\"thumbnailUrl\":\"https:\\\/\\\/aboriginal-australia.art\\\/wp-content\\\/uploads\\\/2023\\\/12\\\/Paddy-Sims-Japaljarri-PSJ-241209-63-x-92-cm.jpg\",\"datePublished\":\"2023-12-03T08:26:29+00:00\",\"dateModified\":\"2026-01-19T17:58:25+00:00\",\"breadcrumb\":{\"@id\":\"https:\\\/\\\/aboriginal-australia.art\\\/p\\\/warlu-jukurpa-fire-dreaming\\\/#breadcrumb\"},\"inLanguage\":\"en-US\",\"potentialAction\":[{\"@type\":\"ReadAction\",\"target\":[\"https:\\\/\\\/aboriginal-australia.art\\\/p\\\/warlu-jukurpa-fire-dreaming\\\/\"]}]},{\"@type\":\"ImageObject\",\"inLanguage\":\"en-US\",\"@id\":\"https:\\\/\\\/aboriginal-australia.art\\\/p\\\/warlu-jukurpa-fire-dreaming\\\/#primaryimage\",\"url\":\"https:\\\/\\\/aboriginal-australia.art\\\/wp-content\\\/uploads\\\/2023\\\/12\\\/Paddy-Sims-Japaljarri-PSJ-241209-63-x-92-cm.jpg\",\"contentUrl\":\"https:\\\/\\\/aboriginal-australia.art\\\/wp-content\\\/uploads\\\/2023\\\/12\\\/Paddy-Sims-Japaljarri-PSJ-241209-63-x-92-cm.jpg\",\"width\":2048,\"height\":1394,\"caption\":\"Paddy Sims Japaljarri \u2013 MALA ART GALLERY\"},{\"@type\":\"BreadcrumbList\",\"@id\":\"https:\\\/\\\/aboriginal-australia.art\\\/p\\\/warlu-jukurpa-fire-dreaming\\\/#breadcrumb\",\"itemListElement\":[{\"@type\":\"ListItem\",\"position\":1,\"name\":\"Strona g\u0142\u00f3wna\",\"item\":\"https:\\\/\\\/aboriginal-australia.art\\\/\"},{\"@type\":\"ListItem\",\"position\":2,\"name\":\"Products\",\"item\":\"https:\\\/\\\/aboriginal-australia.art\\\/en\\\/shop\\\/\"},{\"@type\":\"ListItem\",\"position\":3,\"name\":\"Paddy Sims Japaljarri &#8211; Warlu Jukurpa (Fire Dreaming)\"}]},{\"@type\":\"WebSite\",\"@id\":\"https:\\\/\\\/aboriginal-australia.art\\\/#website\",\"url\":\"https:\\\/\\\/aboriginal-australia.art\\\/\",\"name\":\"Aboriginal Australia\",\"description\":\"\",\"potentialAction\":[{\"@type\":\"SearchAction\",\"target\":{\"@type\":\"EntryPoint\",\"urlTemplate\":\"https:\\\/\\\/aboriginal-australia.art\\\/?s={search_term_string}\"},\"query-input\":{\"@type\":\"PropertyValueSpecification\",\"valueRequired\":true,\"valueName\":\"search_term_string\"}}],\"inLanguage\":\"en-US\"}]}<\/script>\n<!-- \/ Yoast SEO plugin. -->","yoast_head_json":{"title":"Paddy Sims Japaljarri - Warlu Jukurpa (Fire Dreaming) - Aboriginal Australia","robots":{"index":"index","follow":"follow","max-snippet":"max-snippet:-1","max-image-preview":"max-image-preview:large","max-video-preview":"max-video-preview:-1"},"canonical":"https:\/\/aboriginal-australia.art\/en\/p\/warlu-jukurpa-fire-dreaming\/","og_locale":"en_US","og_type":"article","og_title":"Paddy Sims Japaljarri - Warlu Jukurpa (Fire Dreaming) - Aboriginal Australia","og_description":"Tre\u015bci\u0105 obrazu jest Historia Ognia (Warlu) i motywy zwi\u0105zane z t\u0105 tradycj\u0105. Podczas mitycznego Czasu Stwarzania Przodkowie \u2013 Japaljarri i Jungurrayi\u00a0\u2013 przemierzyli w d\u0142ugiej w\u0119dr\u00f3wce ca\u0142\u0105 krain\u0119 szczepu Warlipiri i stworzyli\u00a0wiele obiekt\u00f3w geograficznych, takich jak \u017ar\u00f3d\u0142a wody (waterholes) i ska\u0142y.\u00a0Nast\u0119pnie wzniecali ma\u0142e ogniska, by podpali\u0107 busz i nauczyli ludzi, jak i po\u00a0co to robi\u0107. Po [&hellip;]","og_url":"https:\/\/aboriginal-australia.art\/en\/p\/warlu-jukurpa-fire-dreaming\/","og_site_name":"Aboriginal Australia","article_modified_time":"2026-01-19T17:58:25+00:00","og_image":[{"width":2048,"height":1394,"url":"https:\/\/aboriginal-australia.art\/wp-content\/uploads\/2023\/12\/Paddy-Sims-Japaljarri-PSJ-241209-63-x-92-cm.jpg","type":"image\/jpeg"}],"schema":{"@context":"https:\/\/schema.org","@graph":[{"@type":"WebPage","@id":"https:\/\/aboriginal-australia.art\/p\/warlu-jukurpa-fire-dreaming\/","url":"https:\/\/aboriginal-australia.art\/p\/warlu-jukurpa-fire-dreaming\/","name":"Paddy Sims Japaljarri - Warlu Jukurpa (Fire Dreaming) - Aboriginal Australia","isPartOf":{"@id":"https:\/\/aboriginal-australia.art\/#website"},"primaryImageOfPage":{"@id":"https:\/\/aboriginal-australia.art\/p\/warlu-jukurpa-fire-dreaming\/#primaryimage"},"image":{"@id":"https:\/\/aboriginal-australia.art\/p\/warlu-jukurpa-fire-dreaming\/#primaryimage"},"thumbnailUrl":"https:\/\/aboriginal-australia.art\/wp-content\/uploads\/2023\/12\/Paddy-Sims-Japaljarri-PSJ-241209-63-x-92-cm.jpg","datePublished":"2023-12-03T08:26:29+00:00","dateModified":"2026-01-19T17:58:25+00:00","breadcrumb":{"@id":"https:\/\/aboriginal-australia.art\/p\/warlu-jukurpa-fire-dreaming\/#breadcrumb"},"inLanguage":"en-US","potentialAction":[{"@type":"ReadAction","target":["https:\/\/aboriginal-australia.art\/p\/warlu-jukurpa-fire-dreaming\/"]}]},{"@type":"ImageObject","inLanguage":"en-US","@id":"https:\/\/aboriginal-australia.art\/p\/warlu-jukurpa-fire-dreaming\/#primaryimage","url":"https:\/\/aboriginal-australia.art\/wp-content\/uploads\/2023\/12\/Paddy-Sims-Japaljarri-PSJ-241209-63-x-92-cm.jpg","contentUrl":"https:\/\/aboriginal-australia.art\/wp-content\/uploads\/2023\/12\/Paddy-Sims-Japaljarri-PSJ-241209-63-x-92-cm.jpg","width":2048,"height":1394,"caption":"Paddy Sims Japaljarri \u2013 MALA ART GALLERY"},{"@type":"BreadcrumbList","@id":"https:\/\/aboriginal-australia.art\/p\/warlu-jukurpa-fire-dreaming\/#breadcrumb","itemListElement":[{"@type":"ListItem","position":1,"name":"Strona g\u0142\u00f3wna","item":"https:\/\/aboriginal-australia.art\/"},{"@type":"ListItem","position":2,"name":"Products","item":"https:\/\/aboriginal-australia.art\/en\/shop\/"},{"@type":"ListItem","position":3,"name":"Paddy Sims Japaljarri &#8211; Warlu Jukurpa (Fire Dreaming)"}]},{"@type":"WebSite","@id":"https:\/\/aboriginal-australia.art\/#website","url":"https:\/\/aboriginal-australia.art\/","name":"Aboriginal Australia","description":"","potentialAction":[{"@type":"SearchAction","target":{"@type":"EntryPoint","urlTemplate":"https:\/\/aboriginal-australia.art\/?s={search_term_string}"},"query-input":{"@type":"PropertyValueSpecification","valueRequired":true,"valueName":"search_term_string"}}],"inLanguage":"en-US"}]}},"_links":{"self":[{"href":"https:\/\/aboriginal-australia.art\/en\/wp-json\/wp\/v2\/product\/4969","targetHints":{"allow":["GET"]}}],"collection":[{"href":"https:\/\/aboriginal-australia.art\/en\/wp-json\/wp\/v2\/product"}],"about":[{"href":"https:\/\/aboriginal-australia.art\/en\/wp-json\/wp\/v2\/types\/product"}],"replies":[{"embeddable":true,"href":"https:\/\/aboriginal-australia.art\/en\/wp-json\/wp\/v2\/comments?post=4969"}],"version-history":[{"count":17,"href":"https:\/\/aboriginal-australia.art\/en\/wp-json\/wp\/v2\/product\/4969\/revisions"}],"predecessor-version":[{"id":7902,"href":"https:\/\/aboriginal-australia.art\/en\/wp-json\/wp\/v2\/product\/4969\/revisions\/7902"}],"wp:featuredmedia":[{"embeddable":true,"href":"https:\/\/aboriginal-australia.art\/en\/wp-json\/wp\/v2\/media\/4939"}],"wp:attachment":[{"href":"https:\/\/aboriginal-australia.art\/en\/wp-json\/wp\/v2\/media?parent=4969"}],"wp:term":[{"taxonomy":"product_brand","embeddable":true,"href":"https:\/\/aboriginal-australia.art\/en\/wp-json\/wp\/v2\/product_brand?post=4969"},{"taxonomy":"product_cat","embeddable":true,"href":"https:\/\/aboriginal-australia.art\/en\/wp-json\/wp\/v2\/product_cat?post=4969"},{"taxonomy":"product_tag","embeddable":true,"href":"https:\/\/aboriginal-australia.art\/en\/wp-json\/wp\/v2\/product_tag?post=4969"}],"curies":[{"name":"wp","href":"https:\/\/api.w.org\/{rel}","templated":true}]}}