{"id":4966,"date":"2023-12-03T09:02:06","date_gmt":"2023-12-03T08:02:06","guid":{"rendered":"https:\/\/aboriginal-australia.art.semfactory.cfolks.pl\/?post_type=product&#038;p=4966"},"modified":"2026-01-19T19:01:11","modified_gmt":"2026-01-19T18:01:11","slug":"bush-plum-5","status":"publish","type":"product","link":"https:\/\/aboriginal-australia.art\/en\/p\/bush-plum-5\/","title":{"rendered":"Polly Kngale &#8211; Bush Plum"},"content":{"rendered":"<div data-elementor-type=\"wp-post\" data-elementor-id=\"4966\" class=\"elementor elementor-4966\" data-elementor-post-type=\"product\">\n\t\t\t\t<div class=\"elementor-element elementor-element-49491b4 e-flex e-con-boxed e-con e-parent\" data-id=\"49491b4\" data-element_type=\"container\" data-e-type=\"container\">\n\t\t\t\t\t<div class=\"e-con-inner\">\n\t\t\t\t<div class=\"elementor-element elementor-element-c2132b6 elementor-widget elementor-widget-text-editor\" data-id=\"c2132b6\" data-element_type=\"widget\" data-e-type=\"widget\" data-widget_type=\"text-editor.default\">\n\t\t\t\t<div class=\"elementor-widget-container\">\n\t\t\t\t\t\t\t\t\t<p class=\" translation-block\">The subject of the painting is Dreaming of the Wild Plum and the land of Antangker - Polly Knagle's country located in the Utopia region, approximately 250 km north-east of Alice Springs. Bush plums (fruits of Santalum lanceolatum, a true sandalwood), black and small, are very nutritious and rich in vitamin C. They are important for the Alyawarre women who, together with their children, also collect bush onions (yalka) in the summer and observe ceremonies. They then paint symbols of Amweketa (bush plum) on their bodies, sing and dance.<\/p>\n<p class=\" translation-block\">Polly Kngale (1940 - 2020) was one of the senior custodians of this Dreaming. To present this story, she used her characteristic technique: she dipped her brush in paints of different colours, mixing them on the canvas. The land is presented from a bird's eye view, and the painting also shows the changes of a bush plum plant depending on the seasons at different stages of growth.<\/p>\n<p class=\" translation-block\">Polly Kngale's style is impressionistic and lyrical. The artist speaks a little English and signs her paintings with a cross. Her works are included in Australian and international collections.<\/p>\t\t\t\t\t\t\t\t<\/div>\n\t\t\t\t<\/div>\n\t\t\t\t\t<\/div>\n\t\t\t\t<\/div>\n\t\t\t\t<\/div>","protected":false},"excerpt":{"rendered":"<p>Tre\u015bci\u0105 obrazu jest Historia Dzikiej \u015aliwki oraz kraina Antangker \u2013 rodzinna okolica Polly&nbsp;Kngale&nbsp;po\u0142o\u017cona w regionie Utopia, oko\u0142o 250 km na p\u00f3\u0142nocny wsch\u00f3d&nbsp;od Alice Springs. Dzikie \u015bliwki, czarne i ma\u0142e, s\u0105 bardzo po\u017cywne i bogate w witamin\u0119 C. Maj\u0105 wa\u017cne&nbsp;znaczenie dla kobiet ze szczepu Alyawarre, kt\u00f3re wraz z dzie\u0107mi w okresie letnim zbieraj\u0105 r\u00f3wnie\u017c inne owoce [&hellip;]<\/p>\n","protected":false},"featured_media":4941,"comment_status":"open","ping_status":"closed","template":"","meta":{"_acf_changed":false},"product_brand":[],"product_cat":[79,75],"product_tag":[],"class_list":{"0":"post-4966","1":"product","2":"type-product","3":"status-publish","4":"has-post-thumbnail","6":"product_cat-in-stock","7":"product_cat-polly-kngale","9":"first","10":"instock","11":"shipping-taxable","12":"purchasable","13":"product-type-simple"},"acf":[],"yoast_head":"<!-- This site is optimized with the Yoast SEO plugin v27.3 - https:\/\/yoast.com\/product\/yoast-seo-wordpress\/ -->\n<title>Polly Kngale - Bush Plum - Aboriginal Australia<\/title>\n<meta name=\"robots\" content=\"index, follow, max-snippet:-1, max-image-preview:large, max-video-preview:-1\" \/>\n<link rel=\"canonical\" href=\"https:\/\/aboriginal-australia.art\/en\/p\/bush-plum-5\/\" \/>\n<meta property=\"og:locale\" content=\"en_US\" \/>\n<meta property=\"og:type\" content=\"article\" \/>\n<meta property=\"og:title\" content=\"Polly Kngale - Bush Plum - Aboriginal Australia\" \/>\n<meta property=\"og:description\" content=\"Tre\u015bci\u0105 obrazu jest Historia Dzikiej \u015aliwki oraz kraina Antangker \u2013 rodzinna okolica Polly&nbsp;Kngale&nbsp;po\u0142o\u017cona w regionie Utopia, oko\u0142o 250 km na p\u00f3\u0142nocny wsch\u00f3d&nbsp;od Alice Springs. Dzikie \u015bliwki, czarne i ma\u0142e, s\u0105 bardzo po\u017cywne i bogate w witamin\u0119 C. Maj\u0105 wa\u017cne&nbsp;znaczenie dla kobiet ze szczepu Alyawarre, kt\u00f3re wraz z dzie\u0107mi w okresie letnim zbieraj\u0105 r\u00f3wnie\u017c inne owoce [&hellip;]\" \/>\n<meta property=\"og:url\" content=\"https:\/\/aboriginal-australia.art\/en\/p\/bush-plum-5\/\" \/>\n<meta property=\"og:site_name\" content=\"Aboriginal Australia\" \/>\n<meta property=\"article:modified_time\" content=\"2026-01-19T18:01:11+00:00\" \/>\n<meta property=\"og:image\" content=\"https:\/\/aboriginal-australia.art\/wp-content\/uploads\/2023\/12\/Poly-Knagle-PK-081209-Bush-Plum-69-x-89-cm-1024x796.jpg\" \/>\n\t<meta property=\"og:image:width\" content=\"1024\" \/>\n\t<meta property=\"og:image:height\" content=\"796\" \/>\n\t<meta property=\"og:image:type\" content=\"image\/jpeg\" \/>\n<script type=\"application\/ld+json\" class=\"yoast-schema-graph\">{\"@context\":\"https:\\\/\\\/schema.org\",\"@graph\":[{\"@type\":\"WebPage\",\"@id\":\"https:\\\/\\\/aboriginal-australia.art\\\/p\\\/bush-plum-5\\\/\",\"url\":\"https:\\\/\\\/aboriginal-australia.art\\\/p\\\/bush-plum-5\\\/\",\"name\":\"Polly Kngale - Bush Plum - Aboriginal Australia\",\"isPartOf\":{\"@id\":\"https:\\\/\\\/aboriginal-australia.art\\\/#website\"},\"primaryImageOfPage\":{\"@id\":\"https:\\\/\\\/aboriginal-australia.art\\\/p\\\/bush-plum-5\\\/#primaryimage\"},\"image\":{\"@id\":\"https:\\\/\\\/aboriginal-australia.art\\\/p\\\/bush-plum-5\\\/#primaryimage\"},\"thumbnailUrl\":\"https:\\\/\\\/aboriginal-australia.art\\\/wp-content\\\/uploads\\\/2023\\\/12\\\/Poly-Knagle-PK-081209-Bush-Plum-69-x-89-cm.jpg\",\"datePublished\":\"2023-12-03T08:02:06+00:00\",\"dateModified\":\"2026-01-19T18:01:11+00:00\",\"breadcrumb\":{\"@id\":\"https:\\\/\\\/aboriginal-australia.art\\\/p\\\/bush-plum-5\\\/#breadcrumb\"},\"inLanguage\":\"en-US\",\"potentialAction\":[{\"@type\":\"ReadAction\",\"target\":[\"https:\\\/\\\/aboriginal-australia.art\\\/p\\\/bush-plum-5\\\/\"]}]},{\"@type\":\"ImageObject\",\"inLanguage\":\"en-US\",\"@id\":\"https:\\\/\\\/aboriginal-australia.art\\\/p\\\/bush-plum-5\\\/#primaryimage\",\"url\":\"https:\\\/\\\/aboriginal-australia.art\\\/wp-content\\\/uploads\\\/2023\\\/12\\\/Poly-Knagle-PK-081209-Bush-Plum-69-x-89-cm.jpg\",\"contentUrl\":\"https:\\\/\\\/aboriginal-australia.art\\\/wp-content\\\/uploads\\\/2023\\\/12\\\/Poly-Knagle-PK-081209-Bush-Plum-69-x-89-cm.jpg\",\"width\":2048,\"height\":1592,\"caption\":\"Polly Knagle \u2013 Bush Plum \u2013 MALA ART GALLERY\"},{\"@type\":\"BreadcrumbList\",\"@id\":\"https:\\\/\\\/aboriginal-australia.art\\\/p\\\/bush-plum-5\\\/#breadcrumb\",\"itemListElement\":[{\"@type\":\"ListItem\",\"position\":1,\"name\":\"Strona g\u0142\u00f3wna\",\"item\":\"https:\\\/\\\/aboriginal-australia.art\\\/\"},{\"@type\":\"ListItem\",\"position\":2,\"name\":\"Products\",\"item\":\"https:\\\/\\\/aboriginal-australia.art\\\/en\\\/shop\\\/\"},{\"@type\":\"ListItem\",\"position\":3,\"name\":\"Polly Kngale &#8211; Bush Plum\"}]},{\"@type\":\"WebSite\",\"@id\":\"https:\\\/\\\/aboriginal-australia.art\\\/#website\",\"url\":\"https:\\\/\\\/aboriginal-australia.art\\\/\",\"name\":\"Aboriginal Australia\",\"description\":\"\",\"potentialAction\":[{\"@type\":\"SearchAction\",\"target\":{\"@type\":\"EntryPoint\",\"urlTemplate\":\"https:\\\/\\\/aboriginal-australia.art\\\/?s={search_term_string}\"},\"query-input\":{\"@type\":\"PropertyValueSpecification\",\"valueRequired\":true,\"valueName\":\"search_term_string\"}}],\"inLanguage\":\"en-US\"}]}<\/script>\n<!-- \/ Yoast SEO plugin. -->","yoast_head_json":{"title":"Polly Kngale - Bush Plum - Aboriginal Australia","robots":{"index":"index","follow":"follow","max-snippet":"max-snippet:-1","max-image-preview":"max-image-preview:large","max-video-preview":"max-video-preview:-1"},"canonical":"https:\/\/aboriginal-australia.art\/en\/p\/bush-plum-5\/","og_locale":"en_US","og_type":"article","og_title":"Polly Kngale - Bush Plum - Aboriginal Australia","og_description":"Tre\u015bci\u0105 obrazu jest Historia Dzikiej \u015aliwki oraz kraina Antangker \u2013 rodzinna okolica Polly&nbsp;Kngale&nbsp;po\u0142o\u017cona w regionie Utopia, oko\u0142o 250 km na p\u00f3\u0142nocny wsch\u00f3d&nbsp;od Alice Springs. Dzikie \u015bliwki, czarne i ma\u0142e, s\u0105 bardzo po\u017cywne i bogate w witamin\u0119 C. Maj\u0105 wa\u017cne&nbsp;znaczenie dla kobiet ze szczepu Alyawarre, kt\u00f3re wraz z dzie\u0107mi w okresie letnim zbieraj\u0105 r\u00f3wnie\u017c inne owoce [&hellip;]","og_url":"https:\/\/aboriginal-australia.art\/en\/p\/bush-plum-5\/","og_site_name":"Aboriginal Australia","article_modified_time":"2026-01-19T18:01:11+00:00","og_image":[{"width":1024,"height":796,"url":"https:\/\/aboriginal-australia.art\/wp-content\/uploads\/2023\/12\/Poly-Knagle-PK-081209-Bush-Plum-69-x-89-cm-1024x796.jpg","type":"image\/jpeg"}],"schema":{"@context":"https:\/\/schema.org","@graph":[{"@type":"WebPage","@id":"https:\/\/aboriginal-australia.art\/p\/bush-plum-5\/","url":"https:\/\/aboriginal-australia.art\/p\/bush-plum-5\/","name":"Polly Kngale - Bush Plum - Aboriginal Australia","isPartOf":{"@id":"https:\/\/aboriginal-australia.art\/#website"},"primaryImageOfPage":{"@id":"https:\/\/aboriginal-australia.art\/p\/bush-plum-5\/#primaryimage"},"image":{"@id":"https:\/\/aboriginal-australia.art\/p\/bush-plum-5\/#primaryimage"},"thumbnailUrl":"https:\/\/aboriginal-australia.art\/wp-content\/uploads\/2023\/12\/Poly-Knagle-PK-081209-Bush-Plum-69-x-89-cm.jpg","datePublished":"2023-12-03T08:02:06+00:00","dateModified":"2026-01-19T18:01:11+00:00","breadcrumb":{"@id":"https:\/\/aboriginal-australia.art\/p\/bush-plum-5\/#breadcrumb"},"inLanguage":"en-US","potentialAction":[{"@type":"ReadAction","target":["https:\/\/aboriginal-australia.art\/p\/bush-plum-5\/"]}]},{"@type":"ImageObject","inLanguage":"en-US","@id":"https:\/\/aboriginal-australia.art\/p\/bush-plum-5\/#primaryimage","url":"https:\/\/aboriginal-australia.art\/wp-content\/uploads\/2023\/12\/Poly-Knagle-PK-081209-Bush-Plum-69-x-89-cm.jpg","contentUrl":"https:\/\/aboriginal-australia.art\/wp-content\/uploads\/2023\/12\/Poly-Knagle-PK-081209-Bush-Plum-69-x-89-cm.jpg","width":2048,"height":1592,"caption":"Polly Knagle \u2013 Bush Plum \u2013 MALA ART GALLERY"},{"@type":"BreadcrumbList","@id":"https:\/\/aboriginal-australia.art\/p\/bush-plum-5\/#breadcrumb","itemListElement":[{"@type":"ListItem","position":1,"name":"Strona g\u0142\u00f3wna","item":"https:\/\/aboriginal-australia.art\/"},{"@type":"ListItem","position":2,"name":"Products","item":"https:\/\/aboriginal-australia.art\/en\/shop\/"},{"@type":"ListItem","position":3,"name":"Polly Kngale &#8211; Bush Plum"}]},{"@type":"WebSite","@id":"https:\/\/aboriginal-australia.art\/#website","url":"https:\/\/aboriginal-australia.art\/","name":"Aboriginal Australia","description":"","potentialAction":[{"@type":"SearchAction","target":{"@type":"EntryPoint","urlTemplate":"https:\/\/aboriginal-australia.art\/?s={search_term_string}"},"query-input":{"@type":"PropertyValueSpecification","valueRequired":true,"valueName":"search_term_string"}}],"inLanguage":"en-US"}]}},"_links":{"self":[{"href":"https:\/\/aboriginal-australia.art\/en\/wp-json\/wp\/v2\/product\/4966","targetHints":{"allow":["GET"]}}],"collection":[{"href":"https:\/\/aboriginal-australia.art\/en\/wp-json\/wp\/v2\/product"}],"about":[{"href":"https:\/\/aboriginal-australia.art\/en\/wp-json\/wp\/v2\/types\/product"}],"replies":[{"embeddable":true,"href":"https:\/\/aboriginal-australia.art\/en\/wp-json\/wp\/v2\/comments?post=4966"}],"version-history":[{"count":15,"href":"https:\/\/aboriginal-australia.art\/en\/wp-json\/wp\/v2\/product\/4966\/revisions"}],"predecessor-version":[{"id":7903,"href":"https:\/\/aboriginal-australia.art\/en\/wp-json\/wp\/v2\/product\/4966\/revisions\/7903"}],"wp:featuredmedia":[{"embeddable":true,"href":"https:\/\/aboriginal-australia.art\/en\/wp-json\/wp\/v2\/media\/4941"}],"wp:attachment":[{"href":"https:\/\/aboriginal-australia.art\/en\/wp-json\/wp\/v2\/media?parent=4966"}],"wp:term":[{"taxonomy":"product_brand","embeddable":true,"href":"https:\/\/aboriginal-australia.art\/en\/wp-json\/wp\/v2\/product_brand?post=4966"},{"taxonomy":"product_cat","embeddable":true,"href":"https:\/\/aboriginal-australia.art\/en\/wp-json\/wp\/v2\/product_cat?post=4966"},{"taxonomy":"product_tag","embeddable":true,"href":"https:\/\/aboriginal-australia.art\/en\/wp-json\/wp\/v2\/product_tag?post=4966"}],"curies":[{"name":"wp","href":"https:\/\/api.w.org\/{rel}","templated":true}]}}