{"id":4963,"date":"2023-12-03T09:00:15","date_gmt":"2023-12-03T08:00:15","guid":{"rendered":"https:\/\/aboriginal-australia.art.semfactory.cfolks.pl\/?post_type=product&#038;p=4963"},"modified":"2026-01-19T19:21:23","modified_gmt":"2026-01-19T18:21:23","slug":"bush-yam-leaves-2","status":"publish","type":"product","link":"https:\/\/aboriginal-australia.art\/en\/p\/bush-yam-leaves-2\/","title":{"rendered":"Rosmary Petyarre &#8211; Bush Yam Leaves"},"content":{"rendered":"<div data-elementor-type=\"wp-post\" data-elementor-id=\"4963\" class=\"elementor elementor-4963\" data-elementor-post-type=\"product\">\n\t\t\t\t<div class=\"elementor-element elementor-element-5fea3f4 e-flex e-con-boxed e-con e-parent\" data-id=\"5fea3f4\" data-element_type=\"container\" data-e-type=\"container\">\n\t\t\t\t\t<div class=\"e-con-inner\">\n\t\t\t\t<div class=\"elementor-element elementor-element-84844f5 elementor-widget elementor-widget-text-editor\" data-id=\"84844f5\" data-element_type=\"widget\" data-e-type=\"widget\" data-widget_type=\"text-editor.default\">\n\t\t\t\t<div class=\"elementor-widget-container\">\n\t\t\t\t\t\t\t\t\t<p class=\" translation-block\">This painting depicts the themes of the Dreaming of the Wild Potato Yam, which are referenced in women's rites in the Utopia region, approximately 250 km north-east of Alice Springs. During these ceremonies, women paint their bodies with ochre and the ash of spinifex mixed with kangaroo or emu fat. They celebrate by singing and dancing to acknowledge the fertility of the earth. Underground tubers of bush potatoes (Dioscorea bulbifera), a variety of yam, are a permanent component of the food of Aborigines in the Utopia region. The leaf-like patterns shown in this image represent the above-ground part of the plant, its flowers and leaves.<\/p><p class=\" translation-block\">Rosemary Petyarre's style is distinctive in the way she uses vivid colours. Her paintings are distinguished by their linear brushstrokes and evoke the rhythmic movement of yam leaves creating an optical illusion. The artist, born in 1961, expresses herself with a multiplicity of shadings and colours and is familiar with batik techniques.<\/p><p>She is an Aboriginal Elder and her work is included in Australian and international collections.<\/p>\t\t\t\t\t\t\t\t<\/div>\n\t\t\t\t<\/div>\n\t\t\t\t\t<\/div>\n\t\t\t\t<\/div>\n\t\t\t\t<\/div>","protected":false},"excerpt":{"rendered":"<p>Obraz ten przedstawia w\u0105tki Historii Dzikiego Ziemniaka\u00a0Yam, do kt\u00f3rych odnosz\u0105 si\u0119 obrz\u0119dy kobiet w regionie\u00a0Utopia, oko\u0142o 250 km na p\u00f3\u0142nocny wsch\u00f3d od Alice\u00a0Springs. Podczas tych ceremonii kobiety maluj\u0105 swoje\u00a0cia\u0142a ochr\u0105 i popio\u0142em traw spinifex zmieszanym z t\u0142uszczem kangura lub emu. \u015awi\u0119tuj\u0105, \u015bpiewaj\u0105c i ta\u0144cz\u0105c, by potwierdzi\u0107 p\u0142odno\u015b\u0107 ziemi. Podziemne bulwy dzikiego ziemniaka Yam (\u0142ac. dioscorea [&hellip;]<\/p>\n","protected":false},"featured_media":4283,"comment_status":"open","ping_status":"closed","template":"","meta":{"_acf_changed":false},"product_brand":[],"product_cat":[79,77],"product_tag":[],"class_list":{"0":"post-4963","1":"product","2":"type-product","3":"status-publish","4":"has-post-thumbnail","6":"product_cat-in-stock","7":"product_cat-rosmary-petyarre","9":"first","10":"outofstock","11":"shipping-taxable","12":"purchasable","13":"product-type-simple"},"acf":[],"yoast_head":"<!-- This site is optimized with the Yoast SEO plugin v27.5 - https:\/\/yoast.com\/product\/yoast-seo-wordpress\/ -->\n<title>Rosmary Petyarre - Bush Yam Leaves - Aboriginal Australia<\/title>\n<meta name=\"robots\" content=\"index, follow, max-snippet:-1, max-image-preview:large, max-video-preview:-1\" \/>\n<link rel=\"canonical\" href=\"https:\/\/aboriginal-australia.art\/en\/p\/bush-yam-leaves-2\/\" \/>\n<meta property=\"og:locale\" content=\"en_US\" \/>\n<meta property=\"og:type\" content=\"article\" \/>\n<meta property=\"og:title\" content=\"Rosmary Petyarre - Bush Yam Leaves - Aboriginal Australia\" \/>\n<meta property=\"og:description\" content=\"Obraz ten przedstawia w\u0105tki Historii Dzikiego Ziemniaka\u00a0Yam, do kt\u00f3rych odnosz\u0105 si\u0119 obrz\u0119dy kobiet w regionie\u00a0Utopia, oko\u0142o 250 km na p\u00f3\u0142nocny wsch\u00f3d od Alice\u00a0Springs. Podczas tych ceremonii kobiety maluj\u0105 swoje\u00a0cia\u0142a ochr\u0105 i popio\u0142em traw spinifex zmieszanym z t\u0142uszczem kangura lub emu. \u015awi\u0119tuj\u0105, \u015bpiewaj\u0105c i ta\u0144cz\u0105c, by potwierdzi\u0107 p\u0142odno\u015b\u0107 ziemi. Podziemne bulwy dzikiego ziemniaka Yam (\u0142ac. dioscorea [&hellip;]\" \/>\n<meta property=\"og:url\" content=\"https:\/\/aboriginal-australia.art\/en\/p\/bush-yam-leaves-2\/\" \/>\n<meta property=\"og:site_name\" content=\"Aboriginal Australia\" \/>\n<meta property=\"article:modified_time\" content=\"2026-01-19T18:21:23+00:00\" \/>\n<meta property=\"og:image\" content=\"https:\/\/aboriginal-australia.art\/wp-content\/uploads\/2023\/11\/Rosemary-Petarre-Bush-Yam-Leaves-CERTYFIKAT-dr-Drozdz.jpg\" \/>\n\t<meta property=\"og:image:width\" content=\"2048\" \/>\n\t<meta property=\"og:image:height\" content=\"821\" \/>\n\t<meta property=\"og:image:type\" content=\"image\/jpeg\" \/>\n<script type=\"application\/ld+json\" class=\"yoast-schema-graph\">{\"@context\":\"https:\\\/\\\/schema.org\",\"@graph\":[{\"@type\":\"WebPage\",\"@id\":\"https:\\\/\\\/aboriginal-australia.art\\\/p\\\/bush-yam-leaves-2\\\/\",\"url\":\"https:\\\/\\\/aboriginal-australia.art\\\/p\\\/bush-yam-leaves-2\\\/\",\"name\":\"Rosmary Petyarre - Bush Yam Leaves - Aboriginal Australia\",\"isPartOf\":{\"@id\":\"https:\\\/\\\/aboriginal-australia.art\\\/#website\"},\"primaryImageOfPage\":{\"@id\":\"https:\\\/\\\/aboriginal-australia.art\\\/p\\\/bush-yam-leaves-2\\\/#primaryimage\"},\"image\":{\"@id\":\"https:\\\/\\\/aboriginal-australia.art\\\/p\\\/bush-yam-leaves-2\\\/#primaryimage\"},\"thumbnailUrl\":\"https:\\\/\\\/aboriginal-australia.art\\\/wp-content\\\/uploads\\\/2023\\\/11\\\/Rosemary-Petarre-Bush-Yam-Leaves-CERTYFIKAT-dr-Drozdz.jpg\",\"datePublished\":\"2023-12-03T08:00:15+00:00\",\"dateModified\":\"2026-01-19T18:21:23+00:00\",\"breadcrumb\":{\"@id\":\"https:\\\/\\\/aboriginal-australia.art\\\/p\\\/bush-yam-leaves-2\\\/#breadcrumb\"},\"inLanguage\":\"en-US\",\"potentialAction\":[{\"@type\":\"ReadAction\",\"target\":[\"https:\\\/\\\/aboriginal-australia.art\\\/p\\\/bush-yam-leaves-2\\\/\"]}]},{\"@type\":\"ImageObject\",\"inLanguage\":\"en-US\",\"@id\":\"https:\\\/\\\/aboriginal-australia.art\\\/p\\\/bush-yam-leaves-2\\\/#primaryimage\",\"url\":\"https:\\\/\\\/aboriginal-australia.art\\\/wp-content\\\/uploads\\\/2023\\\/11\\\/Rosemary-Petarre-Bush-Yam-Leaves-CERTYFIKAT-dr-Drozdz.jpg\",\"contentUrl\":\"https:\\\/\\\/aboriginal-australia.art\\\/wp-content\\\/uploads\\\/2023\\\/11\\\/Rosemary-Petarre-Bush-Yam-Leaves-CERTYFIKAT-dr-Drozdz.jpg\",\"width\":2048,\"height\":821,\"caption\":\"Rosmary Petyarre - Bush Yam Leaves - MALA ART GALLERY\"},{\"@type\":\"BreadcrumbList\",\"@id\":\"https:\\\/\\\/aboriginal-australia.art\\\/p\\\/bush-yam-leaves-2\\\/#breadcrumb\",\"itemListElement\":[{\"@type\":\"ListItem\",\"position\":1,\"name\":\"Strona g\u0142\u00f3wna\",\"item\":\"https:\\\/\\\/aboriginal-australia.art\\\/\"},{\"@type\":\"ListItem\",\"position\":2,\"name\":\"Products\",\"item\":\"https:\\\/\\\/aboriginal-australia.art\\\/en\\\/shop\\\/\"},{\"@type\":\"ListItem\",\"position\":3,\"name\":\"Rosmary Petyarre &#8211; Bush Yam Leaves\"}]},{\"@type\":\"WebSite\",\"@id\":\"https:\\\/\\\/aboriginal-australia.art\\\/#website\",\"url\":\"https:\\\/\\\/aboriginal-australia.art\\\/\",\"name\":\"Aboriginal Australia\",\"description\":\"\",\"potentialAction\":[{\"@type\":\"SearchAction\",\"target\":{\"@type\":\"EntryPoint\",\"urlTemplate\":\"https:\\\/\\\/aboriginal-australia.art\\\/?s={search_term_string}\"},\"query-input\":{\"@type\":\"PropertyValueSpecification\",\"valueRequired\":true,\"valueName\":\"search_term_string\"}}],\"inLanguage\":\"en-US\"}]}<\/script>\n<!-- \/ Yoast SEO plugin. -->","yoast_head_json":{"title":"Rosmary Petyarre - Bush Yam Leaves - Aboriginal Australia","robots":{"index":"index","follow":"follow","max-snippet":"max-snippet:-1","max-image-preview":"max-image-preview:large","max-video-preview":"max-video-preview:-1"},"canonical":"https:\/\/aboriginal-australia.art\/en\/p\/bush-yam-leaves-2\/","og_locale":"en_US","og_type":"article","og_title":"Rosmary Petyarre - Bush Yam Leaves - Aboriginal Australia","og_description":"Obraz ten przedstawia w\u0105tki Historii Dzikiego Ziemniaka\u00a0Yam, do kt\u00f3rych odnosz\u0105 si\u0119 obrz\u0119dy kobiet w regionie\u00a0Utopia, oko\u0142o 250 km na p\u00f3\u0142nocny wsch\u00f3d od Alice\u00a0Springs. Podczas tych ceremonii kobiety maluj\u0105 swoje\u00a0cia\u0142a ochr\u0105 i popio\u0142em traw spinifex zmieszanym z t\u0142uszczem kangura lub emu. \u015awi\u0119tuj\u0105, \u015bpiewaj\u0105c i ta\u0144cz\u0105c, by potwierdzi\u0107 p\u0142odno\u015b\u0107 ziemi. Podziemne bulwy dzikiego ziemniaka Yam (\u0142ac. dioscorea [&hellip;]","og_url":"https:\/\/aboriginal-australia.art\/en\/p\/bush-yam-leaves-2\/","og_site_name":"Aboriginal Australia","article_modified_time":"2026-01-19T18:21:23+00:00","og_image":[{"width":2048,"height":821,"url":"https:\/\/aboriginal-australia.art\/wp-content\/uploads\/2023\/11\/Rosemary-Petarre-Bush-Yam-Leaves-CERTYFIKAT-dr-Drozdz.jpg","type":"image\/jpeg"}],"schema":{"@context":"https:\/\/schema.org","@graph":[{"@type":"WebPage","@id":"https:\/\/aboriginal-australia.art\/p\/bush-yam-leaves-2\/","url":"https:\/\/aboriginal-australia.art\/p\/bush-yam-leaves-2\/","name":"Rosmary Petyarre - Bush Yam Leaves - Aboriginal Australia","isPartOf":{"@id":"https:\/\/aboriginal-australia.art\/#website"},"primaryImageOfPage":{"@id":"https:\/\/aboriginal-australia.art\/p\/bush-yam-leaves-2\/#primaryimage"},"image":{"@id":"https:\/\/aboriginal-australia.art\/p\/bush-yam-leaves-2\/#primaryimage"},"thumbnailUrl":"https:\/\/aboriginal-australia.art\/wp-content\/uploads\/2023\/11\/Rosemary-Petarre-Bush-Yam-Leaves-CERTYFIKAT-dr-Drozdz.jpg","datePublished":"2023-12-03T08:00:15+00:00","dateModified":"2026-01-19T18:21:23+00:00","breadcrumb":{"@id":"https:\/\/aboriginal-australia.art\/p\/bush-yam-leaves-2\/#breadcrumb"},"inLanguage":"en-US","potentialAction":[{"@type":"ReadAction","target":["https:\/\/aboriginal-australia.art\/p\/bush-yam-leaves-2\/"]}]},{"@type":"ImageObject","inLanguage":"en-US","@id":"https:\/\/aboriginal-australia.art\/p\/bush-yam-leaves-2\/#primaryimage","url":"https:\/\/aboriginal-australia.art\/wp-content\/uploads\/2023\/11\/Rosemary-Petarre-Bush-Yam-Leaves-CERTYFIKAT-dr-Drozdz.jpg","contentUrl":"https:\/\/aboriginal-australia.art\/wp-content\/uploads\/2023\/11\/Rosemary-Petarre-Bush-Yam-Leaves-CERTYFIKAT-dr-Drozdz.jpg","width":2048,"height":821,"caption":"Rosmary Petyarre - Bush Yam Leaves - MALA ART GALLERY"},{"@type":"BreadcrumbList","@id":"https:\/\/aboriginal-australia.art\/p\/bush-yam-leaves-2\/#breadcrumb","itemListElement":[{"@type":"ListItem","position":1,"name":"Strona g\u0142\u00f3wna","item":"https:\/\/aboriginal-australia.art\/"},{"@type":"ListItem","position":2,"name":"Products","item":"https:\/\/aboriginal-australia.art\/en\/shop\/"},{"@type":"ListItem","position":3,"name":"Rosmary Petyarre &#8211; Bush Yam Leaves"}]},{"@type":"WebSite","@id":"https:\/\/aboriginal-australia.art\/#website","url":"https:\/\/aboriginal-australia.art\/","name":"Aboriginal Australia","description":"","potentialAction":[{"@type":"SearchAction","target":{"@type":"EntryPoint","urlTemplate":"https:\/\/aboriginal-australia.art\/?s={search_term_string}"},"query-input":{"@type":"PropertyValueSpecification","valueRequired":true,"valueName":"search_term_string"}}],"inLanguage":"en-US"}]}},"_links":{"self":[{"href":"https:\/\/aboriginal-australia.art\/en\/wp-json\/wp\/v2\/product\/4963","targetHints":{"allow":["GET"]}}],"collection":[{"href":"https:\/\/aboriginal-australia.art\/en\/wp-json\/wp\/v2\/product"}],"about":[{"href":"https:\/\/aboriginal-australia.art\/en\/wp-json\/wp\/v2\/types\/product"}],"replies":[{"embeddable":true,"href":"https:\/\/aboriginal-australia.art\/en\/wp-json\/wp\/v2\/comments?post=4963"}],"version-history":[{"count":12,"href":"https:\/\/aboriginal-australia.art\/en\/wp-json\/wp\/v2\/product\/4963\/revisions"}],"predecessor-version":[{"id":7921,"href":"https:\/\/aboriginal-australia.art\/en\/wp-json\/wp\/v2\/product\/4963\/revisions\/7921"}],"wp:featuredmedia":[{"embeddable":true,"href":"https:\/\/aboriginal-australia.art\/en\/wp-json\/wp\/v2\/media\/4283"}],"wp:attachment":[{"href":"https:\/\/aboriginal-australia.art\/en\/wp-json\/wp\/v2\/media?parent=4963"}],"wp:term":[{"taxonomy":"product_brand","embeddable":true,"href":"https:\/\/aboriginal-australia.art\/en\/wp-json\/wp\/v2\/product_brand?post=4963"},{"taxonomy":"product_cat","embeddable":true,"href":"https:\/\/aboriginal-australia.art\/en\/wp-json\/wp\/v2\/product_cat?post=4963"},{"taxonomy":"product_tag","embeddable":true,"href":"https:\/\/aboriginal-australia.art\/en\/wp-json\/wp\/v2\/product_tag?post=4963"}],"curies":[{"name":"wp","href":"https:\/\/api.w.org\/{rel}","templated":true}]}}