{"id":4958,"date":"2023-12-03T08:55:47","date_gmt":"2023-12-03T07:55:47","guid":{"rendered":"https:\/\/aboriginal-australia.art.semfactory.cfolks.pl\/?post_type=product&#038;p=4958"},"modified":"2026-01-30T12:47:39","modified_gmt":"2026-01-30T11:47:39","slug":"tingari-cycle-4","status":"publish","type":"product","link":"https:\/\/aboriginal-australia.art\/en\/p\/tingari-cycle-4\/","title":{"rendered":"Thomas Tjapaltjarri- Cykl Tingari \/ Tingari Cycle"},"content":{"rendered":"<div data-elementor-type=\"wp-post\" data-elementor-id=\"4958\" class=\"elementor elementor-4958\" data-elementor-post-type=\"product\">\n\t\t\t\t<div class=\"elementor-element elementor-element-9c6fc35 e-flex e-con-boxed e-con e-parent\" data-id=\"9c6fc35\" data-element_type=\"container\" data-e-type=\"container\">\n\t\t\t\t\t<div class=\"e-con-inner\">\n\t\t\t\t<div class=\"elementor-element elementor-element-e5b4775 elementor-widget elementor-widget-text-editor\" data-id=\"e5b4775\" data-element_type=\"widget\" data-e-type=\"widget\" data-widget_type=\"text-editor.default\">\n\t\t\t\t<div class=\"elementor-widget-container\">\n\t\t\t\t\t\t\t\t\t<p class=\" translation-block\">The painting shows motifs related to the country around Lake Mackay (known as Wilkinkarra to the Pintupi People). During the mythical Time of Creation, a group of Tingari men wandered this country. The Tingari were Ancestral Beings who performed rituals, taught the Pintupi people about the laws, and created landforms as they traveled through the desert. They were also responsible for the initiation ceremonies of young boys at specific locations. Due to the sacred\/secret nature of the subject, the full meaning of this image cannot be revealed.<\/p><p class=\" translation-block\">Thomas Tjalpaltjarri presented this story using simple shapes built with broken lines. His palette, like many Pintupi artists, is limited to earth colours: black, white, yellow and red.<\/p><p class=\" translation-block\">The artist was born around 1964. He and his family led a traditional, nomadic lifestyle on the west side of Lake Mackay until 1984. They were \"the last nine Aboriginal nomads\" to come into contact with European civilisation.<\/p><p class=\" translation-block\">Thomas Tjalpaltjarri, like his brother Walala, is now an Aboriginal Elder respected for his traditional knowledge and artistic achievements. His works are included in Australian and international collections.<\/p>\t\t\t\t\t\t\t\t<\/div>\n\t\t\t\t<\/div>\n\t\t\t\t\t<\/div>\n\t\t\t\t<\/div>\n\t\t\t\t<\/div>","protected":false},"excerpt":{"rendered":"<p>Obraz przedstawia motywy zwi\u0105zane z okolicami s\u0142onego jeziora Mackay. W mitycznym Czasie Stwarzania grupa m\u0119\u017cczyzn\u00a0Tingari w\u0119drowa\u0142a do tego miejsca. Tingari\u00a0byli Istotami Przodk\u00f3w, kt\u00f3rzy podczas podr\u00f3\u017cy po pustyni tworzyli ukszta\u0142towanie terenu (jak w naszej Biblii), a potem odprawiali ceremonie i stworzyli zwierz\u0119ta oraz ludzi, nast\u0119pnie nadali prawa i nauczali ludy Pintupi o prawach i odprawiali rytua\u0142y.\u00a0 [&hellip;]<\/p>\n","protected":false},"featured_media":4944,"comment_status":"open","ping_status":"closed","template":"","meta":{"_acf_changed":false},"product_brand":[],"product_cat":[79,32],"product_tag":[],"class_list":{"0":"post-4958","1":"product","2":"type-product","3":"status-publish","4":"has-post-thumbnail","6":"product_cat-in-stock","7":"product_cat-thomas-tjapaltjarri","9":"first","10":"outofstock","11":"shipping-taxable","12":"purchasable","13":"product-type-simple"},"acf":[],"yoast_head":"<!-- This site is optimized with the Yoast SEO plugin v27.3 - https:\/\/yoast.com\/product\/yoast-seo-wordpress\/ -->\n<title>Thomas Tjapaltjarri- Cykl Tingari \/ Tingari Cycle - Aboriginal Australia<\/title>\n<meta name=\"robots\" content=\"index, follow, max-snippet:-1, max-image-preview:large, max-video-preview:-1\" \/>\n<link rel=\"canonical\" href=\"https:\/\/aboriginal-australia.art\/en\/p\/tingari-cycle-4\/\" \/>\n<meta property=\"og:locale\" content=\"en_US\" \/>\n<meta property=\"og:type\" content=\"article\" \/>\n<meta property=\"og:title\" content=\"Thomas Tjapaltjarri- Cykl Tingari \/ Tingari Cycle - Aboriginal Australia\" \/>\n<meta property=\"og:description\" content=\"Obraz przedstawia motywy zwi\u0105zane z okolicami s\u0142onego jeziora Mackay. W mitycznym Czasie Stwarzania grupa m\u0119\u017cczyzn\u00a0Tingari w\u0119drowa\u0142a do tego miejsca. Tingari\u00a0byli Istotami Przodk\u00f3w, kt\u00f3rzy podczas podr\u00f3\u017cy po pustyni tworzyli ukszta\u0142towanie terenu (jak w naszej Biblii), a potem odprawiali ceremonie i stworzyli zwierz\u0119ta oraz ludzi, nast\u0119pnie nadali prawa i nauczali ludy Pintupi o prawach i odprawiali rytua\u0142y.\u00a0 [&hellip;]\" \/>\n<meta property=\"og:url\" content=\"https:\/\/aboriginal-australia.art\/en\/p\/tingari-cycle-4\/\" \/>\n<meta property=\"og:site_name\" content=\"Aboriginal Australia\" \/>\n<meta property=\"article:modified_time\" content=\"2026-01-30T11:47:39+00:00\" \/>\n<meta property=\"og:image\" content=\"https:\/\/aboriginal-australia.art\/wp-content\/uploads\/2023\/12\/Thomas-Tjapaltjarri-TT-060623-Tingari-Cycle-70-x-138-cm.jpg\" \/>\n\t<meta property=\"og:image:width\" content=\"2048\" \/>\n\t<meta property=\"og:image:height\" content=\"1239\" \/>\n\t<meta property=\"og:image:type\" content=\"image\/jpeg\" \/>\n<script type=\"application\/ld+json\" class=\"yoast-schema-graph\">{\"@context\":\"https:\\\/\\\/schema.org\",\"@graph\":[{\"@type\":\"WebPage\",\"@id\":\"https:\\\/\\\/aboriginal-australia.art\\\/p\\\/tingari-cycle-4\\\/\",\"url\":\"https:\\\/\\\/aboriginal-australia.art\\\/p\\\/tingari-cycle-4\\\/\",\"name\":\"Thomas Tjapaltjarri- Cykl Tingari \\\/ Tingari Cycle - Aboriginal Australia\",\"isPartOf\":{\"@id\":\"https:\\\/\\\/aboriginal-australia.art\\\/#website\"},\"primaryImageOfPage\":{\"@id\":\"https:\\\/\\\/aboriginal-australia.art\\\/p\\\/tingari-cycle-4\\\/#primaryimage\"},\"image\":{\"@id\":\"https:\\\/\\\/aboriginal-australia.art\\\/p\\\/tingari-cycle-4\\\/#primaryimage\"},\"thumbnailUrl\":\"https:\\\/\\\/aboriginal-australia.art\\\/wp-content\\\/uploads\\\/2023\\\/12\\\/Thomas-Tjapaltjarri-TT-060623-Tingari-Cycle-70-x-138-cm.jpg\",\"datePublished\":\"2023-12-03T07:55:47+00:00\",\"dateModified\":\"2026-01-30T11:47:39+00:00\",\"breadcrumb\":{\"@id\":\"https:\\\/\\\/aboriginal-australia.art\\\/p\\\/tingari-cycle-4\\\/#breadcrumb\"},\"inLanguage\":\"en-US\",\"potentialAction\":[{\"@type\":\"ReadAction\",\"target\":[\"https:\\\/\\\/aboriginal-australia.art\\\/p\\\/tingari-cycle-4\\\/\"]}]},{\"@type\":\"ImageObject\",\"inLanguage\":\"en-US\",\"@id\":\"https:\\\/\\\/aboriginal-australia.art\\\/p\\\/tingari-cycle-4\\\/#primaryimage\",\"url\":\"https:\\\/\\\/aboriginal-australia.art\\\/wp-content\\\/uploads\\\/2023\\\/12\\\/Thomas-Tjapaltjarri-TT-060623-Tingari-Cycle-70-x-138-cm.jpg\",\"contentUrl\":\"https:\\\/\\\/aboriginal-australia.art\\\/wp-content\\\/uploads\\\/2023\\\/12\\\/Thomas-Tjapaltjarri-TT-060623-Tingari-Cycle-70-x-138-cm.jpg\",\"width\":2048,\"height\":1239,\"caption\":\"Thomas Tjapaltjarri \u2013 Tingari Cycle \u2013 MALA ART GALLERY\"},{\"@type\":\"BreadcrumbList\",\"@id\":\"https:\\\/\\\/aboriginal-australia.art\\\/p\\\/tingari-cycle-4\\\/#breadcrumb\",\"itemListElement\":[{\"@type\":\"ListItem\",\"position\":1,\"name\":\"Strona g\u0142\u00f3wna\",\"item\":\"https:\\\/\\\/aboriginal-australia.art\\\/\"},{\"@type\":\"ListItem\",\"position\":2,\"name\":\"Products\",\"item\":\"https:\\\/\\\/aboriginal-australia.art\\\/en\\\/shop\\\/\"},{\"@type\":\"ListItem\",\"position\":3,\"name\":\"Thomas Tjapaltjarri- Cykl Tingari \\\/ Tingari Cycle\"}]},{\"@type\":\"WebSite\",\"@id\":\"https:\\\/\\\/aboriginal-australia.art\\\/#website\",\"url\":\"https:\\\/\\\/aboriginal-australia.art\\\/\",\"name\":\"Aboriginal Australia\",\"description\":\"\",\"potentialAction\":[{\"@type\":\"SearchAction\",\"target\":{\"@type\":\"EntryPoint\",\"urlTemplate\":\"https:\\\/\\\/aboriginal-australia.art\\\/?s={search_term_string}\"},\"query-input\":{\"@type\":\"PropertyValueSpecification\",\"valueRequired\":true,\"valueName\":\"search_term_string\"}}],\"inLanguage\":\"en-US\"}]}<\/script>\n<!-- \/ Yoast SEO plugin. -->","yoast_head_json":{"title":"Thomas Tjapaltjarri- Cykl Tingari \/ Tingari Cycle - Aboriginal Australia","robots":{"index":"index","follow":"follow","max-snippet":"max-snippet:-1","max-image-preview":"max-image-preview:large","max-video-preview":"max-video-preview:-1"},"canonical":"https:\/\/aboriginal-australia.art\/en\/p\/tingari-cycle-4\/","og_locale":"en_US","og_type":"article","og_title":"Thomas Tjapaltjarri- Cykl Tingari \/ Tingari Cycle - Aboriginal Australia","og_description":"Obraz przedstawia motywy zwi\u0105zane z okolicami s\u0142onego jeziora Mackay. W mitycznym Czasie Stwarzania grupa m\u0119\u017cczyzn\u00a0Tingari w\u0119drowa\u0142a do tego miejsca. Tingari\u00a0byli Istotami Przodk\u00f3w, kt\u00f3rzy podczas podr\u00f3\u017cy po pustyni tworzyli ukszta\u0142towanie terenu (jak w naszej Biblii), a potem odprawiali ceremonie i stworzyli zwierz\u0119ta oraz ludzi, nast\u0119pnie nadali prawa i nauczali ludy Pintupi o prawach i odprawiali rytua\u0142y.\u00a0 [&hellip;]","og_url":"https:\/\/aboriginal-australia.art\/en\/p\/tingari-cycle-4\/","og_site_name":"Aboriginal Australia","article_modified_time":"2026-01-30T11:47:39+00:00","og_image":[{"width":2048,"height":1239,"url":"https:\/\/aboriginal-australia.art\/wp-content\/uploads\/2023\/12\/Thomas-Tjapaltjarri-TT-060623-Tingari-Cycle-70-x-138-cm.jpg","type":"image\/jpeg"}],"schema":{"@context":"https:\/\/schema.org","@graph":[{"@type":"WebPage","@id":"https:\/\/aboriginal-australia.art\/p\/tingari-cycle-4\/","url":"https:\/\/aboriginal-australia.art\/p\/tingari-cycle-4\/","name":"Thomas Tjapaltjarri- Cykl Tingari \/ Tingari Cycle - Aboriginal Australia","isPartOf":{"@id":"https:\/\/aboriginal-australia.art\/#website"},"primaryImageOfPage":{"@id":"https:\/\/aboriginal-australia.art\/p\/tingari-cycle-4\/#primaryimage"},"image":{"@id":"https:\/\/aboriginal-australia.art\/p\/tingari-cycle-4\/#primaryimage"},"thumbnailUrl":"https:\/\/aboriginal-australia.art\/wp-content\/uploads\/2023\/12\/Thomas-Tjapaltjarri-TT-060623-Tingari-Cycle-70-x-138-cm.jpg","datePublished":"2023-12-03T07:55:47+00:00","dateModified":"2026-01-30T11:47:39+00:00","breadcrumb":{"@id":"https:\/\/aboriginal-australia.art\/p\/tingari-cycle-4\/#breadcrumb"},"inLanguage":"en-US","potentialAction":[{"@type":"ReadAction","target":["https:\/\/aboriginal-australia.art\/p\/tingari-cycle-4\/"]}]},{"@type":"ImageObject","inLanguage":"en-US","@id":"https:\/\/aboriginal-australia.art\/p\/tingari-cycle-4\/#primaryimage","url":"https:\/\/aboriginal-australia.art\/wp-content\/uploads\/2023\/12\/Thomas-Tjapaltjarri-TT-060623-Tingari-Cycle-70-x-138-cm.jpg","contentUrl":"https:\/\/aboriginal-australia.art\/wp-content\/uploads\/2023\/12\/Thomas-Tjapaltjarri-TT-060623-Tingari-Cycle-70-x-138-cm.jpg","width":2048,"height":1239,"caption":"Thomas Tjapaltjarri \u2013 Tingari Cycle \u2013 MALA ART GALLERY"},{"@type":"BreadcrumbList","@id":"https:\/\/aboriginal-australia.art\/p\/tingari-cycle-4\/#breadcrumb","itemListElement":[{"@type":"ListItem","position":1,"name":"Strona g\u0142\u00f3wna","item":"https:\/\/aboriginal-australia.art\/"},{"@type":"ListItem","position":2,"name":"Products","item":"https:\/\/aboriginal-australia.art\/en\/shop\/"},{"@type":"ListItem","position":3,"name":"Thomas Tjapaltjarri- Cykl Tingari \/ Tingari Cycle"}]},{"@type":"WebSite","@id":"https:\/\/aboriginal-australia.art\/#website","url":"https:\/\/aboriginal-australia.art\/","name":"Aboriginal Australia","description":"","potentialAction":[{"@type":"SearchAction","target":{"@type":"EntryPoint","urlTemplate":"https:\/\/aboriginal-australia.art\/?s={search_term_string}"},"query-input":{"@type":"PropertyValueSpecification","valueRequired":true,"valueName":"search_term_string"}}],"inLanguage":"en-US"}]}},"_links":{"self":[{"href":"https:\/\/aboriginal-australia.art\/en\/wp-json\/wp\/v2\/product\/4958","targetHints":{"allow":["GET"]}}],"collection":[{"href":"https:\/\/aboriginal-australia.art\/en\/wp-json\/wp\/v2\/product"}],"about":[{"href":"https:\/\/aboriginal-australia.art\/en\/wp-json\/wp\/v2\/types\/product"}],"replies":[{"embeddable":true,"href":"https:\/\/aboriginal-australia.art\/en\/wp-json\/wp\/v2\/comments?post=4958"}],"version-history":[{"count":22,"href":"https:\/\/aboriginal-australia.art\/en\/wp-json\/wp\/v2\/product\/4958\/revisions"}],"predecessor-version":[{"id":7905,"href":"https:\/\/aboriginal-australia.art\/en\/wp-json\/wp\/v2\/product\/4958\/revisions\/7905"}],"wp:featuredmedia":[{"embeddable":true,"href":"https:\/\/aboriginal-australia.art\/en\/wp-json\/wp\/v2\/media\/4944"}],"wp:attachment":[{"href":"https:\/\/aboriginal-australia.art\/en\/wp-json\/wp\/v2\/media?parent=4958"}],"wp:term":[{"taxonomy":"product_brand","embeddable":true,"href":"https:\/\/aboriginal-australia.art\/en\/wp-json\/wp\/v2\/product_brand?post=4958"},{"taxonomy":"product_cat","embeddable":true,"href":"https:\/\/aboriginal-australia.art\/en\/wp-json\/wp\/v2\/product_cat?post=4958"},{"taxonomy":"product_tag","embeddable":true,"href":"https:\/\/aboriginal-australia.art\/en\/wp-json\/wp\/v2\/product_tag?post=4958"}],"curies":[{"name":"wp","href":"https:\/\/api.w.org\/{rel}","templated":true}]}}