{"id":4951,"date":"2023-12-03T07:37:48","date_gmt":"2023-12-03T06:37:48","guid":{"rendered":"https:\/\/aboriginal-australia.art.semfactory.cfolks.pl\/?post_type=product&#038;p=4951"},"modified":"2026-01-19T19:03:50","modified_gmt":"2026-01-19T18:03:50","slug":"tali-and-hail-storm-3","status":"publish","type":"product","link":"https:\/\/aboriginal-australia.art\/en\/p\/tali-and-hail-storm-3\/","title":{"rendered":"Willy Tjungurrayi &#8211; Tali and Hail Storm"},"content":{"rendered":"<div data-elementor-type=\"wp-post\" data-elementor-id=\"4951\" class=\"elementor elementor-4951\" data-elementor-post-type=\"product\">\n\t\t\t\t<div class=\"elementor-element elementor-element-fdbcb44 e-flex e-con-boxed e-con e-parent\" data-id=\"fdbcb44\" data-element_type=\"container\" data-e-type=\"container\">\n\t\t\t\t\t<div class=\"e-con-inner\">\n\t\t\t\t<div class=\"elementor-element elementor-element-96f2f04 elementor-widget elementor-widget-text-editor\" data-id=\"96f2f04\" data-element_type=\"widget\" data-e-type=\"widget\" data-widget_type=\"text-editor.default\">\n\t\t\t\t<div class=\"elementor-widget-container\">\n\t\t\t\t\t\t\t\t\t<p>In this painting, the artist presented a topographic view of Kaakuratinja country, which features sand dunes called Tali. The dotted wavy lines drawn across the image represent the sand hills and violent hailstorm that killed the Tingari Ancestors.<\/p><p>Willy Tjungurrayi has created a topographic view of this country, which is characterised by sand dunes called Tali. The dotted wavy lines drawn across the image represent the sand hills and violent hailstorm that killed the Tingari Ancestors.<\/p><p>The artist was born around 1930 and is an Aboriginal Elder respected for his traditional knowledge and artistic work. In his paintings, like most Pintupi artists, he reduces details and limits his palette to basic earth colours. His works are included in Australian and international collections.<\/p>\t\t\t\t\t\t\t\t<\/div>\n\t\t\t\t<\/div>\n\t\t\t\t\t<\/div>\n\t\t\t\t<\/div>\n\t\t\t\t<\/div>","protected":false},"excerpt":{"rendered":"<p>Obraz przedstawia projekty zwi\u0105zane z miejscem Kaakuratintja (jezioro Mac Donalda). W czasach mitologicznych (Czas Snu) du\u017ca grupa m\u0119\u017cczyzn Tingari podr\u00f3\u017cowa\u0142a do tego miejsca. Istoty Przodk\u00f3w Tingari podr\u00f3\u017cowa\u0142y po ziemi i by\u0142y odpowiedzialne za ceremonie inicjacyjne m\u0142odych ch\u0142opc\u00f3w w okre\u015blonych miejscach. Potem rozp\u0119ta\u0142a si\u0119 pot\u0119\u017cna burza gradowa, kt\u00f3ra zabi\u0142a ich wszystkich. Ze wzgl\u0119du na sakraln\u0105\/sekretn\u0105 natur\u0119 [&hellip;]<\/p>\n","protected":false},"featured_media":4949,"comment_status":"open","ping_status":"closed","template":"","meta":{"_acf_changed":false},"product_brand":[],"product_cat":[79,52],"product_tag":[],"class_list":{"0":"post-4951","1":"product","2":"type-product","3":"status-publish","4":"has-post-thumbnail","6":"product_cat-in-stock","7":"product_cat-willy-tjungurrayi","9":"first","10":"instock","11":"shipping-taxable","12":"purchasable","13":"product-type-simple"},"acf":[],"yoast_head":"<!-- This site is optimized with the Yoast SEO plugin v27.4 - https:\/\/yoast.com\/product\/yoast-seo-wordpress\/ -->\n<title>Willy Tjungurrayi - Tali and Hail Storm - Aboriginal Australia<\/title>\n<meta name=\"robots\" content=\"index, follow, max-snippet:-1, max-image-preview:large, max-video-preview:-1\" \/>\n<link rel=\"canonical\" href=\"https:\/\/aboriginal-australia.art\/en\/p\/tali-and-hail-storm-3\/\" \/>\n<meta property=\"og:locale\" content=\"en_US\" \/>\n<meta property=\"og:type\" content=\"article\" \/>\n<meta property=\"og:title\" content=\"Willy Tjungurrayi - Tali and Hail Storm - Aboriginal Australia\" \/>\n<meta property=\"og:description\" content=\"Obraz przedstawia projekty zwi\u0105zane z miejscem Kaakuratintja (jezioro Mac Donalda). W czasach mitologicznych (Czas Snu) du\u017ca grupa m\u0119\u017cczyzn Tingari podr\u00f3\u017cowa\u0142a do tego miejsca. Istoty Przodk\u00f3w Tingari podr\u00f3\u017cowa\u0142y po ziemi i by\u0142y odpowiedzialne za ceremonie inicjacyjne m\u0142odych ch\u0142opc\u00f3w w okre\u015blonych miejscach. Potem rozp\u0119ta\u0142a si\u0119 pot\u0119\u017cna burza gradowa, kt\u00f3ra zabi\u0142a ich wszystkich. Ze wzgl\u0119du na sakraln\u0105\/sekretn\u0105 natur\u0119 [&hellip;]\" \/>\n<meta property=\"og:url\" content=\"https:\/\/aboriginal-australia.art\/en\/p\/tali-and-hail-storm-3\/\" \/>\n<meta property=\"og:site_name\" content=\"Aboriginal Australia\" \/>\n<meta property=\"article:modified_time\" content=\"2026-01-19T18:03:50+00:00\" \/>\n<meta property=\"og:image\" content=\"https:\/\/aboriginal-australia.art\/wp-content\/uploads\/2023\/12\/Willy-Tjungurrayi-WT-090810-Tali-and-Hail-Storm-70-x-100-cm.jpg\" \/>\n\t<meta property=\"og:image:width\" content=\"2048\" \/>\n\t<meta property=\"og:image:height\" content=\"1433\" \/>\n\t<meta property=\"og:image:type\" content=\"image\/jpeg\" \/>\n<script type=\"application\/ld+json\" class=\"yoast-schema-graph\">{\"@context\":\"https:\\\/\\\/schema.org\",\"@graph\":[{\"@type\":\"WebPage\",\"@id\":\"https:\\\/\\\/aboriginal-australia.art\\\/p\\\/tali-and-hail-storm-3\\\/\",\"url\":\"https:\\\/\\\/aboriginal-australia.art\\\/p\\\/tali-and-hail-storm-3\\\/\",\"name\":\"Willy Tjungurrayi - Tali and Hail Storm - Aboriginal Australia\",\"isPartOf\":{\"@id\":\"https:\\\/\\\/aboriginal-australia.art\\\/#website\"},\"primaryImageOfPage\":{\"@id\":\"https:\\\/\\\/aboriginal-australia.art\\\/p\\\/tali-and-hail-storm-3\\\/#primaryimage\"},\"image\":{\"@id\":\"https:\\\/\\\/aboriginal-australia.art\\\/p\\\/tali-and-hail-storm-3\\\/#primaryimage\"},\"thumbnailUrl\":\"https:\\\/\\\/aboriginal-australia.art\\\/wp-content\\\/uploads\\\/2023\\\/12\\\/Willy-Tjungurrayi-WT-090810-Tali-and-Hail-Storm-70-x-100-cm.jpg\",\"datePublished\":\"2023-12-03T06:37:48+00:00\",\"dateModified\":\"2026-01-19T18:03:50+00:00\",\"breadcrumb\":{\"@id\":\"https:\\\/\\\/aboriginal-australia.art\\\/p\\\/tali-and-hail-storm-3\\\/#breadcrumb\"},\"inLanguage\":\"en-US\",\"potentialAction\":[{\"@type\":\"ReadAction\",\"target\":[\"https:\\\/\\\/aboriginal-australia.art\\\/p\\\/tali-and-hail-storm-3\\\/\"]}]},{\"@type\":\"ImageObject\",\"inLanguage\":\"en-US\",\"@id\":\"https:\\\/\\\/aboriginal-australia.art\\\/p\\\/tali-and-hail-storm-3\\\/#primaryimage\",\"url\":\"https:\\\/\\\/aboriginal-australia.art\\\/wp-content\\\/uploads\\\/2023\\\/12\\\/Willy-Tjungurrayi-WT-090810-Tali-and-Hail-Storm-70-x-100-cm.jpg\",\"contentUrl\":\"https:\\\/\\\/aboriginal-australia.art\\\/wp-content\\\/uploads\\\/2023\\\/12\\\/Willy-Tjungurrayi-WT-090810-Tali-and-Hail-Storm-70-x-100-cm.jpg\",\"width\":2048,\"height\":1433,\"caption\":\"Willy Tjungurrayi - Tali and Hail Storm - MALA ART GALLERY\"},{\"@type\":\"BreadcrumbList\",\"@id\":\"https:\\\/\\\/aboriginal-australia.art\\\/p\\\/tali-and-hail-storm-3\\\/#breadcrumb\",\"itemListElement\":[{\"@type\":\"ListItem\",\"position\":1,\"name\":\"Strona g\u0142\u00f3wna\",\"item\":\"https:\\\/\\\/aboriginal-australia.art\\\/\"},{\"@type\":\"ListItem\",\"position\":2,\"name\":\"Products\",\"item\":\"https:\\\/\\\/aboriginal-australia.art\\\/en\\\/shop\\\/\"},{\"@type\":\"ListItem\",\"position\":3,\"name\":\"Willy Tjungurrayi &#8211; Tali and Hail Storm\"}]},{\"@type\":\"WebSite\",\"@id\":\"https:\\\/\\\/aboriginal-australia.art\\\/#website\",\"url\":\"https:\\\/\\\/aboriginal-australia.art\\\/\",\"name\":\"Aboriginal Australia\",\"description\":\"\",\"potentialAction\":[{\"@type\":\"SearchAction\",\"target\":{\"@type\":\"EntryPoint\",\"urlTemplate\":\"https:\\\/\\\/aboriginal-australia.art\\\/?s={search_term_string}\"},\"query-input\":{\"@type\":\"PropertyValueSpecification\",\"valueRequired\":true,\"valueName\":\"search_term_string\"}}],\"inLanguage\":\"en-US\"}]}<\/script>\n<!-- \/ Yoast SEO plugin. -->","yoast_head_json":{"title":"Willy Tjungurrayi - Tali and Hail Storm - Aboriginal Australia","robots":{"index":"index","follow":"follow","max-snippet":"max-snippet:-1","max-image-preview":"max-image-preview:large","max-video-preview":"max-video-preview:-1"},"canonical":"https:\/\/aboriginal-australia.art\/en\/p\/tali-and-hail-storm-3\/","og_locale":"en_US","og_type":"article","og_title":"Willy Tjungurrayi - Tali and Hail Storm - Aboriginal Australia","og_description":"Obraz przedstawia projekty zwi\u0105zane z miejscem Kaakuratintja (jezioro Mac Donalda). W czasach mitologicznych (Czas Snu) du\u017ca grupa m\u0119\u017cczyzn Tingari podr\u00f3\u017cowa\u0142a do tego miejsca. Istoty Przodk\u00f3w Tingari podr\u00f3\u017cowa\u0142y po ziemi i by\u0142y odpowiedzialne za ceremonie inicjacyjne m\u0142odych ch\u0142opc\u00f3w w okre\u015blonych miejscach. Potem rozp\u0119ta\u0142a si\u0119 pot\u0119\u017cna burza gradowa, kt\u00f3ra zabi\u0142a ich wszystkich. Ze wzgl\u0119du na sakraln\u0105\/sekretn\u0105 natur\u0119 [&hellip;]","og_url":"https:\/\/aboriginal-australia.art\/en\/p\/tali-and-hail-storm-3\/","og_site_name":"Aboriginal Australia","article_modified_time":"2026-01-19T18:03:50+00:00","og_image":[{"width":2048,"height":1433,"url":"https:\/\/aboriginal-australia.art\/wp-content\/uploads\/2023\/12\/Willy-Tjungurrayi-WT-090810-Tali-and-Hail-Storm-70-x-100-cm.jpg","type":"image\/jpeg"}],"schema":{"@context":"https:\/\/schema.org","@graph":[{"@type":"WebPage","@id":"https:\/\/aboriginal-australia.art\/p\/tali-and-hail-storm-3\/","url":"https:\/\/aboriginal-australia.art\/p\/tali-and-hail-storm-3\/","name":"Willy Tjungurrayi - Tali and Hail Storm - Aboriginal Australia","isPartOf":{"@id":"https:\/\/aboriginal-australia.art\/#website"},"primaryImageOfPage":{"@id":"https:\/\/aboriginal-australia.art\/p\/tali-and-hail-storm-3\/#primaryimage"},"image":{"@id":"https:\/\/aboriginal-australia.art\/p\/tali-and-hail-storm-3\/#primaryimage"},"thumbnailUrl":"https:\/\/aboriginal-australia.art\/wp-content\/uploads\/2023\/12\/Willy-Tjungurrayi-WT-090810-Tali-and-Hail-Storm-70-x-100-cm.jpg","datePublished":"2023-12-03T06:37:48+00:00","dateModified":"2026-01-19T18:03:50+00:00","breadcrumb":{"@id":"https:\/\/aboriginal-australia.art\/p\/tali-and-hail-storm-3\/#breadcrumb"},"inLanguage":"en-US","potentialAction":[{"@type":"ReadAction","target":["https:\/\/aboriginal-australia.art\/p\/tali-and-hail-storm-3\/"]}]},{"@type":"ImageObject","inLanguage":"en-US","@id":"https:\/\/aboriginal-australia.art\/p\/tali-and-hail-storm-3\/#primaryimage","url":"https:\/\/aboriginal-australia.art\/wp-content\/uploads\/2023\/12\/Willy-Tjungurrayi-WT-090810-Tali-and-Hail-Storm-70-x-100-cm.jpg","contentUrl":"https:\/\/aboriginal-australia.art\/wp-content\/uploads\/2023\/12\/Willy-Tjungurrayi-WT-090810-Tali-and-Hail-Storm-70-x-100-cm.jpg","width":2048,"height":1433,"caption":"Willy Tjungurrayi - Tali and Hail Storm - MALA ART GALLERY"},{"@type":"BreadcrumbList","@id":"https:\/\/aboriginal-australia.art\/p\/tali-and-hail-storm-3\/#breadcrumb","itemListElement":[{"@type":"ListItem","position":1,"name":"Strona g\u0142\u00f3wna","item":"https:\/\/aboriginal-australia.art\/"},{"@type":"ListItem","position":2,"name":"Products","item":"https:\/\/aboriginal-australia.art\/en\/shop\/"},{"@type":"ListItem","position":3,"name":"Willy Tjungurrayi &#8211; Tali and Hail Storm"}]},{"@type":"WebSite","@id":"https:\/\/aboriginal-australia.art\/#website","url":"https:\/\/aboriginal-australia.art\/","name":"Aboriginal Australia","description":"","potentialAction":[{"@type":"SearchAction","target":{"@type":"EntryPoint","urlTemplate":"https:\/\/aboriginal-australia.art\/?s={search_term_string}"},"query-input":{"@type":"PropertyValueSpecification","valueRequired":true,"valueName":"search_term_string"}}],"inLanguage":"en-US"}]}},"_links":{"self":[{"href":"https:\/\/aboriginal-australia.art\/en\/wp-json\/wp\/v2\/product\/4951","targetHints":{"allow":["GET"]}}],"collection":[{"href":"https:\/\/aboriginal-australia.art\/en\/wp-json\/wp\/v2\/product"}],"about":[{"href":"https:\/\/aboriginal-australia.art\/en\/wp-json\/wp\/v2\/types\/product"}],"replies":[{"embeddable":true,"href":"https:\/\/aboriginal-australia.art\/en\/wp-json\/wp\/v2\/comments?post=4951"}],"version-history":[{"count":6,"href":"https:\/\/aboriginal-australia.art\/en\/wp-json\/wp\/v2\/product\/4951\/revisions"}],"predecessor-version":[{"id":7907,"href":"https:\/\/aboriginal-australia.art\/en\/wp-json\/wp\/v2\/product\/4951\/revisions\/7907"}],"wp:featuredmedia":[{"embeddable":true,"href":"https:\/\/aboriginal-australia.art\/en\/wp-json\/wp\/v2\/media\/4949"}],"wp:attachment":[{"href":"https:\/\/aboriginal-australia.art\/en\/wp-json\/wp\/v2\/media?parent=4951"}],"wp:term":[{"taxonomy":"product_brand","embeddable":true,"href":"https:\/\/aboriginal-australia.art\/en\/wp-json\/wp\/v2\/product_brand?post=4951"},{"taxonomy":"product_cat","embeddable":true,"href":"https:\/\/aboriginal-australia.art\/en\/wp-json\/wp\/v2\/product_cat?post=4951"},{"taxonomy":"product_tag","embeddable":true,"href":"https:\/\/aboriginal-australia.art\/en\/wp-json\/wp\/v2\/product_tag?post=4951"}],"curies":[{"name":"wp","href":"https:\/\/api.w.org\/{rel}","templated":true}]}}