{"id":4950,"date":"2023-12-03T07:37:45","date_gmt":"2023-12-03T06:37:45","guid":{"rendered":"https:\/\/aboriginal-australia.art.semfactory.cfolks.pl\/?post_type=product&#038;p=4950"},"modified":"2026-01-19T19:04:03","modified_gmt":"2026-01-19T18:04:03","slug":"tali-and-hail-storm-2","status":"publish","type":"product","link":"https:\/\/aboriginal-australia.art\/en\/p\/tali-and-hail-storm-2\/","title":{"rendered":"Willy Tjungurrayi &#8211; Tali and Hail Storm"},"content":{"rendered":"<div data-elementor-type=\"wp-post\" data-elementor-id=\"4950\" class=\"elementor elementor-4950\" data-elementor-post-type=\"product\">\n\t\t\t\t<div class=\"elementor-element elementor-element-bd994f0 e-flex e-con-boxed e-con e-parent\" data-id=\"bd994f0\" data-element_type=\"container\" data-e-type=\"container\">\n\t\t\t\t\t<div class=\"e-con-inner\">\n\t\t\t\t<div class=\"elementor-element elementor-element-cc92eaf elementor-widget elementor-widget-text-editor\" data-id=\"cc92eaf\" data-element_type=\"widget\" data-e-type=\"widget\" data-widget_type=\"text-editor.default\">\n\t\t\t\t<div class=\"elementor-widget-container\">\n\t\t\t\t\t\t\t\t\t<p class=\" translation-block\">The painting presents stories related to the country around Lake Macdonald, called Kaakuratinja in Pintupi language.<\/p><p class=\" translation-block\">During the mythical Time of Creation, a large group of Tingari men arrived here. A violent hail storm killed them all. The Tingari were Ancestral Beings who, while roaming the earth, were responsible for the initiation ceremonies of young boys at specific locations. Due to the sacred\/secret nature of the subject, the full meaning of this image cannot be revealed.<\/p><p class=\" translation-block\">Willy Tjungurrayi (ok. 1930\u20132018) has created a topographic view of this country, which is characterised by sand dunes called Tali. The dotted wavy lines drawn across the image represent the sand hills and violent hailstorm that killed the Tingari Ancestors. Concentric circles mark places where the Ancestors camped, and \"u\" shapes represent seated men.<\/p><p class=\" translation-block\">The artist was born around 1930 and is an Aboriginal Elder respected for his traditional knowledge and artistic work. In his paintings, like most Pintupi artists, he reduces details and limits his palette to basic earth colours. His works are included in Australian and international collections.<\/p><p class=\" translation-block\">&gt;&gt;&gt;<\/p>\t\t\t\t\t\t\t\t<\/div>\n\t\t\t\t<\/div>\n\t\t\t\t\t<\/div>\n\t\t\t\t<\/div>\n\t\t\t\t<\/div>","protected":false},"excerpt":{"rendered":"<p>Obraz przedstawia historie zwi\u0105zane z okolicami jeziora&nbsp;Macdonald, nazywanego Kaakuratintja w j\u0119zyku ludu Pintupi. W mitycznym Czasie Stwarzania dotar\u0142a tu du\u017ca grupa m\u0119\u017cczyzn Tingari. Gwa\u0142towna burza gradowa zabi\u0142a ich wszystkich. Tingari byli Istotami Przodk\u00f3w, kt\u00f3rzy podczas w\u0119dr\u00f3wki po ziemi byli w okre\u015blonych miejscach odpowiedzialni za ceremonie inicjacji m\u0142odych ch\u0142opc\u00f3w. Ze wzgl\u0119du na sakraln\u0105 i sekretn\u0105 natur\u0119 [&hellip;]<\/p>\n","protected":false},"featured_media":4948,"comment_status":"open","ping_status":"closed","template":"","meta":{"_acf_changed":false},"product_brand":[],"product_cat":[79,52],"product_tag":[],"class_list":{"0":"post-4950","1":"product","2":"type-product","3":"status-publish","4":"has-post-thumbnail","6":"product_cat-in-stock","7":"product_cat-willy-tjungurrayi","9":"first","10":"instock","11":"shipping-taxable","12":"purchasable","13":"product-type-simple"},"acf":[],"yoast_head":"<!-- This site is optimized with the Yoast SEO plugin v27.3 - https:\/\/yoast.com\/product\/yoast-seo-wordpress\/ -->\n<title>Willy Tjungurrayi - Tali and Hail Storm - Aboriginal Australia<\/title>\n<meta name=\"robots\" content=\"index, follow, max-snippet:-1, max-image-preview:large, max-video-preview:-1\" \/>\n<link rel=\"canonical\" href=\"https:\/\/aboriginal-australia.art\/en\/p\/tali-and-hail-storm-2\/\" \/>\n<meta property=\"og:locale\" content=\"en_US\" \/>\n<meta property=\"og:type\" content=\"article\" \/>\n<meta property=\"og:title\" content=\"Willy Tjungurrayi - Tali and Hail Storm - Aboriginal Australia\" \/>\n<meta property=\"og:description\" content=\"Obraz przedstawia historie zwi\u0105zane z okolicami jeziora&nbsp;Macdonald, nazywanego Kaakuratintja w j\u0119zyku ludu Pintupi. W mitycznym Czasie Stwarzania dotar\u0142a tu du\u017ca grupa m\u0119\u017cczyzn Tingari. Gwa\u0142towna burza gradowa zabi\u0142a ich wszystkich. Tingari byli Istotami Przodk\u00f3w, kt\u00f3rzy podczas w\u0119dr\u00f3wki po ziemi byli w okre\u015blonych miejscach odpowiedzialni za ceremonie inicjacji m\u0142odych ch\u0142opc\u00f3w. Ze wzgl\u0119du na sakraln\u0105 i sekretn\u0105 natur\u0119 [&hellip;]\" \/>\n<meta property=\"og:url\" content=\"https:\/\/aboriginal-australia.art\/en\/p\/tali-and-hail-storm-2\/\" \/>\n<meta property=\"og:site_name\" content=\"Aboriginal Australia\" \/>\n<meta property=\"article:modified_time\" content=\"2026-01-19T18:04:03+00:00\" \/>\n<meta property=\"og:image\" content=\"https:\/\/aboriginal-australia.art\/wp-content\/uploads\/2023\/12\/Willy-Tjungurrayi-WT-030809-Tali-and-Hail-Storm-80-x-160-cm-1024x499.jpg\" \/>\n\t<meta property=\"og:image:width\" content=\"1024\" \/>\n\t<meta property=\"og:image:height\" content=\"499\" \/>\n\t<meta property=\"og:image:type\" content=\"image\/jpeg\" \/>\n<script type=\"application\/ld+json\" class=\"yoast-schema-graph\">{\"@context\":\"https:\\\/\\\/schema.org\",\"@graph\":[{\"@type\":\"WebPage\",\"@id\":\"https:\\\/\\\/aboriginal-australia.art\\\/p\\\/tali-and-hail-storm-2\\\/\",\"url\":\"https:\\\/\\\/aboriginal-australia.art\\\/p\\\/tali-and-hail-storm-2\\\/\",\"name\":\"Willy Tjungurrayi - Tali and Hail Storm - Aboriginal Australia\",\"isPartOf\":{\"@id\":\"https:\\\/\\\/aboriginal-australia.art\\\/#website\"},\"primaryImageOfPage\":{\"@id\":\"https:\\\/\\\/aboriginal-australia.art\\\/p\\\/tali-and-hail-storm-2\\\/#primaryimage\"},\"image\":{\"@id\":\"https:\\\/\\\/aboriginal-australia.art\\\/p\\\/tali-and-hail-storm-2\\\/#primaryimage\"},\"thumbnailUrl\":\"https:\\\/\\\/aboriginal-australia.art\\\/wp-content\\\/uploads\\\/2023\\\/12\\\/Willy-Tjungurrayi-WT-030809-Tali-and-Hail-Storm-80-x-160-cm.jpg\",\"datePublished\":\"2023-12-03T06:37:45+00:00\",\"dateModified\":\"2026-01-19T18:04:03+00:00\",\"breadcrumb\":{\"@id\":\"https:\\\/\\\/aboriginal-australia.art\\\/p\\\/tali-and-hail-storm-2\\\/#breadcrumb\"},\"inLanguage\":\"en-US\",\"potentialAction\":[{\"@type\":\"ReadAction\",\"target\":[\"https:\\\/\\\/aboriginal-australia.art\\\/p\\\/tali-and-hail-storm-2\\\/\"]}]},{\"@type\":\"ImageObject\",\"inLanguage\":\"en-US\",\"@id\":\"https:\\\/\\\/aboriginal-australia.art\\\/p\\\/tali-and-hail-storm-2\\\/#primaryimage\",\"url\":\"https:\\\/\\\/aboriginal-australia.art\\\/wp-content\\\/uploads\\\/2023\\\/12\\\/Willy-Tjungurrayi-WT-030809-Tali-and-Hail-Storm-80-x-160-cm.jpg\",\"contentUrl\":\"https:\\\/\\\/aboriginal-australia.art\\\/wp-content\\\/uploads\\\/2023\\\/12\\\/Willy-Tjungurrayi-WT-030809-Tali-and-Hail-Storm-80-x-160-cm.jpg\",\"width\":2048,\"height\":998,\"caption\":\"Willy Tjungurrayi - Tali and Hail Storm - MALA ART GALLERY\"},{\"@type\":\"BreadcrumbList\",\"@id\":\"https:\\\/\\\/aboriginal-australia.art\\\/p\\\/tali-and-hail-storm-2\\\/#breadcrumb\",\"itemListElement\":[{\"@type\":\"ListItem\",\"position\":1,\"name\":\"Strona g\u0142\u00f3wna\",\"item\":\"https:\\\/\\\/aboriginal-australia.art\\\/\"},{\"@type\":\"ListItem\",\"position\":2,\"name\":\"Products\",\"item\":\"https:\\\/\\\/aboriginal-australia.art\\\/en\\\/shop\\\/\"},{\"@type\":\"ListItem\",\"position\":3,\"name\":\"Willy Tjungurrayi &#8211; Tali and Hail Storm\"}]},{\"@type\":\"WebSite\",\"@id\":\"https:\\\/\\\/aboriginal-australia.art\\\/#website\",\"url\":\"https:\\\/\\\/aboriginal-australia.art\\\/\",\"name\":\"Aboriginal Australia\",\"description\":\"\",\"potentialAction\":[{\"@type\":\"SearchAction\",\"target\":{\"@type\":\"EntryPoint\",\"urlTemplate\":\"https:\\\/\\\/aboriginal-australia.art\\\/?s={search_term_string}\"},\"query-input\":{\"@type\":\"PropertyValueSpecification\",\"valueRequired\":true,\"valueName\":\"search_term_string\"}}],\"inLanguage\":\"en-US\"}]}<\/script>\n<!-- \/ Yoast SEO plugin. -->","yoast_head_json":{"title":"Willy Tjungurrayi - Tali and Hail Storm - Aboriginal Australia","robots":{"index":"index","follow":"follow","max-snippet":"max-snippet:-1","max-image-preview":"max-image-preview:large","max-video-preview":"max-video-preview:-1"},"canonical":"https:\/\/aboriginal-australia.art\/en\/p\/tali-and-hail-storm-2\/","og_locale":"en_US","og_type":"article","og_title":"Willy Tjungurrayi - Tali and Hail Storm - Aboriginal Australia","og_description":"Obraz przedstawia historie zwi\u0105zane z okolicami jeziora&nbsp;Macdonald, nazywanego Kaakuratintja w j\u0119zyku ludu Pintupi. W mitycznym Czasie Stwarzania dotar\u0142a tu du\u017ca grupa m\u0119\u017cczyzn Tingari. Gwa\u0142towna burza gradowa zabi\u0142a ich wszystkich. Tingari byli Istotami Przodk\u00f3w, kt\u00f3rzy podczas w\u0119dr\u00f3wki po ziemi byli w okre\u015blonych miejscach odpowiedzialni za ceremonie inicjacji m\u0142odych ch\u0142opc\u00f3w. Ze wzgl\u0119du na sakraln\u0105 i sekretn\u0105 natur\u0119 [&hellip;]","og_url":"https:\/\/aboriginal-australia.art\/en\/p\/tali-and-hail-storm-2\/","og_site_name":"Aboriginal Australia","article_modified_time":"2026-01-19T18:04:03+00:00","og_image":[{"width":1024,"height":499,"url":"https:\/\/aboriginal-australia.art\/wp-content\/uploads\/2023\/12\/Willy-Tjungurrayi-WT-030809-Tali-and-Hail-Storm-80-x-160-cm-1024x499.jpg","type":"image\/jpeg"}],"schema":{"@context":"https:\/\/schema.org","@graph":[{"@type":"WebPage","@id":"https:\/\/aboriginal-australia.art\/p\/tali-and-hail-storm-2\/","url":"https:\/\/aboriginal-australia.art\/p\/tali-and-hail-storm-2\/","name":"Willy Tjungurrayi - Tali and Hail Storm - Aboriginal Australia","isPartOf":{"@id":"https:\/\/aboriginal-australia.art\/#website"},"primaryImageOfPage":{"@id":"https:\/\/aboriginal-australia.art\/p\/tali-and-hail-storm-2\/#primaryimage"},"image":{"@id":"https:\/\/aboriginal-australia.art\/p\/tali-and-hail-storm-2\/#primaryimage"},"thumbnailUrl":"https:\/\/aboriginal-australia.art\/wp-content\/uploads\/2023\/12\/Willy-Tjungurrayi-WT-030809-Tali-and-Hail-Storm-80-x-160-cm.jpg","datePublished":"2023-12-03T06:37:45+00:00","dateModified":"2026-01-19T18:04:03+00:00","breadcrumb":{"@id":"https:\/\/aboriginal-australia.art\/p\/tali-and-hail-storm-2\/#breadcrumb"},"inLanguage":"en-US","potentialAction":[{"@type":"ReadAction","target":["https:\/\/aboriginal-australia.art\/p\/tali-and-hail-storm-2\/"]}]},{"@type":"ImageObject","inLanguage":"en-US","@id":"https:\/\/aboriginal-australia.art\/p\/tali-and-hail-storm-2\/#primaryimage","url":"https:\/\/aboriginal-australia.art\/wp-content\/uploads\/2023\/12\/Willy-Tjungurrayi-WT-030809-Tali-and-Hail-Storm-80-x-160-cm.jpg","contentUrl":"https:\/\/aboriginal-australia.art\/wp-content\/uploads\/2023\/12\/Willy-Tjungurrayi-WT-030809-Tali-and-Hail-Storm-80-x-160-cm.jpg","width":2048,"height":998,"caption":"Willy Tjungurrayi - Tali and Hail Storm - MALA ART GALLERY"},{"@type":"BreadcrumbList","@id":"https:\/\/aboriginal-australia.art\/p\/tali-and-hail-storm-2\/#breadcrumb","itemListElement":[{"@type":"ListItem","position":1,"name":"Strona g\u0142\u00f3wna","item":"https:\/\/aboriginal-australia.art\/"},{"@type":"ListItem","position":2,"name":"Products","item":"https:\/\/aboriginal-australia.art\/en\/shop\/"},{"@type":"ListItem","position":3,"name":"Willy Tjungurrayi &#8211; Tali and Hail Storm"}]},{"@type":"WebSite","@id":"https:\/\/aboriginal-australia.art\/#website","url":"https:\/\/aboriginal-australia.art\/","name":"Aboriginal Australia","description":"","potentialAction":[{"@type":"SearchAction","target":{"@type":"EntryPoint","urlTemplate":"https:\/\/aboriginal-australia.art\/?s={search_term_string}"},"query-input":{"@type":"PropertyValueSpecification","valueRequired":true,"valueName":"search_term_string"}}],"inLanguage":"en-US"}]}},"_links":{"self":[{"href":"https:\/\/aboriginal-australia.art\/en\/wp-json\/wp\/v2\/product\/4950","targetHints":{"allow":["GET"]}}],"collection":[{"href":"https:\/\/aboriginal-australia.art\/en\/wp-json\/wp\/v2\/product"}],"about":[{"href":"https:\/\/aboriginal-australia.art\/en\/wp-json\/wp\/v2\/types\/product"}],"replies":[{"embeddable":true,"href":"https:\/\/aboriginal-australia.art\/en\/wp-json\/wp\/v2\/comments?post=4950"}],"version-history":[{"count":9,"href":"https:\/\/aboriginal-australia.art\/en\/wp-json\/wp\/v2\/product\/4950\/revisions"}],"predecessor-version":[{"id":7908,"href":"https:\/\/aboriginal-australia.art\/en\/wp-json\/wp\/v2\/product\/4950\/revisions\/7908"}],"wp:featuredmedia":[{"embeddable":true,"href":"https:\/\/aboriginal-australia.art\/en\/wp-json\/wp\/v2\/media\/4948"}],"wp:attachment":[{"href":"https:\/\/aboriginal-australia.art\/en\/wp-json\/wp\/v2\/media?parent=4950"}],"wp:term":[{"taxonomy":"product_brand","embeddable":true,"href":"https:\/\/aboriginal-australia.art\/en\/wp-json\/wp\/v2\/product_brand?post=4950"},{"taxonomy":"product_cat","embeddable":true,"href":"https:\/\/aboriginal-australia.art\/en\/wp-json\/wp\/v2\/product_cat?post=4950"},{"taxonomy":"product_tag","embeddable":true,"href":"https:\/\/aboriginal-australia.art\/en\/wp-json\/wp\/v2\/product_tag?post=4950"}],"curies":[{"name":"wp","href":"https:\/\/api.w.org\/{rel}","templated":true}]}}