{"id":2426,"date":"2023-10-31T14:30:19","date_gmt":"2023-10-31T13:30:19","guid":{"rendered":"https:\/\/aboriginal-australia.art.semfactory.cfolks.pl\/?page_id=2426"},"modified":"2026-01-15T11:41:39","modified_gmt":"2026-01-15T10:41:39","slug":"colleen-wallace-nungarrayi","status":"publish","type":"page","link":"https:\/\/aboriginal-australia.art\/en\/artysci\/colleen-wallace-nungarrayi\/","title":{"rendered":"Colleen Wallace Nungarrayi"},"content":{"rendered":"<div data-elementor-type=\"wp-post\" data-elementor-id=\"2426\" class=\"elementor elementor-2426\" data-elementor-post-type=\"page\">\n\t\t\t\t\t\t<section class=\"elementor-section elementor-top-section elementor-element elementor-element-1606038 elementor-section-boxed elementor-section-height-default elementor-section-height-default\" data-id=\"1606038\" data-element_type=\"section\" data-e-type=\"section\">\n\t\t\t\t\t\t<div class=\"elementor-container elementor-column-gap-default\">\n\t\t\t\t\t<div class=\"elementor-column elementor-col-100 elementor-top-column elementor-element elementor-element-223ebd2\" data-id=\"223ebd2\" data-element_type=\"column\" data-e-type=\"column\">\n\t\t\t<div class=\"elementor-widget-wrap elementor-element-populated\">\n\t\t\t\t\t\t<div class=\"elementor-element elementor-element-132dc9f elementor-widget elementor-widget-spacer\" data-id=\"132dc9f\" data-element_type=\"widget\" data-e-type=\"widget\" data-widget_type=\"spacer.default\">\n\t\t\t\t<div class=\"elementor-widget-container\">\n\t\t\t\t\t\t\t<div class=\"elementor-spacer\">\n\t\t\t<div class=\"elementor-spacer-inner\"><\/div>\n\t\t<\/div>\n\t\t\t\t\t\t<\/div>\n\t\t\t\t<\/div>\n\t\t\t\t<div class=\"elementor-element elementor-element-fa093d2 elementor-widget elementor-widget-text-editor\" data-id=\"fa093d2\" data-element_type=\"widget\" data-e-type=\"widget\" data-widget_type=\"text-editor.default\">\n\t\t\t\t<div class=\"elementor-widget-container\">\n\t\t\t\t\t\t\t\t\t<p><span dir=\"auto\">Artystka wykorzystuje tradycyjn\u0105 technik\u0119 kropkowania z centralnej i zachodniej pustyni, w po\u0142\u0105czeniu z delikatn\u0105 kresk\u0105, aby przedstawi\u0107\u00a0<\/span><i><span dir=\"auto\">Irrernte-arenye<\/span><\/i><span dir=\"auto\"> unosz\u0105ce si\u0119 nad miejscami \u015bwi\u0119tymi, chroni\u0105c je i ludzi, kt\u00f3rzy je odwiedzaj\u0105 i si\u0119 nimi opiekuj\u0105.\u00a0<\/span><\/p>\t\t\t\t\t\t\t\t<\/div>\n\t\t\t\t<\/div>\n\t\t\t\t<div class=\"elementor-element elementor-element-726d4c8 elementor-align-left elementor-widget elementor-widget-raven-heading\" data-id=\"726d4c8\" data-element_type=\"widget\" data-e-type=\"widget\" data-widget_type=\"raven-heading.default\">\n\t\t\t\t<div class=\"elementor-widget-container\">\n\t\t\t\t\t\t\t<div class=\"raven-widget-wrapper\"><h1 class=\"raven-heading raven-heading-h1\"><span class=\"raven-heading-title\">Colleen Wallace Nungarrayi<\/span><\/h1><\/div>\n\t\t\t\t\t\t<\/div>\n\t\t\t\t<\/div>\n\t\t\t\t\t<\/div>\n\t\t<\/div>\n\t\t\t\t\t<\/div>\n\t\t<\/section>\n\t\t<div class=\"elementor-element elementor-element-ab3528f e-flex e-con-boxed e-con e-parent\" data-id=\"ab3528f\" data-element_type=\"container\" data-e-type=\"container\">\n\t\t\t\t\t<div class=\"e-con-inner\">\n\t\t<div class=\"elementor-element elementor-element-a014f79 e-con-full e-flex e-con e-child\" data-id=\"a014f79\" data-element_type=\"container\" data-e-type=\"container\">\n\t\t\t\t<div class=\"elementor-element elementor-element-1bdc949 elementor-align-left elementor-widget elementor-widget-raven-heading\" data-id=\"1bdc949\" data-element_type=\"widget\" data-e-type=\"widget\" data-widget_type=\"raven-heading.default\">\n\t\t\t\t<div class=\"elementor-widget-container\">\n\t\t\t\t\t\t\t<div class=\"raven-widget-wrapper\"><h2 class=\"raven-heading raven-heading-h2\"><span class=\"raven-heading-title\">Colleen Wallace Nungarrayi<\/span><\/h2><\/div>\n\t\t\t\t\t\t<\/div>\n\t\t\t\t<\/div>\n\t\t\t\t<div class=\"elementor-element elementor-element-6ea4968 elementor-widget elementor-widget-text-editor\" data-id=\"6ea4968\" data-element_type=\"widget\" data-e-type=\"widget\" data-widget_type=\"text-editor.default\">\n\t\t\t\t<div class=\"elementor-widget-container\">\n\t\t\t\t\t\t\t\t\t<div id=\"main_content\" class=\"clearwithin\" role=\"main\" aria-hidden=\"false\"><div class=\"subsection-artist-detail-page subsection-wrapper record-page-content-combined record-content-full-bio record-content-artist-image\" data-search-record-type=\"artists\" data-search-record-id=\"114\"><div id=\"content\" class=\"clearwithin\"><div class=\"scroll_section_container scroll_section_hide_first_heading\"><section class=\"scroll_section scroll_section_biography\" tabindex=\"-1\" data-subsection-type=\"biography\" aria-label=\"Biografia\"><div class=\"subsection-biography\"><div class=\"content_module clearwithin\"><div class=\"bio_with_quote prose\"><p><span dir=\"auto\">Colleen Wallace Nungurrayi to artystka z plemienia Arrernte, kt\u00f3ra dorasta\u0142a mi\u0119dzy Ltyentye Apurte (Santa Teresa) a Mparntwe (Alice Springs) w stanie Terytorium P\u00f3\u0142nocne. Colleen zacz\u0119\u0142a malowa\u0107 w latach 90. XX wieku, zach\u0119cona przez macoch\u0119, cenion\u0105 artystk\u0119 Kathleen Kemarre Wallace. Colleen jest \u017con\u0105 Colina Birda, syna s\u0142ynnej artystki Utopii, Ady Bird Petyarre.<\/span><\/p><p><span dir=\"auto\">Najpopularniejsze prace Colleen nawi\u0105zuj\u0105 do stylu odziedziczonego po macosze Kathleen. Przedstawiaj\u0105 one \u201eSiostry Czasu Snu\u201d, zwane przez lud Arrernte\u00a0 \u201e <\/span><i><span dir=\"auto\">Irrernte-arenye\u201d<\/span><\/i><span dir=\"auto\">\u00a0. Duchy czuwaj\u0105 nad wa\u017cnymi obszarami ziemi, takimi jak miejsca \u015bwi\u0119te lub ceremonialne. Artystka wykorzystuje tradycyjn\u0105 technik\u0119 kropkowania z centralnej i zachodniej pustyni, w po\u0142\u0105czeniu z delikatn\u0105 kresk\u0105, aby przedstawi\u0107\u00a0<\/span><i><span dir=\"auto\">Irrernte-arenye<\/span><\/i><span dir=\"auto\">\u00a0unosz\u0105ce si\u0119 nad miejscami \u015bwi\u0119tymi, chroni\u0105c je i ludzi, kt\u00f3rzy je odwiedzaj\u0105 i si\u0119 nimi opiekuj\u0105. Te obrazy s\u0105 bardzo poszukiwane przez Colleen.<\/span><\/p><p><span dir=\"auto\">Zanim Kathleen przekaza\u0142a Colleen histori\u0119 \u201eSiostry Czasu Snu\u201d, malowa\u0142a ona ju\u017c wcze\u015bniej historie z ojczystego kraju swojego ojca, w okolicach Gem Tree, na p\u00f3\u0142nocny wsch\u00f3d od Alice Springs. Dziadek Colleen i uznany artysta, Kenny Tilmouth Penangke, wyrazi\u0142 zgod\u0119 na namalowanie tego \u201eSnu\u201d. Ta historia z Yam nawi\u0105zuje r\u00f3wnie\u017c do Ady Bird Petyarre i jej kraju wok\u00f3\u0142 Mulga Bore.<\/span><\/p><p><span dir=\"auto\">Colleen s\u0142ynie z precyzyjnego wzoru kropek i \u017cywego j\u0119zyka kolor\u00f3w. Jej prace prezentowano na wielu wystawach w Australii i USA.<\/span><\/p><\/div><div class=\"divider\">\u00a0<\/div><div class=\"divider\">\u00a0<\/div><\/div><\/div><\/section><section class=\"scroll_section scroll_section_store\" tabindex=\"-1\" data-subsection-type=\"store\" aria-label=\"Kup dzie\u0142a sztuki\"><div class=\"scroll_section_header\">\u00a0<\/div><\/section><\/div><\/div><\/div><\/div><div id=\"cookie_notification\" class=\"active\" role=\"region\" aria-label=\"Baner z ciasteczkami\" data-mode=\"consent\" data-cookie-notification-settings=\"\"><div class=\"inner\"><div id=\"cookie_notification_message\" class=\"prose\">\u00a0<\/div><\/div><\/div>\t\t\t\t\t\t\t\t<\/div>\n\t\t\t\t<\/div>\n\t\t\t\t<\/div>\n\t\t<div class=\"elementor-element elementor-element-566bb5d e-con-full e-flex e-con e-child\" data-id=\"566bb5d\" data-element_type=\"container\" data-e-type=\"container\">\n\t\t\t\t<\/div>\n\t\t<div class=\"elementor-element elementor-element-3300c30 e-con-full e-flex e-con e-child\" data-id=\"3300c30\" data-element_type=\"container\" data-e-type=\"container\">\n\t\t\t\t<div class=\"elementor-element elementor-element-15c253c elementor-widget elementor-widget-gallery\" data-id=\"15c253c\" data-element_type=\"widget\" data-e-type=\"widget\" data-settings=\"{&quot;lazyload&quot;:&quot;yes&quot;,&quot;gallery_layout&quot;:&quot;grid&quot;,&quot;columns&quot;:4,&quot;columns_tablet&quot;:2,&quot;columns_mobile&quot;:1,&quot;gap&quot;:{&quot;unit&quot;:&quot;px&quot;,&quot;size&quot;:10,&quot;sizes&quot;:[]},&quot;gap_tablet&quot;:{&quot;unit&quot;:&quot;px&quot;,&quot;size&quot;:10,&quot;sizes&quot;:[]},&quot;gap_mobile&quot;:{&quot;unit&quot;:&quot;px&quot;,&quot;size&quot;:10,&quot;sizes&quot;:[]},&quot;link_to&quot;:&quot;file&quot;,&quot;aspect_ratio&quot;:&quot;3:2&quot;,&quot;overlay_background&quot;:&quot;yes&quot;,&quot;content_hover_animation&quot;:&quot;fade-in&quot;}\" data-widget_type=\"gallery.default\">\n\t\t\t\t<div class=\"elementor-widget-container\">\n\t\t\t\t\t\t\t<div class=\"elementor-gallery__container\">\n\t\t\t\t\t\t\t<a class=\"e-gallery-item elementor-gallery-item elementor-animated-content\" href=\"https:\/\/aboriginal-australia.art\/wp-content\/uploads\/2026\/01\/CWN-070325-39x72-2.jpg\" data-elementor-open-lightbox=\"yes\" data-elementor-lightbox-slideshow=\"15c253c\" data-elementor-lightbox-title=\"CWN 070325 39x72\" data-e-action-hash=\"#elementor-action%3Aaction%3Dlightbox%26settings%3DeyJpZCI6NzYxOSwidXJsIjoiaHR0cHM6XC9cL2Fib3JpZ2luYWwtYXVzdHJhbGlhLmFydFwvd3AtY29udGVudFwvdXBsb2Fkc1wvMjAyNlwvMDFcL0NXTi0wNzAzMjUtMzl4NzItMi5qcGciLCJzbGlkZXNob3ciOiIxNWMyNTNjIn0%3D\">\n\t\t\t\t\t<div class=\"e-gallery-image elementor-gallery-item__image\" data-thumbnail=\"https:\/\/aboriginal-australia.art\/wp-content\/uploads\/2026\/01\/CWN-070325-39x72-2-164x300.jpg\" data-width=\"164\" data-height=\"300\" aria-label=\"\" role=\"img\" ><\/div>\n\t\t\t\t\t\t\t\t\t\t\t<div class=\"elementor-gallery-item__overlay\"><\/div>\n\t\t\t\t\t\t\t\t\t\t\t\t\t\t<\/a>\n\t\t\t\t\t<\/div>\n\t\t\t\t\t<\/div>\n\t\t\t\t<\/div>\n\t\t\t\t<\/div>\n\t\t\t\t\t<\/div>\n\t\t\t\t<\/div>\n\t\t\t\t<section class=\"elementor-section elementor-top-section elementor-element elementor-element-19695ea elementor-section-boxed elementor-section-height-default elementor-section-height-default\" data-id=\"19695ea\" data-element_type=\"section\" data-e-type=\"section\">\n\t\t\t\t\t\t<div class=\"elementor-container elementor-column-gap-default\">\n\t\t\t\t\t<div class=\"elementor-column elementor-col-33 elementor-top-column elementor-element elementor-element-912e38f\" data-id=\"912e38f\" data-element_type=\"column\" data-e-type=\"column\">\n\t\t\t<div class=\"elementor-widget-wrap elementor-element-populated\">\n\t\t\t\t\t\t<div class=\"elementor-element elementor-element-dc9130a elementor-position-left elementor-vertical-align-top elementor-widget elementor-widget-image-box\" data-id=\"dc9130a\" data-element_type=\"widget\" data-e-type=\"widget\" data-widget_type=\"image-box.default\">\n\t\t\t\t<div class=\"elementor-widget-container\">\n\t\t\t\t\t<div class=\"elementor-image-box-wrapper\"><figure class=\"elementor-image-box-img\"><img fetchpriority=\"high\" decoding=\"async\" width=\"512\" height=\"512\" src=\"https:\/\/aboriginal-australia.art\/wp-content\/uploads\/2023\/10\/artysci.png\" class=\"attachment-full size-full wp-image-1127\" alt=\"\" srcset=\"https:\/\/aboriginal-australia.art\/wp-content\/uploads\/2023\/10\/artysci.png 512w, https:\/\/aboriginal-australia.art\/wp-content\/uploads\/2023\/10\/artysci-300x300.png 300w, https:\/\/aboriginal-australia.art\/wp-content\/uploads\/2023\/10\/artysci-150x150.png 150w, https:\/\/aboriginal-australia.art\/wp-content\/uploads\/2023\/10\/artysci-500x500.png 500w, https:\/\/aboriginal-australia.art\/wp-content\/uploads\/2023\/10\/artysci-100x100.png 100w\" sizes=\"(max-width: 512px) 100vw, 512px\" \/><\/figure><div class=\"elementor-image-box-content\"><h4 class=\"elementor-image-box-title\">ARTISTS<\/h4><p class=\"elementor-image-box-description\">The paintings from our collection come first-hand, directly from artists we are friends with, who are among the most important in Australia.<\/p><\/div><\/div>\t\t\t\t<\/div>\n\t\t\t\t<\/div>\n\t\t\t\t\t<\/div>\n\t\t<\/div>\n\t\t\t\t<div class=\"elementor-column elementor-col-33 elementor-top-column elementor-element elementor-element-3b1852e\" data-id=\"3b1852e\" data-element_type=\"column\" data-e-type=\"column\">\n\t\t\t<div class=\"elementor-widget-wrap elementor-element-populated\">\n\t\t\t\t\t\t<div class=\"elementor-element elementor-element-8dd796d elementor-position-left elementor-vertical-align-top elementor-widget elementor-widget-image-box\" data-id=\"8dd796d\" data-element_type=\"widget\" data-e-type=\"widget\" data-widget_type=\"image-box.default\">\n\t\t\t\t<div class=\"elementor-widget-container\">\n\t\t\t\t\t<div class=\"elementor-image-box-wrapper\"><figure class=\"elementor-image-box-img\"><img decoding=\"async\" width=\"512\" height=\"512\" src=\"https:\/\/aboriginal-australia.art\/wp-content\/uploads\/2023\/10\/certyfikat.png\" class=\"attachment-full size-full wp-image-1128\" alt=\"\" srcset=\"https:\/\/aboriginal-australia.art\/wp-content\/uploads\/2023\/10\/certyfikat.png 512w, https:\/\/aboriginal-australia.art\/wp-content\/uploads\/2023\/10\/certyfikat-300x300.png 300w, https:\/\/aboriginal-australia.art\/wp-content\/uploads\/2023\/10\/certyfikat-150x150.png 150w, https:\/\/aboriginal-australia.art\/wp-content\/uploads\/2023\/10\/certyfikat-500x500.png 500w, https:\/\/aboriginal-australia.art\/wp-content\/uploads\/2023\/10\/certyfikat-100x100.png 100w\" sizes=\"(max-width: 512px) 100vw, 512px\" \/><\/figure><div class=\"elementor-image-box-content\"><h4 class=\"elementor-image-box-title\">Certificate<\/h4><p class=\"elementor-image-box-description\">Each painting comes with a certificate of authenticity along with a description of the artist, his work and a photo of his painting.<\/p><\/div><\/div>\t\t\t\t<\/div>\n\t\t\t\t<\/div>\n\t\t\t\t\t<\/div>\n\t\t<\/div>\n\t\t\t\t<div class=\"elementor-column elementor-col-33 elementor-top-column elementor-element elementor-element-4c3149f\" data-id=\"4c3149f\" data-element_type=\"column\" data-e-type=\"column\">\n\t\t\t<div class=\"elementor-widget-wrap elementor-element-populated\">\n\t\t\t\t\t\t<div class=\"elementor-element elementor-element-7500776 elementor-position-left elementor-vertical-align-top elementor-widget elementor-widget-image-box\" data-id=\"7500776\" data-element_type=\"widget\" data-e-type=\"widget\" data-widget_type=\"image-box.default\">\n\t\t\t\t<div class=\"elementor-widget-container\">\n\t\t\t\t\t<div class=\"elementor-image-box-wrapper\"><figure class=\"elementor-image-box-img\"><img decoding=\"async\" width=\"512\" height=\"512\" src=\"https:\/\/aboriginal-australia.art\/wp-content\/uploads\/2023\/10\/ico-tmp.png\" class=\"attachment-full size-full wp-image-1129\" alt=\"\" srcset=\"https:\/\/aboriginal-australia.art\/wp-content\/uploads\/2023\/10\/ico-tmp.png 512w, https:\/\/aboriginal-australia.art\/wp-content\/uploads\/2023\/10\/ico-tmp-300x300.png 300w, https:\/\/aboriginal-australia.art\/wp-content\/uploads\/2023\/10\/ico-tmp-150x150.png 150w, https:\/\/aboriginal-australia.art\/wp-content\/uploads\/2023\/10\/ico-tmp-500x500.png 500w, https:\/\/aboriginal-australia.art\/wp-content\/uploads\/2023\/10\/ico-tmp-100x100.png 100w\" sizes=\"(max-width: 512px) 100vw, 512px\" \/><\/figure><div class=\"elementor-image-box-content\"><h4 class=\"elementor-image-box-title\">Australia<\/h4><p class=\"elementor-image-box-description\">Embark on a journey through space and time, through endless desert spaces, to the sources of the oldest civilization in the world.<\/p><\/div><\/div>\t\t\t\t<\/div>\n\t\t\t\t<\/div>\n\t\t\t\t\t<\/div>\n\t\t<\/div>\n\t\t\t\t\t<\/div>\n\t\t<\/section>\n\t\t<div class=\"elementor-element elementor-element-5de04bc e-flex e-con-boxed e-con e-parent\" data-id=\"5de04bc\" data-element_type=\"container\" data-e-type=\"container\">\n\t\t\t\t\t<div class=\"e-con-inner\">\n\t\t\t\t<div class=\"elementor-element elementor-element-1b4419e elementor-widget elementor-widget-image\" data-id=\"1b4419e\" data-element_type=\"widget\" data-e-type=\"widget\" data-widget_type=\"image.default\">\n\t\t\t\t<div class=\"elementor-widget-container\">\n\t\t\t\t\t\t\t\t\t\t\t\t\t\t\t<img loading=\"lazy\" decoding=\"async\" width=\"559\" height=\"1024\" src=\"https:\/\/aboriginal-australia.art\/wp-content\/uploads\/2026\/01\/CWN-070325-39x72-1-559x1024.jpg\" class=\"attachment-large size-large wp-image-7604\" alt=\"\" srcset=\"https:\/\/aboriginal-australia.art\/wp-content\/uploads\/2026\/01\/CWN-070325-39x72-1-559x1024.jpg 559w, https:\/\/aboriginal-australia.art\/wp-content\/uploads\/2026\/01\/CWN-070325-39x72-1-164x300.jpg 164w, https:\/\/aboriginal-australia.art\/wp-content\/uploads\/2026\/01\/CWN-070325-39x72-1-768x1407.jpg 768w, https:\/\/aboriginal-australia.art\/wp-content\/uploads\/2026\/01\/CWN-070325-39x72-1-839x1536.jpg 839w, https:\/\/aboriginal-australia.art\/wp-content\/uploads\/2026\/01\/CWN-070325-39x72-1-7x12.jpg 7w, https:\/\/aboriginal-australia.art\/wp-content\/uploads\/2026\/01\/CWN-070325-39x72-1-600x1099.jpg 600w, https:\/\/aboriginal-australia.art\/wp-content\/uploads\/2026\/01\/CWN-070325-39x72-1.jpg 1118w\" sizes=\"(max-width: 559px) 100vw, 559px\" \/>\t\t\t\t\t\t\t\t\t\t\t\t\t\t\t<\/div>\n\t\t\t\t<\/div>\n\t\t\t\t\t<\/div>\n\t\t\t\t<\/div>\n\t\t\t\t<\/div>","protected":false},"excerpt":{"rendered":"<p>Artystka wykorzystuje tradycyjn\u0105 technik\u0119 kropkowania z centralnej i zachodniej pustyni, w po\u0142\u0105czeniu z delikatn\u0105 kresk\u0105, aby przedstawi\u0107\u00a0Irrernte-arenye unosz\u0105ce si\u0119 nad miejscami \u015bwi\u0119tymi, chroni\u0105c je i ludzi, kt\u00f3rzy je odwiedzaj\u0105 i si\u0119 nimi opiekuj\u0105.\u00a0 Colleen Wallace Nungarrayi Colleen Wallace Nungarrayi Colleen Wallace Nungurrayi to artystka z plemienia Arrernte, kt\u00f3ra dorasta\u0142a mi\u0119dzy Ltyentye Apurte (Santa Teresa) a [&hellip;]<\/p>\n","protected":false},"author":2,"featured_media":7522,"parent":1337,"menu_order":0,"comment_status":"closed","ping_status":"closed","template":"full-width.php","meta":{"_acf_changed":false,"footnotes":""},"class_list":["post-2426","page","type-page","status-publish","has-post-thumbnail","hentry"],"acf":[],"yoast_head":"<!-- This site is optimized with the Yoast SEO plugin v27.3 - https:\/\/yoast.com\/product\/yoast-seo-wordpress\/ -->\n<title>Colleen Wallace Nungarrayi - Aboriginal Australia<\/title>\n<meta name=\"robots\" content=\"index, follow, max-snippet:-1, max-image-preview:large, max-video-preview:-1\" \/>\n<link rel=\"canonical\" href=\"https:\/\/aboriginal-australia.art\/en\/artysci\/colleen-wallace-nungarrayi\/\" \/>\n<meta property=\"og:locale\" content=\"en_US\" \/>\n<meta property=\"og:type\" content=\"article\" \/>\n<meta property=\"og:title\" content=\"Colleen Wallace Nungarrayi - Aboriginal Australia\" \/>\n<meta property=\"og:description\" content=\"Artystka wykorzystuje tradycyjn\u0105 technik\u0119 kropkowania z centralnej i zachodniej pustyni, w po\u0142\u0105czeniu z delikatn\u0105 kresk\u0105, aby przedstawi\u0107\u00a0Irrernte-arenye unosz\u0105ce si\u0119 nad miejscami \u015bwi\u0119tymi, chroni\u0105c je i ludzi, kt\u00f3rzy je odwiedzaj\u0105 i si\u0119 nimi opiekuj\u0105.\u00a0 Colleen Wallace Nungarrayi Colleen Wallace Nungarrayi Colleen Wallace Nungurrayi to artystka z plemienia Arrernte, kt\u00f3ra dorasta\u0142a mi\u0119dzy Ltyentye Apurte (Santa Teresa) a [&hellip;]\" \/>\n<meta property=\"og:url\" content=\"https:\/\/aboriginal-australia.art\/en\/artysci\/colleen-wallace-nungarrayi\/\" \/>\n<meta property=\"og:site_name\" content=\"Aboriginal Australia\" \/>\n<meta property=\"article:modified_time\" content=\"2026-01-15T10:41:39+00:00\" \/>\n<meta property=\"og:image\" content=\"https:\/\/aboriginal-australia.art\/wp-content\/uploads\/2026\/01\/Colleen-Wallace-Nungarrayi1.jpg\" \/>\n\t<meta property=\"og:image:width\" content=\"1044\" \/>\n\t<meta property=\"og:image:height\" content=\"1391\" \/>\n\t<meta property=\"og:image:type\" content=\"image\/jpeg\" \/>\n<script type=\"application\/ld+json\" class=\"yoast-schema-graph\">{\"@context\":\"https:\\\/\\\/schema.org\",\"@graph\":[{\"@type\":\"WebPage\",\"@id\":\"https:\\\/\\\/aboriginal-australia.art\\\/artysci\\\/colleen-wallace-nungarrayi\\\/\",\"url\":\"https:\\\/\\\/aboriginal-australia.art\\\/artysci\\\/colleen-wallace-nungarrayi\\\/\",\"name\":\"Colleen Wallace Nungarrayi - Aboriginal Australia\",\"isPartOf\":{\"@id\":\"https:\\\/\\\/aboriginal-australia.art\\\/#website\"},\"primaryImageOfPage\":{\"@id\":\"https:\\\/\\\/aboriginal-australia.art\\\/artysci\\\/colleen-wallace-nungarrayi\\\/#primaryimage\"},\"image\":{\"@id\":\"https:\\\/\\\/aboriginal-australia.art\\\/artysci\\\/colleen-wallace-nungarrayi\\\/#primaryimage\"},\"thumbnailUrl\":\"https:\\\/\\\/aboriginal-australia.art\\\/wp-content\\\/uploads\\\/2026\\\/01\\\/Colleen-Wallace-Nungarrayi1.jpg\",\"datePublished\":\"2023-10-31T13:30:19+00:00\",\"dateModified\":\"2026-01-15T10:41:39+00:00\",\"breadcrumb\":{\"@id\":\"https:\\\/\\\/aboriginal-australia.art\\\/artysci\\\/colleen-wallace-nungarrayi\\\/#breadcrumb\"},\"inLanguage\":\"en-US\",\"potentialAction\":[{\"@type\":\"ReadAction\",\"target\":[\"https:\\\/\\\/aboriginal-australia.art\\\/artysci\\\/colleen-wallace-nungarrayi\\\/\"]}]},{\"@type\":\"ImageObject\",\"inLanguage\":\"en-US\",\"@id\":\"https:\\\/\\\/aboriginal-australia.art\\\/artysci\\\/colleen-wallace-nungarrayi\\\/#primaryimage\",\"url\":\"https:\\\/\\\/aboriginal-australia.art\\\/wp-content\\\/uploads\\\/2026\\\/01\\\/Colleen-Wallace-Nungarrayi1.jpg\",\"contentUrl\":\"https:\\\/\\\/aboriginal-australia.art\\\/wp-content\\\/uploads\\\/2026\\\/01\\\/Colleen-Wallace-Nungarrayi1.jpg\",\"width\":1044,\"height\":1391},{\"@type\":\"BreadcrumbList\",\"@id\":\"https:\\\/\\\/aboriginal-australia.art\\\/artysci\\\/colleen-wallace-nungarrayi\\\/#breadcrumb\",\"itemListElement\":[{\"@type\":\"ListItem\",\"position\":1,\"name\":\"Strona g\u0142\u00f3wna\",\"item\":\"https:\\\/\\\/aboriginal-australia.art\\\/\"},{\"@type\":\"ListItem\",\"position\":2,\"name\":\"About Us\",\"item\":\"https:\\\/\\\/aboriginal-australia.art\\\/artysci\\\/\"},{\"@type\":\"ListItem\",\"position\":3,\"name\":\"About Us\"}]},{\"@type\":\"WebSite\",\"@id\":\"https:\\\/\\\/aboriginal-australia.art\\\/#website\",\"url\":\"https:\\\/\\\/aboriginal-australia.art\\\/\",\"name\":\"Aboriginal Australia\",\"description\":\"\",\"potentialAction\":[{\"@type\":\"SearchAction\",\"target\":{\"@type\":\"EntryPoint\",\"urlTemplate\":\"https:\\\/\\\/aboriginal-australia.art\\\/?s={search_term_string}\"},\"query-input\":{\"@type\":\"PropertyValueSpecification\",\"valueRequired\":true,\"valueName\":\"search_term_string\"}}],\"inLanguage\":\"en-US\"}]}<\/script>\n<!-- \/ Yoast SEO plugin. -->","yoast_head_json":{"title":"Colleen Wallace Nungarrayi - Aboriginal Australia","robots":{"index":"index","follow":"follow","max-snippet":"max-snippet:-1","max-image-preview":"max-image-preview:large","max-video-preview":"max-video-preview:-1"},"canonical":"https:\/\/aboriginal-australia.art\/en\/artysci\/colleen-wallace-nungarrayi\/","og_locale":"en_US","og_type":"article","og_title":"Colleen Wallace Nungarrayi - Aboriginal Australia","og_description":"Artystka wykorzystuje tradycyjn\u0105 technik\u0119 kropkowania z centralnej i zachodniej pustyni, w po\u0142\u0105czeniu z delikatn\u0105 kresk\u0105, aby przedstawi\u0107\u00a0Irrernte-arenye unosz\u0105ce si\u0119 nad miejscami \u015bwi\u0119tymi, chroni\u0105c je i ludzi, kt\u00f3rzy je odwiedzaj\u0105 i si\u0119 nimi opiekuj\u0105.\u00a0 Colleen Wallace Nungarrayi Colleen Wallace Nungarrayi Colleen Wallace Nungurrayi to artystka z plemienia Arrernte, kt\u00f3ra dorasta\u0142a mi\u0119dzy Ltyentye Apurte (Santa Teresa) a [&hellip;]","og_url":"https:\/\/aboriginal-australia.art\/en\/artysci\/colleen-wallace-nungarrayi\/","og_site_name":"Aboriginal Australia","article_modified_time":"2026-01-15T10:41:39+00:00","og_image":[{"width":1044,"height":1391,"url":"https:\/\/aboriginal-australia.art\/wp-content\/uploads\/2026\/01\/Colleen-Wallace-Nungarrayi1.jpg","type":"image\/jpeg"}],"schema":{"@context":"https:\/\/schema.org","@graph":[{"@type":"WebPage","@id":"https:\/\/aboriginal-australia.art\/artysci\/colleen-wallace-nungarrayi\/","url":"https:\/\/aboriginal-australia.art\/artysci\/colleen-wallace-nungarrayi\/","name":"Colleen Wallace Nungarrayi - Aboriginal Australia","isPartOf":{"@id":"https:\/\/aboriginal-australia.art\/#website"},"primaryImageOfPage":{"@id":"https:\/\/aboriginal-australia.art\/artysci\/colleen-wallace-nungarrayi\/#primaryimage"},"image":{"@id":"https:\/\/aboriginal-australia.art\/artysci\/colleen-wallace-nungarrayi\/#primaryimage"},"thumbnailUrl":"https:\/\/aboriginal-australia.art\/wp-content\/uploads\/2026\/01\/Colleen-Wallace-Nungarrayi1.jpg","datePublished":"2023-10-31T13:30:19+00:00","dateModified":"2026-01-15T10:41:39+00:00","breadcrumb":{"@id":"https:\/\/aboriginal-australia.art\/artysci\/colleen-wallace-nungarrayi\/#breadcrumb"},"inLanguage":"en-US","potentialAction":[{"@type":"ReadAction","target":["https:\/\/aboriginal-australia.art\/artysci\/colleen-wallace-nungarrayi\/"]}]},{"@type":"ImageObject","inLanguage":"en-US","@id":"https:\/\/aboriginal-australia.art\/artysci\/colleen-wallace-nungarrayi\/#primaryimage","url":"https:\/\/aboriginal-australia.art\/wp-content\/uploads\/2026\/01\/Colleen-Wallace-Nungarrayi1.jpg","contentUrl":"https:\/\/aboriginal-australia.art\/wp-content\/uploads\/2026\/01\/Colleen-Wallace-Nungarrayi1.jpg","width":1044,"height":1391},{"@type":"BreadcrumbList","@id":"https:\/\/aboriginal-australia.art\/artysci\/colleen-wallace-nungarrayi\/#breadcrumb","itemListElement":[{"@type":"ListItem","position":1,"name":"Strona g\u0142\u00f3wna","item":"https:\/\/aboriginal-australia.art\/"},{"@type":"ListItem","position":2,"name":"About Us","item":"https:\/\/aboriginal-australia.art\/artysci\/"},{"@type":"ListItem","position":3,"name":"About Us"}]},{"@type":"WebSite","@id":"https:\/\/aboriginal-australia.art\/#website","url":"https:\/\/aboriginal-australia.art\/","name":"Aboriginal Australia","description":"","potentialAction":[{"@type":"SearchAction","target":{"@type":"EntryPoint","urlTemplate":"https:\/\/aboriginal-australia.art\/?s={search_term_string}"},"query-input":{"@type":"PropertyValueSpecification","valueRequired":true,"valueName":"search_term_string"}}],"inLanguage":"en-US"}]}},"_links":{"self":[{"href":"https:\/\/aboriginal-australia.art\/en\/wp-json\/wp\/v2\/pages\/2426","targetHints":{"allow":["GET"]}}],"collection":[{"href":"https:\/\/aboriginal-australia.art\/en\/wp-json\/wp\/v2\/pages"}],"about":[{"href":"https:\/\/aboriginal-australia.art\/en\/wp-json\/wp\/v2\/types\/page"}],"author":[{"embeddable":true,"href":"https:\/\/aboriginal-australia.art\/en\/wp-json\/wp\/v2\/users\/2"}],"replies":[{"embeddable":true,"href":"https:\/\/aboriginal-australia.art\/en\/wp-json\/wp\/v2\/comments?post=2426"}],"version-history":[{"count":42,"href":"https:\/\/aboriginal-australia.art\/en\/wp-json\/wp\/v2\/pages\/2426\/revisions"}],"predecessor-version":[{"id":7622,"href":"https:\/\/aboriginal-australia.art\/en\/wp-json\/wp\/v2\/pages\/2426\/revisions\/7622"}],"up":[{"embeddable":true,"href":"https:\/\/aboriginal-australia.art\/en\/wp-json\/wp\/v2\/pages\/1337"}],"wp:featuredmedia":[{"embeddable":true,"href":"https:\/\/aboriginal-australia.art\/en\/wp-json\/wp\/v2\/media\/7522"}],"wp:attachment":[{"href":"https:\/\/aboriginal-australia.art\/en\/wp-json\/wp\/v2\/media?parent=2426"}],"curies":[{"name":"wp","href":"https:\/\/api.w.org\/{rel}","templated":true}]}}