{"id":2350,"date":"2023-10-31T07:37:23","date_gmt":"2023-10-31T06:37:23","guid":{"rendered":"https:\/\/aboriginal-australia.art.semfactory.cfolks.pl\/?page_id=2350"},"modified":"2024-02-07T10:50:27","modified_gmt":"2024-02-07T09:50:27","slug":"artefakty","status":"publish","type":"page","link":"https:\/\/aboriginal-australia.art\/en\/artefakty\/","title":{"rendered":"ARTIFACTS"},"content":{"rendered":"<div data-elementor-type=\"wp-post\" data-elementor-id=\"2350\" class=\"elementor elementor-2350\" data-elementor-post-type=\"page\">\n\t\t\t\t\t\t<section class=\"elementor-section elementor-top-section elementor-element elementor-element-190fdcc elementor-section-full_width elementor-section-height-min-height elementor-section-height-default elementor-section-items-middle\" data-id=\"190fdcc\" data-element_type=\"section\" data-e-type=\"section\" data-settings=\"{&quot;background_background&quot;:&quot;classic&quot;}\">\n\t\t\t\t\t\t<div class=\"elementor-container elementor-column-gap-no\">\n\t\t\t\t\t<div class=\"elementor-column elementor-col-100 elementor-top-column elementor-element elementor-element-f3a5328\" data-id=\"f3a5328\" data-element_type=\"column\" data-e-type=\"column\">\n\t\t\t<div class=\"elementor-widget-wrap\">\n\t\t\t\t\t\t\t<\/div>\n\t\t<\/div>\n\t\t\t\t\t<\/div>\n\t\t<\/section>\n\t\t\t\t<section class=\"elementor-section elementor-top-section elementor-element elementor-element-0f76dc3 elementor-section-boxed elementor-section-height-default elementor-section-height-default\" data-id=\"0f76dc3\" data-element_type=\"section\" data-e-type=\"section\">\n\t\t\t\t\t\t<div class=\"elementor-container elementor-column-gap-default\">\n\t\t\t\t\t<div class=\"elementor-column elementor-col-100 elementor-top-column elementor-element elementor-element-75fdeae\" data-id=\"75fdeae\" data-element_type=\"column\" data-e-type=\"column\">\n\t\t\t<div class=\"elementor-widget-wrap elementor-element-populated\">\n\t\t\t\t\t\t<div class=\"elementor-element elementor-element-ea3b079 elementor-widget elementor-widget-spacer\" data-id=\"ea3b079\" data-element_type=\"widget\" data-e-type=\"widget\" data-widget_type=\"spacer.default\">\n\t\t\t\t<div class=\"elementor-widget-container\">\n\t\t\t\t\t\t\t<div class=\"elementor-spacer\">\n\t\t\t<div class=\"elementor-spacer-inner\"><\/div>\n\t\t<\/div>\n\t\t\t\t\t\t<\/div>\n\t\t\t\t<\/div>\n\t\t\t\t<div class=\"elementor-element elementor-element-e37566e elementor-align-center elementor-widget elementor-widget-raven-heading\" data-id=\"e37566e\" data-element_type=\"widget\" data-e-type=\"widget\" data-widget_type=\"raven-heading.default\">\n\t\t\t\t<div class=\"elementor-widget-container\">\n\t\t\t\t\t\t\t<div class=\"raven-widget-wrapper\"><h2 class=\"raven-heading raven-heading-h2\"><span class=\"raven-heading-title\">ARTIFACTS<\/span><\/h2><\/div>\n\t\t\t\t\t\t<\/div>\n\t\t\t\t<\/div>\n\t\t\t\t<div class=\"elementor-element elementor-element-103b0fe elementor-widget__width-initial elementor-widget elementor-widget-text-editor\" data-id=\"103b0fe\" data-element_type=\"widget\" data-e-type=\"widget\" data-widget_type=\"text-editor.default\">\n\t\t\t\t<div class=\"elementor-widget-container\">\n\t\t\t\t\t\t\t\t\t<p>The artifacts we present here belong to objects of everyday and ritual use in Aboriginal culture. These include both the well-known boomerangs and vessels such as coolamon or Tjurunga.<\/p>\n<p>Yandi vessels (also called Coolamon) are multi-functional shallow vessels or vessels traditionally used by Indigenous people to carry water, fruit, nuts and other types of bushes. <span style=\"letter-spacing: 0.36px;\">They were also used to sift the chaff from the collected seeds.&nbsp;<\/span><\/p>\n<p><span style=\"letter-spacing: 0.36px;\">A Churinga or Tjurunga is an object of wood or stone made by various indigenous tribes of Central Australia, often elliptical in shape, bearing engraved designs and representing either the spiritual double of a living native or the embodiment of the spirit of the Totemic Ancestor.<\/span><\/p>\t\t\t\t\t\t\t\t<\/div>\n\t\t\t\t<\/div>\n\t\t\t\t\t<\/div>\n\t\t<\/div>\n\t\t\t\t\t<\/div>\n\t\t<\/section>\n\t\t\t\t<section class=\"elementor-section elementor-top-section elementor-element elementor-element-e449297 elementor-section-boxed elementor-section-height-default elementor-section-height-default\" data-id=\"e449297\" data-element_type=\"section\" data-e-type=\"section\">\n\t\t\t\t\t\t<div class=\"elementor-container elementor-column-gap-default\">\n\t\t\t\t\t<div class=\"elementor-column elementor-col-100 elementor-top-column elementor-element elementor-element-a05a063\" data-id=\"a05a063\" data-element_type=\"column\" data-e-type=\"column\">\n\t\t\t<div class=\"elementor-widget-wrap elementor-element-populated\">\n\t\t\t\t\t\t<div class=\"elementor-element elementor-element-bffbcde elementor-widget elementor-widget-gallery\" data-id=\"bffbcde\" data-element_type=\"widget\" data-e-type=\"widget\" data-settings=\"{&quot;lazyload&quot;:&quot;yes&quot;,&quot;gallery_layout&quot;:&quot;grid&quot;,&quot;columns&quot;:4,&quot;columns_tablet&quot;:2,&quot;columns_mobile&quot;:1,&quot;gap&quot;:{&quot;unit&quot;:&quot;px&quot;,&quot;size&quot;:10,&quot;sizes&quot;:[]},&quot;gap_tablet&quot;:{&quot;unit&quot;:&quot;px&quot;,&quot;size&quot;:10,&quot;sizes&quot;:[]},&quot;gap_mobile&quot;:{&quot;unit&quot;:&quot;px&quot;,&quot;size&quot;:10,&quot;sizes&quot;:[]},&quot;link_to&quot;:&quot;file&quot;,&quot;aspect_ratio&quot;:&quot;3:2&quot;,&quot;overlay_background&quot;:&quot;yes&quot;,&quot;content_hover_animation&quot;:&quot;fade-in&quot;}\" data-widget_type=\"gallery.default\">\n\t\t\t\t<div class=\"elementor-widget-container\">\n\t\t\t\t\t\t\t<div class=\"elementor-gallery__container\">\n\t\t\t\t\t\t\t<a class=\"e-gallery-item elementor-gallery-item elementor-animated-content\" href=\"https:\/\/aboriginal-australia.art\/wp-content\/uploads\/2023\/10\/artefakty-mala-art-gallery-05.jpg\" data-elementor-open-lightbox=\"yes\" data-elementor-lightbox-slideshow=\"bffbcde\" data-elementor-lightbox-title=\"Artefakty - MALA ART GALLERY\" data-e-action-hash=\"#elementor-action%3Aaction%3Dlightbox%26settings%3DeyJpZCI6MjM2NCwidXJsIjoiaHR0cHM6XC9cL2Fib3JpZ2luYWwtYXVzdHJhbGlhLmFydFwvd3AtY29udGVudFwvdXBsb2Fkc1wvMjAyM1wvMTBcL2FydGVmYWt0eS1tYWxhLWFydC1nYWxsZXJ5LTA1LmpwZyIsInNsaWRlc2hvdyI6ImJmZmJjZGUifQ%3D%3D\">\n\t\t\t\t\t<div class=\"e-gallery-image elementor-gallery-item__image\" data-thumbnail=\"https:\/\/aboriginal-australia.art\/wp-content\/uploads\/2023\/10\/artefakty-mala-art-gallery-05-300x225.jpg\" data-width=\"300\" data-height=\"225\" aria-label=\"Artefakty - MALA ART GALLERY\" role=\"img\" ><\/div>\n\t\t\t\t\t\t\t\t\t\t\t<div class=\"elementor-gallery-item__overlay\"><\/div>\n\t\t\t\t\t\t\t\t\t\t\t\t\t\t<\/a>\n\t\t\t\t\t\t\t<a class=\"e-gallery-item elementor-gallery-item elementor-animated-content\" href=\"https:\/\/aboriginal-australia.art\/wp-content\/uploads\/2023\/10\/artefakty-mala-art-gallery-04.jpg\" data-elementor-open-lightbox=\"yes\" data-elementor-lightbox-slideshow=\"bffbcde\" data-elementor-lightbox-title=\"Artefakty - MALA ART GALLERY\" data-e-action-hash=\"#elementor-action%3Aaction%3Dlightbox%26settings%3DeyJpZCI6MjM2MywidXJsIjoiaHR0cHM6XC9cL2Fib3JpZ2luYWwtYXVzdHJhbGlhLmFydFwvd3AtY29udGVudFwvdXBsb2Fkc1wvMjAyM1wvMTBcL2FydGVmYWt0eS1tYWxhLWFydC1nYWxsZXJ5LTA0LmpwZyIsInNsaWRlc2hvdyI6ImJmZmJjZGUifQ%3D%3D\">\n\t\t\t\t\t<div class=\"e-gallery-image elementor-gallery-item__image\" data-thumbnail=\"https:\/\/aboriginal-australia.art\/wp-content\/uploads\/2023\/10\/artefakty-mala-art-gallery-04-300x225.jpg\" data-width=\"300\" data-height=\"225\" aria-label=\"Artefakty - MALA ART GALLERY\" role=\"img\" ><\/div>\n\t\t\t\t\t\t\t\t\t\t\t<div class=\"elementor-gallery-item__overlay\"><\/div>\n\t\t\t\t\t\t\t\t\t\t\t\t\t\t<\/a>\n\t\t\t\t\t\t\t<a class=\"e-gallery-item elementor-gallery-item elementor-animated-content\" href=\"https:\/\/aboriginal-australia.art\/wp-content\/uploads\/2023\/10\/artefakty-mala-art-gallery-03.jpg\" data-elementor-open-lightbox=\"yes\" data-elementor-lightbox-slideshow=\"bffbcde\" data-elementor-lightbox-title=\"Artefakty - MALA ART GALLERY\" data-e-action-hash=\"#elementor-action%3Aaction%3Dlightbox%26settings%3DeyJpZCI6MjM2MiwidXJsIjoiaHR0cHM6XC9cL2Fib3JpZ2luYWwtYXVzdHJhbGlhLmFydFwvd3AtY29udGVudFwvdXBsb2Fkc1wvMjAyM1wvMTBcL2FydGVmYWt0eS1tYWxhLWFydC1nYWxsZXJ5LTAzLmpwZyIsInNsaWRlc2hvdyI6ImJmZmJjZGUifQ%3D%3D\">\n\t\t\t\t\t<div class=\"e-gallery-image elementor-gallery-item__image\" data-thumbnail=\"https:\/\/aboriginal-australia.art\/wp-content\/uploads\/2023\/10\/artefakty-mala-art-gallery-03-300x225.jpg\" data-width=\"300\" data-height=\"225\" aria-label=\"Artefakty - MALA ART GALLERY\" role=\"img\" ><\/div>\n\t\t\t\t\t\t\t\t\t\t\t<div class=\"elementor-gallery-item__overlay\"><\/div>\n\t\t\t\t\t\t\t\t\t\t\t\t\t\t<\/a>\n\t\t\t\t\t\t\t<a class=\"e-gallery-item elementor-gallery-item elementor-animated-content\" href=\"https:\/\/aboriginal-australia.art\/wp-content\/uploads\/2023\/10\/artefakty-mala-art-gallery-02.jpg\" data-elementor-open-lightbox=\"yes\" data-elementor-lightbox-slideshow=\"bffbcde\" data-elementor-lightbox-title=\"Artefakty - MALA ART GALLERY\" data-e-action-hash=\"#elementor-action%3Aaction%3Dlightbox%26settings%3DeyJpZCI6MjM2MSwidXJsIjoiaHR0cHM6XC9cL2Fib3JpZ2luYWwtYXVzdHJhbGlhLmFydFwvd3AtY29udGVudFwvdXBsb2Fkc1wvMjAyM1wvMTBcL2FydGVmYWt0eS1tYWxhLWFydC1nYWxsZXJ5LTAyLmpwZyIsInNsaWRlc2hvdyI6ImJmZmJjZGUifQ%3D%3D\">\n\t\t\t\t\t<div class=\"e-gallery-image elementor-gallery-item__image\" data-thumbnail=\"https:\/\/aboriginal-australia.art\/wp-content\/uploads\/2023\/10\/artefakty-mala-art-gallery-02-300x225.jpg\" data-width=\"300\" data-height=\"225\" aria-label=\"Artefakty - MALA ART GALLERY\" role=\"img\" ><\/div>\n\t\t\t\t\t\t\t\t\t\t\t<div class=\"elementor-gallery-item__overlay\"><\/div>\n\t\t\t\t\t\t\t\t\t\t\t\t\t\t<\/a>\n\t\t\t\t\t\t\t<a class=\"e-gallery-item elementor-gallery-item elementor-animated-content\" href=\"https:\/\/aboriginal-australia.art\/wp-content\/uploads\/2023\/10\/artefakty-mala-art-gallery-01.jpg\" data-elementor-open-lightbox=\"yes\" data-elementor-lightbox-slideshow=\"bffbcde\" data-elementor-lightbox-title=\"Artefakty - MALA ART GALLERY\" data-e-action-hash=\"#elementor-action%3Aaction%3Dlightbox%26settings%3DeyJpZCI6MjM2MCwidXJsIjoiaHR0cHM6XC9cL2Fib3JpZ2luYWwtYXVzdHJhbGlhLmFydFwvd3AtY29udGVudFwvdXBsb2Fkc1wvMjAyM1wvMTBcL2FydGVmYWt0eS1tYWxhLWFydC1nYWxsZXJ5LTAxLmpwZyIsInNsaWRlc2hvdyI6ImJmZmJjZGUifQ%3D%3D\">\n\t\t\t\t\t<div class=\"e-gallery-image elementor-gallery-item__image\" data-thumbnail=\"https:\/\/aboriginal-australia.art\/wp-content\/uploads\/2023\/10\/artefakty-mala-art-gallery-01-300x225.jpg\" data-width=\"300\" data-height=\"225\" aria-label=\"Artefakty - MALA ART GALLERY\" role=\"img\" ><\/div>\n\t\t\t\t\t\t\t\t\t\t\t<div class=\"elementor-gallery-item__overlay\"><\/div>\n\t\t\t\t\t\t\t\t\t\t\t\t\t\t<\/a>\n\t\t\t\t\t\t\t<a class=\"e-gallery-item elementor-gallery-item elementor-animated-content\" href=\"https:\/\/aboriginal-australia.art\/wp-content\/uploads\/2023\/10\/artefakty-mala-art-gallery-06.jpg\" data-elementor-open-lightbox=\"yes\" data-elementor-lightbox-slideshow=\"bffbcde\" data-elementor-lightbox-title=\"Artefakty - MALA ART GALLERY\" data-e-action-hash=\"#elementor-action%3Aaction%3Dlightbox%26settings%3DeyJpZCI6MjM1OSwidXJsIjoiaHR0cHM6XC9cL2Fib3JpZ2luYWwtYXVzdHJhbGlhLmFydFwvd3AtY29udGVudFwvdXBsb2Fkc1wvMjAyM1wvMTBcL2FydGVmYWt0eS1tYWxhLWFydC1nYWxsZXJ5LTA2LmpwZyIsInNsaWRlc2hvdyI6ImJmZmJjZGUifQ%3D%3D\">\n\t\t\t\t\t<div class=\"e-gallery-image elementor-gallery-item__image\" data-thumbnail=\"https:\/\/aboriginal-australia.art\/wp-content\/uploads\/2023\/10\/artefakty-mala-art-gallery-06-300x225.jpg\" data-width=\"300\" data-height=\"225\" aria-label=\"Artefakty - MALA ART GALLERY\" role=\"img\" ><\/div>\n\t\t\t\t\t\t\t\t\t\t\t<div class=\"elementor-gallery-item__overlay\"><\/div>\n\t\t\t\t\t\t\t\t\t\t\t\t\t\t<\/a>\n\t\t\t\t\t<\/div>\n\t\t\t\t\t<\/div>\n\t\t\t\t<\/div>\n\t\t\t\t<div class=\"elementor-element elementor-element-4a7c4ac elementor-widget elementor-widget-spacer\" data-id=\"4a7c4ac\" data-element_type=\"widget\" data-e-type=\"widget\" data-widget_type=\"spacer.default\">\n\t\t\t\t<div class=\"elementor-widget-container\">\n\t\t\t\t\t\t\t<div class=\"elementor-spacer\">\n\t\t\t<div class=\"elementor-spacer-inner\"><\/div>\n\t\t<\/div>\n\t\t\t\t\t\t<\/div>\n\t\t\t\t<\/div>\n\t\t\t\t\t<\/div>\n\t\t<\/div>\n\t\t\t\t\t<\/div>\n\t\t<\/section>\n\t\t\t\t<section class=\"elementor-section elementor-top-section elementor-element elementor-element-0ec6325 elementor-section-boxed elementor-section-height-default elementor-section-height-default\" data-id=\"0ec6325\" data-element_type=\"section\" data-e-type=\"section\">\n\t\t\t\t\t\t<div class=\"elementor-container elementor-column-gap-default\">\n\t\t\t\t\t<div class=\"elementor-column elementor-col-50 elementor-top-column elementor-element elementor-element-6838341\" data-id=\"6838341\" data-element_type=\"column\" data-e-type=\"column\">\n\t\t\t<div class=\"elementor-widget-wrap elementor-element-populated\">\n\t\t\t\t\t\t<div class=\"elementor-element elementor-element-04830bc elementor-widget elementor-widget-text-editor\" data-id=\"04830bc\" data-element_type=\"widget\" data-e-type=\"widget\" data-widget_type=\"text-editor.default\">\n\t\t\t\t<div class=\"elementor-widget-container\">\n\t\t\t\t\t\t\t\t\t<iframe width=\"560\" height=\"315\" src=\"https:\/\/www.youtube.com\/embed\/3T09BtSS0JU?si=bxGOwlG-r1nxohGv\" title=\"YouTube video player\" frameborder=\"0\" allow=\"accelerometer; autoplay; clipboard-write; encrypted-media; gyroscope; picture-in-picture; web-share\" allowfullscreen><\/iframe>\t\t\t\t\t\t\t\t<\/div>\n\t\t\t\t<\/div>\n\t\t\t\t\t<\/div>\n\t\t<\/div>\n\t\t\t\t<div class=\"elementor-column elementor-col-50 elementor-top-column elementor-element elementor-element-c95e211\" data-id=\"c95e211\" data-element_type=\"column\" data-e-type=\"column\">\n\t\t\t<div class=\"elementor-widget-wrap elementor-element-populated\">\n\t\t\t\t\t\t<div class=\"elementor-element elementor-element-34f1ba4 elementor-widget elementor-widget-text-editor\" data-id=\"34f1ba4\" data-element_type=\"widget\" data-e-type=\"widget\" data-widget_type=\"text-editor.default\">\n\t\t\t\t<div class=\"elementor-widget-container\">\n\t\t\t\t\t\t\t\t\t<iframe width=\"560\" height=\"315\" src=\"https:\/\/www.youtube.com\/embed\/e-N1d7ZHoV4?si=IF1d2jllTw9HcUNi\" title=\"YouTube video player\" frameborder=\"0\" allow=\"accelerometer; autoplay; clipboard-write; encrypted-media; gyroscope; picture-in-picture; web-share\" allowfullscreen><\/iframe>\t\t\t\t\t\t\t\t<\/div>\n\t\t\t\t<\/div>\n\t\t\t\t\t<\/div>\n\t\t<\/div>\n\t\t\t\t\t<\/div>\n\t\t<\/section>\n\t\t\t\t<\/div>","protected":false},"excerpt":{"rendered":"<p>Artefakty Artefakty, kt\u00f3re tu prezentujemy nale\u017c\u0105 do przedmiot\u00f3w u\u017cycia codziennego i rytualnego w kulturze Aborygen\u00f3w. S\u0105 to zar\u00f3wno znane wszystkim bumerangi, jak i naczynia jak np. coolamon czy czuringi. Naczynia Yandi (nazywane te\u017c Coolamon) to wielofunkcyjne p\u0142ytkie naczynia lub naczynia tradycyjnie u\u017cywane przez Aborygen\u00f3w do przenoszenia wody, owoc\u00f3w, orzech\u00f3w i innych rodzaj\u00f3w krzak\u00f3w. U\u017cywano ich [&hellip;]<\/p>\n","protected":false},"author":2,"featured_media":0,"parent":0,"menu_order":0,"comment_status":"closed","ping_status":"closed","template":"full-width.php","meta":{"_acf_changed":false,"footnotes":""},"class_list":["post-2350","page","type-page","status-publish","hentry"],"acf":[],"yoast_head":"<!-- This site is optimized with the Yoast SEO plugin v27.3 - https:\/\/yoast.com\/product\/yoast-seo-wordpress\/ -->\n<title>Artefakty - Aboriginal Australia<\/title>\n<meta name=\"robots\" content=\"index, follow, max-snippet:-1, max-image-preview:large, max-video-preview:-1\" \/>\n<link rel=\"canonical\" href=\"https:\/\/aboriginal-australia.art\/en\/artefakty\/\" \/>\n<meta property=\"og:locale\" content=\"en_US\" \/>\n<meta property=\"og:type\" content=\"article\" \/>\n<meta property=\"og:title\" content=\"Artefakty - Aboriginal Australia\" \/>\n<meta property=\"og:description\" content=\"Artefakty Artefakty, kt\u00f3re tu prezentujemy nale\u017c\u0105 do przedmiot\u00f3w u\u017cycia codziennego i rytualnego w kulturze Aborygen\u00f3w. S\u0105 to zar\u00f3wno znane wszystkim bumerangi, jak i naczynia jak np. coolamon czy czuringi. Naczynia Yandi (nazywane te\u017c Coolamon) to wielofunkcyjne p\u0142ytkie naczynia lub naczynia tradycyjnie u\u017cywane przez Aborygen\u00f3w do przenoszenia wody, owoc\u00f3w, orzech\u00f3w i innych rodzaj\u00f3w krzak\u00f3w. U\u017cywano ich [&hellip;]\" \/>\n<meta property=\"og:url\" content=\"https:\/\/aboriginal-australia.art\/en\/artefakty\/\" \/>\n<meta property=\"og:site_name\" content=\"Aboriginal Australia\" \/>\n<meta property=\"article:modified_time\" content=\"2024-02-07T09:50:27+00:00\" \/>\n<script type=\"application\/ld+json\" class=\"yoast-schema-graph\">{\"@context\":\"https:\\\/\\\/schema.org\",\"@graph\":[{\"@type\":\"WebPage\",\"@id\":\"https:\\\/\\\/aboriginal-australia.art\\\/artefakty\\\/\",\"url\":\"https:\\\/\\\/aboriginal-australia.art\\\/artefakty\\\/\",\"name\":\"Artefakty - Aboriginal Australia\",\"isPartOf\":{\"@id\":\"https:\\\/\\\/aboriginal-australia.art\\\/#website\"},\"datePublished\":\"2023-10-31T06:37:23+00:00\",\"dateModified\":\"2024-02-07T09:50:27+00:00\",\"breadcrumb\":{\"@id\":\"https:\\\/\\\/aboriginal-australia.art\\\/artefakty\\\/#breadcrumb\"},\"inLanguage\":\"en-US\",\"potentialAction\":[{\"@type\":\"ReadAction\",\"target\":[\"https:\\\/\\\/aboriginal-australia.art\\\/artefakty\\\/\"]}]},{\"@type\":\"BreadcrumbList\",\"@id\":\"https:\\\/\\\/aboriginal-australia.art\\\/artefakty\\\/#breadcrumb\",\"itemListElement\":[{\"@type\":\"ListItem\",\"position\":1,\"name\":\"Strona g\u0142\u00f3wna\",\"item\":\"https:\\\/\\\/aboriginal-australia.art\\\/\"},{\"@type\":\"ListItem\",\"position\":2,\"name\":\"Artefakty\"}]},{\"@type\":\"WebSite\",\"@id\":\"https:\\\/\\\/aboriginal-australia.art\\\/#website\",\"url\":\"https:\\\/\\\/aboriginal-australia.art\\\/\",\"name\":\"Aboriginal Australia\",\"description\":\"\",\"potentialAction\":[{\"@type\":\"SearchAction\",\"target\":{\"@type\":\"EntryPoint\",\"urlTemplate\":\"https:\\\/\\\/aboriginal-australia.art\\\/?s={search_term_string}\"},\"query-input\":{\"@type\":\"PropertyValueSpecification\",\"valueRequired\":true,\"valueName\":\"search_term_string\"}}],\"inLanguage\":\"en-US\"}]}<\/script>\n<!-- \/ Yoast SEO plugin. -->","yoast_head_json":{"title":"Artefakty - Aboriginal Australia","robots":{"index":"index","follow":"follow","max-snippet":"max-snippet:-1","max-image-preview":"max-image-preview:large","max-video-preview":"max-video-preview:-1"},"canonical":"https:\/\/aboriginal-australia.art\/en\/artefakty\/","og_locale":"en_US","og_type":"article","og_title":"Artefakty - Aboriginal Australia","og_description":"Artefakty Artefakty, kt\u00f3re tu prezentujemy nale\u017c\u0105 do przedmiot\u00f3w u\u017cycia codziennego i rytualnego w kulturze Aborygen\u00f3w. S\u0105 to zar\u00f3wno znane wszystkim bumerangi, jak i naczynia jak np. coolamon czy czuringi. Naczynia Yandi (nazywane te\u017c Coolamon) to wielofunkcyjne p\u0142ytkie naczynia lub naczynia tradycyjnie u\u017cywane przez Aborygen\u00f3w do przenoszenia wody, owoc\u00f3w, orzech\u00f3w i innych rodzaj\u00f3w krzak\u00f3w. U\u017cywano ich [&hellip;]","og_url":"https:\/\/aboriginal-australia.art\/en\/artefakty\/","og_site_name":"Aboriginal Australia","article_modified_time":"2024-02-07T09:50:27+00:00","schema":{"@context":"https:\/\/schema.org","@graph":[{"@type":"WebPage","@id":"https:\/\/aboriginal-australia.art\/artefakty\/","url":"https:\/\/aboriginal-australia.art\/artefakty\/","name":"Artefakty - Aboriginal Australia","isPartOf":{"@id":"https:\/\/aboriginal-australia.art\/#website"},"datePublished":"2023-10-31T06:37:23+00:00","dateModified":"2024-02-07T09:50:27+00:00","breadcrumb":{"@id":"https:\/\/aboriginal-australia.art\/artefakty\/#breadcrumb"},"inLanguage":"en-US","potentialAction":[{"@type":"ReadAction","target":["https:\/\/aboriginal-australia.art\/artefakty\/"]}]},{"@type":"BreadcrumbList","@id":"https:\/\/aboriginal-australia.art\/artefakty\/#breadcrumb","itemListElement":[{"@type":"ListItem","position":1,"name":"Strona g\u0142\u00f3wna","item":"https:\/\/aboriginal-australia.art\/"},{"@type":"ListItem","position":2,"name":"Artefakty"}]},{"@type":"WebSite","@id":"https:\/\/aboriginal-australia.art\/#website","url":"https:\/\/aboriginal-australia.art\/","name":"Aboriginal Australia","description":"","potentialAction":[{"@type":"SearchAction","target":{"@type":"EntryPoint","urlTemplate":"https:\/\/aboriginal-australia.art\/?s={search_term_string}"},"query-input":{"@type":"PropertyValueSpecification","valueRequired":true,"valueName":"search_term_string"}}],"inLanguage":"en-US"}]}},"_links":{"self":[{"href":"https:\/\/aboriginal-australia.art\/en\/wp-json\/wp\/v2\/pages\/2350","targetHints":{"allow":["GET"]}}],"collection":[{"href":"https:\/\/aboriginal-australia.art\/en\/wp-json\/wp\/v2\/pages"}],"about":[{"href":"https:\/\/aboriginal-australia.art\/en\/wp-json\/wp\/v2\/types\/page"}],"author":[{"embeddable":true,"href":"https:\/\/aboriginal-australia.art\/en\/wp-json\/wp\/v2\/users\/2"}],"replies":[{"embeddable":true,"href":"https:\/\/aboriginal-australia.art\/en\/wp-json\/wp\/v2\/comments?post=2350"}],"version-history":[{"count":32,"href":"https:\/\/aboriginal-australia.art\/en\/wp-json\/wp\/v2\/pages\/2350\/revisions"}],"predecessor-version":[{"id":7054,"href":"https:\/\/aboriginal-australia.art\/en\/wp-json\/wp\/v2\/pages\/2350\/revisions\/7054"}],"wp:attachment":[{"href":"https:\/\/aboriginal-australia.art\/en\/wp-json\/wp\/v2\/media?parent=2350"}],"curies":[{"name":"wp","href":"https:\/\/api.w.org\/{rel}","templated":true}]}}